{"id":4772,"date":"2024-06-04T11:52:39","date_gmt":"2024-06-04T09:52:39","guid":{"rendered":"https:\/\/nihel.com\/product\/deodorant-energy-lift-2\/"},"modified":"2024-06-04T16:54:09","modified_gmt":"2024-06-04T14:54:09","slug":"deodorant-energy-lift-2","status":"publish","type":"product","link":"https:\/\/nihel.com\/en\/product\/deodorant-energy-lift-2\/","title":{"rendered":"ROLL-ON ENERGY LIFT 50ML"},"content":{"rendered":"","protected":false},"excerpt":{"rendered":"<p>Le nouveau ROLL-ON anti-transpirant\u00a0 ENERGY LIFT pour homme est sp\u00e9cialement con\u00e7u pour vous offrir une agr\u00e9able sensation de fraicheur et d\u2019\u00e9nergie toute la journ\u00e9e en vous aidant \u00e0 r\u00e9duire les odeurs corporelles avec une protection de<strong> 48 heures<\/strong> . Sa formule avec un actif\u00a0<strong>100% naturel, sans alcool et sans paraben<\/strong>, et \u00e0 la <strong>vitamine E<\/strong>,contient un agent antibact\u00e9rien naturel qui r\u00e9gule la croissance des micro-organismes responsables des mauvaises odeurs tout en respectant l\u2019\u00e9quilibre naturel de votre peau. Son parfum aux notes \u00e9nergisantes vous aide \u00e0 commencer votre journ\u00e9e en toute vitalit\u00e9.<\/p>\n<p>&nbsp;<\/p>\n","protected":false},"featured_media":4770,"comment_status":"closed","ping_status":"closed","template":"","meta":[],"etheme_brands":[{"term_id":375,"name":"NIHEL","slug":"nihel-en","term_group":0,"term_taxonomy_id":375,"taxonomy":"brand","description":"","parent":0,"count":98,"filter":"raw","term_order":"0"}],"product_cat":[648,649,658,660],"product_tag":[],"class_list":["post-4772","product","type-product","status-publish","has-post-thumbnail","hentry","brand-nihel-en","product_cat-nihel-en","product_cat-adult","product_cat-body-care-and-hygiene","product_cat-roll-on-en"],"yoast_head":"<!-- This site is optimized with the Yoast SEO plugin v19.10 - https:\/\/yoast.com\/wordpress\/plugins\/seo\/ -->\n<title>ROLL-ON ENERGY LIFT 50ML | LABORATOIRES NIHEL<\/title>\n<meta name=\"description\" content=\"Le nouveau ROLL-ON anti-transpirant\u00a0 ENERGY LIFT pour homme est sp\u00e9cialement con\u00e7u pour vous offrir une agr\u00e9able sensation de fraicheur et d\u2019\u00e9nergie toute la journ\u00e9e en vous aidant \u00e0 r\u00e9duire les odeurs corporelles avec une protection de 48 heures . Sa formule avec un actif\u00a0100% naturel, sans alcool et sans paraben, et \u00e0 la vitamine E,contient un agent antibact\u00e9rien naturel qui r\u00e9gule la croissance des micro-organismes responsables des mauvaises odeurs tout en respectant l\u2019\u00e9quilibre naturel de votre peau. Son parfum aux notes \u00e9nergisantes vous aide \u00e0 commencer votre journ\u00e9e en toute vitalit\u00e9.  &nbsp;\" \/>\n<meta name=\"robots\" content=\"index, follow, max-snippet:-1, max-image-preview:large, max-video-preview:-1\" \/>\n<link rel=\"canonical\" href=\"https:\/\/nihel.com\/en\/product\/deodorant-energy-lift-2\/\" \/>\n<meta property=\"og:locale\" content=\"en_US\" \/>\n<meta property=\"og:type\" content=\"article\" \/>\n<meta property=\"og:title\" content=\"ROLL-ON ENERGY LIFT 50ML | LABORATOIRES NIHEL\" \/>\n<meta property=\"og:description\" content=\"Le nouveau ROLL-ON anti-transpirant\u00a0 ENERGY LIFT pour homme est sp\u00e9cialement con\u00e7u pour vous offrir une agr\u00e9able sensation de fraicheur et d\u2019\u00e9nergie toute la journ\u00e9e en vous aidant \u00e0 r\u00e9duire les odeurs corporelles avec une protection de 48 heures . Sa formule avec un actif\u00a0100% naturel, sans alcool et sans paraben, et \u00e0 la vitamine E,contient un agent antibact\u00e9rien naturel qui r\u00e9gule la croissance des micro-organismes responsables des mauvaises odeurs tout en respectant l\u2019\u00e9quilibre naturel de votre peau. Son parfum aux notes \u00e9nergisantes vous aide \u00e0 commencer votre journ\u00e9e en toute vitalit\u00e9.  &nbsp;\" \/>\n<meta property=\"og:url\" content=\"https:\/\/nihel.com\/en\/product\/deodorant-energy-lift-2\/\" \/>\n<meta property=\"og:site_name\" content=\"LABORATOIRES NIHEL\" \/>\n<meta property=\"article:modified_time\" content=\"2024-06-04T14:54:09+00:00\" \/>\n<meta property=\"og:image\" content=\"https:\/\/nihel.com\/wp-content\/uploads\/2024\/06\/energy-lift\u00b0.png\" \/>\n\t<meta property=\"og:image:width\" content=\"1486\" \/>\n\t<meta property=\"og:image:height\" content=\"1980\" \/>\n\t<meta property=\"og:image:type\" content=\"image\/png\" \/>\n<meta name=\"twitter:card\" content=\"summary_large_image\" \/>\n<script type=\"application\/ld+json\" class=\"yoast-schema-graph\">{\"@context\":\"https:\/\/schema.org\",\"@graph\":[{\"@type\":\"WebPage\",\"@id\":\"https:\/\/nihel.com\/en\/product\/deodorant-energy-lift-2\/\",\"url\":\"https:\/\/nihel.com\/en\/product\/deodorant-energy-lift-2\/\",\"name\":\"ROLL-ON ENERGY LIFT 50ML | LABORATOIRES NIHEL\",\"isPartOf\":{\"@id\":\"https:\/\/nihel.com\/#website\"},\"datePublished\":\"2024-06-04T09:52:39+00:00\",\"dateModified\":\"2024-06-04T14:54:09+00:00\",\"description\":\"Le nouveau ROLL-ON anti-transpirant\u00a0 ENERGY LIFT pour homme est sp\u00e9cialement con\u00e7u pour vous offrir une agr\u00e9able sensation de fraicheur et d\u2019\u00e9nergie toute la journ\u00e9e en vous aidant \u00e0 r\u00e9duire les odeurs corporelles avec une protection de 48 heures . Sa formule avec un actif\u00a0100% naturel, sans alcool et sans paraben, et \u00e0 la vitamine E,contient un agent antibact\u00e9rien naturel qui r\u00e9gule la croissance des micro-organismes responsables des mauvaises odeurs tout en respectant l\u2019\u00e9quilibre naturel de votre peau. Son parfum aux notes \u00e9nergisantes vous aide \u00e0 commencer votre journ\u00e9e en toute vitalit\u00e9. &nbsp;\",\"breadcrumb\":{\"@id\":\"https:\/\/nihel.com\/en\/product\/deodorant-energy-lift-2\/#breadcrumb\"},\"inLanguage\":\"en-US\",\"potentialAction\":[{\"@type\":\"ReadAction\",\"target\":[\"https:\/\/nihel.com\/en\/product\/deodorant-energy-lift-2\/\"]}]},{\"@type\":\"BreadcrumbList\",\"@id\":\"https:\/\/nihel.com\/en\/product\/deodorant-energy-lift-2\/#breadcrumb\",\"itemListElement\":[{\"@type\":\"ListItem\",\"position\":1,\"name\":\"Home\",\"item\":\"https:\/\/nihel.com\/en\/\"},{\"@type\":\"ListItem\",\"position\":2,\"name\":\"Produits\",\"item\":\"https:\/\/nihel.com\/shop\/\"},{\"@type\":\"ListItem\",\"position\":3,\"name\":\"ROLL-ON ENERGY LIFT 50ML\"}]},{\"@type\":\"WebSite\",\"@id\":\"https:\/\/nihel.com\/#website\",\"url\":\"https:\/\/nihel.com\/\",\"name\":\"LABORATOIRES NIHEL\",\"description\":\"Fabrication des produits cosm\u00e9tiques en Tunisie\",\"potentialAction\":[{\"@type\":\"SearchAction\",\"target\":{\"@type\":\"EntryPoint\",\"urlTemplate\":\"https:\/\/nihel.com\/?s={search_term_string}\"},\"query-input\":\"required name=search_term_string\"}],\"inLanguage\":\"en-US\"}]}<\/script>\n<!-- \/ Yoast SEO plugin. -->","yoast_head_json":{"title":"ROLL-ON ENERGY LIFT 50ML | LABORATOIRES NIHEL","description":"Le nouveau ROLL-ON anti-transpirant\u00a0 ENERGY LIFT pour homme est sp\u00e9cialement con\u00e7u pour vous offrir une agr\u00e9able sensation de fraicheur et d\u2019\u00e9nergie toute la journ\u00e9e en vous aidant \u00e0 r\u00e9duire les odeurs corporelles avec une protection de 48 heures . Sa formule avec un actif\u00a0100% naturel, sans alcool et sans paraben, et \u00e0 la vitamine E,contient un agent antibact\u00e9rien naturel qui r\u00e9gule la croissance des micro-organismes responsables des mauvaises odeurs tout en respectant l\u2019\u00e9quilibre naturel de votre peau. Son parfum aux notes \u00e9nergisantes vous aide \u00e0 commencer votre journ\u00e9e en toute vitalit\u00e9.  &nbsp;","robots":{"index":"index","follow":"follow","max-snippet":"max-snippet:-1","max-image-preview":"max-image-preview:large","max-video-preview":"max-video-preview:-1"},"canonical":"https:\/\/nihel.com\/en\/product\/deodorant-energy-lift-2\/","og_locale":"en_US","og_type":"article","og_title":"ROLL-ON ENERGY LIFT 50ML | LABORATOIRES NIHEL","og_description":"Le nouveau ROLL-ON anti-transpirant\u00a0 ENERGY LIFT pour homme est sp\u00e9cialement con\u00e7u pour vous offrir une agr\u00e9able sensation de fraicheur et d\u2019\u00e9nergie toute la journ\u00e9e en vous aidant \u00e0 r\u00e9duire les odeurs corporelles avec une protection de 48 heures . Sa formule avec un actif\u00a0100% naturel, sans alcool et sans paraben, et \u00e0 la vitamine E,contient un agent antibact\u00e9rien naturel qui r\u00e9gule la croissance des micro-organismes responsables des mauvaises odeurs tout en respectant l\u2019\u00e9quilibre naturel de votre peau. Son parfum aux notes \u00e9nergisantes vous aide \u00e0 commencer votre journ\u00e9e en toute vitalit\u00e9.  &nbsp;","og_url":"https:\/\/nihel.com\/en\/product\/deodorant-energy-lift-2\/","og_site_name":"LABORATOIRES NIHEL","article_modified_time":"2024-06-04T14:54:09+00:00","og_image":[{"width":1486,"height":1980,"url":"https:\/\/nihel.com\/wp-content\/uploads\/2024\/06\/energy-lift\u00b0.png","type":"image\/png"}],"twitter_card":"summary_large_image","schema":{"@context":"https:\/\/schema.org","@graph":[{"@type":"WebPage","@id":"https:\/\/nihel.com\/en\/product\/deodorant-energy-lift-2\/","url":"https:\/\/nihel.com\/en\/product\/deodorant-energy-lift-2\/","name":"ROLL-ON ENERGY LIFT 50ML | LABORATOIRES NIHEL","isPartOf":{"@id":"https:\/\/nihel.com\/#website"},"datePublished":"2024-06-04T09:52:39+00:00","dateModified":"2024-06-04T14:54:09+00:00","description":"Le nouveau ROLL-ON anti-transpirant\u00a0 ENERGY LIFT pour homme est sp\u00e9cialement con\u00e7u pour vous offrir une agr\u00e9able sensation de fraicheur et d\u2019\u00e9nergie toute la journ\u00e9e en vous aidant \u00e0 r\u00e9duire les odeurs corporelles avec une protection de 48 heures . Sa formule avec un actif\u00a0100% naturel, sans alcool et sans paraben, et \u00e0 la vitamine E,contient un agent antibact\u00e9rien naturel qui r\u00e9gule la croissance des micro-organismes responsables des mauvaises odeurs tout en respectant l\u2019\u00e9quilibre naturel de votre peau. Son parfum aux notes \u00e9nergisantes vous aide \u00e0 commencer votre journ\u00e9e en toute vitalit\u00e9. &nbsp;","breadcrumb":{"@id":"https:\/\/nihel.com\/en\/product\/deodorant-energy-lift-2\/#breadcrumb"},"inLanguage":"en-US","potentialAction":[{"@type":"ReadAction","target":["https:\/\/nihel.com\/en\/product\/deodorant-energy-lift-2\/"]}]},{"@type":"BreadcrumbList","@id":"https:\/\/nihel.com\/en\/product\/deodorant-energy-lift-2\/#breadcrumb","itemListElement":[{"@type":"ListItem","position":1,"name":"Home","item":"https:\/\/nihel.com\/en\/"},{"@type":"ListItem","position":2,"name":"Produits","item":"https:\/\/nihel.com\/shop\/"},{"@type":"ListItem","position":3,"name":"ROLL-ON ENERGY LIFT 50ML"}]},{"@type":"WebSite","@id":"https:\/\/nihel.com\/#website","url":"https:\/\/nihel.com\/","name":"LABORATOIRES NIHEL","description":"Fabrication des produits cosm\u00e9tiques en Tunisie","potentialAction":[{"@type":"SearchAction","target":{"@type":"EntryPoint","urlTemplate":"https:\/\/nihel.com\/?s={search_term_string}"},"query-input":"required name=search_term_string"}],"inLanguage":"en-US"}]}},"_links":{"self":[{"href":"https:\/\/nihel.com\/en\/wp-json\/wp\/v2\/product\/4772","targetHints":{"allow":["GET"]}}],"collection":[{"href":"https:\/\/nihel.com\/en\/wp-json\/wp\/v2\/product"}],"about":[{"href":"https:\/\/nihel.com\/en\/wp-json\/wp\/v2\/types\/product"}],"replies":[{"embeddable":true,"href":"https:\/\/nihel.com\/en\/wp-json\/wp\/v2\/comments?post=4772"}],"wp:featuredmedia":[{"embeddable":true,"href":"https:\/\/nihel.com\/en\/wp-json\/wp\/v2\/media\/4770"}],"wp:attachment":[{"href":"https:\/\/nihel.com\/en\/wp-json\/wp\/v2\/media?parent=4772"}],"wp:term":[{"taxonomy":"brand","embeddable":true,"href":"https:\/\/nihel.com\/en\/wp-json\/wp\/v2\/etheme_brands?post=4772"},{"taxonomy":"product_cat","embeddable":true,"href":"https:\/\/nihel.com\/en\/wp-json\/wp\/v2\/product_cat?post=4772"},{"taxonomy":"product_tag","embeddable":true,"href":"https:\/\/nihel.com\/en\/wp-json\/wp\/v2\/product_tag?post=4772"}],"curies":[{"name":"wp","href":"https:\/\/api.w.org\/{rel}","templated":true}]}}