{"id":4759,"date":"2024-06-04T11:40:08","date_gmt":"2024-06-04T09:40:08","guid":{"rendered":"https:\/\/nihel.com\/product\/roll-on-champ-floral-poire-aloe-vera\/"},"modified":"2024-06-04T16:56:56","modified_gmt":"2024-06-04T14:56:56","slug":"roll-on-champ-floral-poire-aloe-vera","status":"publish","type":"product","link":"https:\/\/nihel.com\/en\/product\/roll-on-champ-floral-poire-aloe-vera\/","title":{"rendered":"ROLL-ON CHAMP FLORAL POIRE &#038; ALOE VERA 50ML"},"content":{"rendered":"","protected":false},"excerpt":{"rendered":"<p>Le nouveau ROLL-ON anti-transpirant\u00a0 CHAMP FLORAL ,POIRE &amp; ALOE VERA pour femme au parfum rafraichissant de Poire et d\u2019Aloe Vera aide \u00e0 pr\u00e9venir les odeurs corporelles tout en prenant soin de votre peau. Il vous offre une agr\u00e9able sensation de fraicheur tout au long de la journ\u00e9e en vous assurant une protection pendant <strong>48 heures<\/strong> . Sa formule avec un actif\u00a0<strong>100% naturel, sans alcool et sans paraben<\/strong>, et enrichie en\u00a0<strong>vitamine E<\/strong>, contient un agent antibact\u00e9rien naturel qui r\u00e9gule la croissance des micro-organismes responsables des mauvaises odeurs tout en respectant l\u2019\u00e9quilibre naturel de votre peau. Son parfum agr\u00e9ablement frais de Poire &amp; d\u2019Aloe vera vous offre un confort durable toute la journ\u00e9e.<\/p>\n","protected":false},"featured_media":4757,"comment_status":"closed","ping_status":"closed","template":"","meta":[],"etheme_brands":[{"term_id":375,"name":"NIHEL","slug":"nihel-en","term_group":0,"term_taxonomy_id":375,"taxonomy":"brand","description":"","parent":0,"count":98,"filter":"raw","term_order":"0"}],"product_cat":[660,648,649,658],"product_tag":[],"class_list":["post-4759","product","type-product","status-publish","has-post-thumbnail","hentry","brand-nihel-en","product_cat-roll-on-en","product_cat-nihel-en","product_cat-adult","product_cat-body-care-and-hygiene"],"yoast_head":"<!-- This site is optimized with the Yoast SEO plugin v19.10 - https:\/\/yoast.com\/wordpress\/plugins\/seo\/ -->\n<title>ROLL-ON CHAMP FLORAL POIRE &amp; ALOE VERA 50ML | LABORATOIRES NIHEL<\/title>\n<meta name=\"description\" content=\"Le nouveau ROLL-ON anti-transpirant\u00a0 CHAMP FLORAL ,POIRE &amp; ALOE VERA pour femme au parfum rafraichissant de Poire et d\u2019Aloe Vera aide \u00e0 pr\u00e9venir les odeurs corporelles tout en prenant soin de votre peau. Il vous offre une agr\u00e9able sensation de fraicheur tout au long de la journ\u00e9e en vous assurant une protection pendant 48 heures . Sa formule avec un actif\u00a0100% naturel, sans alcool et sans paraben, et enrichie en\u00a0vitamine E, contient un agent antibact\u00e9rien naturel qui r\u00e9gule la croissance des micro-organismes responsables des mauvaises odeurs tout en respectant l\u2019\u00e9quilibre naturel de votre peau. Son parfum agr\u00e9ablement frais de Poire &amp; d\u2019Aloe vera vous offre un confort durable toute la journ\u00e9e.\" \/>\n<meta name=\"robots\" content=\"index, follow, max-snippet:-1, max-image-preview:large, max-video-preview:-1\" \/>\n<link rel=\"canonical\" href=\"https:\/\/nihel.com\/en\/product\/roll-on-champ-floral-poire-aloe-vera\/\" \/>\n<meta property=\"og:locale\" content=\"en_US\" \/>\n<meta property=\"og:type\" content=\"article\" \/>\n<meta property=\"og:title\" content=\"ROLL-ON CHAMP FLORAL POIRE &amp; ALOE VERA 50ML | LABORATOIRES NIHEL\" \/>\n<meta property=\"og:description\" content=\"Le nouveau ROLL-ON anti-transpirant\u00a0 CHAMP FLORAL ,POIRE &amp; ALOE VERA pour femme au parfum rafraichissant de Poire et d\u2019Aloe Vera aide \u00e0 pr\u00e9venir les odeurs corporelles tout en prenant soin de votre peau. Il vous offre une agr\u00e9able sensation de fraicheur tout au long de la journ\u00e9e en vous assurant une protection pendant 48 heures . Sa formule avec un actif\u00a0100% naturel, sans alcool et sans paraben, et enrichie en\u00a0vitamine E, contient un agent antibact\u00e9rien naturel qui r\u00e9gule la croissance des micro-organismes responsables des mauvaises odeurs tout en respectant l\u2019\u00e9quilibre naturel de votre peau. Son parfum agr\u00e9ablement frais de Poire &amp; d\u2019Aloe vera vous offre un confort durable toute la journ\u00e9e.\" \/>\n<meta property=\"og:url\" content=\"https:\/\/nihel.com\/en\/product\/roll-on-champ-floral-poire-aloe-vera\/\" \/>\n<meta property=\"og:site_name\" content=\"LABORATOIRES NIHEL\" \/>\n<meta property=\"article:modified_time\" content=\"2024-06-04T14:56:56+00:00\" \/>\n<meta property=\"og:image\" content=\"https:\/\/nihel.com\/wp-content\/uploads\/2024\/06\/Champ-floral.png\" \/>\n\t<meta property=\"og:image:width\" content=\"1492\" \/>\n\t<meta property=\"og:image:height\" content=\"1988\" \/>\n\t<meta property=\"og:image:type\" content=\"image\/png\" \/>\n<meta name=\"twitter:card\" content=\"summary_large_image\" \/>\n<script type=\"application\/ld+json\" class=\"yoast-schema-graph\">{\"@context\":\"https:\/\/schema.org\",\"@graph\":[{\"@type\":\"WebPage\",\"@id\":\"https:\/\/nihel.com\/en\/product\/roll-on-champ-floral-poire-aloe-vera\/\",\"url\":\"https:\/\/nihel.com\/en\/product\/roll-on-champ-floral-poire-aloe-vera\/\",\"name\":\"ROLL-ON CHAMP FLORAL POIRE & ALOE VERA 50ML | LABORATOIRES NIHEL\",\"isPartOf\":{\"@id\":\"https:\/\/nihel.com\/#website\"},\"datePublished\":\"2024-06-04T09:40:08+00:00\",\"dateModified\":\"2024-06-04T14:56:56+00:00\",\"description\":\"Le nouveau ROLL-ON anti-transpirant\u00a0 CHAMP FLORAL ,POIRE &amp; ALOE VERA pour femme au parfum rafraichissant de Poire et d\u2019Aloe Vera aide \u00e0 pr\u00e9venir les odeurs corporelles tout en prenant soin de votre peau. Il vous offre une agr\u00e9able sensation de fraicheur tout au long de la journ\u00e9e en vous assurant une protection pendant 48 heures . Sa formule avec un actif\u00a0100% naturel, sans alcool et sans paraben, et enrichie en\u00a0vitamine E, contient un agent antibact\u00e9rien naturel qui r\u00e9gule la croissance des micro-organismes responsables des mauvaises odeurs tout en respectant l\u2019\u00e9quilibre naturel de votre peau. Son parfum agr\u00e9ablement frais de Poire &amp; d\u2019Aloe vera vous offre un confort durable toute la journ\u00e9e.\",\"breadcrumb\":{\"@id\":\"https:\/\/nihel.com\/en\/product\/roll-on-champ-floral-poire-aloe-vera\/#breadcrumb\"},\"inLanguage\":\"en-US\",\"potentialAction\":[{\"@type\":\"ReadAction\",\"target\":[\"https:\/\/nihel.com\/en\/product\/roll-on-champ-floral-poire-aloe-vera\/\"]}]},{\"@type\":\"BreadcrumbList\",\"@id\":\"https:\/\/nihel.com\/en\/product\/roll-on-champ-floral-poire-aloe-vera\/#breadcrumb\",\"itemListElement\":[{\"@type\":\"ListItem\",\"position\":1,\"name\":\"Home\",\"item\":\"https:\/\/nihel.com\/en\/\"},{\"@type\":\"ListItem\",\"position\":2,\"name\":\"Produits\",\"item\":\"https:\/\/nihel.com\/shop\/\"},{\"@type\":\"ListItem\",\"position\":3,\"name\":\"ROLL-ON CHAMP FLORAL POIRE &#038; ALOE VERA 50ML\"}]},{\"@type\":\"WebSite\",\"@id\":\"https:\/\/nihel.com\/#website\",\"url\":\"https:\/\/nihel.com\/\",\"name\":\"LABORATOIRES NIHEL\",\"description\":\"Fabrication des produits cosm\u00e9tiques en Tunisie\",\"potentialAction\":[{\"@type\":\"SearchAction\",\"target\":{\"@type\":\"EntryPoint\",\"urlTemplate\":\"https:\/\/nihel.com\/?s={search_term_string}\"},\"query-input\":\"required name=search_term_string\"}],\"inLanguage\":\"en-US\"}]}<\/script>\n<!-- \/ Yoast SEO plugin. -->","yoast_head_json":{"title":"ROLL-ON CHAMP FLORAL POIRE & ALOE VERA 50ML | LABORATOIRES NIHEL","description":"Le nouveau ROLL-ON anti-transpirant\u00a0 CHAMP FLORAL ,POIRE &amp; ALOE VERA pour femme au parfum rafraichissant de Poire et d\u2019Aloe Vera aide \u00e0 pr\u00e9venir les odeurs corporelles tout en prenant soin de votre peau. Il vous offre une agr\u00e9able sensation de fraicheur tout au long de la journ\u00e9e en vous assurant une protection pendant 48 heures . Sa formule avec un actif\u00a0100% naturel, sans alcool et sans paraben, et enrichie en\u00a0vitamine E, contient un agent antibact\u00e9rien naturel qui r\u00e9gule la croissance des micro-organismes responsables des mauvaises odeurs tout en respectant l\u2019\u00e9quilibre naturel de votre peau. Son parfum agr\u00e9ablement frais de Poire &amp; d\u2019Aloe vera vous offre un confort durable toute la journ\u00e9e.","robots":{"index":"index","follow":"follow","max-snippet":"max-snippet:-1","max-image-preview":"max-image-preview:large","max-video-preview":"max-video-preview:-1"},"canonical":"https:\/\/nihel.com\/en\/product\/roll-on-champ-floral-poire-aloe-vera\/","og_locale":"en_US","og_type":"article","og_title":"ROLL-ON CHAMP FLORAL POIRE & ALOE VERA 50ML | LABORATOIRES NIHEL","og_description":"Le nouveau ROLL-ON anti-transpirant\u00a0 CHAMP FLORAL ,POIRE &amp; ALOE VERA pour femme au parfum rafraichissant de Poire et d\u2019Aloe Vera aide \u00e0 pr\u00e9venir les odeurs corporelles tout en prenant soin de votre peau. Il vous offre une agr\u00e9able sensation de fraicheur tout au long de la journ\u00e9e en vous assurant une protection pendant 48 heures . Sa formule avec un actif\u00a0100% naturel, sans alcool et sans paraben, et enrichie en\u00a0vitamine E, contient un agent antibact\u00e9rien naturel qui r\u00e9gule la croissance des micro-organismes responsables des mauvaises odeurs tout en respectant l\u2019\u00e9quilibre naturel de votre peau. Son parfum agr\u00e9ablement frais de Poire &amp; d\u2019Aloe vera vous offre un confort durable toute la journ\u00e9e.","og_url":"https:\/\/nihel.com\/en\/product\/roll-on-champ-floral-poire-aloe-vera\/","og_site_name":"LABORATOIRES NIHEL","article_modified_time":"2024-06-04T14:56:56+00:00","og_image":[{"width":1492,"height":1988,"url":"https:\/\/nihel.com\/wp-content\/uploads\/2024\/06\/Champ-floral.png","type":"image\/png"}],"twitter_card":"summary_large_image","schema":{"@context":"https:\/\/schema.org","@graph":[{"@type":"WebPage","@id":"https:\/\/nihel.com\/en\/product\/roll-on-champ-floral-poire-aloe-vera\/","url":"https:\/\/nihel.com\/en\/product\/roll-on-champ-floral-poire-aloe-vera\/","name":"ROLL-ON CHAMP FLORAL POIRE & ALOE VERA 50ML | LABORATOIRES NIHEL","isPartOf":{"@id":"https:\/\/nihel.com\/#website"},"datePublished":"2024-06-04T09:40:08+00:00","dateModified":"2024-06-04T14:56:56+00:00","description":"Le nouveau ROLL-ON anti-transpirant\u00a0 CHAMP FLORAL ,POIRE &amp; ALOE VERA pour femme au parfum rafraichissant de Poire et d\u2019Aloe Vera aide \u00e0 pr\u00e9venir les odeurs corporelles tout en prenant soin de votre peau. Il vous offre une agr\u00e9able sensation de fraicheur tout au long de la journ\u00e9e en vous assurant une protection pendant 48 heures . Sa formule avec un actif\u00a0100% naturel, sans alcool et sans paraben, et enrichie en\u00a0vitamine E, contient un agent antibact\u00e9rien naturel qui r\u00e9gule la croissance des micro-organismes responsables des mauvaises odeurs tout en respectant l\u2019\u00e9quilibre naturel de votre peau. Son parfum agr\u00e9ablement frais de Poire &amp; d\u2019Aloe vera vous offre un confort durable toute la journ\u00e9e.","breadcrumb":{"@id":"https:\/\/nihel.com\/en\/product\/roll-on-champ-floral-poire-aloe-vera\/#breadcrumb"},"inLanguage":"en-US","potentialAction":[{"@type":"ReadAction","target":["https:\/\/nihel.com\/en\/product\/roll-on-champ-floral-poire-aloe-vera\/"]}]},{"@type":"BreadcrumbList","@id":"https:\/\/nihel.com\/en\/product\/roll-on-champ-floral-poire-aloe-vera\/#breadcrumb","itemListElement":[{"@type":"ListItem","position":1,"name":"Home","item":"https:\/\/nihel.com\/en\/"},{"@type":"ListItem","position":2,"name":"Produits","item":"https:\/\/nihel.com\/shop\/"},{"@type":"ListItem","position":3,"name":"ROLL-ON CHAMP FLORAL POIRE &#038; ALOE VERA 50ML"}]},{"@type":"WebSite","@id":"https:\/\/nihel.com\/#website","url":"https:\/\/nihel.com\/","name":"LABORATOIRES NIHEL","description":"Fabrication des produits cosm\u00e9tiques en Tunisie","potentialAction":[{"@type":"SearchAction","target":{"@type":"EntryPoint","urlTemplate":"https:\/\/nihel.com\/?s={search_term_string}"},"query-input":"required name=search_term_string"}],"inLanguage":"en-US"}]}},"_links":{"self":[{"href":"https:\/\/nihel.com\/en\/wp-json\/wp\/v2\/product\/4759","targetHints":{"allow":["GET"]}}],"collection":[{"href":"https:\/\/nihel.com\/en\/wp-json\/wp\/v2\/product"}],"about":[{"href":"https:\/\/nihel.com\/en\/wp-json\/wp\/v2\/types\/product"}],"replies":[{"embeddable":true,"href":"https:\/\/nihel.com\/en\/wp-json\/wp\/v2\/comments?post=4759"}],"wp:featuredmedia":[{"embeddable":true,"href":"https:\/\/nihel.com\/en\/wp-json\/wp\/v2\/media\/4757"}],"wp:attachment":[{"href":"https:\/\/nihel.com\/en\/wp-json\/wp\/v2\/media?parent=4759"}],"wp:term":[{"taxonomy":"brand","embeddable":true,"href":"https:\/\/nihel.com\/en\/wp-json\/wp\/v2\/etheme_brands?post=4759"},{"taxonomy":"product_cat","embeddable":true,"href":"https:\/\/nihel.com\/en\/wp-json\/wp\/v2\/product_cat?post=4759"},{"taxonomy":"product_tag","embeddable":true,"href":"https:\/\/nihel.com\/en\/wp-json\/wp\/v2\/product_tag?post=4759"}],"curies":[{"name":"wp","href":"https:\/\/api.w.org\/{rel}","templated":true}]}}