{"id":4676,"date":"2023-11-23T12:55:07","date_gmt":"2023-11-23T11:55:07","guid":{"rendered":"https:\/\/nihel.com\/product\/deodorant-mitsy-fashion-girl\/"},"modified":"2023-11-23T12:55:07","modified_gmt":"2023-11-23T11:55:07","slug":"deodorant-mitsy-fashion-girl","status":"publish","type":"product","link":"https:\/\/nihel.com\/en\/product\/deodorant-mitsy-fashion-girl\/","title":{"rendered":"D\u00c9ODORANT MITSY FASHION GIRL"},"content":{"rendered":"","protected":false},"excerpt":{"rendered":"<p>Salut ma grande ! C\u2019est votre nouveau d\u00e9odorant spray FASHION GIRL pour enfant. Je suis l\u00e0 pour vous accompagner pendant toute la journ\u00e9e avec mes notes douces et fra\u00eeches.<br \/>\nMa formule sans sels d\u2019aluminium, sp\u00e9cialement con\u00e7ue pour les supers h\u00e9ro\u00efnes, contient un agent antibact\u00e9rien naturel qui respecte l&#8217;\u00e9quilibre de votre peau tout en vous aidant \u00e0 pr\u00e9venir l\u2019apparition des mauvaises odeurs.<br \/>\nAvec mon parfum plein de vie, nous allons passer une journ\u00e9e id\u00e9ale !<\/p>\n<p><strong>Contenance:<\/strong> 150ml<\/p>\n","protected":false},"featured_media":3600,"comment_status":"open","ping_status":"closed","template":"","meta":[],"etheme_brands":[{"term_id":454,"name":"Mitsy","slug":"mitsy-en","term_group":0,"term_taxonomy_id":454,"taxonomy":"brand","description":"","parent":0,"count":0,"filter":"raw","term_order":"0"}],"product_cat":[686,687,690,682],"product_tag":[],"class_list":["post-4676","product","type-product","status-publish","has-post-thumbnail","hentry","brand-mitsy-en","product_cat-mitsy-en","product_cat-child-en","product_cat-perfumery-en-2","product_cat-deodorant-en-2"],"yoast_head":"<!-- This site is optimized with the Yoast SEO plugin v19.10 - https:\/\/yoast.com\/wordpress\/plugins\/seo\/ -->\n<title>D\u00c9ODORANT MITSY FASHION GIRL | LABORATOIRES NIHEL<\/title>\n<meta name=\"description\" content=\"Salut ma grande ! C\u2019est votre nouveau d\u00e9odorant spray FASHION GIRL pour enfant. Je suis l\u00e0 pour vous accompagner pendant toute la journ\u00e9e avec mes notes douces et fra\u00eeches. Ma formule sans sels d\u2019aluminium, sp\u00e9cialement con\u00e7ue pour les supers h\u00e9ro\u00efnes, contient un agent antibact\u00e9rien naturel qui respecte l&#039;\u00e9quilibre de votre peau tout en vous aidant \u00e0 pr\u00e9venir l\u2019apparition des mauvaises odeurs. Avec mon parfum plein de vie, nous allons passer une journ\u00e9e id\u00e9ale !  Contenance: 150ml\" \/>\n<meta name=\"robots\" content=\"index, follow, max-snippet:-1, max-image-preview:large, max-video-preview:-1\" \/>\n<link rel=\"canonical\" href=\"https:\/\/nihel.com\/en\/product\/deodorant-mitsy-fashion-girl\/\" \/>\n<meta property=\"og:locale\" content=\"en_US\" \/>\n<meta property=\"og:type\" content=\"article\" \/>\n<meta property=\"og:title\" content=\"D\u00c9ODORANT MITSY FASHION GIRL | LABORATOIRES NIHEL\" \/>\n<meta property=\"og:description\" content=\"Salut ma grande ! C\u2019est votre nouveau d\u00e9odorant spray FASHION GIRL pour enfant. Je suis l\u00e0 pour vous accompagner pendant toute la journ\u00e9e avec mes notes douces et fra\u00eeches. Ma formule sans sels d\u2019aluminium, sp\u00e9cialement con\u00e7ue pour les supers h\u00e9ro\u00efnes, contient un agent antibact\u00e9rien naturel qui respecte l&#039;\u00e9quilibre de votre peau tout en vous aidant \u00e0 pr\u00e9venir l\u2019apparition des mauvaises odeurs. Avec mon parfum plein de vie, nous allons passer une journ\u00e9e id\u00e9ale !  Contenance: 150ml\" \/>\n<meta property=\"og:url\" content=\"https:\/\/nihel.com\/en\/product\/deodorant-mitsy-fashion-girl\/\" \/>\n<meta property=\"og:site_name\" content=\"LABORATOIRES NIHEL\" \/>\n<meta name=\"twitter:card\" content=\"summary_large_image\" \/>\n<script type=\"application\/ld+json\" class=\"yoast-schema-graph\">{\"@context\":\"https:\/\/schema.org\",\"@graph\":[{\"@type\":\"WebPage\",\"@id\":\"https:\/\/nihel.com\/en\/product\/deodorant-mitsy-fashion-girl\/\",\"url\":\"https:\/\/nihel.com\/en\/product\/deodorant-mitsy-fashion-girl\/\",\"name\":\"D\u00c9ODORANT MITSY FASHION GIRL | LABORATOIRES NIHEL\",\"isPartOf\":{\"@id\":\"https:\/\/nihel.com\/#website\"},\"datePublished\":\"2023-11-23T11:55:07+00:00\",\"dateModified\":\"2023-11-23T11:55:07+00:00\",\"description\":\"Salut ma grande ! C\u2019est votre nouveau d\u00e9odorant spray FASHION GIRL pour enfant. Je suis l\u00e0 pour vous accompagner pendant toute la journ\u00e9e avec mes notes douces et fra\u00eeches. Ma formule sans sels d\u2019aluminium, sp\u00e9cialement con\u00e7ue pour les supers h\u00e9ro\u00efnes, contient un agent antibact\u00e9rien naturel qui respecte l'\u00e9quilibre de votre peau tout en vous aidant \u00e0 pr\u00e9venir l\u2019apparition des mauvaises odeurs. Avec mon parfum plein de vie, nous allons passer une journ\u00e9e id\u00e9ale ! Contenance: 150ml\",\"breadcrumb\":{\"@id\":\"https:\/\/nihel.com\/en\/product\/deodorant-mitsy-fashion-girl\/#breadcrumb\"},\"inLanguage\":\"en-US\",\"potentialAction\":[{\"@type\":\"ReadAction\",\"target\":[\"https:\/\/nihel.com\/en\/product\/deodorant-mitsy-fashion-girl\/\"]}]},{\"@type\":\"BreadcrumbList\",\"@id\":\"https:\/\/nihel.com\/en\/product\/deodorant-mitsy-fashion-girl\/#breadcrumb\",\"itemListElement\":[{\"@type\":\"ListItem\",\"position\":1,\"name\":\"Home\",\"item\":\"https:\/\/nihel.com\/en\/\"},{\"@type\":\"ListItem\",\"position\":2,\"name\":\"Produits\",\"item\":\"https:\/\/nihel.com\/shop\/\"},{\"@type\":\"ListItem\",\"position\":3,\"name\":\"D\u00c9ODORANT MITSY FASHION GIRL\"}]},{\"@type\":\"WebSite\",\"@id\":\"https:\/\/nihel.com\/#website\",\"url\":\"https:\/\/nihel.com\/\",\"name\":\"LABORATOIRES NIHEL\",\"description\":\"Fabrication des produits cosm\u00e9tiques en Tunisie\",\"potentialAction\":[{\"@type\":\"SearchAction\",\"target\":{\"@type\":\"EntryPoint\",\"urlTemplate\":\"https:\/\/nihel.com\/?s={search_term_string}\"},\"query-input\":\"required name=search_term_string\"}],\"inLanguage\":\"en-US\"}]}<\/script>\n<!-- \/ Yoast SEO plugin. -->","yoast_head_json":{"title":"D\u00c9ODORANT MITSY FASHION GIRL | LABORATOIRES NIHEL","description":"Salut ma grande ! C\u2019est votre nouveau d\u00e9odorant spray FASHION GIRL pour enfant. Je suis l\u00e0 pour vous accompagner pendant toute la journ\u00e9e avec mes notes douces et fra\u00eeches. Ma formule sans sels d\u2019aluminium, sp\u00e9cialement con\u00e7ue pour les supers h\u00e9ro\u00efnes, contient un agent antibact\u00e9rien naturel qui respecte l'\u00e9quilibre de votre peau tout en vous aidant \u00e0 pr\u00e9venir l\u2019apparition des mauvaises odeurs. Avec mon parfum plein de vie, nous allons passer une journ\u00e9e id\u00e9ale !  Contenance: 150ml","robots":{"index":"index","follow":"follow","max-snippet":"max-snippet:-1","max-image-preview":"max-image-preview:large","max-video-preview":"max-video-preview:-1"},"canonical":"https:\/\/nihel.com\/en\/product\/deodorant-mitsy-fashion-girl\/","og_locale":"en_US","og_type":"article","og_title":"D\u00c9ODORANT MITSY FASHION GIRL | LABORATOIRES NIHEL","og_description":"Salut ma grande ! C\u2019est votre nouveau d\u00e9odorant spray FASHION GIRL pour enfant. Je suis l\u00e0 pour vous accompagner pendant toute la journ\u00e9e avec mes notes douces et fra\u00eeches. Ma formule sans sels d\u2019aluminium, sp\u00e9cialement con\u00e7ue pour les supers h\u00e9ro\u00efnes, contient un agent antibact\u00e9rien naturel qui respecte l'\u00e9quilibre de votre peau tout en vous aidant \u00e0 pr\u00e9venir l\u2019apparition des mauvaises odeurs. Avec mon parfum plein de vie, nous allons passer une journ\u00e9e id\u00e9ale !  Contenance: 150ml","og_url":"https:\/\/nihel.com\/en\/product\/deodorant-mitsy-fashion-girl\/","og_site_name":"LABORATOIRES NIHEL","twitter_card":"summary_large_image","schema":{"@context":"https:\/\/schema.org","@graph":[{"@type":"WebPage","@id":"https:\/\/nihel.com\/en\/product\/deodorant-mitsy-fashion-girl\/","url":"https:\/\/nihel.com\/en\/product\/deodorant-mitsy-fashion-girl\/","name":"D\u00c9ODORANT MITSY FASHION GIRL | LABORATOIRES NIHEL","isPartOf":{"@id":"https:\/\/nihel.com\/#website"},"datePublished":"2023-11-23T11:55:07+00:00","dateModified":"2023-11-23T11:55:07+00:00","description":"Salut ma grande ! C\u2019est votre nouveau d\u00e9odorant spray FASHION GIRL pour enfant. Je suis l\u00e0 pour vous accompagner pendant toute la journ\u00e9e avec mes notes douces et fra\u00eeches. Ma formule sans sels d\u2019aluminium, sp\u00e9cialement con\u00e7ue pour les supers h\u00e9ro\u00efnes, contient un agent antibact\u00e9rien naturel qui respecte l'\u00e9quilibre de votre peau tout en vous aidant \u00e0 pr\u00e9venir l\u2019apparition des mauvaises odeurs. Avec mon parfum plein de vie, nous allons passer une journ\u00e9e id\u00e9ale ! Contenance: 150ml","breadcrumb":{"@id":"https:\/\/nihel.com\/en\/product\/deodorant-mitsy-fashion-girl\/#breadcrumb"},"inLanguage":"en-US","potentialAction":[{"@type":"ReadAction","target":["https:\/\/nihel.com\/en\/product\/deodorant-mitsy-fashion-girl\/"]}]},{"@type":"BreadcrumbList","@id":"https:\/\/nihel.com\/en\/product\/deodorant-mitsy-fashion-girl\/#breadcrumb","itemListElement":[{"@type":"ListItem","position":1,"name":"Home","item":"https:\/\/nihel.com\/en\/"},{"@type":"ListItem","position":2,"name":"Produits","item":"https:\/\/nihel.com\/shop\/"},{"@type":"ListItem","position":3,"name":"D\u00c9ODORANT MITSY FASHION GIRL"}]},{"@type":"WebSite","@id":"https:\/\/nihel.com\/#website","url":"https:\/\/nihel.com\/","name":"LABORATOIRES NIHEL","description":"Fabrication des produits cosm\u00e9tiques en Tunisie","potentialAction":[{"@type":"SearchAction","target":{"@type":"EntryPoint","urlTemplate":"https:\/\/nihel.com\/?s={search_term_string}"},"query-input":"required name=search_term_string"}],"inLanguage":"en-US"}]}},"_links":{"self":[{"href":"https:\/\/nihel.com\/en\/wp-json\/wp\/v2\/product\/4676","targetHints":{"allow":["GET"]}}],"collection":[{"href":"https:\/\/nihel.com\/en\/wp-json\/wp\/v2\/product"}],"about":[{"href":"https:\/\/nihel.com\/en\/wp-json\/wp\/v2\/types\/product"}],"replies":[{"embeddable":true,"href":"https:\/\/nihel.com\/en\/wp-json\/wp\/v2\/comments?post=4676"}],"wp:featuredmedia":[{"embeddable":true,"href":"https:\/\/nihel.com\/en\/wp-json\/wp\/v2\/media\/3600"}],"wp:attachment":[{"href":"https:\/\/nihel.com\/en\/wp-json\/wp\/v2\/media?parent=4676"}],"wp:term":[{"taxonomy":"brand","embeddable":true,"href":"https:\/\/nihel.com\/en\/wp-json\/wp\/v2\/etheme_brands?post=4676"},{"taxonomy":"product_cat","embeddable":true,"href":"https:\/\/nihel.com\/en\/wp-json\/wp\/v2\/product_cat?post=4676"},{"taxonomy":"product_tag","embeddable":true,"href":"https:\/\/nihel.com\/en\/wp-json\/wp\/v2\/product_tag?post=4676"}],"curies":[{"name":"wp","href":"https:\/\/api.w.org\/{rel}","templated":true}]}}