{"id":4673,"date":"2024-02-15T09:28:48","date_gmt":"2024-02-15T08:28:48","guid":{"rendered":"https:\/\/nihel.com\/product\/o-micellaire-nihel-a-laloe-vera\/"},"modified":"2024-02-15T09:28:48","modified_gmt":"2024-02-15T08:28:48","slug":"o-micellaire-nihel-a-laloe-vera","status":"publish","type":"product","link":"https:\/\/nihel.com\/en\/product\/o-micellaire-nihel-a-laloe-vera\/","title":{"rendered":"O&#8217; MICELLAIRE NIHEL  A L&#8217;ALOE VERA"},"content":{"rendered":"","protected":false},"excerpt":{"rendered":"<div class=\"w-full text-token-text-primary\" data-testid=\"conversation-turn-3\">\n<div class=\"px-4 py-2 justify-center text-base md:gap-6 m-auto\">\n<div class=\"flex flex-1 text-base mx-auto gap-3 md:px-5 lg:px-1 xl:px-5 md:max-w-3xl lg:max-w-[40rem] xl:max-w-[48rem] group\">\n<div class=\"relative flex w-full flex-col agent-turn\">\n<div class=\"flex-col gap-1 md:gap-3\">\n<div class=\"flex flex-grow flex-col max-w-full\">\n<div class=\"min-h-[20px] text-message flex flex-col items-start gap-3 whitespace-pre-wrap break-words [.text-message+&amp;]:mt-5 overflow-x-auto\" data-message-author-role=\"assistant\" data-message-id=\"fa0fb8a7-c3cd-461d-829c-a896bb377ae5\">\n<div class=\"markdown prose w-full break-words dark:prose-invert light\">\n<p>D\u00e9couvrez l&#8217;eau micellaire rafra\u00eechissante de la marque Nihel, enrichie du pr\u00e9cieux jus natif d&#8217;aloe vera. Cette formule douce et efficace agit en profondeur pour d\u00e9maquiller en douceur, \u00e9liminer les impuret\u00e9s et revitaliser la peau, la laissant propre, apais\u00e9e et \u00e9clatante. L&#8217;aloe vera, connu pour ses propri\u00e9t\u00e9s hydratantes et apaisantes, combine ses bienfaits avec l&#8217;efficacit\u00e9 nettoyante des micelles, offrant ainsi un soin quotidien parfait pour tous les types de peau. Plongez dans une exp\u00e9rience de beaut\u00e9 naturelle avec l&#8217;eau micellaire Nihel au jus natif d&#8217;aloe vera, pour une peau visiblement plus belle et \u00e9clatante de sant\u00e9.<\/p>\n<\/div>\n<\/div>\n<\/div>\n<div class=\"mt-1 flex justify-start gap-3 empty:hidden\">\n<div class=\"text-gray-400 flex self-end lg:self-center justify-center lg:justify-start mt-0 -ml-1 visible\"><button class=\"flex items-center gap-1.5 rounded-md p-1 text-xs text-token-text-tertiary hover:text-token-text-primary md:invisible md:group-hover:visible md:group-[.final-completion]:visible\"><\/button><\/p>\n<div class=\"flex\"><\/div>\n<\/div>\n<\/div>\n<\/div>\n<\/div>\n<\/div>\n<\/div>\n<\/div>\n<div class=\"w-full text-token-text-primary\" data-testid=\"conversation-turn-4\">\n<div class=\"px-4 py-2 justify-center text-base md:gap-6 m-auto\">\n<div class=\"flex flex-1 text-base mx-auto gap-3 md:px-5 lg:px-1 xl:px-5 md:max-w-3xl lg:max-w-[40rem] xl:max-w-[48rem] group\">\n<div class=\"flex-shrink-0 flex flex-col relative items-end\">\n<div>\n<div class=\"pt-0.5\">\n<div class=\"gizmo-shadow-stroke flex h-6 w-6 items-center justify-center overflow-hidden rounded-full\"><\/div>\n<\/div>\n<\/div>\n<\/div>\n<\/div>\n<\/div>\n<\/div>\n","protected":false},"featured_media":4002,"comment_status":"open","ping_status":"closed","template":"","meta":[],"etheme_brands":[],"product_cat":[648,649,664,665],"product_tag":[],"class_list":["post-4673","product","type-product","status-publish","has-post-thumbnail","hentry","product_cat-nihel-en","product_cat-adult","product_cat-skin-care","product_cat-micellar-water"],"yoast_head":"<!-- This site is optimized with the Yoast SEO plugin v19.10 - https:\/\/yoast.com\/wordpress\/plugins\/seo\/ -->\n<title>O&#039; MICELLAIRE NIHEL A L&#039;ALOE VERA | LABORATOIRES NIHEL<\/title>\n<meta name=\"description\" content=\"D\u00e9couvrez l&#039;eau micellaire rafra\u00eechissante de la marque Nihel, enrichie du pr\u00e9cieux jus natif d&#039;aloe vera. Cette formule douce et efficace agit en profondeur pour d\u00e9maquiller en douceur, \u00e9liminer les impuret\u00e9s et revitaliser la peau, la laissant propre, apais\u00e9e et \u00e9clatante. L&#039;aloe vera, connu pour ses propri\u00e9t\u00e9s hydratantes et apaisantes, combine ses bienfaits avec l&#039;efficacit\u00e9 nettoyante des micelles, offrant ainsi un soin quotidien parfait pour tous les types de peau. Plongez dans une exp\u00e9rience de beaut\u00e9 naturelle avec l&#039;eau micellaire Nihel au jus natif d&#039;aloe vera, pour une peau visiblement plus belle et \u00e9clatante de sant\u00e9.\" \/>\n<meta name=\"robots\" content=\"index, follow, max-snippet:-1, max-image-preview:large, max-video-preview:-1\" \/>\n<link rel=\"canonical\" href=\"https:\/\/nihel.com\/en\/product\/o-micellaire-nihel-a-laloe-vera\/\" \/>\n<meta property=\"og:locale\" content=\"en_US\" \/>\n<meta property=\"og:type\" content=\"article\" \/>\n<meta property=\"og:title\" content=\"O&#039; MICELLAIRE NIHEL A L&#039;ALOE VERA | LABORATOIRES NIHEL\" \/>\n<meta property=\"og:description\" content=\"D\u00e9couvrez l&#039;eau micellaire rafra\u00eechissante de la marque Nihel, enrichie du pr\u00e9cieux jus natif d&#039;aloe vera. Cette formule douce et efficace agit en profondeur pour d\u00e9maquiller en douceur, \u00e9liminer les impuret\u00e9s et revitaliser la peau, la laissant propre, apais\u00e9e et \u00e9clatante. L&#039;aloe vera, connu pour ses propri\u00e9t\u00e9s hydratantes et apaisantes, combine ses bienfaits avec l&#039;efficacit\u00e9 nettoyante des micelles, offrant ainsi un soin quotidien parfait pour tous les types de peau. Plongez dans une exp\u00e9rience de beaut\u00e9 naturelle avec l&#039;eau micellaire Nihel au jus natif d&#039;aloe vera, pour une peau visiblement plus belle et \u00e9clatante de sant\u00e9.\" \/>\n<meta property=\"og:url\" content=\"https:\/\/nihel.com\/en\/product\/o-micellaire-nihel-a-laloe-vera\/\" \/>\n<meta property=\"og:site_name\" content=\"LABORATOIRES NIHEL\" \/>\n<meta name=\"twitter:card\" content=\"summary_large_image\" \/>\n<script type=\"application\/ld+json\" class=\"yoast-schema-graph\">{\"@context\":\"https:\/\/schema.org\",\"@graph\":[{\"@type\":\"WebPage\",\"@id\":\"https:\/\/nihel.com\/en\/product\/o-micellaire-nihel-a-laloe-vera\/\",\"url\":\"https:\/\/nihel.com\/en\/product\/o-micellaire-nihel-a-laloe-vera\/\",\"name\":\"O' MICELLAIRE NIHEL A L'ALOE VERA | LABORATOIRES NIHEL\",\"isPartOf\":{\"@id\":\"https:\/\/nihel.com\/#website\"},\"datePublished\":\"2024-02-15T08:28:48+00:00\",\"dateModified\":\"2024-02-15T08:28:48+00:00\",\"description\":\"D\u00e9couvrez l'eau micellaire rafra\u00eechissante de la marque Nihel, enrichie du pr\u00e9cieux jus natif d'aloe vera. Cette formule douce et efficace agit en profondeur pour d\u00e9maquiller en douceur, \u00e9liminer les impuret\u00e9s et revitaliser la peau, la laissant propre, apais\u00e9e et \u00e9clatante. L'aloe vera, connu pour ses propri\u00e9t\u00e9s hydratantes et apaisantes, combine ses bienfaits avec l'efficacit\u00e9 nettoyante des micelles, offrant ainsi un soin quotidien parfait pour tous les types de peau. Plongez dans une exp\u00e9rience de beaut\u00e9 naturelle avec l'eau micellaire Nihel au jus natif d'aloe vera, pour une peau visiblement plus belle et \u00e9clatante de sant\u00e9.\",\"breadcrumb\":{\"@id\":\"https:\/\/nihel.com\/en\/product\/o-micellaire-nihel-a-laloe-vera\/#breadcrumb\"},\"inLanguage\":\"en-US\",\"potentialAction\":[{\"@type\":\"ReadAction\",\"target\":[\"https:\/\/nihel.com\/en\/product\/o-micellaire-nihel-a-laloe-vera\/\"]}]},{\"@type\":\"BreadcrumbList\",\"@id\":\"https:\/\/nihel.com\/en\/product\/o-micellaire-nihel-a-laloe-vera\/#breadcrumb\",\"itemListElement\":[{\"@type\":\"ListItem\",\"position\":1,\"name\":\"Home\",\"item\":\"https:\/\/nihel.com\/en\/\"},{\"@type\":\"ListItem\",\"position\":2,\"name\":\"Produits\",\"item\":\"https:\/\/nihel.com\/shop\/\"},{\"@type\":\"ListItem\",\"position\":3,\"name\":\"O&rsquo; MICELLAIRE NIHEL A L&rsquo;ALOE VERA\"}]},{\"@type\":\"WebSite\",\"@id\":\"https:\/\/nihel.com\/#website\",\"url\":\"https:\/\/nihel.com\/\",\"name\":\"LABORATOIRES NIHEL\",\"description\":\"Fabrication des produits cosm\u00e9tiques en Tunisie\",\"potentialAction\":[{\"@type\":\"SearchAction\",\"target\":{\"@type\":\"EntryPoint\",\"urlTemplate\":\"https:\/\/nihel.com\/?s={search_term_string}\"},\"query-input\":\"required name=search_term_string\"}],\"inLanguage\":\"en-US\"}]}<\/script>\n<!-- \/ Yoast SEO plugin. -->","yoast_head_json":{"title":"O' MICELLAIRE NIHEL A L'ALOE VERA | LABORATOIRES NIHEL","description":"D\u00e9couvrez l'eau micellaire rafra\u00eechissante de la marque Nihel, enrichie du pr\u00e9cieux jus natif d'aloe vera. Cette formule douce et efficace agit en profondeur pour d\u00e9maquiller en douceur, \u00e9liminer les impuret\u00e9s et revitaliser la peau, la laissant propre, apais\u00e9e et \u00e9clatante. L'aloe vera, connu pour ses propri\u00e9t\u00e9s hydratantes et apaisantes, combine ses bienfaits avec l'efficacit\u00e9 nettoyante des micelles, offrant ainsi un soin quotidien parfait pour tous les types de peau. Plongez dans une exp\u00e9rience de beaut\u00e9 naturelle avec l'eau micellaire Nihel au jus natif d'aloe vera, pour une peau visiblement plus belle et \u00e9clatante de sant\u00e9.","robots":{"index":"index","follow":"follow","max-snippet":"max-snippet:-1","max-image-preview":"max-image-preview:large","max-video-preview":"max-video-preview:-1"},"canonical":"https:\/\/nihel.com\/en\/product\/o-micellaire-nihel-a-laloe-vera\/","og_locale":"en_US","og_type":"article","og_title":"O' MICELLAIRE NIHEL A L'ALOE VERA | LABORATOIRES NIHEL","og_description":"D\u00e9couvrez l'eau micellaire rafra\u00eechissante de la marque Nihel, enrichie du pr\u00e9cieux jus natif d'aloe vera. Cette formule douce et efficace agit en profondeur pour d\u00e9maquiller en douceur, \u00e9liminer les impuret\u00e9s et revitaliser la peau, la laissant propre, apais\u00e9e et \u00e9clatante. L'aloe vera, connu pour ses propri\u00e9t\u00e9s hydratantes et apaisantes, combine ses bienfaits avec l'efficacit\u00e9 nettoyante des micelles, offrant ainsi un soin quotidien parfait pour tous les types de peau. Plongez dans une exp\u00e9rience de beaut\u00e9 naturelle avec l'eau micellaire Nihel au jus natif d'aloe vera, pour une peau visiblement plus belle et \u00e9clatante de sant\u00e9.","og_url":"https:\/\/nihel.com\/en\/product\/o-micellaire-nihel-a-laloe-vera\/","og_site_name":"LABORATOIRES NIHEL","twitter_card":"summary_large_image","schema":{"@context":"https:\/\/schema.org","@graph":[{"@type":"WebPage","@id":"https:\/\/nihel.com\/en\/product\/o-micellaire-nihel-a-laloe-vera\/","url":"https:\/\/nihel.com\/en\/product\/o-micellaire-nihel-a-laloe-vera\/","name":"O' MICELLAIRE NIHEL A L'ALOE VERA | LABORATOIRES NIHEL","isPartOf":{"@id":"https:\/\/nihel.com\/#website"},"datePublished":"2024-02-15T08:28:48+00:00","dateModified":"2024-02-15T08:28:48+00:00","description":"D\u00e9couvrez l'eau micellaire rafra\u00eechissante de la marque Nihel, enrichie du pr\u00e9cieux jus natif d'aloe vera. Cette formule douce et efficace agit en profondeur pour d\u00e9maquiller en douceur, \u00e9liminer les impuret\u00e9s et revitaliser la peau, la laissant propre, apais\u00e9e et \u00e9clatante. L'aloe vera, connu pour ses propri\u00e9t\u00e9s hydratantes et apaisantes, combine ses bienfaits avec l'efficacit\u00e9 nettoyante des micelles, offrant ainsi un soin quotidien parfait pour tous les types de peau. Plongez dans une exp\u00e9rience de beaut\u00e9 naturelle avec l'eau micellaire Nihel au jus natif d'aloe vera, pour une peau visiblement plus belle et \u00e9clatante de sant\u00e9.","breadcrumb":{"@id":"https:\/\/nihel.com\/en\/product\/o-micellaire-nihel-a-laloe-vera\/#breadcrumb"},"inLanguage":"en-US","potentialAction":[{"@type":"ReadAction","target":["https:\/\/nihel.com\/en\/product\/o-micellaire-nihel-a-laloe-vera\/"]}]},{"@type":"BreadcrumbList","@id":"https:\/\/nihel.com\/en\/product\/o-micellaire-nihel-a-laloe-vera\/#breadcrumb","itemListElement":[{"@type":"ListItem","position":1,"name":"Home","item":"https:\/\/nihel.com\/en\/"},{"@type":"ListItem","position":2,"name":"Produits","item":"https:\/\/nihel.com\/shop\/"},{"@type":"ListItem","position":3,"name":"O&rsquo; MICELLAIRE NIHEL A L&rsquo;ALOE VERA"}]},{"@type":"WebSite","@id":"https:\/\/nihel.com\/#website","url":"https:\/\/nihel.com\/","name":"LABORATOIRES NIHEL","description":"Fabrication des produits cosm\u00e9tiques en Tunisie","potentialAction":[{"@type":"SearchAction","target":{"@type":"EntryPoint","urlTemplate":"https:\/\/nihel.com\/?s={search_term_string}"},"query-input":"required name=search_term_string"}],"inLanguage":"en-US"}]}},"_links":{"self":[{"href":"https:\/\/nihel.com\/en\/wp-json\/wp\/v2\/product\/4673","targetHints":{"allow":["GET"]}}],"collection":[{"href":"https:\/\/nihel.com\/en\/wp-json\/wp\/v2\/product"}],"about":[{"href":"https:\/\/nihel.com\/en\/wp-json\/wp\/v2\/types\/product"}],"replies":[{"embeddable":true,"href":"https:\/\/nihel.com\/en\/wp-json\/wp\/v2\/comments?post=4673"}],"wp:featuredmedia":[{"embeddable":true,"href":"https:\/\/nihel.com\/en\/wp-json\/wp\/v2\/media\/4002"}],"wp:attachment":[{"href":"https:\/\/nihel.com\/en\/wp-json\/wp\/v2\/media?parent=4673"}],"wp:term":[{"taxonomy":"brand","embeddable":true,"href":"https:\/\/nihel.com\/en\/wp-json\/wp\/v2\/etheme_brands?post=4673"},{"taxonomy":"product_cat","embeddable":true,"href":"https:\/\/nihel.com\/en\/wp-json\/wp\/v2\/product_cat?post=4673"},{"taxonomy":"product_tag","embeddable":true,"href":"https:\/\/nihel.com\/en\/wp-json\/wp\/v2\/product_tag?post=4673"}],"curies":[{"name":"wp","href":"https:\/\/api.w.org\/{rel}","templated":true}]}}