{"id":4669,"date":"2024-02-15T11:11:56","date_gmt":"2024-02-15T10:11:56","guid":{"rendered":"https:\/\/nihel.com\/product\/shampoing-2en1-mimich\/"},"modified":"2024-02-15T11:11:56","modified_gmt":"2024-02-15T10:11:56","slug":"shampoing-2en1-mimich","status":"publish","type":"product","link":"https:\/\/nihel.com\/en\/product\/shampoing-2en1-mimich\/","title":{"rendered":"SHAMPOING 2EN1 MIMICH"},"content":{"rendered":"","protected":false},"excerpt":{"rendered":"<div class=\"flex-1 overflow-hidden\">\n<div class=\"react-scroll-to-bottom--css-fbdrq-79elbk h-full\">\n<div class=\"react-scroll-to-bottom--css-fbdrq-1n7m0yu\">\n<div class=\"flex flex-col pb-9 text-sm\">\n<div class=\"w-full text-token-text-primary\" data-testid=\"conversation-turn-13\">\n<div class=\"px-4 py-2 justify-center text-base md:gap-6 m-auto\">\n<div class=\"flex flex-1 text-base mx-auto gap-3 md:px-5 lg:px-1 xl:px-5 md:max-w-3xl lg:max-w-[40rem] xl:max-w-[48rem] group final-completion\">\n<div class=\"relative flex w-full flex-col agent-turn\">\n<div class=\"flex-col gap-1 md:gap-3\">\n<div class=\"flex flex-grow flex-col max-w-full\">\n<div class=\"min-h-[20px] text-message flex flex-col items-start gap-3 whitespace-pre-wrap break-words [.text-message+&amp;]:mt-5 overflow-x-auto\" data-message-author-role=\"assistant\" data-message-id=\"289b18af-2e35-462b-9717-65dd53537c2c\">\n<div class=\"markdown prose w-full break-words dark:prose-invert light\">\n<p>D\u00e9couvrez le shampooing 2 en 1 Mimich pour enfant, une formule douce et ludique pour les petites t\u00eates blondes. Ce shampooing pratique offre un nettoyage en douceur des cheveux et du cuir chevelu tout en d\u00e9m\u00ealant efficacement les n\u0153uds, facilitant ainsi le coiffage. Sa formule sp\u00e9cialement con\u00e7ue sans larmes assure une exp\u00e9rience de lavage agr\u00e9able, tandis que son parfum d\u00e9licat ajoute une touche de fra\u00eecheur. Offrez \u00e0 vos enfants des cheveux propres, doux et faciles \u00e0 coiffer avec le shampooing 2 en 1 Mimich, pour des moments de bain joyeux et sans tracas.<\/p>\n<\/div>\n<\/div>\n<\/div>\n<div class=\"mt-1 flex justify-start gap-3 empty:hidden\">\n<div class=\"text-gray-400 flex self-end lg:self-center justify-center lg:justify-start mt-0 -ml-1 visible\"><button class=\"flex items-center gap-1.5 rounded-md p-1 text-xs text-token-text-tertiary hover:text-token-text-primary md:invisible md:group-hover:visible md:group-[.final-completion]:visible\"><\/button><\/p>\n<div class=\"flex items-center gap-1.5 text-xs\"><\/div>\n<div class=\"flex\"><\/div>\n<\/div>\n<\/div>\n<\/div>\n<\/div>\n<\/div>\n<\/div>\n<\/div>\n<\/div>\n<\/div>\n<\/div>\n<\/div>\n<div class=\"w-full pt-2 md:pt-0 dark:border-white\/20 md:border-transparent md:dark:border-transparent md:w-[calc(100%-.5rem)]\">\n<form class=\"stretch mx-2 flex flex-row gap-3 last:mb-2 md:mx-4 md:last:mb-6 lg:mx-auto lg:max-w-2xl xl:max-w-3xl\">\n<div class=\"relative flex h-full flex-1 items-stretch md:flex-col\">\n<div class=\"flex w-full items-center\"><\/div>\n<\/div>\n<\/form>\n<\/div>\n","protected":false},"featured_media":4015,"comment_status":"open","ping_status":"closed","template":"","meta":[],"etheme_brands":[{"term_id":375,"name":"NIHEL","slug":"nihel-en","term_group":0,"term_taxonomy_id":375,"taxonomy":"brand","description":"","parent":0,"count":98,"filter":"raw","term_order":"0"}],"product_cat":[648,676,677,679],"product_tag":[],"class_list":["post-4669","product","type-product","status-publish","has-post-thumbnail","hentry","brand-nihel-en","product_cat-nihel-en","product_cat-child","product_cat-hair-care-en","product_cat-shampoo-en"],"yoast_head":"<!-- This site is optimized with the Yoast SEO plugin v19.10 - https:\/\/yoast.com\/wordpress\/plugins\/seo\/ -->\n<title>SHAMPOING 2EN1 MIMICH | LABORATOIRES NIHEL<\/title>\n<meta name=\"description\" content=\"D\u00e9couvrez le shampooing 2 en 1 Mimich pour enfant, une formule douce et ludique pour les petites t\u00eates blondes. Ce shampooing pratique offre un nettoyage en douceur des cheveux et du cuir chevelu tout en d\u00e9m\u00ealant efficacement les n\u0153uds, facilitant ainsi le coiffage. Sa formule sp\u00e9cialement con\u00e7ue sans larmes assure une exp\u00e9rience de lavage agr\u00e9able, tandis que son parfum d\u00e9licat ajoute une touche de fra\u00eecheur. Offrez \u00e0 vos enfants des cheveux propres, doux et faciles \u00e0 coiffer avec le shampooing 2 en 1 Mimich, pour des moments de bain joyeux et sans tracas.\" \/>\n<meta name=\"robots\" content=\"index, follow, max-snippet:-1, max-image-preview:large, max-video-preview:-1\" \/>\n<link rel=\"canonical\" href=\"https:\/\/nihel.com\/en\/product\/shampoing-2en1-mimich\/\" \/>\n<meta property=\"og:locale\" content=\"en_US\" \/>\n<meta property=\"og:type\" content=\"article\" \/>\n<meta property=\"og:title\" content=\"SHAMPOING 2EN1 MIMICH | LABORATOIRES NIHEL\" \/>\n<meta property=\"og:description\" content=\"D\u00e9couvrez le shampooing 2 en 1 Mimich pour enfant, une formule douce et ludique pour les petites t\u00eates blondes. Ce shampooing pratique offre un nettoyage en douceur des cheveux et du cuir chevelu tout en d\u00e9m\u00ealant efficacement les n\u0153uds, facilitant ainsi le coiffage. Sa formule sp\u00e9cialement con\u00e7ue sans larmes assure une exp\u00e9rience de lavage agr\u00e9able, tandis que son parfum d\u00e9licat ajoute une touche de fra\u00eecheur. Offrez \u00e0 vos enfants des cheveux propres, doux et faciles \u00e0 coiffer avec le shampooing 2 en 1 Mimich, pour des moments de bain joyeux et sans tracas.\" \/>\n<meta property=\"og:url\" content=\"https:\/\/nihel.com\/en\/product\/shampoing-2en1-mimich\/\" \/>\n<meta property=\"og:site_name\" content=\"LABORATOIRES NIHEL\" \/>\n<meta name=\"twitter:card\" content=\"summary_large_image\" \/>\n<script type=\"application\/ld+json\" class=\"yoast-schema-graph\">{\"@context\":\"https:\/\/schema.org\",\"@graph\":[{\"@type\":\"WebPage\",\"@id\":\"https:\/\/nihel.com\/en\/product\/shampoing-2en1-mimich\/\",\"url\":\"https:\/\/nihel.com\/en\/product\/shampoing-2en1-mimich\/\",\"name\":\"SHAMPOING 2EN1 MIMICH | LABORATOIRES NIHEL\",\"isPartOf\":{\"@id\":\"https:\/\/nihel.com\/#website\"},\"datePublished\":\"2024-02-15T10:11:56+00:00\",\"dateModified\":\"2024-02-15T10:11:56+00:00\",\"description\":\"D\u00e9couvrez le shampooing 2 en 1 Mimich pour enfant, une formule douce et ludique pour les petites t\u00eates blondes. Ce shampooing pratique offre un nettoyage en douceur des cheveux et du cuir chevelu tout en d\u00e9m\u00ealant efficacement les n\u0153uds, facilitant ainsi le coiffage. Sa formule sp\u00e9cialement con\u00e7ue sans larmes assure une exp\u00e9rience de lavage agr\u00e9able, tandis que son parfum d\u00e9licat ajoute une touche de fra\u00eecheur. Offrez \u00e0 vos enfants des cheveux propres, doux et faciles \u00e0 coiffer avec le shampooing 2 en 1 Mimich, pour des moments de bain joyeux et sans tracas.\",\"breadcrumb\":{\"@id\":\"https:\/\/nihel.com\/en\/product\/shampoing-2en1-mimich\/#breadcrumb\"},\"inLanguage\":\"en-US\",\"potentialAction\":[{\"@type\":\"ReadAction\",\"target\":[\"https:\/\/nihel.com\/en\/product\/shampoing-2en1-mimich\/\"]}]},{\"@type\":\"BreadcrumbList\",\"@id\":\"https:\/\/nihel.com\/en\/product\/shampoing-2en1-mimich\/#breadcrumb\",\"itemListElement\":[{\"@type\":\"ListItem\",\"position\":1,\"name\":\"Home\",\"item\":\"https:\/\/nihel.com\/en\/\"},{\"@type\":\"ListItem\",\"position\":2,\"name\":\"Produits\",\"item\":\"https:\/\/nihel.com\/shop\/\"},{\"@type\":\"ListItem\",\"position\":3,\"name\":\"SHAMPOING 2EN1 MIMICH\"}]},{\"@type\":\"WebSite\",\"@id\":\"https:\/\/nihel.com\/#website\",\"url\":\"https:\/\/nihel.com\/\",\"name\":\"LABORATOIRES NIHEL\",\"description\":\"Fabrication des produits cosm\u00e9tiques en Tunisie\",\"potentialAction\":[{\"@type\":\"SearchAction\",\"target\":{\"@type\":\"EntryPoint\",\"urlTemplate\":\"https:\/\/nihel.com\/?s={search_term_string}\"},\"query-input\":\"required name=search_term_string\"}],\"inLanguage\":\"en-US\"}]}<\/script>\n<!-- \/ Yoast SEO plugin. -->","yoast_head_json":{"title":"SHAMPOING 2EN1 MIMICH | LABORATOIRES NIHEL","description":"D\u00e9couvrez le shampooing 2 en 1 Mimich pour enfant, une formule douce et ludique pour les petites t\u00eates blondes. Ce shampooing pratique offre un nettoyage en douceur des cheveux et du cuir chevelu tout en d\u00e9m\u00ealant efficacement les n\u0153uds, facilitant ainsi le coiffage. Sa formule sp\u00e9cialement con\u00e7ue sans larmes assure une exp\u00e9rience de lavage agr\u00e9able, tandis que son parfum d\u00e9licat ajoute une touche de fra\u00eecheur. Offrez \u00e0 vos enfants des cheveux propres, doux et faciles \u00e0 coiffer avec le shampooing 2 en 1 Mimich, pour des moments de bain joyeux et sans tracas.","robots":{"index":"index","follow":"follow","max-snippet":"max-snippet:-1","max-image-preview":"max-image-preview:large","max-video-preview":"max-video-preview:-1"},"canonical":"https:\/\/nihel.com\/en\/product\/shampoing-2en1-mimich\/","og_locale":"en_US","og_type":"article","og_title":"SHAMPOING 2EN1 MIMICH | LABORATOIRES NIHEL","og_description":"D\u00e9couvrez le shampooing 2 en 1 Mimich pour enfant, une formule douce et ludique pour les petites t\u00eates blondes. Ce shampooing pratique offre un nettoyage en douceur des cheveux et du cuir chevelu tout en d\u00e9m\u00ealant efficacement les n\u0153uds, facilitant ainsi le coiffage. Sa formule sp\u00e9cialement con\u00e7ue sans larmes assure une exp\u00e9rience de lavage agr\u00e9able, tandis que son parfum d\u00e9licat ajoute une touche de fra\u00eecheur. Offrez \u00e0 vos enfants des cheveux propres, doux et faciles \u00e0 coiffer avec le shampooing 2 en 1 Mimich, pour des moments de bain joyeux et sans tracas.","og_url":"https:\/\/nihel.com\/en\/product\/shampoing-2en1-mimich\/","og_site_name":"LABORATOIRES NIHEL","twitter_card":"summary_large_image","schema":{"@context":"https:\/\/schema.org","@graph":[{"@type":"WebPage","@id":"https:\/\/nihel.com\/en\/product\/shampoing-2en1-mimich\/","url":"https:\/\/nihel.com\/en\/product\/shampoing-2en1-mimich\/","name":"SHAMPOING 2EN1 MIMICH | LABORATOIRES NIHEL","isPartOf":{"@id":"https:\/\/nihel.com\/#website"},"datePublished":"2024-02-15T10:11:56+00:00","dateModified":"2024-02-15T10:11:56+00:00","description":"D\u00e9couvrez le shampooing 2 en 1 Mimich pour enfant, une formule douce et ludique pour les petites t\u00eates blondes. Ce shampooing pratique offre un nettoyage en douceur des cheveux et du cuir chevelu tout en d\u00e9m\u00ealant efficacement les n\u0153uds, facilitant ainsi le coiffage. Sa formule sp\u00e9cialement con\u00e7ue sans larmes assure une exp\u00e9rience de lavage agr\u00e9able, tandis que son parfum d\u00e9licat ajoute une touche de fra\u00eecheur. Offrez \u00e0 vos enfants des cheveux propres, doux et faciles \u00e0 coiffer avec le shampooing 2 en 1 Mimich, pour des moments de bain joyeux et sans tracas.","breadcrumb":{"@id":"https:\/\/nihel.com\/en\/product\/shampoing-2en1-mimich\/#breadcrumb"},"inLanguage":"en-US","potentialAction":[{"@type":"ReadAction","target":["https:\/\/nihel.com\/en\/product\/shampoing-2en1-mimich\/"]}]},{"@type":"BreadcrumbList","@id":"https:\/\/nihel.com\/en\/product\/shampoing-2en1-mimich\/#breadcrumb","itemListElement":[{"@type":"ListItem","position":1,"name":"Home","item":"https:\/\/nihel.com\/en\/"},{"@type":"ListItem","position":2,"name":"Produits","item":"https:\/\/nihel.com\/shop\/"},{"@type":"ListItem","position":3,"name":"SHAMPOING 2EN1 MIMICH"}]},{"@type":"WebSite","@id":"https:\/\/nihel.com\/#website","url":"https:\/\/nihel.com\/","name":"LABORATOIRES NIHEL","description":"Fabrication des produits cosm\u00e9tiques en Tunisie","potentialAction":[{"@type":"SearchAction","target":{"@type":"EntryPoint","urlTemplate":"https:\/\/nihel.com\/?s={search_term_string}"},"query-input":"required name=search_term_string"}],"inLanguage":"en-US"}]}},"_links":{"self":[{"href":"https:\/\/nihel.com\/en\/wp-json\/wp\/v2\/product\/4669","targetHints":{"allow":["GET"]}}],"collection":[{"href":"https:\/\/nihel.com\/en\/wp-json\/wp\/v2\/product"}],"about":[{"href":"https:\/\/nihel.com\/en\/wp-json\/wp\/v2\/types\/product"}],"replies":[{"embeddable":true,"href":"https:\/\/nihel.com\/en\/wp-json\/wp\/v2\/comments?post=4669"}],"wp:featuredmedia":[{"embeddable":true,"href":"https:\/\/nihel.com\/en\/wp-json\/wp\/v2\/media\/4015"}],"wp:attachment":[{"href":"https:\/\/nihel.com\/en\/wp-json\/wp\/v2\/media?parent=4669"}],"wp:term":[{"taxonomy":"brand","embeddable":true,"href":"https:\/\/nihel.com\/en\/wp-json\/wp\/v2\/etheme_brands?post=4669"},{"taxonomy":"product_cat","embeddable":true,"href":"https:\/\/nihel.com\/en\/wp-json\/wp\/v2\/product_cat?post=4669"},{"taxonomy":"product_tag","embeddable":true,"href":"https:\/\/nihel.com\/en\/wp-json\/wp\/v2\/product_tag?post=4669"}],"curies":[{"name":"wp","href":"https:\/\/api.w.org\/{rel}","templated":true}]}}