{"id":4659,"date":"2024-02-20T15:29:35","date_gmt":"2024-02-20T14:29:35","guid":{"rendered":"https:\/\/nihel.com\/product\/apres-shampoing-rojanet-aloe-vera-et-karite-pur\/"},"modified":"2024-02-20T15:29:35","modified_gmt":"2024-02-20T14:29:35","slug":"apres-shampoing-rojanet-aloe-vera-et-karite-pur","status":"publish","type":"product","link":"https:\/\/nihel.com\/en\/product\/apres-shampoing-rojanet-aloe-vera-et-karite-pur\/","title":{"rendered":"APRES SHAMPOING ROJANET: ALOE VERA ET KARITE PUR"},"content":{"rendered":"","protected":false},"excerpt":{"rendered":"<p>Plongez vos cheveux dans une hydratation rafra\u00eechissante avec notre apr\u00e8s-shampoing \u00e0 l&#8217;aloe vera et au beurre de karit\u00e9 pur. Formul\u00e9 avec soin pour nourrir en profondeur et revitaliser vos cheveux, cet apr\u00e8s-shampoing offre une combinaison parfaite d&#8217;aloe vera apaisant et de beurre de karit\u00e9 pur. L&#8217;aloe vera aide \u00e0 hydrater le cuir chevelu et \u00e0 renforcer les follicules capillaires, tandis que le beurre de karit\u00e9 pur offre une nutrition intense, laissant vos cheveux doux, souples et faciles \u00e0 coiffer.<\/p>\n<p><strong>Mode d&#8217;emploi :<\/strong> Apr\u00e8s avoir lav\u00e9 vos cheveux avec votre shampoing habituel, appliquez une g\u00e9n\u00e9reuse quantit\u00e9 d&#8217;apr\u00e8s-shampoing sur les cheveux mouill\u00e9s, en insistant sur les pointes. Laissez agir pendant quelques minutes pour permettre aux ingr\u00e9dients nourrissants de p\u00e9n\u00e9trer en profondeur. Rincez abondamment \u00e0 l&#8217;eau ti\u00e8de. Pour des r\u00e9sultats optimaux, utilisez r\u00e9guli\u00e8rement en association avec notre shampoing \u00e0 l&#8217;aloe vera et au beurre de karit\u00e9 pur.<\/p>\n","protected":false},"featured_media":4043,"comment_status":"open","ping_status":"closed","template":"","meta":[],"etheme_brands":[{"term_id":378,"name":"ROJANET","slug":"rojanet-en","term_group":0,"term_taxonomy_id":378,"taxonomy":"brand","description":"","parent":0,"count":7,"filter":"raw","term_order":"0"}],"product_cat":[693,694,695,697],"product_tag":[],"class_list":["post-4659","product","type-product","status-publish","has-post-thumbnail","hentry","brand-rojanet-en","product_cat-rojanet-en","product_cat-adult-en","product_cat-hair-care-en-2","product_cat-balsam-en"],"yoast_head":"<!-- This site is optimized with the Yoast SEO plugin v19.10 - https:\/\/yoast.com\/wordpress\/plugins\/seo\/ -->\n<title>APRES SHAMPOING ROJANET: ALOE VERA ET KARITE PUR | LABORATOIRES NIHEL<\/title>\n<meta name=\"description\" content=\"Plongez vos cheveux dans une hydratation rafra\u00eechissante avec notre apr\u00e8s-shampoing \u00e0 l&#039;aloe vera et au beurre de karit\u00e9 pur. Formul\u00e9 avec soin pour nourrir en profondeur et revitaliser vos cheveux, cet apr\u00e8s-shampoing offre une combinaison parfaite d&#039;aloe vera apaisant et de beurre de karit\u00e9 pur. L&#039;aloe vera aide \u00e0 hydrater le cuir chevelu et \u00e0 renforcer les follicules capillaires, tandis que le beurre de karit\u00e9 pur offre une nutrition intense, laissant vos cheveux doux, souples et faciles \u00e0 coiffer.  Mode d&#039;emploi : Apr\u00e8s avoir lav\u00e9 vos cheveux avec votre shampoing habituel, appliquez une g\u00e9n\u00e9reuse quantit\u00e9 d&#039;apr\u00e8s-shampoing sur les cheveux mouill\u00e9s, en insistant sur les pointes. Laissez agir pendant quelques minutes pour permettre aux ingr\u00e9dients nourrissants de p\u00e9n\u00e9trer en profondeur. Rincez abondamment \u00e0 l&#039;eau ti\u00e8de. Pour des r\u00e9sultats optimaux, utilisez r\u00e9guli\u00e8rement en association avec notre shampoing \u00e0 l&#039;aloe vera et au beurre de karit\u00e9 pur.\" \/>\n<meta name=\"robots\" content=\"index, follow, max-snippet:-1, max-image-preview:large, max-video-preview:-1\" \/>\n<link rel=\"canonical\" href=\"https:\/\/nihel.com\/en\/product\/apres-shampoing-rojanet-aloe-vera-et-karite-pur\/\" \/>\n<meta property=\"og:locale\" content=\"en_US\" \/>\n<meta property=\"og:type\" content=\"article\" \/>\n<meta property=\"og:title\" content=\"APRES SHAMPOING ROJANET: ALOE VERA ET KARITE PUR | LABORATOIRES NIHEL\" \/>\n<meta property=\"og:description\" content=\"Plongez vos cheveux dans une hydratation rafra\u00eechissante avec notre apr\u00e8s-shampoing \u00e0 l&#039;aloe vera et au beurre de karit\u00e9 pur. Formul\u00e9 avec soin pour nourrir en profondeur et revitaliser vos cheveux, cet apr\u00e8s-shampoing offre une combinaison parfaite d&#039;aloe vera apaisant et de beurre de karit\u00e9 pur. L&#039;aloe vera aide \u00e0 hydrater le cuir chevelu et \u00e0 renforcer les follicules capillaires, tandis que le beurre de karit\u00e9 pur offre une nutrition intense, laissant vos cheveux doux, souples et faciles \u00e0 coiffer.  Mode d&#039;emploi : Apr\u00e8s avoir lav\u00e9 vos cheveux avec votre shampoing habituel, appliquez une g\u00e9n\u00e9reuse quantit\u00e9 d&#039;apr\u00e8s-shampoing sur les cheveux mouill\u00e9s, en insistant sur les pointes. Laissez agir pendant quelques minutes pour permettre aux ingr\u00e9dients nourrissants de p\u00e9n\u00e9trer en profondeur. Rincez abondamment \u00e0 l&#039;eau ti\u00e8de. Pour des r\u00e9sultats optimaux, utilisez r\u00e9guli\u00e8rement en association avec notre shampoing \u00e0 l&#039;aloe vera et au beurre de karit\u00e9 pur.\" \/>\n<meta property=\"og:url\" content=\"https:\/\/nihel.com\/en\/product\/apres-shampoing-rojanet-aloe-vera-et-karite-pur\/\" \/>\n<meta property=\"og:site_name\" content=\"LABORATOIRES NIHEL\" \/>\n<meta name=\"twitter:card\" content=\"summary_large_image\" \/>\n<script type=\"application\/ld+json\" class=\"yoast-schema-graph\">{\"@context\":\"https:\/\/schema.org\",\"@graph\":[{\"@type\":\"WebPage\",\"@id\":\"https:\/\/nihel.com\/en\/product\/apres-shampoing-rojanet-aloe-vera-et-karite-pur\/\",\"url\":\"https:\/\/nihel.com\/en\/product\/apres-shampoing-rojanet-aloe-vera-et-karite-pur\/\",\"name\":\"APRES SHAMPOING ROJANET: ALOE VERA ET KARITE PUR | LABORATOIRES NIHEL\",\"isPartOf\":{\"@id\":\"https:\/\/nihel.com\/#website\"},\"datePublished\":\"2024-02-20T14:29:35+00:00\",\"dateModified\":\"2024-02-20T14:29:35+00:00\",\"description\":\"Plongez vos cheveux dans une hydratation rafra\u00eechissante avec notre apr\u00e8s-shampoing \u00e0 l'aloe vera et au beurre de karit\u00e9 pur. Formul\u00e9 avec soin pour nourrir en profondeur et revitaliser vos cheveux, cet apr\u00e8s-shampoing offre une combinaison parfaite d'aloe vera apaisant et de beurre de karit\u00e9 pur. L'aloe vera aide \u00e0 hydrater le cuir chevelu et \u00e0 renforcer les follicules capillaires, tandis que le beurre de karit\u00e9 pur offre une nutrition intense, laissant vos cheveux doux, souples et faciles \u00e0 coiffer. Mode d'emploi : Apr\u00e8s avoir lav\u00e9 vos cheveux avec votre shampoing habituel, appliquez une g\u00e9n\u00e9reuse quantit\u00e9 d'apr\u00e8s-shampoing sur les cheveux mouill\u00e9s, en insistant sur les pointes. Laissez agir pendant quelques minutes pour permettre aux ingr\u00e9dients nourrissants de p\u00e9n\u00e9trer en profondeur. Rincez abondamment \u00e0 l'eau ti\u00e8de. Pour des r\u00e9sultats optimaux, utilisez r\u00e9guli\u00e8rement en association avec notre shampoing \u00e0 l'aloe vera et au beurre de karit\u00e9 pur.\",\"breadcrumb\":{\"@id\":\"https:\/\/nihel.com\/en\/product\/apres-shampoing-rojanet-aloe-vera-et-karite-pur\/#breadcrumb\"},\"inLanguage\":\"en-US\",\"potentialAction\":[{\"@type\":\"ReadAction\",\"target\":[\"https:\/\/nihel.com\/en\/product\/apres-shampoing-rojanet-aloe-vera-et-karite-pur\/\"]}]},{\"@type\":\"BreadcrumbList\",\"@id\":\"https:\/\/nihel.com\/en\/product\/apres-shampoing-rojanet-aloe-vera-et-karite-pur\/#breadcrumb\",\"itemListElement\":[{\"@type\":\"ListItem\",\"position\":1,\"name\":\"Home\",\"item\":\"https:\/\/nihel.com\/en\/\"},{\"@type\":\"ListItem\",\"position\":2,\"name\":\"Produits\",\"item\":\"https:\/\/nihel.com\/shop\/\"},{\"@type\":\"ListItem\",\"position\":3,\"name\":\"APRES SHAMPOING ROJANET: ALOE VERA ET KARITE PUR\"}]},{\"@type\":\"WebSite\",\"@id\":\"https:\/\/nihel.com\/#website\",\"url\":\"https:\/\/nihel.com\/\",\"name\":\"LABORATOIRES NIHEL\",\"description\":\"Fabrication des produits cosm\u00e9tiques en Tunisie\",\"potentialAction\":[{\"@type\":\"SearchAction\",\"target\":{\"@type\":\"EntryPoint\",\"urlTemplate\":\"https:\/\/nihel.com\/?s={search_term_string}\"},\"query-input\":\"required name=search_term_string\"}],\"inLanguage\":\"en-US\"}]}<\/script>\n<!-- \/ Yoast SEO plugin. -->","yoast_head_json":{"title":"APRES SHAMPOING ROJANET: ALOE VERA ET KARITE PUR | LABORATOIRES NIHEL","description":"Plongez vos cheveux dans une hydratation rafra\u00eechissante avec notre apr\u00e8s-shampoing \u00e0 l'aloe vera et au beurre de karit\u00e9 pur. Formul\u00e9 avec soin pour nourrir en profondeur et revitaliser vos cheveux, cet apr\u00e8s-shampoing offre une combinaison parfaite d'aloe vera apaisant et de beurre de karit\u00e9 pur. L'aloe vera aide \u00e0 hydrater le cuir chevelu et \u00e0 renforcer les follicules capillaires, tandis que le beurre de karit\u00e9 pur offre une nutrition intense, laissant vos cheveux doux, souples et faciles \u00e0 coiffer.  Mode d'emploi : Apr\u00e8s avoir lav\u00e9 vos cheveux avec votre shampoing habituel, appliquez une g\u00e9n\u00e9reuse quantit\u00e9 d'apr\u00e8s-shampoing sur les cheveux mouill\u00e9s, en insistant sur les pointes. Laissez agir pendant quelques minutes pour permettre aux ingr\u00e9dients nourrissants de p\u00e9n\u00e9trer en profondeur. Rincez abondamment \u00e0 l'eau ti\u00e8de. Pour des r\u00e9sultats optimaux, utilisez r\u00e9guli\u00e8rement en association avec notre shampoing \u00e0 l'aloe vera et au beurre de karit\u00e9 pur.","robots":{"index":"index","follow":"follow","max-snippet":"max-snippet:-1","max-image-preview":"max-image-preview:large","max-video-preview":"max-video-preview:-1"},"canonical":"https:\/\/nihel.com\/en\/product\/apres-shampoing-rojanet-aloe-vera-et-karite-pur\/","og_locale":"en_US","og_type":"article","og_title":"APRES SHAMPOING ROJANET: ALOE VERA ET KARITE PUR | LABORATOIRES NIHEL","og_description":"Plongez vos cheveux dans une hydratation rafra\u00eechissante avec notre apr\u00e8s-shampoing \u00e0 l'aloe vera et au beurre de karit\u00e9 pur. Formul\u00e9 avec soin pour nourrir en profondeur et revitaliser vos cheveux, cet apr\u00e8s-shampoing offre une combinaison parfaite d'aloe vera apaisant et de beurre de karit\u00e9 pur. L'aloe vera aide \u00e0 hydrater le cuir chevelu et \u00e0 renforcer les follicules capillaires, tandis que le beurre de karit\u00e9 pur offre une nutrition intense, laissant vos cheveux doux, souples et faciles \u00e0 coiffer.  Mode d'emploi : Apr\u00e8s avoir lav\u00e9 vos cheveux avec votre shampoing habituel, appliquez une g\u00e9n\u00e9reuse quantit\u00e9 d'apr\u00e8s-shampoing sur les cheveux mouill\u00e9s, en insistant sur les pointes. Laissez agir pendant quelques minutes pour permettre aux ingr\u00e9dients nourrissants de p\u00e9n\u00e9trer en profondeur. Rincez abondamment \u00e0 l'eau ti\u00e8de. Pour des r\u00e9sultats optimaux, utilisez r\u00e9guli\u00e8rement en association avec notre shampoing \u00e0 l'aloe vera et au beurre de karit\u00e9 pur.","og_url":"https:\/\/nihel.com\/en\/product\/apres-shampoing-rojanet-aloe-vera-et-karite-pur\/","og_site_name":"LABORATOIRES NIHEL","twitter_card":"summary_large_image","schema":{"@context":"https:\/\/schema.org","@graph":[{"@type":"WebPage","@id":"https:\/\/nihel.com\/en\/product\/apres-shampoing-rojanet-aloe-vera-et-karite-pur\/","url":"https:\/\/nihel.com\/en\/product\/apres-shampoing-rojanet-aloe-vera-et-karite-pur\/","name":"APRES SHAMPOING ROJANET: ALOE VERA ET KARITE PUR | LABORATOIRES NIHEL","isPartOf":{"@id":"https:\/\/nihel.com\/#website"},"datePublished":"2024-02-20T14:29:35+00:00","dateModified":"2024-02-20T14:29:35+00:00","description":"Plongez vos cheveux dans une hydratation rafra\u00eechissante avec notre apr\u00e8s-shampoing \u00e0 l'aloe vera et au beurre de karit\u00e9 pur. Formul\u00e9 avec soin pour nourrir en profondeur et revitaliser vos cheveux, cet apr\u00e8s-shampoing offre une combinaison parfaite d'aloe vera apaisant et de beurre de karit\u00e9 pur. L'aloe vera aide \u00e0 hydrater le cuir chevelu et \u00e0 renforcer les follicules capillaires, tandis que le beurre de karit\u00e9 pur offre une nutrition intense, laissant vos cheveux doux, souples et faciles \u00e0 coiffer. Mode d'emploi : Apr\u00e8s avoir lav\u00e9 vos cheveux avec votre shampoing habituel, appliquez une g\u00e9n\u00e9reuse quantit\u00e9 d'apr\u00e8s-shampoing sur les cheveux mouill\u00e9s, en insistant sur les pointes. Laissez agir pendant quelques minutes pour permettre aux ingr\u00e9dients nourrissants de p\u00e9n\u00e9trer en profondeur. Rincez abondamment \u00e0 l'eau ti\u00e8de. Pour des r\u00e9sultats optimaux, utilisez r\u00e9guli\u00e8rement en association avec notre shampoing \u00e0 l'aloe vera et au beurre de karit\u00e9 pur.","breadcrumb":{"@id":"https:\/\/nihel.com\/en\/product\/apres-shampoing-rojanet-aloe-vera-et-karite-pur\/#breadcrumb"},"inLanguage":"en-US","potentialAction":[{"@type":"ReadAction","target":["https:\/\/nihel.com\/en\/product\/apres-shampoing-rojanet-aloe-vera-et-karite-pur\/"]}]},{"@type":"BreadcrumbList","@id":"https:\/\/nihel.com\/en\/product\/apres-shampoing-rojanet-aloe-vera-et-karite-pur\/#breadcrumb","itemListElement":[{"@type":"ListItem","position":1,"name":"Home","item":"https:\/\/nihel.com\/en\/"},{"@type":"ListItem","position":2,"name":"Produits","item":"https:\/\/nihel.com\/shop\/"},{"@type":"ListItem","position":3,"name":"APRES SHAMPOING ROJANET: ALOE VERA ET KARITE PUR"}]},{"@type":"WebSite","@id":"https:\/\/nihel.com\/#website","url":"https:\/\/nihel.com\/","name":"LABORATOIRES NIHEL","description":"Fabrication des produits cosm\u00e9tiques en Tunisie","potentialAction":[{"@type":"SearchAction","target":{"@type":"EntryPoint","urlTemplate":"https:\/\/nihel.com\/?s={search_term_string}"},"query-input":"required name=search_term_string"}],"inLanguage":"en-US"}]}},"_links":{"self":[{"href":"https:\/\/nihel.com\/en\/wp-json\/wp\/v2\/product\/4659","targetHints":{"allow":["GET"]}}],"collection":[{"href":"https:\/\/nihel.com\/en\/wp-json\/wp\/v2\/product"}],"about":[{"href":"https:\/\/nihel.com\/en\/wp-json\/wp\/v2\/types\/product"}],"replies":[{"embeddable":true,"href":"https:\/\/nihel.com\/en\/wp-json\/wp\/v2\/comments?post=4659"}],"wp:featuredmedia":[{"embeddable":true,"href":"https:\/\/nihel.com\/en\/wp-json\/wp\/v2\/media\/4043"}],"wp:attachment":[{"href":"https:\/\/nihel.com\/en\/wp-json\/wp\/v2\/media?parent=4659"}],"wp:term":[{"taxonomy":"brand","embeddable":true,"href":"https:\/\/nihel.com\/en\/wp-json\/wp\/v2\/etheme_brands?post=4659"},{"taxonomy":"product_cat","embeddable":true,"href":"https:\/\/nihel.com\/en\/wp-json\/wp\/v2\/product_cat?post=4659"},{"taxonomy":"product_tag","embeddable":true,"href":"https:\/\/nihel.com\/en\/wp-json\/wp\/v2\/product_tag?post=4659"}],"curies":[{"name":"wp","href":"https:\/\/api.w.org\/{rel}","templated":true}]}}