{"id":4640,"date":"2024-03-13T09:38:16","date_gmt":"2024-03-13T08:38:16","guid":{"rendered":"https:\/\/nihel.com\/product\/gel-douche-rojanet-monoi-et-fleur-de-tiare-2\/"},"modified":"2024-03-13T09:38:16","modified_gmt":"2024-03-13T08:38:16","slug":"gel-douche-rojanet-monoi-et-fleur-de-tiare-2","status":"publish","type":"product","link":"https:\/\/nihel.com\/en\/product\/gel-douche-rojanet-monoi-et-fleur-de-tiare-2\/","title":{"rendered":"GEL DOUCHE ROJANET: MONOI ET FLEUR DE TIAR\u00c9"},"content":{"rendered":"","protected":false},"excerpt":{"rendered":"<p>Offrez \u00e0 votre peau une exp\u00e9rience sensorielle exotique avec notre gel douche au mono\u00ef et \u00e0 la fleur de tiar\u00e9. Enrichi en ingr\u00e9dients hydratants et nourrissants, ce gel douche laisse votre peau douce, soyeuse et d\u00e9licatement parfum\u00e9e toute la journ\u00e9e. Le mono\u00ef, traditionnellement utilis\u00e9 en Polyn\u00e9sie pour ses vertus hydratantes, associ\u00e9 \u00e0 l\u2019ar\u00f4me envo\u00fbtant de la fleur de tiar\u00e9, enveloppe votre peau d\u2019une sensation de bien-\u00eatre et de fra\u00eecheur.<\/p>\n<p><strong>Mode d\u2019emploi :<\/strong>\u00a0Sous la douche, appliquez une quantit\u00e9 g\u00e9n\u00e9reuse de gel douche sur votre peau humide. Faites mousser d\u00e9licatement, puis rincez abondamment \u00e0 l\u2019eau ti\u00e8de. Profitez de ce moment de d\u00e9tente et laissez-vous transporter par le parfum envo\u00fbtant du mono\u00ef et de la fleur de tiar\u00e9. Pour une hydratation optimale, utilisez quotidiennement et compl\u00e9tez votre routine avec notre lotion hydratante au mono\u00ef et \u00e0 la fleur de tiar\u00e9.<\/p>\n<p><strong>Contenance:\u00a0<\/strong>1000 ml.<\/p>\n","protected":false},"featured_media":4322,"comment_status":"open","ping_status":"closed","template":"","meta":[],"etheme_brands":[{"term_id":378,"name":"ROJANET","slug":"rojanet-en","term_group":0,"term_taxonomy_id":378,"taxonomy":"brand","description":"","parent":0,"count":7,"filter":"raw","term_order":"0"}],"product_cat":[693,694,699,700],"product_tag":[],"class_list":["post-4640","product","type-product","status-publish","has-post-thumbnail","hentry","brand-rojanet-en","product_cat-rojanet-en","product_cat-adult-en","product_cat-body-care-and-hygiene-en-3","product_cat-moussan-bath-and-shower-gel-en"],"yoast_head":"<!-- This site is optimized with the Yoast SEO plugin v19.10 - https:\/\/yoast.com\/wordpress\/plugins\/seo\/ -->\n<title>GEL DOUCHE ROJANET: MONOI ET FLEUR DE TIAR\u00c9 | LABORATOIRES NIHEL<\/title>\n<meta name=\"description\" content=\"Offrez \u00e0 votre peau une exp\u00e9rience sensorielle exotique avec notre gel douche au mono\u00ef et \u00e0 la fleur de tiar\u00e9. Enrichi en ingr\u00e9dients hydratants et nourrissants, ce gel douche laisse votre peau douce, soyeuse et d\u00e9licatement parfum\u00e9e toute la journ\u00e9e. Le mono\u00ef, traditionnellement utilis\u00e9 en Polyn\u00e9sie pour ses vertus hydratantes, associ\u00e9 \u00e0 l\u2019ar\u00f4me envo\u00fbtant de la fleur de tiar\u00e9, enveloppe votre peau d\u2019une sensation de bien-\u00eatre et de fra\u00eecheur.  Mode d\u2019emploi :\u00a0Sous la douche, appliquez une quantit\u00e9 g\u00e9n\u00e9reuse de gel douche sur votre peau humide. Faites mousser d\u00e9licatement, puis rincez abondamment \u00e0 l\u2019eau ti\u00e8de. Profitez de ce moment de d\u00e9tente et laissez-vous transporter par le parfum envo\u00fbtant du mono\u00ef et de la fleur de tiar\u00e9. Pour une hydratation optimale, utilisez quotidiennement et compl\u00e9tez votre routine avec notre lotion hydratante au mono\u00ef et \u00e0 la fleur de tiar\u00e9.  Contenance:\u00a01000 ml.\" \/>\n<meta name=\"robots\" content=\"index, follow, max-snippet:-1, max-image-preview:large, max-video-preview:-1\" \/>\n<link rel=\"canonical\" href=\"https:\/\/nihel.com\/en\/product\/gel-douche-rojanet-monoi-et-fleur-de-tiare-2\/\" \/>\n<meta property=\"og:locale\" content=\"en_US\" \/>\n<meta property=\"og:type\" content=\"article\" \/>\n<meta property=\"og:title\" content=\"GEL DOUCHE ROJANET: MONOI ET FLEUR DE TIAR\u00c9 | LABORATOIRES NIHEL\" \/>\n<meta property=\"og:description\" content=\"Offrez \u00e0 votre peau une exp\u00e9rience sensorielle exotique avec notre gel douche au mono\u00ef et \u00e0 la fleur de tiar\u00e9. Enrichi en ingr\u00e9dients hydratants et nourrissants, ce gel douche laisse votre peau douce, soyeuse et d\u00e9licatement parfum\u00e9e toute la journ\u00e9e. Le mono\u00ef, traditionnellement utilis\u00e9 en Polyn\u00e9sie pour ses vertus hydratantes, associ\u00e9 \u00e0 l\u2019ar\u00f4me envo\u00fbtant de la fleur de tiar\u00e9, enveloppe votre peau d\u2019une sensation de bien-\u00eatre et de fra\u00eecheur.  Mode d\u2019emploi :\u00a0Sous la douche, appliquez une quantit\u00e9 g\u00e9n\u00e9reuse de gel douche sur votre peau humide. Faites mousser d\u00e9licatement, puis rincez abondamment \u00e0 l\u2019eau ti\u00e8de. Profitez de ce moment de d\u00e9tente et laissez-vous transporter par le parfum envo\u00fbtant du mono\u00ef et de la fleur de tiar\u00e9. Pour une hydratation optimale, utilisez quotidiennement et compl\u00e9tez votre routine avec notre lotion hydratante au mono\u00ef et \u00e0 la fleur de tiar\u00e9.  Contenance:\u00a01000 ml.\" \/>\n<meta property=\"og:url\" content=\"https:\/\/nihel.com\/en\/product\/gel-douche-rojanet-monoi-et-fleur-de-tiare-2\/\" \/>\n<meta property=\"og:site_name\" content=\"LABORATOIRES NIHEL\" \/>\n<meta name=\"twitter:card\" content=\"summary_large_image\" \/>\n<script type=\"application\/ld+json\" class=\"yoast-schema-graph\">{\"@context\":\"https:\/\/schema.org\",\"@graph\":[{\"@type\":\"WebPage\",\"@id\":\"https:\/\/nihel.com\/en\/product\/gel-douche-rojanet-monoi-et-fleur-de-tiare-2\/\",\"url\":\"https:\/\/nihel.com\/en\/product\/gel-douche-rojanet-monoi-et-fleur-de-tiare-2\/\",\"name\":\"GEL DOUCHE ROJANET: MONOI ET FLEUR DE TIAR\u00c9 | LABORATOIRES NIHEL\",\"isPartOf\":{\"@id\":\"https:\/\/nihel.com\/#website\"},\"datePublished\":\"2024-03-13T08:38:16+00:00\",\"dateModified\":\"2024-03-13T08:38:16+00:00\",\"description\":\"Offrez \u00e0 votre peau une exp\u00e9rience sensorielle exotique avec notre gel douche au mono\u00ef et \u00e0 la fleur de tiar\u00e9. Enrichi en ingr\u00e9dients hydratants et nourrissants, ce gel douche laisse votre peau douce, soyeuse et d\u00e9licatement parfum\u00e9e toute la journ\u00e9e. Le mono\u00ef, traditionnellement utilis\u00e9 en Polyn\u00e9sie pour ses vertus hydratantes, associ\u00e9 \u00e0 l\u2019ar\u00f4me envo\u00fbtant de la fleur de tiar\u00e9, enveloppe votre peau d\u2019une sensation de bien-\u00eatre et de fra\u00eecheur. Mode d\u2019emploi :\u00a0Sous la douche, appliquez une quantit\u00e9 g\u00e9n\u00e9reuse de gel douche sur votre peau humide. Faites mousser d\u00e9licatement, puis rincez abondamment \u00e0 l\u2019eau ti\u00e8de. Profitez de ce moment de d\u00e9tente et laissez-vous transporter par le parfum envo\u00fbtant du mono\u00ef et de la fleur de tiar\u00e9. Pour une hydratation optimale, utilisez quotidiennement et compl\u00e9tez votre routine avec notre lotion hydratante au mono\u00ef et \u00e0 la fleur de tiar\u00e9. Contenance:\u00a01000 ml.\",\"breadcrumb\":{\"@id\":\"https:\/\/nihel.com\/en\/product\/gel-douche-rojanet-monoi-et-fleur-de-tiare-2\/#breadcrumb\"},\"inLanguage\":\"en-US\",\"potentialAction\":[{\"@type\":\"ReadAction\",\"target\":[\"https:\/\/nihel.com\/en\/product\/gel-douche-rojanet-monoi-et-fleur-de-tiare-2\/\"]}]},{\"@type\":\"BreadcrumbList\",\"@id\":\"https:\/\/nihel.com\/en\/product\/gel-douche-rojanet-monoi-et-fleur-de-tiare-2\/#breadcrumb\",\"itemListElement\":[{\"@type\":\"ListItem\",\"position\":1,\"name\":\"Home\",\"item\":\"https:\/\/nihel.com\/en\/\"},{\"@type\":\"ListItem\",\"position\":2,\"name\":\"Produits\",\"item\":\"https:\/\/nihel.com\/shop\/\"},{\"@type\":\"ListItem\",\"position\":3,\"name\":\"GEL DOUCHE ROJANET: MONOI ET FLEUR DE TIAR\u00c9\"}]},{\"@type\":\"WebSite\",\"@id\":\"https:\/\/nihel.com\/#website\",\"url\":\"https:\/\/nihel.com\/\",\"name\":\"LABORATOIRES NIHEL\",\"description\":\"Fabrication des produits cosm\u00e9tiques en Tunisie\",\"potentialAction\":[{\"@type\":\"SearchAction\",\"target\":{\"@type\":\"EntryPoint\",\"urlTemplate\":\"https:\/\/nihel.com\/?s={search_term_string}\"},\"query-input\":\"required name=search_term_string\"}],\"inLanguage\":\"en-US\"}]}<\/script>\n<!-- \/ Yoast SEO plugin. -->","yoast_head_json":{"title":"GEL DOUCHE ROJANET: MONOI ET FLEUR DE TIAR\u00c9 | LABORATOIRES NIHEL","description":"Offrez \u00e0 votre peau une exp\u00e9rience sensorielle exotique avec notre gel douche au mono\u00ef et \u00e0 la fleur de tiar\u00e9. Enrichi en ingr\u00e9dients hydratants et nourrissants, ce gel douche laisse votre peau douce, soyeuse et d\u00e9licatement parfum\u00e9e toute la journ\u00e9e. Le mono\u00ef, traditionnellement utilis\u00e9 en Polyn\u00e9sie pour ses vertus hydratantes, associ\u00e9 \u00e0 l\u2019ar\u00f4me envo\u00fbtant de la fleur de tiar\u00e9, enveloppe votre peau d\u2019une sensation de bien-\u00eatre et de fra\u00eecheur.  Mode d\u2019emploi :\u00a0Sous la douche, appliquez une quantit\u00e9 g\u00e9n\u00e9reuse de gel douche sur votre peau humide. Faites mousser d\u00e9licatement, puis rincez abondamment \u00e0 l\u2019eau ti\u00e8de. Profitez de ce moment de d\u00e9tente et laissez-vous transporter par le parfum envo\u00fbtant du mono\u00ef et de la fleur de tiar\u00e9. Pour une hydratation optimale, utilisez quotidiennement et compl\u00e9tez votre routine avec notre lotion hydratante au mono\u00ef et \u00e0 la fleur de tiar\u00e9.  Contenance:\u00a01000 ml.","robots":{"index":"index","follow":"follow","max-snippet":"max-snippet:-1","max-image-preview":"max-image-preview:large","max-video-preview":"max-video-preview:-1"},"canonical":"https:\/\/nihel.com\/en\/product\/gel-douche-rojanet-monoi-et-fleur-de-tiare-2\/","og_locale":"en_US","og_type":"article","og_title":"GEL DOUCHE ROJANET: MONOI ET FLEUR DE TIAR\u00c9 | LABORATOIRES NIHEL","og_description":"Offrez \u00e0 votre peau une exp\u00e9rience sensorielle exotique avec notre gel douche au mono\u00ef et \u00e0 la fleur de tiar\u00e9. Enrichi en ingr\u00e9dients hydratants et nourrissants, ce gel douche laisse votre peau douce, soyeuse et d\u00e9licatement parfum\u00e9e toute la journ\u00e9e. Le mono\u00ef, traditionnellement utilis\u00e9 en Polyn\u00e9sie pour ses vertus hydratantes, associ\u00e9 \u00e0 l\u2019ar\u00f4me envo\u00fbtant de la fleur de tiar\u00e9, enveloppe votre peau d\u2019une sensation de bien-\u00eatre et de fra\u00eecheur.  Mode d\u2019emploi :\u00a0Sous la douche, appliquez une quantit\u00e9 g\u00e9n\u00e9reuse de gel douche sur votre peau humide. Faites mousser d\u00e9licatement, puis rincez abondamment \u00e0 l\u2019eau ti\u00e8de. Profitez de ce moment de d\u00e9tente et laissez-vous transporter par le parfum envo\u00fbtant du mono\u00ef et de la fleur de tiar\u00e9. Pour une hydratation optimale, utilisez quotidiennement et compl\u00e9tez votre routine avec notre lotion hydratante au mono\u00ef et \u00e0 la fleur de tiar\u00e9.  Contenance:\u00a01000 ml.","og_url":"https:\/\/nihel.com\/en\/product\/gel-douche-rojanet-monoi-et-fleur-de-tiare-2\/","og_site_name":"LABORATOIRES NIHEL","twitter_card":"summary_large_image","schema":{"@context":"https:\/\/schema.org","@graph":[{"@type":"WebPage","@id":"https:\/\/nihel.com\/en\/product\/gel-douche-rojanet-monoi-et-fleur-de-tiare-2\/","url":"https:\/\/nihel.com\/en\/product\/gel-douche-rojanet-monoi-et-fleur-de-tiare-2\/","name":"GEL DOUCHE ROJANET: MONOI ET FLEUR DE TIAR\u00c9 | LABORATOIRES NIHEL","isPartOf":{"@id":"https:\/\/nihel.com\/#website"},"datePublished":"2024-03-13T08:38:16+00:00","dateModified":"2024-03-13T08:38:16+00:00","description":"Offrez \u00e0 votre peau une exp\u00e9rience sensorielle exotique avec notre gel douche au mono\u00ef et \u00e0 la fleur de tiar\u00e9. Enrichi en ingr\u00e9dients hydratants et nourrissants, ce gel douche laisse votre peau douce, soyeuse et d\u00e9licatement parfum\u00e9e toute la journ\u00e9e. Le mono\u00ef, traditionnellement utilis\u00e9 en Polyn\u00e9sie pour ses vertus hydratantes, associ\u00e9 \u00e0 l\u2019ar\u00f4me envo\u00fbtant de la fleur de tiar\u00e9, enveloppe votre peau d\u2019une sensation de bien-\u00eatre et de fra\u00eecheur. Mode d\u2019emploi :\u00a0Sous la douche, appliquez une quantit\u00e9 g\u00e9n\u00e9reuse de gel douche sur votre peau humide. Faites mousser d\u00e9licatement, puis rincez abondamment \u00e0 l\u2019eau ti\u00e8de. Profitez de ce moment de d\u00e9tente et laissez-vous transporter par le parfum envo\u00fbtant du mono\u00ef et de la fleur de tiar\u00e9. Pour une hydratation optimale, utilisez quotidiennement et compl\u00e9tez votre routine avec notre lotion hydratante au mono\u00ef et \u00e0 la fleur de tiar\u00e9. Contenance:\u00a01000 ml.","breadcrumb":{"@id":"https:\/\/nihel.com\/en\/product\/gel-douche-rojanet-monoi-et-fleur-de-tiare-2\/#breadcrumb"},"inLanguage":"en-US","potentialAction":[{"@type":"ReadAction","target":["https:\/\/nihel.com\/en\/product\/gel-douche-rojanet-monoi-et-fleur-de-tiare-2\/"]}]},{"@type":"BreadcrumbList","@id":"https:\/\/nihel.com\/en\/product\/gel-douche-rojanet-monoi-et-fleur-de-tiare-2\/#breadcrumb","itemListElement":[{"@type":"ListItem","position":1,"name":"Home","item":"https:\/\/nihel.com\/en\/"},{"@type":"ListItem","position":2,"name":"Produits","item":"https:\/\/nihel.com\/shop\/"},{"@type":"ListItem","position":3,"name":"GEL DOUCHE ROJANET: MONOI ET FLEUR DE TIAR\u00c9"}]},{"@type":"WebSite","@id":"https:\/\/nihel.com\/#website","url":"https:\/\/nihel.com\/","name":"LABORATOIRES NIHEL","description":"Fabrication des produits cosm\u00e9tiques en Tunisie","potentialAction":[{"@type":"SearchAction","target":{"@type":"EntryPoint","urlTemplate":"https:\/\/nihel.com\/?s={search_term_string}"},"query-input":"required name=search_term_string"}],"inLanguage":"en-US"}]}},"_links":{"self":[{"href":"https:\/\/nihel.com\/en\/wp-json\/wp\/v2\/product\/4640","targetHints":{"allow":["GET"]}}],"collection":[{"href":"https:\/\/nihel.com\/en\/wp-json\/wp\/v2\/product"}],"about":[{"href":"https:\/\/nihel.com\/en\/wp-json\/wp\/v2\/types\/product"}],"replies":[{"embeddable":true,"href":"https:\/\/nihel.com\/en\/wp-json\/wp\/v2\/comments?post=4640"}],"wp:featuredmedia":[{"embeddable":true,"href":"https:\/\/nihel.com\/en\/wp-json\/wp\/v2\/media\/4322"}],"wp:attachment":[{"href":"https:\/\/nihel.com\/en\/wp-json\/wp\/v2\/media?parent=4640"}],"wp:term":[{"taxonomy":"brand","embeddable":true,"href":"https:\/\/nihel.com\/en\/wp-json\/wp\/v2\/etheme_brands?post=4640"},{"taxonomy":"product_cat","embeddable":true,"href":"https:\/\/nihel.com\/en\/wp-json\/wp\/v2\/product_cat?post=4640"},{"taxonomy":"product_tag","embeddable":true,"href":"https:\/\/nihel.com\/en\/wp-json\/wp\/v2\/product_tag?post=4640"}],"curies":[{"name":"wp","href":"https:\/\/api.w.org\/{rel}","templated":true}]}}