{"id":4626,"date":"2024-03-13T11:56:20","date_gmt":"2024-03-13T10:56:20","guid":{"rendered":"https:\/\/nihel.com\/product\/soin-corporel-nihel\/"},"modified":"2024-03-13T11:56:20","modified_gmt":"2024-03-13T10:56:20","slug":"soin-corporel-nihel","status":"publish","type":"product","link":"https:\/\/nihel.com\/en\/product\/soin-corporel-nihel\/","title":{"rendered":"SOIN CORPOREL NIHEL"},"content":{"rendered":"","protected":false},"excerpt":{"rendered":"<p>Notre Soin Corporel Nourrissant offre une exp\u00e9rience sensorielle luxueuse pour prendre soin de votre peau de la t\u00eate aux pieds. Ce produit r\u00e9g\u00e9n\u00e8re et hydrate en profondeur, laissant votre peau douce, souple et revitalis\u00e9e.<\/p>\n<p><strong>Contenance:<\/strong> 150 gr<\/p>\n","protected":false},"featured_media":4359,"comment_status":"open","ping_status":"closed","template":"","meta":[],"etheme_brands":[{"term_id":375,"name":"NIHEL","slug":"nihel-en","term_group":0,"term_taxonomy_id":375,"taxonomy":"brand","description":"","parent":0,"count":98,"filter":"raw","term_order":"0"}],"product_cat":[648,649,658,664,667],"product_tag":[],"class_list":["post-4626","product","type-product","status-publish","has-post-thumbnail","hentry","brand-nihel-en","product_cat-nihel-en","product_cat-adult","product_cat-body-care-and-hygiene","product_cat-skin-care","product_cat-care-cream-skin-care"],"yoast_head":"<!-- This site is optimized with the Yoast SEO plugin v19.10 - https:\/\/yoast.com\/wordpress\/plugins\/seo\/ -->\n<title>SOIN CORPOREL NIHEL | LABORATOIRES NIHEL<\/title>\n<meta name=\"description\" content=\"Notre Soin Corporel Nourrissant offre une exp\u00e9rience sensorielle luxueuse pour prendre soin de votre peau de la t\u00eate aux pieds. Ce produit r\u00e9g\u00e9n\u00e8re et hydrate en profondeur, laissant votre peau douce, souple et revitalis\u00e9e.  Contenance: 150 gr\" \/>\n<meta name=\"robots\" content=\"index, follow, max-snippet:-1, max-image-preview:large, max-video-preview:-1\" \/>\n<link rel=\"canonical\" href=\"https:\/\/nihel.com\/en\/product\/soin-corporel-nihel\/\" \/>\n<meta property=\"og:locale\" content=\"en_US\" \/>\n<meta property=\"og:type\" content=\"article\" \/>\n<meta property=\"og:title\" content=\"SOIN CORPOREL NIHEL | LABORATOIRES NIHEL\" \/>\n<meta property=\"og:description\" content=\"Notre Soin Corporel Nourrissant offre une exp\u00e9rience sensorielle luxueuse pour prendre soin de votre peau de la t\u00eate aux pieds. Ce produit r\u00e9g\u00e9n\u00e8re et hydrate en profondeur, laissant votre peau douce, souple et revitalis\u00e9e.  Contenance: 150 gr\" \/>\n<meta property=\"og:url\" content=\"https:\/\/nihel.com\/en\/product\/soin-corporel-nihel\/\" \/>\n<meta property=\"og:site_name\" content=\"LABORATOIRES NIHEL\" \/>\n<meta name=\"twitter:card\" content=\"summary_large_image\" \/>\n<script type=\"application\/ld+json\" class=\"yoast-schema-graph\">{\"@context\":\"https:\/\/schema.org\",\"@graph\":[{\"@type\":\"WebPage\",\"@id\":\"https:\/\/nihel.com\/en\/product\/soin-corporel-nihel\/\",\"url\":\"https:\/\/nihel.com\/en\/product\/soin-corporel-nihel\/\",\"name\":\"SOIN CORPOREL NIHEL | LABORATOIRES NIHEL\",\"isPartOf\":{\"@id\":\"https:\/\/nihel.com\/#website\"},\"datePublished\":\"2024-03-13T10:56:20+00:00\",\"dateModified\":\"2024-03-13T10:56:20+00:00\",\"description\":\"Notre Soin Corporel Nourrissant offre une exp\u00e9rience sensorielle luxueuse pour prendre soin de votre peau de la t\u00eate aux pieds. Ce produit r\u00e9g\u00e9n\u00e8re et hydrate en profondeur, laissant votre peau douce, souple et revitalis\u00e9e. Contenance: 150 gr\",\"breadcrumb\":{\"@id\":\"https:\/\/nihel.com\/en\/product\/soin-corporel-nihel\/#breadcrumb\"},\"inLanguage\":\"en-US\",\"potentialAction\":[{\"@type\":\"ReadAction\",\"target\":[\"https:\/\/nihel.com\/en\/product\/soin-corporel-nihel\/\"]}]},{\"@type\":\"BreadcrumbList\",\"@id\":\"https:\/\/nihel.com\/en\/product\/soin-corporel-nihel\/#breadcrumb\",\"itemListElement\":[{\"@type\":\"ListItem\",\"position\":1,\"name\":\"Home\",\"item\":\"https:\/\/nihel.com\/en\/\"},{\"@type\":\"ListItem\",\"position\":2,\"name\":\"Produits\",\"item\":\"https:\/\/nihel.com\/shop\/\"},{\"@type\":\"ListItem\",\"position\":3,\"name\":\"SOIN CORPOREL NIHEL\"}]},{\"@type\":\"WebSite\",\"@id\":\"https:\/\/nihel.com\/#website\",\"url\":\"https:\/\/nihel.com\/\",\"name\":\"LABORATOIRES NIHEL\",\"description\":\"Fabrication des produits cosm\u00e9tiques en Tunisie\",\"potentialAction\":[{\"@type\":\"SearchAction\",\"target\":{\"@type\":\"EntryPoint\",\"urlTemplate\":\"https:\/\/nihel.com\/?s={search_term_string}\"},\"query-input\":\"required name=search_term_string\"}],\"inLanguage\":\"en-US\"}]}<\/script>\n<!-- \/ Yoast SEO plugin. -->","yoast_head_json":{"title":"SOIN CORPOREL NIHEL | LABORATOIRES NIHEL","description":"Notre Soin Corporel Nourrissant offre une exp\u00e9rience sensorielle luxueuse pour prendre soin de votre peau de la t\u00eate aux pieds. Ce produit r\u00e9g\u00e9n\u00e8re et hydrate en profondeur, laissant votre peau douce, souple et revitalis\u00e9e.  Contenance: 150 gr","robots":{"index":"index","follow":"follow","max-snippet":"max-snippet:-1","max-image-preview":"max-image-preview:large","max-video-preview":"max-video-preview:-1"},"canonical":"https:\/\/nihel.com\/en\/product\/soin-corporel-nihel\/","og_locale":"en_US","og_type":"article","og_title":"SOIN CORPOREL NIHEL | LABORATOIRES NIHEL","og_description":"Notre Soin Corporel Nourrissant offre une exp\u00e9rience sensorielle luxueuse pour prendre soin de votre peau de la t\u00eate aux pieds. Ce produit r\u00e9g\u00e9n\u00e8re et hydrate en profondeur, laissant votre peau douce, souple et revitalis\u00e9e.  Contenance: 150 gr","og_url":"https:\/\/nihel.com\/en\/product\/soin-corporel-nihel\/","og_site_name":"LABORATOIRES NIHEL","twitter_card":"summary_large_image","schema":{"@context":"https:\/\/schema.org","@graph":[{"@type":"WebPage","@id":"https:\/\/nihel.com\/en\/product\/soin-corporel-nihel\/","url":"https:\/\/nihel.com\/en\/product\/soin-corporel-nihel\/","name":"SOIN CORPOREL NIHEL | LABORATOIRES NIHEL","isPartOf":{"@id":"https:\/\/nihel.com\/#website"},"datePublished":"2024-03-13T10:56:20+00:00","dateModified":"2024-03-13T10:56:20+00:00","description":"Notre Soin Corporel Nourrissant offre une exp\u00e9rience sensorielle luxueuse pour prendre soin de votre peau de la t\u00eate aux pieds. Ce produit r\u00e9g\u00e9n\u00e8re et hydrate en profondeur, laissant votre peau douce, souple et revitalis\u00e9e. Contenance: 150 gr","breadcrumb":{"@id":"https:\/\/nihel.com\/en\/product\/soin-corporel-nihel\/#breadcrumb"},"inLanguage":"en-US","potentialAction":[{"@type":"ReadAction","target":["https:\/\/nihel.com\/en\/product\/soin-corporel-nihel\/"]}]},{"@type":"BreadcrumbList","@id":"https:\/\/nihel.com\/en\/product\/soin-corporel-nihel\/#breadcrumb","itemListElement":[{"@type":"ListItem","position":1,"name":"Home","item":"https:\/\/nihel.com\/en\/"},{"@type":"ListItem","position":2,"name":"Produits","item":"https:\/\/nihel.com\/shop\/"},{"@type":"ListItem","position":3,"name":"SOIN CORPOREL NIHEL"}]},{"@type":"WebSite","@id":"https:\/\/nihel.com\/#website","url":"https:\/\/nihel.com\/","name":"LABORATOIRES NIHEL","description":"Fabrication des produits cosm\u00e9tiques en Tunisie","potentialAction":[{"@type":"SearchAction","target":{"@type":"EntryPoint","urlTemplate":"https:\/\/nihel.com\/?s={search_term_string}"},"query-input":"required name=search_term_string"}],"inLanguage":"en-US"}]}},"_links":{"self":[{"href":"https:\/\/nihel.com\/en\/wp-json\/wp\/v2\/product\/4626","targetHints":{"allow":["GET"]}}],"collection":[{"href":"https:\/\/nihel.com\/en\/wp-json\/wp\/v2\/product"}],"about":[{"href":"https:\/\/nihel.com\/en\/wp-json\/wp\/v2\/types\/product"}],"replies":[{"embeddable":true,"href":"https:\/\/nihel.com\/en\/wp-json\/wp\/v2\/comments?post=4626"}],"wp:featuredmedia":[{"embeddable":true,"href":"https:\/\/nihel.com\/en\/wp-json\/wp\/v2\/media\/4359"}],"wp:attachment":[{"href":"https:\/\/nihel.com\/en\/wp-json\/wp\/v2\/media?parent=4626"}],"wp:term":[{"taxonomy":"brand","embeddable":true,"href":"https:\/\/nihel.com\/en\/wp-json\/wp\/v2\/etheme_brands?post=4626"},{"taxonomy":"product_cat","embeddable":true,"href":"https:\/\/nihel.com\/en\/wp-json\/wp\/v2\/product_cat?post=4626"},{"taxonomy":"product_tag","embeddable":true,"href":"https:\/\/nihel.com\/en\/wp-json\/wp\/v2\/product_tag?post=4626"}],"curies":[{"name":"wp","href":"https:\/\/api.w.org\/{rel}","templated":true}]}}