{"id":4607,"date":"2024-05-15T12:27:16","date_gmt":"2024-05-15T10:27:16","guid":{"rendered":"https:\/\/nihel.com\/product\/eau-de-cologne-mimich\/"},"modified":"2024-05-27T13:41:13","modified_gmt":"2024-05-27T11:41:13","slug":"eau-de-cologne-mimich","status":"publish","type":"product","link":"https:\/\/nihel.com\/en\/product\/eau-de-cologne-mimich\/","title":{"rendered":"EAU DE COLOGNE MIMICH"},"content":{"rendered":"","protected":false},"excerpt":{"rendered":"<p>L&#8217;eau de toilette MIMICH\u00a0 est un monde de douceur,<br \/>\nfra\u00eecheur et d&#8217;essences naturelles fines et vari\u00e9es,<br \/>\nid\u00e9ale pour faire de la toilette de l&#8217;enfant un moment<br \/>\nunique de plaisir. Utilis\u00e9e quotidiennement, elle<br \/>\npermet de rafra\u00eechir et tonifier l&#8217;\u00e9piderme et laisse<br \/>\nla peau douce, souple et discr\u00e8tement parfum\u00e9e.<\/p>\n<p><strong>Contenance<\/strong>\u00a0: 100 ml<\/p>\n","protected":false},"featured_media":4583,"comment_status":"closed","ping_status":"closed","template":"","meta":[],"etheme_brands":[{"term_id":375,"name":"NIHEL","slug":"nihel-en","term_group":0,"term_taxonomy_id":375,"taxonomy":"brand","description":"","parent":0,"count":98,"filter":"raw","term_order":"0"}],"product_cat":[683,648,676,681],"product_tag":[],"class_list":["post-4607","product","type-product","status-publish","has-post-thumbnail","hentry","brand-nihel-en","product_cat-cologne","product_cat-nihel-en","product_cat-child","product_cat-perfumery"],"yoast_head":"<!-- This site is optimized with the Yoast SEO plugin v19.10 - https:\/\/yoast.com\/wordpress\/plugins\/seo\/ -->\n<title>EAU DE COLOGNE MIMICH | LABORATOIRES NIHEL<\/title>\n<meta name=\"description\" content=\"L&#039;eau de toilette MIMICH\u00a0 est un monde de douceur, fra\u00eecheur et d&#039;essences naturelles fines et vari\u00e9es, id\u00e9ale pour faire de la toilette de l&#039;enfant un moment unique de plaisir. Utilis\u00e9e quotidiennement, elle permet de rafra\u00eechir et tonifier l&#039;\u00e9piderme et laisse la peau douce, souple et discr\u00e8tement parfum\u00e9e.  Contenance\u00a0: 100 ml\" \/>\n<meta name=\"robots\" content=\"index, follow, max-snippet:-1, max-image-preview:large, max-video-preview:-1\" \/>\n<link rel=\"canonical\" href=\"https:\/\/nihel.com\/en\/product\/eau-de-cologne-mimich\/\" \/>\n<meta property=\"og:locale\" content=\"en_US\" \/>\n<meta property=\"og:type\" content=\"article\" \/>\n<meta property=\"og:title\" content=\"EAU DE COLOGNE MIMICH | LABORATOIRES NIHEL\" \/>\n<meta property=\"og:description\" content=\"L&#039;eau de toilette MIMICH\u00a0 est un monde de douceur, fra\u00eecheur et d&#039;essences naturelles fines et vari\u00e9es, id\u00e9ale pour faire de la toilette de l&#039;enfant un moment unique de plaisir. Utilis\u00e9e quotidiennement, elle permet de rafra\u00eechir et tonifier l&#039;\u00e9piderme et laisse la peau douce, souple et discr\u00e8tement parfum\u00e9e.  Contenance\u00a0: 100 ml\" \/>\n<meta property=\"og:url\" content=\"https:\/\/nihel.com\/en\/product\/eau-de-cologne-mimich\/\" \/>\n<meta property=\"og:site_name\" content=\"LABORATOIRES NIHEL\" \/>\n<meta property=\"article:modified_time\" content=\"2024-05-27T11:41:13+00:00\" \/>\n<meta property=\"og:image\" content=\"https:\/\/nihel.com\/wp-content\/uploads\/2024\/05\/04c3ed4a-311f-411b-9443-e33fdd376449.jpg\" \/>\n\t<meta property=\"og:image:width\" content=\"829\" \/>\n\t<meta property=\"og:image:height\" content=\"1244\" \/>\n\t<meta property=\"og:image:type\" content=\"image\/jpeg\" \/>\n<meta name=\"twitter:card\" content=\"summary_large_image\" \/>\n<script type=\"application\/ld+json\" class=\"yoast-schema-graph\">{\"@context\":\"https:\/\/schema.org\",\"@graph\":[{\"@type\":\"WebPage\",\"@id\":\"https:\/\/nihel.com\/en\/product\/eau-de-cologne-mimich\/\",\"url\":\"https:\/\/nihel.com\/en\/product\/eau-de-cologne-mimich\/\",\"name\":\"EAU DE COLOGNE MIMICH | LABORATOIRES NIHEL\",\"isPartOf\":{\"@id\":\"https:\/\/nihel.com\/#website\"},\"datePublished\":\"2024-05-15T10:27:16+00:00\",\"dateModified\":\"2024-05-27T11:41:13+00:00\",\"description\":\"L'eau de toilette MIMICH\u00a0 est un monde de douceur, fra\u00eecheur et d'essences naturelles fines et vari\u00e9es, id\u00e9ale pour faire de la toilette de l'enfant un moment unique de plaisir. Utilis\u00e9e quotidiennement, elle permet de rafra\u00eechir et tonifier l'\u00e9piderme et laisse la peau douce, souple et discr\u00e8tement parfum\u00e9e. Contenance\u00a0: 100 ml\",\"breadcrumb\":{\"@id\":\"https:\/\/nihel.com\/en\/product\/eau-de-cologne-mimich\/#breadcrumb\"},\"inLanguage\":\"en-US\",\"potentialAction\":[{\"@type\":\"ReadAction\",\"target\":[\"https:\/\/nihel.com\/en\/product\/eau-de-cologne-mimich\/\"]}]},{\"@type\":\"BreadcrumbList\",\"@id\":\"https:\/\/nihel.com\/en\/product\/eau-de-cologne-mimich\/#breadcrumb\",\"itemListElement\":[{\"@type\":\"ListItem\",\"position\":1,\"name\":\"Home\",\"item\":\"https:\/\/nihel.com\/en\/\"},{\"@type\":\"ListItem\",\"position\":2,\"name\":\"Produits\",\"item\":\"https:\/\/nihel.com\/shop\/\"},{\"@type\":\"ListItem\",\"position\":3,\"name\":\"EAU DE COLOGNE MIMICH\"}]},{\"@type\":\"WebSite\",\"@id\":\"https:\/\/nihel.com\/#website\",\"url\":\"https:\/\/nihel.com\/\",\"name\":\"LABORATOIRES NIHEL\",\"description\":\"Fabrication des produits cosm\u00e9tiques en Tunisie\",\"potentialAction\":[{\"@type\":\"SearchAction\",\"target\":{\"@type\":\"EntryPoint\",\"urlTemplate\":\"https:\/\/nihel.com\/?s={search_term_string}\"},\"query-input\":\"required name=search_term_string\"}],\"inLanguage\":\"en-US\"}]}<\/script>\n<!-- \/ Yoast SEO plugin. -->","yoast_head_json":{"title":"EAU DE COLOGNE MIMICH | LABORATOIRES NIHEL","description":"L'eau de toilette MIMICH\u00a0 est un monde de douceur, fra\u00eecheur et d'essences naturelles fines et vari\u00e9es, id\u00e9ale pour faire de la toilette de l'enfant un moment unique de plaisir. Utilis\u00e9e quotidiennement, elle permet de rafra\u00eechir et tonifier l'\u00e9piderme et laisse la peau douce, souple et discr\u00e8tement parfum\u00e9e.  Contenance\u00a0: 100 ml","robots":{"index":"index","follow":"follow","max-snippet":"max-snippet:-1","max-image-preview":"max-image-preview:large","max-video-preview":"max-video-preview:-1"},"canonical":"https:\/\/nihel.com\/en\/product\/eau-de-cologne-mimich\/","og_locale":"en_US","og_type":"article","og_title":"EAU DE COLOGNE MIMICH | LABORATOIRES NIHEL","og_description":"L'eau de toilette MIMICH\u00a0 est un monde de douceur, fra\u00eecheur et d'essences naturelles fines et vari\u00e9es, id\u00e9ale pour faire de la toilette de l'enfant un moment unique de plaisir. Utilis\u00e9e quotidiennement, elle permet de rafra\u00eechir et tonifier l'\u00e9piderme et laisse la peau douce, souple et discr\u00e8tement parfum\u00e9e.  Contenance\u00a0: 100 ml","og_url":"https:\/\/nihel.com\/en\/product\/eau-de-cologne-mimich\/","og_site_name":"LABORATOIRES NIHEL","article_modified_time":"2024-05-27T11:41:13+00:00","og_image":[{"width":829,"height":1244,"url":"https:\/\/nihel.com\/wp-content\/uploads\/2024\/05\/04c3ed4a-311f-411b-9443-e33fdd376449.jpg","type":"image\/jpeg"}],"twitter_card":"summary_large_image","schema":{"@context":"https:\/\/schema.org","@graph":[{"@type":"WebPage","@id":"https:\/\/nihel.com\/en\/product\/eau-de-cologne-mimich\/","url":"https:\/\/nihel.com\/en\/product\/eau-de-cologne-mimich\/","name":"EAU DE COLOGNE MIMICH | LABORATOIRES NIHEL","isPartOf":{"@id":"https:\/\/nihel.com\/#website"},"datePublished":"2024-05-15T10:27:16+00:00","dateModified":"2024-05-27T11:41:13+00:00","description":"L'eau de toilette MIMICH\u00a0 est un monde de douceur, fra\u00eecheur et d'essences naturelles fines et vari\u00e9es, id\u00e9ale pour faire de la toilette de l'enfant un moment unique de plaisir. Utilis\u00e9e quotidiennement, elle permet de rafra\u00eechir et tonifier l'\u00e9piderme et laisse la peau douce, souple et discr\u00e8tement parfum\u00e9e. Contenance\u00a0: 100 ml","breadcrumb":{"@id":"https:\/\/nihel.com\/en\/product\/eau-de-cologne-mimich\/#breadcrumb"},"inLanguage":"en-US","potentialAction":[{"@type":"ReadAction","target":["https:\/\/nihel.com\/en\/product\/eau-de-cologne-mimich\/"]}]},{"@type":"BreadcrumbList","@id":"https:\/\/nihel.com\/en\/product\/eau-de-cologne-mimich\/#breadcrumb","itemListElement":[{"@type":"ListItem","position":1,"name":"Home","item":"https:\/\/nihel.com\/en\/"},{"@type":"ListItem","position":2,"name":"Produits","item":"https:\/\/nihel.com\/shop\/"},{"@type":"ListItem","position":3,"name":"EAU DE COLOGNE MIMICH"}]},{"@type":"WebSite","@id":"https:\/\/nihel.com\/#website","url":"https:\/\/nihel.com\/","name":"LABORATOIRES NIHEL","description":"Fabrication des produits cosm\u00e9tiques en Tunisie","potentialAction":[{"@type":"SearchAction","target":{"@type":"EntryPoint","urlTemplate":"https:\/\/nihel.com\/?s={search_term_string}"},"query-input":"required name=search_term_string"}],"inLanguage":"en-US"}]}},"_links":{"self":[{"href":"https:\/\/nihel.com\/en\/wp-json\/wp\/v2\/product\/4607","targetHints":{"allow":["GET"]}}],"collection":[{"href":"https:\/\/nihel.com\/en\/wp-json\/wp\/v2\/product"}],"about":[{"href":"https:\/\/nihel.com\/en\/wp-json\/wp\/v2\/types\/product"}],"replies":[{"embeddable":true,"href":"https:\/\/nihel.com\/en\/wp-json\/wp\/v2\/comments?post=4607"}],"wp:featuredmedia":[{"embeddable":true,"href":"https:\/\/nihel.com\/en\/wp-json\/wp\/v2\/media\/4583"}],"wp:attachment":[{"href":"https:\/\/nihel.com\/en\/wp-json\/wp\/v2\/media?parent=4607"}],"wp:term":[{"taxonomy":"brand","embeddable":true,"href":"https:\/\/nihel.com\/en\/wp-json\/wp\/v2\/etheme_brands?post=4607"},{"taxonomy":"product_cat","embeddable":true,"href":"https:\/\/nihel.com\/en\/wp-json\/wp\/v2\/product_cat?post=4607"},{"taxonomy":"product_tag","embeddable":true,"href":"https:\/\/nihel.com\/en\/wp-json\/wp\/v2\/product_tag?post=4607"}],"curies":[{"name":"wp","href":"https:\/\/api.w.org\/{rel}","templated":true}]}}