{"id":4569,"date":"2024-05-14T17:42:48","date_gmt":"2024-05-14T15:42:48","guid":{"rendered":"https:\/\/nihel.com\/product\/dissolvant-doux-a-la-rose\/"},"modified":"2024-05-15T11:02:57","modified_gmt":"2024-05-15T09:02:57","slug":"dissolvant-doux-a-la-rose","status":"publish","type":"product","link":"https:\/\/nihel.com\/en\/product\/dissolvant-doux-a-la-rose\/","title":{"rendered":"DISSOLVANT DOUX A LA ROSE"},"content":{"rendered":"","protected":false},"excerpt":{"rendered":"<p>En pompe pratique.<\/p>\n<p>Un dissolvant doux , parfum\u00e9 et enrichi en provitamine B5,<\/p>\n<p>con\u00e7u sp\u00e9cialement pour d\u00e9maquiller parfaitement les ongles tout en les renfor\u00e7ant.<\/p>\n<p>Une note florale \u00e0 la rose qui parfume\u00a0 .<\/p>\n<p><strong>Mode d\u2019utilisation<\/strong>\u00a0: Mettez la boule de coton et appuyez doucement pour pomper la solution dans le support<\/p>\n<p>de coton jusqu\u2019\u00e0 ce qu\u2019il soit satur\u00e9 de liquide, frottez jusqu\u2019\u00e0 ce que le vernis \u00e0 ongles soit parti.<\/p>\n<p><strong>Contenance<\/strong>\u00a0: 125 ml.<\/p>\n","protected":false},"featured_media":4560,"comment_status":"closed","ping_status":"closed","template":"","meta":[],"etheme_brands":[{"term_id":375,"name":"NIHEL","slug":"nihel-en","term_group":0,"term_taxonomy_id":375,"taxonomy":"brand","description":"","parent":0,"count":98,"filter":"raw","term_order":"0"}],"product_cat":[765],"product_tag":[],"class_list":["post-4569","product","type-product","status-publish","has-post-thumbnail","hentry","brand-nihel-en","product_cat-solvent"],"yoast_head":"<!-- This site is optimized with the Yoast SEO plugin v19.10 - https:\/\/yoast.com\/wordpress\/plugins\/seo\/ -->\n<title>DISSOLVANT DOUX A LA ROSE | LABORATOIRES NIHEL<\/title>\n<meta name=\"description\" content=\"En pompe pratique.  Un dissolvant doux , parfum\u00e9 et enrichi en provitamine B5,  con\u00e7u sp\u00e9cialement pour d\u00e9maquiller parfaitement les ongles tout en les renfor\u00e7ant.  Une note florale \u00e0 la rose qui parfume\u00a0 .  Mode d\u2019utilisation\u00a0: Mettez la boule de coton et appuyez doucement pour pomper la solution dans le support  de coton jusqu\u2019\u00e0 ce qu\u2019il soit satur\u00e9 de liquide, frottez jusqu\u2019\u00e0 ce que le vernis \u00e0 ongles soit parti.  Contenance\u00a0: 125 ml.\" \/>\n<meta name=\"robots\" content=\"index, follow, max-snippet:-1, max-image-preview:large, max-video-preview:-1\" \/>\n<link rel=\"canonical\" href=\"https:\/\/nihel.com\/en\/product\/dissolvant-doux-a-la-rose\/\" \/>\n<meta property=\"og:locale\" content=\"en_US\" \/>\n<meta property=\"og:type\" content=\"article\" \/>\n<meta property=\"og:title\" content=\"DISSOLVANT DOUX A LA ROSE | LABORATOIRES NIHEL\" \/>\n<meta property=\"og:description\" content=\"En pompe pratique.  Un dissolvant doux , parfum\u00e9 et enrichi en provitamine B5,  con\u00e7u sp\u00e9cialement pour d\u00e9maquiller parfaitement les ongles tout en les renfor\u00e7ant.  Une note florale \u00e0 la rose qui parfume\u00a0 .  Mode d\u2019utilisation\u00a0: Mettez la boule de coton et appuyez doucement pour pomper la solution dans le support  de coton jusqu\u2019\u00e0 ce qu\u2019il soit satur\u00e9 de liquide, frottez jusqu\u2019\u00e0 ce que le vernis \u00e0 ongles soit parti.  Contenance\u00a0: 125 ml.\" \/>\n<meta property=\"og:url\" content=\"https:\/\/nihel.com\/en\/product\/dissolvant-doux-a-la-rose\/\" \/>\n<meta property=\"og:site_name\" content=\"LABORATOIRES NIHEL\" \/>\n<meta property=\"article:modified_time\" content=\"2024-05-15T09:02:57+00:00\" \/>\n<meta property=\"og:image\" content=\"https:\/\/nihel.com\/wp-content\/uploads\/2024\/05\/0Y6A6962-scaled.jpg\" \/>\n\t<meta property=\"og:image:width\" content=\"1707\" \/>\n\t<meta property=\"og:image:height\" content=\"2560\" \/>\n\t<meta property=\"og:image:type\" content=\"image\/jpeg\" \/>\n<meta name=\"twitter:card\" content=\"summary_large_image\" \/>\n<script type=\"application\/ld+json\" class=\"yoast-schema-graph\">{\"@context\":\"https:\/\/schema.org\",\"@graph\":[{\"@type\":\"WebPage\",\"@id\":\"https:\/\/nihel.com\/en\/product\/dissolvant-doux-a-la-rose\/\",\"url\":\"https:\/\/nihel.com\/en\/product\/dissolvant-doux-a-la-rose\/\",\"name\":\"DISSOLVANT DOUX A LA ROSE | LABORATOIRES NIHEL\",\"isPartOf\":{\"@id\":\"https:\/\/nihel.com\/#website\"},\"datePublished\":\"2024-05-14T15:42:48+00:00\",\"dateModified\":\"2024-05-15T09:02:57+00:00\",\"description\":\"En pompe pratique. Un dissolvant doux , parfum\u00e9 et enrichi en provitamine B5, con\u00e7u sp\u00e9cialement pour d\u00e9maquiller parfaitement les ongles tout en les renfor\u00e7ant. Une note florale \u00e0 la rose qui parfume\u00a0 . Mode d\u2019utilisation\u00a0: Mettez la boule de coton et appuyez doucement pour pomper la solution dans le support de coton jusqu\u2019\u00e0 ce qu\u2019il soit satur\u00e9 de liquide, frottez jusqu\u2019\u00e0 ce que le vernis \u00e0 ongles soit parti. Contenance\u00a0: 125 ml.\",\"breadcrumb\":{\"@id\":\"https:\/\/nihel.com\/en\/product\/dissolvant-doux-a-la-rose\/#breadcrumb\"},\"inLanguage\":\"en-US\",\"potentialAction\":[{\"@type\":\"ReadAction\",\"target\":[\"https:\/\/nihel.com\/en\/product\/dissolvant-doux-a-la-rose\/\"]}]},{\"@type\":\"BreadcrumbList\",\"@id\":\"https:\/\/nihel.com\/en\/product\/dissolvant-doux-a-la-rose\/#breadcrumb\",\"itemListElement\":[{\"@type\":\"ListItem\",\"position\":1,\"name\":\"Home\",\"item\":\"https:\/\/nihel.com\/en\/\"},{\"@type\":\"ListItem\",\"position\":2,\"name\":\"Produits\",\"item\":\"https:\/\/nihel.com\/shop\/\"},{\"@type\":\"ListItem\",\"position\":3,\"name\":\"DISSOLVANT DOUX A LA ROSE\"}]},{\"@type\":\"WebSite\",\"@id\":\"https:\/\/nihel.com\/#website\",\"url\":\"https:\/\/nihel.com\/\",\"name\":\"LABORATOIRES NIHEL\",\"description\":\"Fabrication des produits cosm\u00e9tiques en Tunisie\",\"potentialAction\":[{\"@type\":\"SearchAction\",\"target\":{\"@type\":\"EntryPoint\",\"urlTemplate\":\"https:\/\/nihel.com\/?s={search_term_string}\"},\"query-input\":\"required name=search_term_string\"}],\"inLanguage\":\"en-US\"}]}<\/script>\n<!-- \/ Yoast SEO plugin. -->","yoast_head_json":{"title":"DISSOLVANT DOUX A LA ROSE | LABORATOIRES NIHEL","description":"En pompe pratique.  Un dissolvant doux , parfum\u00e9 et enrichi en provitamine B5,  con\u00e7u sp\u00e9cialement pour d\u00e9maquiller parfaitement les ongles tout en les renfor\u00e7ant.  Une note florale \u00e0 la rose qui parfume\u00a0 .  Mode d\u2019utilisation\u00a0: Mettez la boule de coton et appuyez doucement pour pomper la solution dans le support  de coton jusqu\u2019\u00e0 ce qu\u2019il soit satur\u00e9 de liquide, frottez jusqu\u2019\u00e0 ce que le vernis \u00e0 ongles soit parti.  Contenance\u00a0: 125 ml.","robots":{"index":"index","follow":"follow","max-snippet":"max-snippet:-1","max-image-preview":"max-image-preview:large","max-video-preview":"max-video-preview:-1"},"canonical":"https:\/\/nihel.com\/en\/product\/dissolvant-doux-a-la-rose\/","og_locale":"en_US","og_type":"article","og_title":"DISSOLVANT DOUX A LA ROSE | LABORATOIRES NIHEL","og_description":"En pompe pratique.  Un dissolvant doux , parfum\u00e9 et enrichi en provitamine B5,  con\u00e7u sp\u00e9cialement pour d\u00e9maquiller parfaitement les ongles tout en les renfor\u00e7ant.  Une note florale \u00e0 la rose qui parfume\u00a0 .  Mode d\u2019utilisation\u00a0: Mettez la boule de coton et appuyez doucement pour pomper la solution dans le support  de coton jusqu\u2019\u00e0 ce qu\u2019il soit satur\u00e9 de liquide, frottez jusqu\u2019\u00e0 ce que le vernis \u00e0 ongles soit parti.  Contenance\u00a0: 125 ml.","og_url":"https:\/\/nihel.com\/en\/product\/dissolvant-doux-a-la-rose\/","og_site_name":"LABORATOIRES NIHEL","article_modified_time":"2024-05-15T09:02:57+00:00","og_image":[{"width":1707,"height":2560,"url":"https:\/\/nihel.com\/wp-content\/uploads\/2024\/05\/0Y6A6962-scaled.jpg","type":"image\/jpeg"}],"twitter_card":"summary_large_image","schema":{"@context":"https:\/\/schema.org","@graph":[{"@type":"WebPage","@id":"https:\/\/nihel.com\/en\/product\/dissolvant-doux-a-la-rose\/","url":"https:\/\/nihel.com\/en\/product\/dissolvant-doux-a-la-rose\/","name":"DISSOLVANT DOUX A LA ROSE | LABORATOIRES NIHEL","isPartOf":{"@id":"https:\/\/nihel.com\/#website"},"datePublished":"2024-05-14T15:42:48+00:00","dateModified":"2024-05-15T09:02:57+00:00","description":"En pompe pratique. Un dissolvant doux , parfum\u00e9 et enrichi en provitamine B5, con\u00e7u sp\u00e9cialement pour d\u00e9maquiller parfaitement les ongles tout en les renfor\u00e7ant. Une note florale \u00e0 la rose qui parfume\u00a0 . Mode d\u2019utilisation\u00a0: Mettez la boule de coton et appuyez doucement pour pomper la solution dans le support de coton jusqu\u2019\u00e0 ce qu\u2019il soit satur\u00e9 de liquide, frottez jusqu\u2019\u00e0 ce que le vernis \u00e0 ongles soit parti. Contenance\u00a0: 125 ml.","breadcrumb":{"@id":"https:\/\/nihel.com\/en\/product\/dissolvant-doux-a-la-rose\/#breadcrumb"},"inLanguage":"en-US","potentialAction":[{"@type":"ReadAction","target":["https:\/\/nihel.com\/en\/product\/dissolvant-doux-a-la-rose\/"]}]},{"@type":"BreadcrumbList","@id":"https:\/\/nihel.com\/en\/product\/dissolvant-doux-a-la-rose\/#breadcrumb","itemListElement":[{"@type":"ListItem","position":1,"name":"Home","item":"https:\/\/nihel.com\/en\/"},{"@type":"ListItem","position":2,"name":"Produits","item":"https:\/\/nihel.com\/shop\/"},{"@type":"ListItem","position":3,"name":"DISSOLVANT DOUX A LA ROSE"}]},{"@type":"WebSite","@id":"https:\/\/nihel.com\/#website","url":"https:\/\/nihel.com\/","name":"LABORATOIRES NIHEL","description":"Fabrication des produits cosm\u00e9tiques en Tunisie","potentialAction":[{"@type":"SearchAction","target":{"@type":"EntryPoint","urlTemplate":"https:\/\/nihel.com\/?s={search_term_string}"},"query-input":"required name=search_term_string"}],"inLanguage":"en-US"}]}},"_links":{"self":[{"href":"https:\/\/nihel.com\/en\/wp-json\/wp\/v2\/product\/4569","targetHints":{"allow":["GET"]}}],"collection":[{"href":"https:\/\/nihel.com\/en\/wp-json\/wp\/v2\/product"}],"about":[{"href":"https:\/\/nihel.com\/en\/wp-json\/wp\/v2\/types\/product"}],"replies":[{"embeddable":true,"href":"https:\/\/nihel.com\/en\/wp-json\/wp\/v2\/comments?post=4569"}],"wp:featuredmedia":[{"embeddable":true,"href":"https:\/\/nihel.com\/en\/wp-json\/wp\/v2\/media\/4560"}],"wp:attachment":[{"href":"https:\/\/nihel.com\/en\/wp-json\/wp\/v2\/media?parent=4569"}],"wp:term":[{"taxonomy":"brand","embeddable":true,"href":"https:\/\/nihel.com\/en\/wp-json\/wp\/v2\/etheme_brands?post=4569"},{"taxonomy":"product_cat","embeddable":true,"href":"https:\/\/nihel.com\/en\/wp-json\/wp\/v2\/product_cat?post=4569"},{"taxonomy":"product_tag","embeddable":true,"href":"https:\/\/nihel.com\/en\/wp-json\/wp\/v2\/product_tag?post=4569"}],"curies":[{"name":"wp","href":"https:\/\/api.w.org\/{rel}","templated":true}]}}