{"id":4566,"date":"2024-05-15T10:57:54","date_gmt":"2024-05-15T08:57:54","guid":{"rendered":"https:\/\/nihel.com\/product\/deodorant-bibich\/"},"modified":"2024-05-27T13:48:57","modified_gmt":"2024-05-27T11:48:57","slug":"deodorant-bibich","status":"publish","type":"product","link":"https:\/\/nihel.com\/en\/product\/deodorant-bibich\/","title":{"rendered":"DEODORANT BIBICH"},"content":{"rendered":"","protected":false},"excerpt":{"rendered":"<p>Le fraicheur et la confiance , c&#8217;est ce que BIBICH offre \u00e0 vos petits champions !<\/p>\n<p>Notre d\u00e9odorant sp\u00e9cialement <em>con\u00e7u<\/em> pour les gar<em>\u00e7<\/em>ons est la cl\u00e9 d&#8217;une journ\u00e9e<\/p>\n<p>active sans soucis . Gr\u00e2ce \u00e0 sa formule avec un actif 100% naturel et \u00e0 0% de<\/p>\n<p>sels d&#8217;aluminium , BIBICH prend soin de leur peau tout en les gardant au sec .<\/p>\n<p>Optez pour BIBICH , le choix id\u00e9al pour les enfants en mouvement.<\/p>\n<p><strong>Mode d&#8217;emploi<\/strong> : Bien agiter avant chaque utilisation . Tenir le flacon<\/p>\n<p>ar\u00e9rosol droit et vaporiser \u00e0 15 cm des aisselles .<\/p>\n<p><strong>Contenance<\/strong> : 125 ml .<\/p>\n","protected":false},"featured_media":4564,"comment_status":"closed","ping_status":"closed","template":"","meta":[],"etheme_brands":[{"term_id":375,"name":"NIHEL","slug":"nihel-en","term_group":0,"term_taxonomy_id":375,"taxonomy":"brand","description":"","parent":0,"count":98,"filter":"raw","term_order":"0"}],"product_cat":[797,648,676,681,682],"product_tag":[],"class_list":["post-4566","product","type-product","status-publish","has-post-thumbnail","hentry","brand-nihel-en","product_cat-deodorant-2-en","product_cat-nihel-en","product_cat-child","product_cat-perfumery","product_cat-deodorant-en-2"],"yoast_head":"<!-- This site is optimized with the Yoast SEO plugin v19.10 - https:\/\/yoast.com\/wordpress\/plugins\/seo\/ -->\n<title>DEODORANT BIBICH | LABORATOIRES NIHEL<\/title>\n<meta name=\"description\" content=\"Le fraicheur et la confiance , c&#039;est ce que BIBICH offre \u00e0 vos petits champions !  Notre d\u00e9odorant sp\u00e9cialement con\u00e7u pour les gar\u00e7ons est la cl\u00e9 d&#039;une journ\u00e9e  active sans soucis . Gr\u00e2ce \u00e0 sa formule avec un actif 100% naturel et \u00e0 0% de  sels d&#039;aluminium , BIBICH prend soin de leur peau tout en les gardant au sec .  Optez pour BIBICH , le choix id\u00e9al pour les enfants en mouvement.  Mode d&#039;emploi : Bien agiter avant chaque utilisation . Tenir le flacon  ar\u00e9rosol droit et vaporiser \u00e0 15 cm des aisselles .  Contenance : 125 ml .\" \/>\n<meta name=\"robots\" content=\"index, follow, max-snippet:-1, max-image-preview:large, max-video-preview:-1\" \/>\n<link rel=\"canonical\" href=\"https:\/\/nihel.com\/en\/product\/deodorant-bibich\/\" \/>\n<meta property=\"og:locale\" content=\"en_US\" \/>\n<meta property=\"og:type\" content=\"article\" \/>\n<meta property=\"og:title\" content=\"DEODORANT BIBICH | LABORATOIRES NIHEL\" \/>\n<meta property=\"og:description\" content=\"Le fraicheur et la confiance , c&#039;est ce que BIBICH offre \u00e0 vos petits champions !  Notre d\u00e9odorant sp\u00e9cialement con\u00e7u pour les gar\u00e7ons est la cl\u00e9 d&#039;une journ\u00e9e  active sans soucis . Gr\u00e2ce \u00e0 sa formule avec un actif 100% naturel et \u00e0 0% de  sels d&#039;aluminium , BIBICH prend soin de leur peau tout en les gardant au sec .  Optez pour BIBICH , le choix id\u00e9al pour les enfants en mouvement.  Mode d&#039;emploi : Bien agiter avant chaque utilisation . Tenir le flacon  ar\u00e9rosol droit et vaporiser \u00e0 15 cm des aisselles .  Contenance : 125 ml .\" \/>\n<meta property=\"og:url\" content=\"https:\/\/nihel.com\/en\/product\/deodorant-bibich\/\" \/>\n<meta property=\"og:site_name\" content=\"LABORATOIRES NIHEL\" \/>\n<meta property=\"article:modified_time\" content=\"2024-05-27T11:48:57+00:00\" \/>\n<meta property=\"og:image\" content=\"https:\/\/nihel.com\/wp-content\/uploads\/2024\/05\/85a35fac-9d82-4d3d-a89a-26f316558e28.jpg\" \/>\n\t<meta property=\"og:image:width\" content=\"1066\" \/>\n\t<meta property=\"og:image:height\" content=\"1600\" \/>\n\t<meta property=\"og:image:type\" content=\"image\/jpeg\" \/>\n<meta name=\"twitter:card\" content=\"summary_large_image\" \/>\n<script type=\"application\/ld+json\" class=\"yoast-schema-graph\">{\"@context\":\"https:\/\/schema.org\",\"@graph\":[{\"@type\":\"WebPage\",\"@id\":\"https:\/\/nihel.com\/en\/product\/deodorant-bibich\/\",\"url\":\"https:\/\/nihel.com\/en\/product\/deodorant-bibich\/\",\"name\":\"DEODORANT BIBICH | LABORATOIRES NIHEL\",\"isPartOf\":{\"@id\":\"https:\/\/nihel.com\/#website\"},\"datePublished\":\"2024-05-15T08:57:54+00:00\",\"dateModified\":\"2024-05-27T11:48:57+00:00\",\"description\":\"Le fraicheur et la confiance , c'est ce que BIBICH offre \u00e0 vos petits champions ! Notre d\u00e9odorant sp\u00e9cialement con\u00e7u pour les gar\u00e7ons est la cl\u00e9 d'une journ\u00e9e active sans soucis . Gr\u00e2ce \u00e0 sa formule avec un actif 100% naturel et \u00e0 0% de sels d'aluminium , BIBICH prend soin de leur peau tout en les gardant au sec . Optez pour BIBICH , le choix id\u00e9al pour les enfants en mouvement. Mode d'emploi : Bien agiter avant chaque utilisation . Tenir le flacon ar\u00e9rosol droit et vaporiser \u00e0 15 cm des aisselles . Contenance : 125 ml .\",\"breadcrumb\":{\"@id\":\"https:\/\/nihel.com\/en\/product\/deodorant-bibich\/#breadcrumb\"},\"inLanguage\":\"en-US\",\"potentialAction\":[{\"@type\":\"ReadAction\",\"target\":[\"https:\/\/nihel.com\/en\/product\/deodorant-bibich\/\"]}]},{\"@type\":\"BreadcrumbList\",\"@id\":\"https:\/\/nihel.com\/en\/product\/deodorant-bibich\/#breadcrumb\",\"itemListElement\":[{\"@type\":\"ListItem\",\"position\":1,\"name\":\"Home\",\"item\":\"https:\/\/nihel.com\/en\/\"},{\"@type\":\"ListItem\",\"position\":2,\"name\":\"Produits\",\"item\":\"https:\/\/nihel.com\/shop\/\"},{\"@type\":\"ListItem\",\"position\":3,\"name\":\"DEODORANT BIBICH\"}]},{\"@type\":\"WebSite\",\"@id\":\"https:\/\/nihel.com\/#website\",\"url\":\"https:\/\/nihel.com\/\",\"name\":\"LABORATOIRES NIHEL\",\"description\":\"Fabrication des produits cosm\u00e9tiques en Tunisie\",\"potentialAction\":[{\"@type\":\"SearchAction\",\"target\":{\"@type\":\"EntryPoint\",\"urlTemplate\":\"https:\/\/nihel.com\/?s={search_term_string}\"},\"query-input\":\"required name=search_term_string\"}],\"inLanguage\":\"en-US\"}]}<\/script>\n<!-- \/ Yoast SEO plugin. -->","yoast_head_json":{"title":"DEODORANT BIBICH | LABORATOIRES NIHEL","description":"Le fraicheur et la confiance , c'est ce que BIBICH offre \u00e0 vos petits champions !  Notre d\u00e9odorant sp\u00e9cialement con\u00e7u pour les gar\u00e7ons est la cl\u00e9 d'une journ\u00e9e  active sans soucis . Gr\u00e2ce \u00e0 sa formule avec un actif 100% naturel et \u00e0 0% de  sels d'aluminium , BIBICH prend soin de leur peau tout en les gardant au sec .  Optez pour BIBICH , le choix id\u00e9al pour les enfants en mouvement.  Mode d'emploi : Bien agiter avant chaque utilisation . Tenir le flacon  ar\u00e9rosol droit et vaporiser \u00e0 15 cm des aisselles .  Contenance : 125 ml .","robots":{"index":"index","follow":"follow","max-snippet":"max-snippet:-1","max-image-preview":"max-image-preview:large","max-video-preview":"max-video-preview:-1"},"canonical":"https:\/\/nihel.com\/en\/product\/deodorant-bibich\/","og_locale":"en_US","og_type":"article","og_title":"DEODORANT BIBICH | LABORATOIRES NIHEL","og_description":"Le fraicheur et la confiance , c'est ce que BIBICH offre \u00e0 vos petits champions !  Notre d\u00e9odorant sp\u00e9cialement con\u00e7u pour les gar\u00e7ons est la cl\u00e9 d'une journ\u00e9e  active sans soucis . Gr\u00e2ce \u00e0 sa formule avec un actif 100% naturel et \u00e0 0% de  sels d'aluminium , BIBICH prend soin de leur peau tout en les gardant au sec .  Optez pour BIBICH , le choix id\u00e9al pour les enfants en mouvement.  Mode d'emploi : Bien agiter avant chaque utilisation . Tenir le flacon  ar\u00e9rosol droit et vaporiser \u00e0 15 cm des aisselles .  Contenance : 125 ml .","og_url":"https:\/\/nihel.com\/en\/product\/deodorant-bibich\/","og_site_name":"LABORATOIRES NIHEL","article_modified_time":"2024-05-27T11:48:57+00:00","og_image":[{"width":1066,"height":1600,"url":"https:\/\/nihel.com\/wp-content\/uploads\/2024\/05\/85a35fac-9d82-4d3d-a89a-26f316558e28.jpg","type":"image\/jpeg"}],"twitter_card":"summary_large_image","schema":{"@context":"https:\/\/schema.org","@graph":[{"@type":"WebPage","@id":"https:\/\/nihel.com\/en\/product\/deodorant-bibich\/","url":"https:\/\/nihel.com\/en\/product\/deodorant-bibich\/","name":"DEODORANT BIBICH | LABORATOIRES NIHEL","isPartOf":{"@id":"https:\/\/nihel.com\/#website"},"datePublished":"2024-05-15T08:57:54+00:00","dateModified":"2024-05-27T11:48:57+00:00","description":"Le fraicheur et la confiance , c'est ce que BIBICH offre \u00e0 vos petits champions ! Notre d\u00e9odorant sp\u00e9cialement con\u00e7u pour les gar\u00e7ons est la cl\u00e9 d'une journ\u00e9e active sans soucis . Gr\u00e2ce \u00e0 sa formule avec un actif 100% naturel et \u00e0 0% de sels d'aluminium , BIBICH prend soin de leur peau tout en les gardant au sec . Optez pour BIBICH , le choix id\u00e9al pour les enfants en mouvement. Mode d'emploi : Bien agiter avant chaque utilisation . Tenir le flacon ar\u00e9rosol droit et vaporiser \u00e0 15 cm des aisselles . Contenance : 125 ml .","breadcrumb":{"@id":"https:\/\/nihel.com\/en\/product\/deodorant-bibich\/#breadcrumb"},"inLanguage":"en-US","potentialAction":[{"@type":"ReadAction","target":["https:\/\/nihel.com\/en\/product\/deodorant-bibich\/"]}]},{"@type":"BreadcrumbList","@id":"https:\/\/nihel.com\/en\/product\/deodorant-bibich\/#breadcrumb","itemListElement":[{"@type":"ListItem","position":1,"name":"Home","item":"https:\/\/nihel.com\/en\/"},{"@type":"ListItem","position":2,"name":"Produits","item":"https:\/\/nihel.com\/shop\/"},{"@type":"ListItem","position":3,"name":"DEODORANT BIBICH"}]},{"@type":"WebSite","@id":"https:\/\/nihel.com\/#website","url":"https:\/\/nihel.com\/","name":"LABORATOIRES NIHEL","description":"Fabrication des produits cosm\u00e9tiques en Tunisie","potentialAction":[{"@type":"SearchAction","target":{"@type":"EntryPoint","urlTemplate":"https:\/\/nihel.com\/?s={search_term_string}"},"query-input":"required name=search_term_string"}],"inLanguage":"en-US"}]}},"_links":{"self":[{"href":"https:\/\/nihel.com\/en\/wp-json\/wp\/v2\/product\/4566","targetHints":{"allow":["GET"]}}],"collection":[{"href":"https:\/\/nihel.com\/en\/wp-json\/wp\/v2\/product"}],"about":[{"href":"https:\/\/nihel.com\/en\/wp-json\/wp\/v2\/types\/product"}],"replies":[{"embeddable":true,"href":"https:\/\/nihel.com\/en\/wp-json\/wp\/v2\/comments?post=4566"}],"wp:featuredmedia":[{"embeddable":true,"href":"https:\/\/nihel.com\/en\/wp-json\/wp\/v2\/media\/4564"}],"wp:attachment":[{"href":"https:\/\/nihel.com\/en\/wp-json\/wp\/v2\/media?parent=4566"}],"wp:term":[{"taxonomy":"brand","embeddable":true,"href":"https:\/\/nihel.com\/en\/wp-json\/wp\/v2\/etheme_brands?post=4566"},{"taxonomy":"product_cat","embeddable":true,"href":"https:\/\/nihel.com\/en\/wp-json\/wp\/v2\/product_cat?post=4566"},{"taxonomy":"product_tag","embeddable":true,"href":"https:\/\/nihel.com\/en\/wp-json\/wp\/v2\/product_tag?post=4566"}],"curies":[{"name":"wp","href":"https:\/\/api.w.org\/{rel}","templated":true}]}}