{"id":4533,"date":"2024-05-14T15:53:46","date_gmt":"2024-05-14T13:53:46","guid":{"rendered":"https:\/\/nihel.com\/product\/shampoing-multivitamine-extrait-dabricot\/"},"modified":"2024-05-15T11:23:57","modified_gmt":"2024-05-15T09:23:57","slug":"shampoing-multivitamine-extrait-dabricot","status":"publish","type":"product","link":"https:\/\/nihel.com\/en\/product\/shampoing-multivitamine-extrait-dabricot\/","title":{"rendered":"SHAMPOING  MULTIVITAMINE &#038; EXTRAIT D&#8217;ABRICOT"},"content":{"rendered":"","protected":false},"excerpt":{"rendered":"<p>Pour rafra\u00eechir les cheveux normaux, ce shampooing offre une<br \/>\nv\u00e9ritable recette de tonicit\u00e9 \u00e0 l&#8217;extrait d&#8217;Abricot et de<br \/>\nvitamines E &amp; Biotine.<br \/>\nId\u00e9al pour les cheveux secs et fris\u00e9s, ce shampooing associe<br \/>\nles propri\u00e9t\u00e9s tonifiantes des vitamines E &amp; Biotine et celles<br \/>\nrafra\u00eechissantes d&#8217;Abricot, dans une texture pure et<br \/>\nmoussante qui lave parfaitement vos cheveux.<\/p>\n<p><strong>Mode d&#8217;emploi : <\/strong>Appliquer soigneusement<br \/>\nsur cheveux mouill\u00e9s, masser d\u00e9licatement<br \/>\net rincer abondamment.<br \/>\nEn cas de contact avec les yeux, rincer<br \/>\nimmediatement.<\/p>\n<p><strong>Contenance :<\/strong> 350 ml \/ 600 ml<\/p>\n","protected":false},"featured_media":4531,"comment_status":"closed","ping_status":"closed","template":"","meta":[],"etheme_brands":[{"term_id":375,"name":"NIHEL","slug":"nihel-en","term_group":0,"term_taxonomy_id":375,"taxonomy":"brand","description":"","parent":0,"count":98,"filter":"raw","term_order":"0"}],"product_cat":[651],"product_tag":[],"class_list":["post-4533","product","type-product","status-publish","has-post-thumbnail","hentry","brand-nihel-en","product_cat-shampoo"],"yoast_head":"<!-- This site is optimized with the Yoast SEO plugin v19.10 - https:\/\/yoast.com\/wordpress\/plugins\/seo\/ -->\n<title>SHAMPOING MULTIVITAMINE &amp; EXTRAIT D&#039;ABRICOT | LABORATOIRES NIHEL<\/title>\n<meta name=\"description\" content=\"Pour rafra\u00eechir les cheveux normaux, ce shampooing offre une v\u00e9ritable recette de tonicit\u00e9 \u00e0 l&#039;extrait d&#039;Abricot et de vitamines E &amp; Biotine. Id\u00e9al pour les cheveux secs et fris\u00e9s, ce shampooing associe les propri\u00e9t\u00e9s tonifiantes des vitamines E &amp; Biotine et celles rafra\u00eechissantes d&#039;Abricot, dans une texture pure et moussante qui lave parfaitement vos cheveux.  Mode d&#039;emploi : Appliquer soigneusement sur cheveux mouill\u00e9s, masser d\u00e9licatement et rincer abondamment. En cas de contact avec les yeux, rincer immediatement.  Contenance : 350 ml \/ 600 ml\" \/>\n<meta name=\"robots\" content=\"index, follow, max-snippet:-1, max-image-preview:large, max-video-preview:-1\" \/>\n<link rel=\"canonical\" href=\"https:\/\/nihel.com\/en\/product\/shampoing-multivitamine-extrait-dabricot\/\" \/>\n<meta property=\"og:locale\" content=\"en_US\" \/>\n<meta property=\"og:type\" content=\"article\" \/>\n<meta property=\"og:title\" content=\"SHAMPOING MULTIVITAMINE &amp; EXTRAIT D&#039;ABRICOT | LABORATOIRES NIHEL\" \/>\n<meta property=\"og:description\" content=\"Pour rafra\u00eechir les cheveux normaux, ce shampooing offre une v\u00e9ritable recette de tonicit\u00e9 \u00e0 l&#039;extrait d&#039;Abricot et de vitamines E &amp; Biotine. Id\u00e9al pour les cheveux secs et fris\u00e9s, ce shampooing associe les propri\u00e9t\u00e9s tonifiantes des vitamines E &amp; Biotine et celles rafra\u00eechissantes d&#039;Abricot, dans une texture pure et moussante qui lave parfaitement vos cheveux.  Mode d&#039;emploi : Appliquer soigneusement sur cheveux mouill\u00e9s, masser d\u00e9licatement et rincer abondamment. En cas de contact avec les yeux, rincer immediatement.  Contenance : 350 ml \/ 600 ml\" \/>\n<meta property=\"og:url\" content=\"https:\/\/nihel.com\/en\/product\/shampoing-multivitamine-extrait-dabricot\/\" \/>\n<meta property=\"og:site_name\" content=\"LABORATOIRES NIHEL\" \/>\n<meta property=\"article:modified_time\" content=\"2024-05-15T09:23:57+00:00\" \/>\n<meta property=\"og:image\" content=\"https:\/\/nihel.com\/wp-content\/uploads\/2024\/05\/WhatsApp-Image-2022-09-24-at-11.42.03-AM.jpeg\" \/>\n\t<meta property=\"og:image:width\" content=\"1279\" \/>\n\t<meta property=\"og:image:height\" content=\"1600\" \/>\n\t<meta property=\"og:image:type\" content=\"image\/jpeg\" \/>\n<meta name=\"twitter:card\" content=\"summary_large_image\" \/>\n<script type=\"application\/ld+json\" class=\"yoast-schema-graph\">{\"@context\":\"https:\/\/schema.org\",\"@graph\":[{\"@type\":\"WebPage\",\"@id\":\"https:\/\/nihel.com\/en\/product\/shampoing-multivitamine-extrait-dabricot\/\",\"url\":\"https:\/\/nihel.com\/en\/product\/shampoing-multivitamine-extrait-dabricot\/\",\"name\":\"SHAMPOING MULTIVITAMINE & EXTRAIT D'ABRICOT | LABORATOIRES NIHEL\",\"isPartOf\":{\"@id\":\"https:\/\/nihel.com\/#website\"},\"datePublished\":\"2024-05-14T13:53:46+00:00\",\"dateModified\":\"2024-05-15T09:23:57+00:00\",\"description\":\"Pour rafra\u00eechir les cheveux normaux, ce shampooing offre une v\u00e9ritable recette de tonicit\u00e9 \u00e0 l'extrait d'Abricot et de vitamines E &amp; Biotine. Id\u00e9al pour les cheveux secs et fris\u00e9s, ce shampooing associe les propri\u00e9t\u00e9s tonifiantes des vitamines E &amp; Biotine et celles rafra\u00eechissantes d'Abricot, dans une texture pure et moussante qui lave parfaitement vos cheveux. Mode d'emploi : Appliquer soigneusement sur cheveux mouill\u00e9s, masser d\u00e9licatement et rincer abondamment. En cas de contact avec les yeux, rincer immediatement. Contenance : 350 ml \/ 600 ml\",\"breadcrumb\":{\"@id\":\"https:\/\/nihel.com\/en\/product\/shampoing-multivitamine-extrait-dabricot\/#breadcrumb\"},\"inLanguage\":\"en-US\",\"potentialAction\":[{\"@type\":\"ReadAction\",\"target\":[\"https:\/\/nihel.com\/en\/product\/shampoing-multivitamine-extrait-dabricot\/\"]}]},{\"@type\":\"BreadcrumbList\",\"@id\":\"https:\/\/nihel.com\/en\/product\/shampoing-multivitamine-extrait-dabricot\/#breadcrumb\",\"itemListElement\":[{\"@type\":\"ListItem\",\"position\":1,\"name\":\"Home\",\"item\":\"https:\/\/nihel.com\/en\/\"},{\"@type\":\"ListItem\",\"position\":2,\"name\":\"Produits\",\"item\":\"https:\/\/nihel.com\/shop\/\"},{\"@type\":\"ListItem\",\"position\":3,\"name\":\"SHAMPOING MULTIVITAMINE &#038; EXTRAIT D&rsquo;ABRICOT\"}]},{\"@type\":\"WebSite\",\"@id\":\"https:\/\/nihel.com\/#website\",\"url\":\"https:\/\/nihel.com\/\",\"name\":\"LABORATOIRES NIHEL\",\"description\":\"Fabrication des produits cosm\u00e9tiques en Tunisie\",\"potentialAction\":[{\"@type\":\"SearchAction\",\"target\":{\"@type\":\"EntryPoint\",\"urlTemplate\":\"https:\/\/nihel.com\/?s={search_term_string}\"},\"query-input\":\"required name=search_term_string\"}],\"inLanguage\":\"en-US\"}]}<\/script>\n<!-- \/ Yoast SEO plugin. -->","yoast_head_json":{"title":"SHAMPOING MULTIVITAMINE & EXTRAIT D'ABRICOT | LABORATOIRES NIHEL","description":"Pour rafra\u00eechir les cheveux normaux, ce shampooing offre une v\u00e9ritable recette de tonicit\u00e9 \u00e0 l'extrait d'Abricot et de vitamines E &amp; Biotine. Id\u00e9al pour les cheveux secs et fris\u00e9s, ce shampooing associe les propri\u00e9t\u00e9s tonifiantes des vitamines E &amp; Biotine et celles rafra\u00eechissantes d'Abricot, dans une texture pure et moussante qui lave parfaitement vos cheveux.  Mode d'emploi : Appliquer soigneusement sur cheveux mouill\u00e9s, masser d\u00e9licatement et rincer abondamment. En cas de contact avec les yeux, rincer immediatement.  Contenance : 350 ml \/ 600 ml","robots":{"index":"index","follow":"follow","max-snippet":"max-snippet:-1","max-image-preview":"max-image-preview:large","max-video-preview":"max-video-preview:-1"},"canonical":"https:\/\/nihel.com\/en\/product\/shampoing-multivitamine-extrait-dabricot\/","og_locale":"en_US","og_type":"article","og_title":"SHAMPOING MULTIVITAMINE & EXTRAIT D'ABRICOT | LABORATOIRES NIHEL","og_description":"Pour rafra\u00eechir les cheveux normaux, ce shampooing offre une v\u00e9ritable recette de tonicit\u00e9 \u00e0 l'extrait d'Abricot et de vitamines E &amp; Biotine. Id\u00e9al pour les cheveux secs et fris\u00e9s, ce shampooing associe les propri\u00e9t\u00e9s tonifiantes des vitamines E &amp; Biotine et celles rafra\u00eechissantes d'Abricot, dans une texture pure et moussante qui lave parfaitement vos cheveux.  Mode d'emploi : Appliquer soigneusement sur cheveux mouill\u00e9s, masser d\u00e9licatement et rincer abondamment. En cas de contact avec les yeux, rincer immediatement.  Contenance : 350 ml \/ 600 ml","og_url":"https:\/\/nihel.com\/en\/product\/shampoing-multivitamine-extrait-dabricot\/","og_site_name":"LABORATOIRES NIHEL","article_modified_time":"2024-05-15T09:23:57+00:00","og_image":[{"width":1279,"height":1600,"url":"https:\/\/nihel.com\/wp-content\/uploads\/2024\/05\/WhatsApp-Image-2022-09-24-at-11.42.03-AM.jpeg","type":"image\/jpeg"}],"twitter_card":"summary_large_image","schema":{"@context":"https:\/\/schema.org","@graph":[{"@type":"WebPage","@id":"https:\/\/nihel.com\/en\/product\/shampoing-multivitamine-extrait-dabricot\/","url":"https:\/\/nihel.com\/en\/product\/shampoing-multivitamine-extrait-dabricot\/","name":"SHAMPOING MULTIVITAMINE & EXTRAIT D'ABRICOT | LABORATOIRES NIHEL","isPartOf":{"@id":"https:\/\/nihel.com\/#website"},"datePublished":"2024-05-14T13:53:46+00:00","dateModified":"2024-05-15T09:23:57+00:00","description":"Pour rafra\u00eechir les cheveux normaux, ce shampooing offre une v\u00e9ritable recette de tonicit\u00e9 \u00e0 l'extrait d'Abricot et de vitamines E &amp; Biotine. Id\u00e9al pour les cheveux secs et fris\u00e9s, ce shampooing associe les propri\u00e9t\u00e9s tonifiantes des vitamines E &amp; Biotine et celles rafra\u00eechissantes d'Abricot, dans une texture pure et moussante qui lave parfaitement vos cheveux. Mode d'emploi : Appliquer soigneusement sur cheveux mouill\u00e9s, masser d\u00e9licatement et rincer abondamment. En cas de contact avec les yeux, rincer immediatement. Contenance : 350 ml \/ 600 ml","breadcrumb":{"@id":"https:\/\/nihel.com\/en\/product\/shampoing-multivitamine-extrait-dabricot\/#breadcrumb"},"inLanguage":"en-US","potentialAction":[{"@type":"ReadAction","target":["https:\/\/nihel.com\/en\/product\/shampoing-multivitamine-extrait-dabricot\/"]}]},{"@type":"BreadcrumbList","@id":"https:\/\/nihel.com\/en\/product\/shampoing-multivitamine-extrait-dabricot\/#breadcrumb","itemListElement":[{"@type":"ListItem","position":1,"name":"Home","item":"https:\/\/nihel.com\/en\/"},{"@type":"ListItem","position":2,"name":"Produits","item":"https:\/\/nihel.com\/shop\/"},{"@type":"ListItem","position":3,"name":"SHAMPOING MULTIVITAMINE &#038; EXTRAIT D&rsquo;ABRICOT"}]},{"@type":"WebSite","@id":"https:\/\/nihel.com\/#website","url":"https:\/\/nihel.com\/","name":"LABORATOIRES NIHEL","description":"Fabrication des produits cosm\u00e9tiques en Tunisie","potentialAction":[{"@type":"SearchAction","target":{"@type":"EntryPoint","urlTemplate":"https:\/\/nihel.com\/?s={search_term_string}"},"query-input":"required name=search_term_string"}],"inLanguage":"en-US"}]}},"_links":{"self":[{"href":"https:\/\/nihel.com\/en\/wp-json\/wp\/v2\/product\/4533","targetHints":{"allow":["GET"]}}],"collection":[{"href":"https:\/\/nihel.com\/en\/wp-json\/wp\/v2\/product"}],"about":[{"href":"https:\/\/nihel.com\/en\/wp-json\/wp\/v2\/types\/product"}],"replies":[{"embeddable":true,"href":"https:\/\/nihel.com\/en\/wp-json\/wp\/v2\/comments?post=4533"}],"wp:featuredmedia":[{"embeddable":true,"href":"https:\/\/nihel.com\/en\/wp-json\/wp\/v2\/media\/4531"}],"wp:attachment":[{"href":"https:\/\/nihel.com\/en\/wp-json\/wp\/v2\/media?parent=4533"}],"wp:term":[{"taxonomy":"brand","embeddable":true,"href":"https:\/\/nihel.com\/en\/wp-json\/wp\/v2\/etheme_brands?post=4533"},{"taxonomy":"product_cat","embeddable":true,"href":"https:\/\/nihel.com\/en\/wp-json\/wp\/v2\/product_cat?post=4533"},{"taxonomy":"product_tag","embeddable":true,"href":"https:\/\/nihel.com\/en\/wp-json\/wp\/v2\/product_tag?post=4533"}],"curies":[{"name":"wp","href":"https:\/\/api.w.org\/{rel}","templated":true}]}}