{"id":4504,"date":"2024-03-25T09:23:35","date_gmt":"2024-03-25T08:23:35","guid":{"rendered":"https:\/\/nihel.com\/product\/huile-damande-nihel\/"},"modified":"2024-03-25T09:24:52","modified_gmt":"2024-03-25T08:24:52","slug":"huile-damande-nihel","status":"publish","type":"product","link":"https:\/\/nihel.com\/en\/product\/huile-damande-nihel\/","title":{"rendered":"HUILE D&#8217;AMANDE NIHEL"},"content":{"rendered":"","protected":false},"excerpt":{"rendered":"<div>NIHEL HUILE D&#8217;AMANDE\u00a0 pour cheveux secs et abim\u00e9s est un soin r\u00e9parateur et anti-casse. Il am\u00e9liore la sant\u00e9 de vos cheveux au quotidien , les lisses et les nourrit en profondeur et aide \u00e0 l\u2019hydratation au quotidien.<\/div>\n<p><strong>Contenance:<\/strong>\u00a090ml<\/p>\n","protected":false},"featured_media":4502,"comment_status":"open","ping_status":"closed","template":"","meta":[],"etheme_brands":[{"term_id":375,"name":"NIHEL","slug":"nihel-en","term_group":0,"term_taxonomy_id":375,"taxonomy":"brand","description":"","parent":0,"count":98,"filter":"raw","term_order":"0"}],"product_cat":[648,649,650,655],"product_tag":[],"class_list":["post-4504","product","type-product","status-publish","has-post-thumbnail","hentry","brand-nihel-en","product_cat-nihel-en","product_cat-adult","product_cat-hair-care","product_cat-hair-oil"],"yoast_head":"<!-- This site is optimized with the Yoast SEO plugin v19.10 - https:\/\/yoast.com\/wordpress\/plugins\/seo\/ -->\n<title>HUILE D&#039;AMANDE NIHEL | LABORATOIRES NIHEL<\/title>\n<meta name=\"description\" content=\"NIHEL HUILE D&#039;AMANDE\u00a0 pour cheveux secs et abim\u00e9s est un soin r\u00e9parateur et anti-casse. Il am\u00e9liore la sant\u00e9 de vos cheveux au quotidien , les lisses et les nourrit en profondeur et aide \u00e0 l\u2019hydratation au quotidien. Contenance:\u00a090ml\" \/>\n<meta name=\"robots\" content=\"index, follow, max-snippet:-1, max-image-preview:large, max-video-preview:-1\" \/>\n<link rel=\"canonical\" href=\"https:\/\/nihel.com\/en\/product\/huile-damande-nihel\/\" \/>\n<meta property=\"og:locale\" content=\"en_US\" \/>\n<meta property=\"og:type\" content=\"article\" \/>\n<meta property=\"og:title\" content=\"HUILE D&#039;AMANDE NIHEL | LABORATOIRES NIHEL\" \/>\n<meta property=\"og:description\" content=\"NIHEL HUILE D&#039;AMANDE\u00a0 pour cheveux secs et abim\u00e9s est un soin r\u00e9parateur et anti-casse. Il am\u00e9liore la sant\u00e9 de vos cheveux au quotidien , les lisses et les nourrit en profondeur et aide \u00e0 l\u2019hydratation au quotidien. Contenance:\u00a090ml\" \/>\n<meta property=\"og:url\" content=\"https:\/\/nihel.com\/en\/product\/huile-damande-nihel\/\" \/>\n<meta property=\"og:site_name\" content=\"LABORATOIRES NIHEL\" \/>\n<meta property=\"article:modified_time\" content=\"2024-03-25T08:24:52+00:00\" \/>\n<meta property=\"og:image\" content=\"https:\/\/nihel.com\/wp-content\/uploads\/2024\/03\/WhatsApp-Image-2024-03-23-at-08.51.51-2.jpeg\" \/>\n\t<meta property=\"og:image:width\" content=\"1023\" \/>\n\t<meta property=\"og:image:height\" content=\"1280\" \/>\n\t<meta property=\"og:image:type\" content=\"image\/jpeg\" \/>\n<meta name=\"twitter:card\" content=\"summary_large_image\" \/>\n<script type=\"application\/ld+json\" class=\"yoast-schema-graph\">{\"@context\":\"https:\/\/schema.org\",\"@graph\":[{\"@type\":\"WebPage\",\"@id\":\"https:\/\/nihel.com\/en\/product\/huile-damande-nihel\/\",\"url\":\"https:\/\/nihel.com\/en\/product\/huile-damande-nihel\/\",\"name\":\"HUILE D'AMANDE NIHEL | LABORATOIRES NIHEL\",\"isPartOf\":{\"@id\":\"https:\/\/nihel.com\/#website\"},\"datePublished\":\"2024-03-25T08:23:35+00:00\",\"dateModified\":\"2024-03-25T08:24:52+00:00\",\"description\":\"NIHEL HUILE D'AMANDE\u00a0 pour cheveux secs et abim\u00e9s est un soin r\u00e9parateur et anti-casse. Il am\u00e9liore la sant\u00e9 de vos cheveux au quotidien , les lisses et les nourrit en profondeur et aide \u00e0 l\u2019hydratation au quotidien. Contenance:\u00a090ml\",\"breadcrumb\":{\"@id\":\"https:\/\/nihel.com\/en\/product\/huile-damande-nihel\/#breadcrumb\"},\"inLanguage\":\"en-US\",\"potentialAction\":[{\"@type\":\"ReadAction\",\"target\":[\"https:\/\/nihel.com\/en\/product\/huile-damande-nihel\/\"]}]},{\"@type\":\"BreadcrumbList\",\"@id\":\"https:\/\/nihel.com\/en\/product\/huile-damande-nihel\/#breadcrumb\",\"itemListElement\":[{\"@type\":\"ListItem\",\"position\":1,\"name\":\"Home\",\"item\":\"https:\/\/nihel.com\/en\/\"},{\"@type\":\"ListItem\",\"position\":2,\"name\":\"Produits\",\"item\":\"https:\/\/nihel.com\/shop\/\"},{\"@type\":\"ListItem\",\"position\":3,\"name\":\"HUILE D&rsquo;AMANDE NIHEL\"}]},{\"@type\":\"WebSite\",\"@id\":\"https:\/\/nihel.com\/#website\",\"url\":\"https:\/\/nihel.com\/\",\"name\":\"LABORATOIRES NIHEL\",\"description\":\"Fabrication des produits cosm\u00e9tiques en Tunisie\",\"potentialAction\":[{\"@type\":\"SearchAction\",\"target\":{\"@type\":\"EntryPoint\",\"urlTemplate\":\"https:\/\/nihel.com\/?s={search_term_string}\"},\"query-input\":\"required name=search_term_string\"}],\"inLanguage\":\"en-US\"}]}<\/script>\n<!-- \/ Yoast SEO plugin. -->","yoast_head_json":{"title":"HUILE D'AMANDE NIHEL | LABORATOIRES NIHEL","description":"NIHEL HUILE D'AMANDE\u00a0 pour cheveux secs et abim\u00e9s est un soin r\u00e9parateur et anti-casse. Il am\u00e9liore la sant\u00e9 de vos cheveux au quotidien , les lisses et les nourrit en profondeur et aide \u00e0 l\u2019hydratation au quotidien. Contenance:\u00a090ml","robots":{"index":"index","follow":"follow","max-snippet":"max-snippet:-1","max-image-preview":"max-image-preview:large","max-video-preview":"max-video-preview:-1"},"canonical":"https:\/\/nihel.com\/en\/product\/huile-damande-nihel\/","og_locale":"en_US","og_type":"article","og_title":"HUILE D'AMANDE NIHEL | LABORATOIRES NIHEL","og_description":"NIHEL HUILE D'AMANDE\u00a0 pour cheveux secs et abim\u00e9s est un soin r\u00e9parateur et anti-casse. Il am\u00e9liore la sant\u00e9 de vos cheveux au quotidien , les lisses et les nourrit en profondeur et aide \u00e0 l\u2019hydratation au quotidien. Contenance:\u00a090ml","og_url":"https:\/\/nihel.com\/en\/product\/huile-damande-nihel\/","og_site_name":"LABORATOIRES NIHEL","article_modified_time":"2024-03-25T08:24:52+00:00","og_image":[{"width":1023,"height":1280,"url":"https:\/\/nihel.com\/wp-content\/uploads\/2024\/03\/WhatsApp-Image-2024-03-23-at-08.51.51-2.jpeg","type":"image\/jpeg"}],"twitter_card":"summary_large_image","schema":{"@context":"https:\/\/schema.org","@graph":[{"@type":"WebPage","@id":"https:\/\/nihel.com\/en\/product\/huile-damande-nihel\/","url":"https:\/\/nihel.com\/en\/product\/huile-damande-nihel\/","name":"HUILE D'AMANDE NIHEL | LABORATOIRES NIHEL","isPartOf":{"@id":"https:\/\/nihel.com\/#website"},"datePublished":"2024-03-25T08:23:35+00:00","dateModified":"2024-03-25T08:24:52+00:00","description":"NIHEL HUILE D'AMANDE\u00a0 pour cheveux secs et abim\u00e9s est un soin r\u00e9parateur et anti-casse. Il am\u00e9liore la sant\u00e9 de vos cheveux au quotidien , les lisses et les nourrit en profondeur et aide \u00e0 l\u2019hydratation au quotidien. Contenance:\u00a090ml","breadcrumb":{"@id":"https:\/\/nihel.com\/en\/product\/huile-damande-nihel\/#breadcrumb"},"inLanguage":"en-US","potentialAction":[{"@type":"ReadAction","target":["https:\/\/nihel.com\/en\/product\/huile-damande-nihel\/"]}]},{"@type":"BreadcrumbList","@id":"https:\/\/nihel.com\/en\/product\/huile-damande-nihel\/#breadcrumb","itemListElement":[{"@type":"ListItem","position":1,"name":"Home","item":"https:\/\/nihel.com\/en\/"},{"@type":"ListItem","position":2,"name":"Produits","item":"https:\/\/nihel.com\/shop\/"},{"@type":"ListItem","position":3,"name":"HUILE D&rsquo;AMANDE NIHEL"}]},{"@type":"WebSite","@id":"https:\/\/nihel.com\/#website","url":"https:\/\/nihel.com\/","name":"LABORATOIRES NIHEL","description":"Fabrication des produits cosm\u00e9tiques en Tunisie","potentialAction":[{"@type":"SearchAction","target":{"@type":"EntryPoint","urlTemplate":"https:\/\/nihel.com\/?s={search_term_string}"},"query-input":"required name=search_term_string"}],"inLanguage":"en-US"}]}},"_links":{"self":[{"href":"https:\/\/nihel.com\/en\/wp-json\/wp\/v2\/product\/4504","targetHints":{"allow":["GET"]}}],"collection":[{"href":"https:\/\/nihel.com\/en\/wp-json\/wp\/v2\/product"}],"about":[{"href":"https:\/\/nihel.com\/en\/wp-json\/wp\/v2\/types\/product"}],"replies":[{"embeddable":true,"href":"https:\/\/nihel.com\/en\/wp-json\/wp\/v2\/comments?post=4504"}],"wp:featuredmedia":[{"embeddable":true,"href":"https:\/\/nihel.com\/en\/wp-json\/wp\/v2\/media\/4502"}],"wp:attachment":[{"href":"https:\/\/nihel.com\/en\/wp-json\/wp\/v2\/media?parent=4504"}],"wp:term":[{"taxonomy":"brand","embeddable":true,"href":"https:\/\/nihel.com\/en\/wp-json\/wp\/v2\/etheme_brands?post=4504"},{"taxonomy":"product_cat","embeddable":true,"href":"https:\/\/nihel.com\/en\/wp-json\/wp\/v2\/product_cat?post=4504"},{"taxonomy":"product_tag","embeddable":true,"href":"https:\/\/nihel.com\/en\/wp-json\/wp\/v2\/product_tag?post=4504"}],"curies":[{"name":"wp","href":"https:\/\/api.w.org\/{rel}","templated":true}]}}