{"id":3583,"date":"2023-11-16T16:10:51","date_gmt":"2023-11-16T15:10:51","guid":{"rendered":"https:\/\/nihel.com\/?post_type=product&#038;p=3583"},"modified":"2024-02-13T17:33:39","modified_gmt":"2024-02-13T16:33:39","slug":"nihel-egg-vanilla-hair-mask","status":"publish","type":"product","link":"https:\/\/nihel.com\/en\/product\/nihel-egg-vanilla-hair-mask\/","title":{"rendered":"NIHEL EGG &#038; VANILLA HAIR MASK"},"content":{"rendered":"","protected":false},"excerpt":{"rendered":"<p style=\"text-align: justify;\">Est con\u00e7u pour des cheveux rebelles. Gr\u00e2ce \u00e0 sa formule r\u00e9paratrice, il am\u00e9liore et prot\u00e8ge vos cheveux jusqu&#8217;aux pointes. Vos cheveux r\u00e9cup\u00e8rent vitalit\u00e9 et retrouvent leur sant\u00e9 naturelle.<\/p>\n<p style=\"text-align: justify;\"><strong>Usage Tips:<\/strong>\u00a0: Apply the mask to wet hair and gently massage the scalp. Leave on for 10 minutes, then rinse with water.<br \/>\n<strong>Volume:\u00a0<\/strong>300ml<\/p>\n","protected":false},"featured_media":3572,"comment_status":"open","ping_status":"closed","template":"","meta":[],"etheme_brands":[{"term_id":375,"name":"NIHEL","slug":"nihel-en","term_group":0,"term_taxonomy_id":375,"taxonomy":"brand","description":"","parent":0,"count":98,"filter":"raw","term_order":"0"}],"product_cat":[650,652,648,649],"product_tag":[],"class_list":["post-3583","product","type-product","status-publish","has-post-thumbnail","hentry","brand-nihel-en","product_cat-hair-care","product_cat-hair-mask","product_cat-nihel-en","product_cat-adult"],"yoast_head":"<!-- This site is optimized with the Yoast SEO plugin v19.10 - https:\/\/yoast.com\/wordpress\/plugins\/seo\/ -->\n<title>NIHEL EGG &amp; VANILLA HAIR MASK | LABORATOIRES NIHEL<\/title>\n<meta name=\"description\" content=\"Est con\u00e7u pour des cheveux rebelles. Gr\u00e2ce \u00e0 sa formule r\u00e9paratrice, il am\u00e9liore et prot\u00e8ge vos cheveux jusqu&#039;aux pointes. Vos cheveux r\u00e9cup\u00e8rent vitalit\u00e9 et retrouvent leur sant\u00e9 naturelle. Usage Tips:\u00a0: Apply the mask to wet hair and gently massage the scalp. Leave on for 10 minutes, then rinse with water. Volume:\u00a0300ml\" \/>\n<meta name=\"robots\" content=\"index, follow, max-snippet:-1, max-image-preview:large, max-video-preview:-1\" \/>\n<link rel=\"canonical\" href=\"https:\/\/nihel.com\/en\/product\/nihel-egg-vanilla-hair-mask\/\" \/>\n<meta property=\"og:locale\" content=\"en_US\" \/>\n<meta property=\"og:type\" content=\"article\" \/>\n<meta property=\"og:title\" content=\"NIHEL EGG &amp; VANILLA HAIR MASK | LABORATOIRES NIHEL\" \/>\n<meta property=\"og:description\" content=\"Est con\u00e7u pour des cheveux rebelles. Gr\u00e2ce \u00e0 sa formule r\u00e9paratrice, il am\u00e9liore et prot\u00e8ge vos cheveux jusqu&#039;aux pointes. Vos cheveux r\u00e9cup\u00e8rent vitalit\u00e9 et retrouvent leur sant\u00e9 naturelle. Usage Tips:\u00a0: Apply the mask to wet hair and gently massage the scalp. Leave on for 10 minutes, then rinse with water. Volume:\u00a0300ml\" \/>\n<meta property=\"og:url\" content=\"https:\/\/nihel.com\/en\/product\/nihel-egg-vanilla-hair-mask\/\" \/>\n<meta property=\"og:site_name\" content=\"LABORATOIRES NIHEL\" \/>\n<meta property=\"article:modified_time\" content=\"2024-02-13T16:33:39+00:00\" \/>\n<meta property=\"og:image\" content=\"https:\/\/nihel.com\/wp-content\/uploads\/2023\/11\/ouef.jpg\" \/>\n\t<meta property=\"og:image:width\" content=\"450\" \/>\n\t<meta property=\"og:image:height\" content=\"750\" \/>\n\t<meta property=\"og:image:type\" content=\"image\/jpeg\" \/>\n<meta name=\"twitter:card\" content=\"summary_large_image\" \/>\n<script type=\"application\/ld+json\" class=\"yoast-schema-graph\">{\"@context\":\"https:\/\/schema.org\",\"@graph\":[{\"@type\":\"WebPage\",\"@id\":\"https:\/\/nihel.com\/en\/product\/nihel-egg-vanilla-hair-mask\/\",\"url\":\"https:\/\/nihel.com\/en\/product\/nihel-egg-vanilla-hair-mask\/\",\"name\":\"NIHEL EGG & VANILLA HAIR MASK | LABORATOIRES NIHEL\",\"isPartOf\":{\"@id\":\"https:\/\/nihel.com\/#website\"},\"datePublished\":\"2023-11-16T15:10:51+00:00\",\"dateModified\":\"2024-02-13T16:33:39+00:00\",\"description\":\"Est con\u00e7u pour des cheveux rebelles. Gr\u00e2ce \u00e0 sa formule r\u00e9paratrice, il am\u00e9liore et prot\u00e8ge vos cheveux jusqu'aux pointes. Vos cheveux r\u00e9cup\u00e8rent vitalit\u00e9 et retrouvent leur sant\u00e9 naturelle. Usage Tips:\u00a0: Apply the mask to wet hair and gently massage the scalp. Leave on for 10 minutes, then rinse with water. Volume:\u00a0300ml\",\"breadcrumb\":{\"@id\":\"https:\/\/nihel.com\/en\/product\/nihel-egg-vanilla-hair-mask\/#breadcrumb\"},\"inLanguage\":\"en-US\",\"potentialAction\":[{\"@type\":\"ReadAction\",\"target\":[\"https:\/\/nihel.com\/en\/product\/nihel-egg-vanilla-hair-mask\/\"]}]},{\"@type\":\"BreadcrumbList\",\"@id\":\"https:\/\/nihel.com\/en\/product\/nihel-egg-vanilla-hair-mask\/#breadcrumb\",\"itemListElement\":[{\"@type\":\"ListItem\",\"position\":1,\"name\":\"Home\",\"item\":\"https:\/\/nihel.com\/en\/\"},{\"@type\":\"ListItem\",\"position\":2,\"name\":\"Produits\",\"item\":\"https:\/\/nihel.com\/shop\/\"},{\"@type\":\"ListItem\",\"position\":3,\"name\":\"NIHEL EGG &#038; VANILLA HAIR MASK\"}]},{\"@type\":\"WebSite\",\"@id\":\"https:\/\/nihel.com\/#website\",\"url\":\"https:\/\/nihel.com\/\",\"name\":\"LABORATOIRES NIHEL\",\"description\":\"Fabrication des produits cosm\u00e9tiques en Tunisie\",\"potentialAction\":[{\"@type\":\"SearchAction\",\"target\":{\"@type\":\"EntryPoint\",\"urlTemplate\":\"https:\/\/nihel.com\/?s={search_term_string}\"},\"query-input\":\"required name=search_term_string\"}],\"inLanguage\":\"en-US\"}]}<\/script>\n<!-- \/ Yoast SEO plugin. -->","yoast_head_json":{"title":"NIHEL EGG & VANILLA HAIR MASK | LABORATOIRES NIHEL","description":"Est con\u00e7u pour des cheveux rebelles. Gr\u00e2ce \u00e0 sa formule r\u00e9paratrice, il am\u00e9liore et prot\u00e8ge vos cheveux jusqu'aux pointes. Vos cheveux r\u00e9cup\u00e8rent vitalit\u00e9 et retrouvent leur sant\u00e9 naturelle. Usage Tips:\u00a0: Apply the mask to wet hair and gently massage the scalp. Leave on for 10 minutes, then rinse with water. Volume:\u00a0300ml","robots":{"index":"index","follow":"follow","max-snippet":"max-snippet:-1","max-image-preview":"max-image-preview:large","max-video-preview":"max-video-preview:-1"},"canonical":"https:\/\/nihel.com\/en\/product\/nihel-egg-vanilla-hair-mask\/","og_locale":"en_US","og_type":"article","og_title":"NIHEL EGG & VANILLA HAIR MASK | LABORATOIRES NIHEL","og_description":"Est con\u00e7u pour des cheveux rebelles. Gr\u00e2ce \u00e0 sa formule r\u00e9paratrice, il am\u00e9liore et prot\u00e8ge vos cheveux jusqu'aux pointes. Vos cheveux r\u00e9cup\u00e8rent vitalit\u00e9 et retrouvent leur sant\u00e9 naturelle. Usage Tips:\u00a0: Apply the mask to wet hair and gently massage the scalp. Leave on for 10 minutes, then rinse with water. Volume:\u00a0300ml","og_url":"https:\/\/nihel.com\/en\/product\/nihel-egg-vanilla-hair-mask\/","og_site_name":"LABORATOIRES NIHEL","article_modified_time":"2024-02-13T16:33:39+00:00","og_image":[{"width":450,"height":750,"url":"https:\/\/nihel.com\/wp-content\/uploads\/2023\/11\/ouef.jpg","type":"image\/jpeg"}],"twitter_card":"summary_large_image","schema":{"@context":"https:\/\/schema.org","@graph":[{"@type":"WebPage","@id":"https:\/\/nihel.com\/en\/product\/nihel-egg-vanilla-hair-mask\/","url":"https:\/\/nihel.com\/en\/product\/nihel-egg-vanilla-hair-mask\/","name":"NIHEL EGG & VANILLA HAIR MASK | LABORATOIRES NIHEL","isPartOf":{"@id":"https:\/\/nihel.com\/#website"},"datePublished":"2023-11-16T15:10:51+00:00","dateModified":"2024-02-13T16:33:39+00:00","description":"Est con\u00e7u pour des cheveux rebelles. Gr\u00e2ce \u00e0 sa formule r\u00e9paratrice, il am\u00e9liore et prot\u00e8ge vos cheveux jusqu'aux pointes. Vos cheveux r\u00e9cup\u00e8rent vitalit\u00e9 et retrouvent leur sant\u00e9 naturelle. Usage Tips:\u00a0: Apply the mask to wet hair and gently massage the scalp. Leave on for 10 minutes, then rinse with water. Volume:\u00a0300ml","breadcrumb":{"@id":"https:\/\/nihel.com\/en\/product\/nihel-egg-vanilla-hair-mask\/#breadcrumb"},"inLanguage":"en-US","potentialAction":[{"@type":"ReadAction","target":["https:\/\/nihel.com\/en\/product\/nihel-egg-vanilla-hair-mask\/"]}]},{"@type":"BreadcrumbList","@id":"https:\/\/nihel.com\/en\/product\/nihel-egg-vanilla-hair-mask\/#breadcrumb","itemListElement":[{"@type":"ListItem","position":1,"name":"Home","item":"https:\/\/nihel.com\/en\/"},{"@type":"ListItem","position":2,"name":"Produits","item":"https:\/\/nihel.com\/shop\/"},{"@type":"ListItem","position":3,"name":"NIHEL EGG &#038; VANILLA HAIR MASK"}]},{"@type":"WebSite","@id":"https:\/\/nihel.com\/#website","url":"https:\/\/nihel.com\/","name":"LABORATOIRES NIHEL","description":"Fabrication des produits cosm\u00e9tiques en Tunisie","potentialAction":[{"@type":"SearchAction","target":{"@type":"EntryPoint","urlTemplate":"https:\/\/nihel.com\/?s={search_term_string}"},"query-input":"required name=search_term_string"}],"inLanguage":"en-US"}]}},"_links":{"self":[{"href":"https:\/\/nihel.com\/en\/wp-json\/wp\/v2\/product\/3583","targetHints":{"allow":["GET"]}}],"collection":[{"href":"https:\/\/nihel.com\/en\/wp-json\/wp\/v2\/product"}],"about":[{"href":"https:\/\/nihel.com\/en\/wp-json\/wp\/v2\/types\/product"}],"replies":[{"embeddable":true,"href":"https:\/\/nihel.com\/en\/wp-json\/wp\/v2\/comments?post=3583"}],"wp:featuredmedia":[{"embeddable":true,"href":"https:\/\/nihel.com\/en\/wp-json\/wp\/v2\/media\/3572"}],"wp:attachment":[{"href":"https:\/\/nihel.com\/en\/wp-json\/wp\/v2\/media?parent=3583"}],"wp:term":[{"taxonomy":"brand","embeddable":true,"href":"https:\/\/nihel.com\/en\/wp-json\/wp\/v2\/etheme_brands?post=3583"},{"taxonomy":"product_cat","embeddable":true,"href":"https:\/\/nihel.com\/en\/wp-json\/wp\/v2\/product_cat?post=3583"},{"taxonomy":"product_tag","embeddable":true,"href":"https:\/\/nihel.com\/en\/wp-json\/wp\/v2\/product_tag?post=3583"}],"curies":[{"name":"wp","href":"https:\/\/api.w.org\/{rel}","templated":true}]}}