{"id":1477,"date":"2023-10-23T17:09:07","date_gmt":"2023-10-23T15:09:07","guid":{"rendered":"https:\/\/nihel.com\/?post_type=product&#038;p=1477"},"modified":"2024-02-14T22:16:46","modified_gmt":"2024-02-14T21:16:46","slug":"nihel-epidouce-with-rose-water","status":"publish","type":"product","link":"https:\/\/nihel.com\/en\/product\/nihel-epidouce-with-rose-water\/","title":{"rendered":"ORIENTAL WAX NIHEL WITH ROSEWATER"},"content":{"rendered":"","protected":false},"excerpt":{"rendered":"<div style=\"text-align: justify;\">\n<p>Nihel \u00c9pidouce 3en1: Cire orientale d\u00e9pilatoire riche en substances naturelles associant la g\u00e9n\u00e9rosit\u00e9 du miel et la douceur de l&#8217;huile d&#8217;amande douce procure une v\u00e9ritable sensation de douceur.<\/p>\n<\/div>\n<p><strong>Contenance:<\/strong> 300 \/ 150G<br \/>\n<strong>Mode d&#8217;emploi:<\/strong> En hiver: la cire se chauffe au bain-marie pendant 5 min jusqu&#8217;\u00e0 ce que &#8216;e contenu soit ramolli. Assurez- vous que l&#8217;eau ne p\u00e9n\u00e8tre pas \u00e0 l&#8217;int\u00e9rieur du pot. Prenez avec vos doigts la quantit\u00e9 de cire n\u00e9cessaire, appliquez la dans le sens de la repousse du poil et retirez. Les \u00e9ventuels r\u00e9sidus de cire sont rin\u00e7ables \u00e8 l&#8217;eau. En \u00e9t\u00e9: pas besoin de chauffer la cire. Elle s&#8217;utilise directement<\/p>\n","protected":false},"featured_media":1375,"comment_status":"open","ping_status":"closed","template":"","meta":[],"etheme_brands":[{"term_id":375,"name":"NIHEL","slug":"nihel-en","term_group":0,"term_taxonomy_id":375,"taxonomy":"brand","description":"","parent":0,"count":98,"filter":"raw","term_order":"0"}],"product_cat":[648,649,658,662],"product_tag":[],"class_list":["post-1477","product","type-product","status-publish","has-post-thumbnail","hentry","brand-nihel-en","product_cat-nihel-en","product_cat-adult","product_cat-body-care-and-hygiene","product_cat-hair-removal"],"yoast_head":"<!-- This site is optimized with the Yoast SEO plugin v19.10 - https:\/\/yoast.com\/wordpress\/plugins\/seo\/ -->\n<title>ORIENTAL WAX NIHEL WITH ROSEWATER | LABORATOIRES NIHEL<\/title>\n<meta name=\"description\" content=\"Nihel \u00c9pidouce 3en1: Cire orientale d\u00e9pilatoire riche en substances naturelles associant la g\u00e9n\u00e9rosit\u00e9 du miel et la douceur de l&#039;huile d&#039;amande douce procure une v\u00e9ritable sensation de douceur.   Contenance: 300 \/ 150G Mode d&#039;emploi: En hiver: la cire se chauffe au bain-marie pendant 5 min jusqu&#039;\u00e0 ce que &#039;e contenu soit ramolli. Assurez- vous que l&#039;eau ne p\u00e9n\u00e8tre pas \u00e0 l&#039;int\u00e9rieur du pot. Prenez avec vos doigts la quantit\u00e9 de cire n\u00e9cessaire, appliquez la dans le sens de la repousse du poil et retirez. Les \u00e9ventuels r\u00e9sidus de cire sont rin\u00e7ables \u00e8 l&#039;eau. En \u00e9t\u00e9: pas besoin de chauffer la cire. Elle s&#039;utilise directement\" \/>\n<meta name=\"robots\" content=\"index, follow, max-snippet:-1, max-image-preview:large, max-video-preview:-1\" \/>\n<link rel=\"canonical\" href=\"https:\/\/nihel.com\/en\/product\/nihel-epidouce-with-rose-water\/\" \/>\n<meta property=\"og:locale\" content=\"en_US\" \/>\n<meta property=\"og:type\" content=\"article\" \/>\n<meta property=\"og:title\" content=\"ORIENTAL WAX NIHEL WITH ROSEWATER | LABORATOIRES NIHEL\" \/>\n<meta property=\"og:description\" content=\"Nihel \u00c9pidouce 3en1: Cire orientale d\u00e9pilatoire riche en substances naturelles associant la g\u00e9n\u00e9rosit\u00e9 du miel et la douceur de l&#039;huile d&#039;amande douce procure une v\u00e9ritable sensation de douceur.   Contenance: 300 \/ 150G Mode d&#039;emploi: En hiver: la cire se chauffe au bain-marie pendant 5 min jusqu&#039;\u00e0 ce que &#039;e contenu soit ramolli. Assurez- vous que l&#039;eau ne p\u00e9n\u00e8tre pas \u00e0 l&#039;int\u00e9rieur du pot. Prenez avec vos doigts la quantit\u00e9 de cire n\u00e9cessaire, appliquez la dans le sens de la repousse du poil et retirez. Les \u00e9ventuels r\u00e9sidus de cire sont rin\u00e7ables \u00e8 l&#039;eau. En \u00e9t\u00e9: pas besoin de chauffer la cire. Elle s&#039;utilise directement\" \/>\n<meta property=\"og:url\" content=\"https:\/\/nihel.com\/en\/product\/nihel-epidouce-with-rose-water\/\" \/>\n<meta property=\"og:site_name\" content=\"LABORATOIRES NIHEL\" \/>\n<meta property=\"article:modified_time\" content=\"2024-02-14T21:16:46+00:00\" \/>\n<meta property=\"og:image\" content=\"https:\/\/nihel.com\/wp-content\/uploads\/2023\/10\/rose.jpg\" \/>\n\t<meta property=\"og:image:width\" content=\"450\" \/>\n\t<meta property=\"og:image:height\" content=\"750\" \/>\n\t<meta property=\"og:image:type\" content=\"image\/jpeg\" \/>\n<meta name=\"twitter:card\" content=\"summary_large_image\" \/>\n<script type=\"application\/ld+json\" class=\"yoast-schema-graph\">{\"@context\":\"https:\/\/schema.org\",\"@graph\":[{\"@type\":\"WebPage\",\"@id\":\"https:\/\/nihel.com\/en\/product\/nihel-epidouce-with-rose-water\/\",\"url\":\"https:\/\/nihel.com\/en\/product\/nihel-epidouce-with-rose-water\/\",\"name\":\"ORIENTAL WAX NIHEL WITH ROSEWATER | LABORATOIRES NIHEL\",\"isPartOf\":{\"@id\":\"https:\/\/nihel.com\/#website\"},\"datePublished\":\"2023-10-23T15:09:07+00:00\",\"dateModified\":\"2024-02-14T21:16:46+00:00\",\"description\":\"Nihel \u00c9pidouce 3en1: Cire orientale d\u00e9pilatoire riche en substances naturelles associant la g\u00e9n\u00e9rosit\u00e9 du miel et la douceur de l'huile d'amande douce procure une v\u00e9ritable sensation de douceur. Contenance: 300 \/ 150G Mode d'emploi: En hiver: la cire se chauffe au bain-marie pendant 5 min jusqu'\u00e0 ce que 'e contenu soit ramolli. Assurez- vous que l'eau ne p\u00e9n\u00e8tre pas \u00e0 l'int\u00e9rieur du pot. Prenez avec vos doigts la quantit\u00e9 de cire n\u00e9cessaire, appliquez la dans le sens de la repousse du poil et retirez. Les \u00e9ventuels r\u00e9sidus de cire sont rin\u00e7ables \u00e8 l'eau. En \u00e9t\u00e9: pas besoin de chauffer la cire. Elle s'utilise directement\",\"breadcrumb\":{\"@id\":\"https:\/\/nihel.com\/en\/product\/nihel-epidouce-with-rose-water\/#breadcrumb\"},\"inLanguage\":\"en-US\",\"potentialAction\":[{\"@type\":\"ReadAction\",\"target\":[\"https:\/\/nihel.com\/en\/product\/nihel-epidouce-with-rose-water\/\"]}]},{\"@type\":\"BreadcrumbList\",\"@id\":\"https:\/\/nihel.com\/en\/product\/nihel-epidouce-with-rose-water\/#breadcrumb\",\"itemListElement\":[{\"@type\":\"ListItem\",\"position\":1,\"name\":\"Home\",\"item\":\"https:\/\/nihel.com\/en\/\"},{\"@type\":\"ListItem\",\"position\":2,\"name\":\"Produits\",\"item\":\"https:\/\/nihel.com\/shop\/\"},{\"@type\":\"ListItem\",\"position\":3,\"name\":\"ORIENTAL WAX NIHEL WITH ROSEWATER\"}]},{\"@type\":\"WebSite\",\"@id\":\"https:\/\/nihel.com\/#website\",\"url\":\"https:\/\/nihel.com\/\",\"name\":\"LABORATOIRES NIHEL\",\"description\":\"Fabrication des produits cosm\u00e9tiques en Tunisie\",\"potentialAction\":[{\"@type\":\"SearchAction\",\"target\":{\"@type\":\"EntryPoint\",\"urlTemplate\":\"https:\/\/nihel.com\/?s={search_term_string}\"},\"query-input\":\"required name=search_term_string\"}],\"inLanguage\":\"en-US\"}]}<\/script>\n<!-- \/ Yoast SEO plugin. -->","yoast_head_json":{"title":"ORIENTAL WAX NIHEL WITH ROSEWATER | LABORATOIRES NIHEL","description":"Nihel \u00c9pidouce 3en1: Cire orientale d\u00e9pilatoire riche en substances naturelles associant la g\u00e9n\u00e9rosit\u00e9 du miel et la douceur de l'huile d'amande douce procure une v\u00e9ritable sensation de douceur.   Contenance: 300 \/ 150G Mode d'emploi: En hiver: la cire se chauffe au bain-marie pendant 5 min jusqu'\u00e0 ce que 'e contenu soit ramolli. Assurez- vous que l'eau ne p\u00e9n\u00e8tre pas \u00e0 l'int\u00e9rieur du pot. Prenez avec vos doigts la quantit\u00e9 de cire n\u00e9cessaire, appliquez la dans le sens de la repousse du poil et retirez. Les \u00e9ventuels r\u00e9sidus de cire sont rin\u00e7ables \u00e8 l'eau. En \u00e9t\u00e9: pas besoin de chauffer la cire. Elle s'utilise directement","robots":{"index":"index","follow":"follow","max-snippet":"max-snippet:-1","max-image-preview":"max-image-preview:large","max-video-preview":"max-video-preview:-1"},"canonical":"https:\/\/nihel.com\/en\/product\/nihel-epidouce-with-rose-water\/","og_locale":"en_US","og_type":"article","og_title":"ORIENTAL WAX NIHEL WITH ROSEWATER | LABORATOIRES NIHEL","og_description":"Nihel \u00c9pidouce 3en1: Cire orientale d\u00e9pilatoire riche en substances naturelles associant la g\u00e9n\u00e9rosit\u00e9 du miel et la douceur de l'huile d'amande douce procure une v\u00e9ritable sensation de douceur.   Contenance: 300 \/ 150G Mode d'emploi: En hiver: la cire se chauffe au bain-marie pendant 5 min jusqu'\u00e0 ce que 'e contenu soit ramolli. Assurez- vous que l'eau ne p\u00e9n\u00e8tre pas \u00e0 l'int\u00e9rieur du pot. Prenez avec vos doigts la quantit\u00e9 de cire n\u00e9cessaire, appliquez la dans le sens de la repousse du poil et retirez. Les \u00e9ventuels r\u00e9sidus de cire sont rin\u00e7ables \u00e8 l'eau. En \u00e9t\u00e9: pas besoin de chauffer la cire. Elle s'utilise directement","og_url":"https:\/\/nihel.com\/en\/product\/nihel-epidouce-with-rose-water\/","og_site_name":"LABORATOIRES NIHEL","article_modified_time":"2024-02-14T21:16:46+00:00","og_image":[{"width":450,"height":750,"url":"https:\/\/nihel.com\/wp-content\/uploads\/2023\/10\/rose.jpg","type":"image\/jpeg"}],"twitter_card":"summary_large_image","schema":{"@context":"https:\/\/schema.org","@graph":[{"@type":"WebPage","@id":"https:\/\/nihel.com\/en\/product\/nihel-epidouce-with-rose-water\/","url":"https:\/\/nihel.com\/en\/product\/nihel-epidouce-with-rose-water\/","name":"ORIENTAL WAX NIHEL WITH ROSEWATER | LABORATOIRES NIHEL","isPartOf":{"@id":"https:\/\/nihel.com\/#website"},"datePublished":"2023-10-23T15:09:07+00:00","dateModified":"2024-02-14T21:16:46+00:00","description":"Nihel \u00c9pidouce 3en1: Cire orientale d\u00e9pilatoire riche en substances naturelles associant la g\u00e9n\u00e9rosit\u00e9 du miel et la douceur de l'huile d'amande douce procure une v\u00e9ritable sensation de douceur. Contenance: 300 \/ 150G Mode d'emploi: En hiver: la cire se chauffe au bain-marie pendant 5 min jusqu'\u00e0 ce que 'e contenu soit ramolli. Assurez- vous que l'eau ne p\u00e9n\u00e8tre pas \u00e0 l'int\u00e9rieur du pot. Prenez avec vos doigts la quantit\u00e9 de cire n\u00e9cessaire, appliquez la dans le sens de la repousse du poil et retirez. Les \u00e9ventuels r\u00e9sidus de cire sont rin\u00e7ables \u00e8 l'eau. En \u00e9t\u00e9: pas besoin de chauffer la cire. Elle s'utilise directement","breadcrumb":{"@id":"https:\/\/nihel.com\/en\/product\/nihel-epidouce-with-rose-water\/#breadcrumb"},"inLanguage":"en-US","potentialAction":[{"@type":"ReadAction","target":["https:\/\/nihel.com\/en\/product\/nihel-epidouce-with-rose-water\/"]}]},{"@type":"BreadcrumbList","@id":"https:\/\/nihel.com\/en\/product\/nihel-epidouce-with-rose-water\/#breadcrumb","itemListElement":[{"@type":"ListItem","position":1,"name":"Home","item":"https:\/\/nihel.com\/en\/"},{"@type":"ListItem","position":2,"name":"Produits","item":"https:\/\/nihel.com\/shop\/"},{"@type":"ListItem","position":3,"name":"ORIENTAL WAX NIHEL WITH ROSEWATER"}]},{"@type":"WebSite","@id":"https:\/\/nihel.com\/#website","url":"https:\/\/nihel.com\/","name":"LABORATOIRES NIHEL","description":"Fabrication des produits cosm\u00e9tiques en Tunisie","potentialAction":[{"@type":"SearchAction","target":{"@type":"EntryPoint","urlTemplate":"https:\/\/nihel.com\/?s={search_term_string}"},"query-input":"required name=search_term_string"}],"inLanguage":"en-US"}]}},"_links":{"self":[{"href":"https:\/\/nihel.com\/en\/wp-json\/wp\/v2\/product\/1477","targetHints":{"allow":["GET"]}}],"collection":[{"href":"https:\/\/nihel.com\/en\/wp-json\/wp\/v2\/product"}],"about":[{"href":"https:\/\/nihel.com\/en\/wp-json\/wp\/v2\/types\/product"}],"replies":[{"embeddable":true,"href":"https:\/\/nihel.com\/en\/wp-json\/wp\/v2\/comments?post=1477"}],"wp:featuredmedia":[{"embeddable":true,"href":"https:\/\/nihel.com\/en\/wp-json\/wp\/v2\/media\/1375"}],"wp:attachment":[{"href":"https:\/\/nihel.com\/en\/wp-json\/wp\/v2\/media?parent=1477"}],"wp:term":[{"taxonomy":"brand","embeddable":true,"href":"https:\/\/nihel.com\/en\/wp-json\/wp\/v2\/etheme_brands?post=1477"},{"taxonomy":"product_cat","embeddable":true,"href":"https:\/\/nihel.com\/en\/wp-json\/wp\/v2\/product_cat?post=1477"},{"taxonomy":"product_tag","embeddable":true,"href":"https:\/\/nihel.com\/en\/wp-json\/wp\/v2\/product_tag?post=1477"}],"curies":[{"name":"wp","href":"https:\/\/api.w.org\/{rel}","templated":true}]}}