{"id":4838,"date":"2024-08-14T13:03:28","date_gmt":"2024-08-14T11:03:28","guid":{"rendered":"https:\/\/nihel.com\/product\/gel-lavant-3en1-baby-bubble\/"},"modified":"2024-09-25T12:59:17","modified_gmt":"2024-09-25T10:59:17","slug":"gel-lavant-3en1-baby-bubble","status":"publish","type":"product","link":"https:\/\/nihel.com\/ar\/product\/gel-lavant-3en1-baby-bubble\/","title":{"rendered":"GEL LAVANT 3EN1 BABY BUBBLE"},"content":{"rendered":"","protected":false},"excerpt":{"rendered":"<p>BABY BUBBLE GEL LAVANT 3 on 1 est le produit id\u00e9al pour prendre soin \u00e0 la fois de la peau et des cheveux de votre b\u00e9b\u00e9 au quotidien. Gr\u00e2ce \u00e0 sa formule enrichie en aloe vera et en provitamine B5, ce gel parfum\u00e9 nettoie en douceur et hydrate la peau de b\u00e9b\u00e9, la laissant douce et \u00e9clatante. Sa formule sp\u00e9ciale, sans parab\u00e8nes et sans phenoxyethanol, contient un actif doux d&#8217;origine naturelle con\u00e7u pour minimiser l&#8217;irritation oculaire, rendant le moment du bain plus agr\u00e9able pour le b\u00e9b\u00e9 et la maman.<\/p>\n<p><strong>Contenance : 500 ml<\/strong><\/p>\n","protected":false},"featured_media":4844,"comment_status":"closed","ping_status":"closed","template":"","meta":[],"etheme_brands":[{"term_id":822,"name":"Baby Bubble","slug":"baby-bubble-ar","term_group":0,"term_taxonomy_id":822,"taxonomy":"brand","description":"","parent":0,"count":0,"filter":"raw","term_order":"0"}],"product_cat":[761,762],"product_tag":[],"class_list":["post-4838","product","type-product","status-publish","has-post-thumbnail","hentry","brand-baby-bubble-ar","product_cat-761","product_cat--ar"],"yoast_head":"<!-- This site is optimized with the Yoast SEO plugin v19.10 - https:\/\/yoast.com\/wordpress\/plugins\/seo\/ -->\n<title>GEL LAVANT 3EN1 BABY BUBBLE | LABORATOIRES NIHEL<\/title>\n<meta name=\"description\" content=\"BABY BUBBLE GEL LAVANT 3 on 1 est le produit id\u00e9al pour prendre soin \u00e0 la fois de la peau et des cheveux de votre b\u00e9b\u00e9 au quotidien. Gr\u00e2ce \u00e0 sa formule enrichie en aloe vera et en provitamine B5, ce gel parfum\u00e9 nettoie en douceur et hydrate la peau de b\u00e9b\u00e9, la laissant douce et \u00e9clatante. Sa formule sp\u00e9ciale, sans parab\u00e8nes et sans phenoxyethanol, contient un actif doux d&#039;origine naturelle con\u00e7u pour minimiser l&#039;irritation oculaire, rendant le moment du bain plus agr\u00e9able pour le b\u00e9b\u00e9 et la maman.  Contenance : 500 ml\" \/>\n<meta name=\"robots\" content=\"index, follow, max-snippet:-1, max-image-preview:large, max-video-preview:-1\" \/>\n<link rel=\"canonical\" href=\"https:\/\/nihel.com\/ar\/product\/gel-lavant-3en1-baby-bubble\/\" \/>\n<meta property=\"og:locale\" content=\"ar_AR\" \/>\n<meta property=\"og:type\" content=\"article\" \/>\n<meta property=\"og:title\" content=\"GEL LAVANT 3EN1 BABY BUBBLE | LABORATOIRES NIHEL\" \/>\n<meta property=\"og:description\" content=\"BABY BUBBLE GEL LAVANT 3 on 1 est le produit id\u00e9al pour prendre soin \u00e0 la fois de la peau et des cheveux de votre b\u00e9b\u00e9 au quotidien. Gr\u00e2ce \u00e0 sa formule enrichie en aloe vera et en provitamine B5, ce gel parfum\u00e9 nettoie en douceur et hydrate la peau de b\u00e9b\u00e9, la laissant douce et \u00e9clatante. Sa formule sp\u00e9ciale, sans parab\u00e8nes et sans phenoxyethanol, contient un actif doux d&#039;origine naturelle con\u00e7u pour minimiser l&#039;irritation oculaire, rendant le moment du bain plus agr\u00e9able pour le b\u00e9b\u00e9 et la maman.  Contenance : 500 ml\" \/>\n<meta property=\"og:url\" content=\"https:\/\/nihel.com\/ar\/product\/gel-lavant-3en1-baby-bubble\/\" \/>\n<meta property=\"og:site_name\" content=\"LABORATOIRES NIHEL\" \/>\n<meta property=\"article:modified_time\" content=\"2024-09-25T10:59:17+00:00\" \/>\n<meta name=\"twitter:card\" content=\"summary_large_image\" \/>\n<script type=\"application\/ld+json\" class=\"yoast-schema-graph\">{\"@context\":\"https:\/\/schema.org\",\"@graph\":[{\"@type\":\"WebPage\",\"@id\":\"https:\/\/nihel.com\/ar\/product\/gel-lavant-3en1-baby-bubble\/\",\"url\":\"https:\/\/nihel.com\/ar\/product\/gel-lavant-3en1-baby-bubble\/\",\"name\":\"GEL LAVANT 3EN1 BABY BUBBLE | LABORATOIRES NIHEL\",\"isPartOf\":{\"@id\":\"https:\/\/nihel.com\/#website\"},\"datePublished\":\"2024-08-14T11:03:28+00:00\",\"dateModified\":\"2024-09-25T10:59:17+00:00\",\"description\":\"BABY BUBBLE GEL LAVANT 3 on 1 est le produit id\u00e9al pour prendre soin \u00e0 la fois de la peau et des cheveux de votre b\u00e9b\u00e9 au quotidien. Gr\u00e2ce \u00e0 sa formule enrichie en aloe vera et en provitamine B5, ce gel parfum\u00e9 nettoie en douceur et hydrate la peau de b\u00e9b\u00e9, la laissant douce et \u00e9clatante. Sa formule sp\u00e9ciale, sans parab\u00e8nes et sans phenoxyethanol, contient un actif doux d'origine naturelle con\u00e7u pour minimiser l'irritation oculaire, rendant le moment du bain plus agr\u00e9able pour le b\u00e9b\u00e9 et la maman. Contenance : 500 ml\",\"breadcrumb\":{\"@id\":\"https:\/\/nihel.com\/ar\/product\/gel-lavant-3en1-baby-bubble\/#breadcrumb\"},\"inLanguage\":\"ar\",\"potentialAction\":[{\"@type\":\"ReadAction\",\"target\":[\"https:\/\/nihel.com\/ar\/product\/gel-lavant-3en1-baby-bubble\/\"]}]},{\"@type\":\"BreadcrumbList\",\"@id\":\"https:\/\/nihel.com\/ar\/product\/gel-lavant-3en1-baby-bubble\/#breadcrumb\",\"itemListElement\":[{\"@type\":\"ListItem\",\"position\":1,\"name\":\"Home\",\"item\":\"https:\/\/nihel.com\/ar\/\"},{\"@type\":\"ListItem\",\"position\":2,\"name\":\"Produits\",\"item\":\"https:\/\/nihel.com\/shop\/\"},{\"@type\":\"ListItem\",\"position\":3,\"name\":\"GEL LAVANT 3EN1 BABY BUBBLE\"}]},{\"@type\":\"WebSite\",\"@id\":\"https:\/\/nihel.com\/#website\",\"url\":\"https:\/\/nihel.com\/\",\"name\":\"LABORATOIRES NIHEL\",\"description\":\"Fabrication des produits cosm\u00e9tiques en Tunisie\",\"potentialAction\":[{\"@type\":\"SearchAction\",\"target\":{\"@type\":\"EntryPoint\",\"urlTemplate\":\"https:\/\/nihel.com\/?s={search_term_string}\"},\"query-input\":\"required name=search_term_string\"}],\"inLanguage\":\"ar\"}]}<\/script>\n<!-- \/ Yoast SEO plugin. -->","yoast_head_json":{"title":"GEL LAVANT 3EN1 BABY BUBBLE | LABORATOIRES NIHEL","description":"BABY BUBBLE GEL LAVANT 3 on 1 est le produit id\u00e9al pour prendre soin \u00e0 la fois de la peau et des cheveux de votre b\u00e9b\u00e9 au quotidien. Gr\u00e2ce \u00e0 sa formule enrichie en aloe vera et en provitamine B5, ce gel parfum\u00e9 nettoie en douceur et hydrate la peau de b\u00e9b\u00e9, la laissant douce et \u00e9clatante. Sa formule sp\u00e9ciale, sans parab\u00e8nes et sans phenoxyethanol, contient un actif doux d'origine naturelle con\u00e7u pour minimiser l'irritation oculaire, rendant le moment du bain plus agr\u00e9able pour le b\u00e9b\u00e9 et la maman.  Contenance : 500 ml","robots":{"index":"index","follow":"follow","max-snippet":"max-snippet:-1","max-image-preview":"max-image-preview:large","max-video-preview":"max-video-preview:-1"},"canonical":"https:\/\/nihel.com\/ar\/product\/gel-lavant-3en1-baby-bubble\/","og_locale":"ar_AR","og_type":"article","og_title":"GEL LAVANT 3EN1 BABY BUBBLE | LABORATOIRES NIHEL","og_description":"BABY BUBBLE GEL LAVANT 3 on 1 est le produit id\u00e9al pour prendre soin \u00e0 la fois de la peau et des cheveux de votre b\u00e9b\u00e9 au quotidien. Gr\u00e2ce \u00e0 sa formule enrichie en aloe vera et en provitamine B5, ce gel parfum\u00e9 nettoie en douceur et hydrate la peau de b\u00e9b\u00e9, la laissant douce et \u00e9clatante. Sa formule sp\u00e9ciale, sans parab\u00e8nes et sans phenoxyethanol, contient un actif doux d'origine naturelle con\u00e7u pour minimiser l'irritation oculaire, rendant le moment du bain plus agr\u00e9able pour le b\u00e9b\u00e9 et la maman.  Contenance : 500 ml","og_url":"https:\/\/nihel.com\/ar\/product\/gel-lavant-3en1-baby-bubble\/","og_site_name":"LABORATOIRES NIHEL","article_modified_time":"2024-09-25T10:59:17+00:00","twitter_card":"summary_large_image","schema":{"@context":"https:\/\/schema.org","@graph":[{"@type":"WebPage","@id":"https:\/\/nihel.com\/ar\/product\/gel-lavant-3en1-baby-bubble\/","url":"https:\/\/nihel.com\/ar\/product\/gel-lavant-3en1-baby-bubble\/","name":"GEL LAVANT 3EN1 BABY BUBBLE | LABORATOIRES NIHEL","isPartOf":{"@id":"https:\/\/nihel.com\/#website"},"datePublished":"2024-08-14T11:03:28+00:00","dateModified":"2024-09-25T10:59:17+00:00","description":"BABY BUBBLE GEL LAVANT 3 on 1 est le produit id\u00e9al pour prendre soin \u00e0 la fois de la peau et des cheveux de votre b\u00e9b\u00e9 au quotidien. Gr\u00e2ce \u00e0 sa formule enrichie en aloe vera et en provitamine B5, ce gel parfum\u00e9 nettoie en douceur et hydrate la peau de b\u00e9b\u00e9, la laissant douce et \u00e9clatante. Sa formule sp\u00e9ciale, sans parab\u00e8nes et sans phenoxyethanol, contient un actif doux d'origine naturelle con\u00e7u pour minimiser l'irritation oculaire, rendant le moment du bain plus agr\u00e9able pour le b\u00e9b\u00e9 et la maman. Contenance : 500 ml","breadcrumb":{"@id":"https:\/\/nihel.com\/ar\/product\/gel-lavant-3en1-baby-bubble\/#breadcrumb"},"inLanguage":"ar","potentialAction":[{"@type":"ReadAction","target":["https:\/\/nihel.com\/ar\/product\/gel-lavant-3en1-baby-bubble\/"]}]},{"@type":"BreadcrumbList","@id":"https:\/\/nihel.com\/ar\/product\/gel-lavant-3en1-baby-bubble\/#breadcrumb","itemListElement":[{"@type":"ListItem","position":1,"name":"Home","item":"https:\/\/nihel.com\/ar\/"},{"@type":"ListItem","position":2,"name":"Produits","item":"https:\/\/nihel.com\/shop\/"},{"@type":"ListItem","position":3,"name":"GEL LAVANT 3EN1 BABY BUBBLE"}]},{"@type":"WebSite","@id":"https:\/\/nihel.com\/#website","url":"https:\/\/nihel.com\/","name":"LABORATOIRES NIHEL","description":"Fabrication des produits cosm\u00e9tiques en Tunisie","potentialAction":[{"@type":"SearchAction","target":{"@type":"EntryPoint","urlTemplate":"https:\/\/nihel.com\/?s={search_term_string}"},"query-input":"required name=search_term_string"}],"inLanguage":"ar"}]}},"_links":{"self":[{"href":"https:\/\/nihel.com\/ar\/wp-json\/wp\/v2\/product\/4838","targetHints":{"allow":["GET"]}}],"collection":[{"href":"https:\/\/nihel.com\/ar\/wp-json\/wp\/v2\/product"}],"about":[{"href":"https:\/\/nihel.com\/ar\/wp-json\/wp\/v2\/types\/product"}],"replies":[{"embeddable":true,"href":"https:\/\/nihel.com\/ar\/wp-json\/wp\/v2\/comments?post=4838"}],"wp:featuredmedia":[{"embeddable":true,"href":"https:\/\/nihel.com\/ar\/wp-json\/wp\/v2\/media\/4844"}],"wp:attachment":[{"href":"https:\/\/nihel.com\/ar\/wp-json\/wp\/v2\/media?parent=4838"}],"wp:term":[{"taxonomy":"brand","embeddable":true,"href":"https:\/\/nihel.com\/ar\/wp-json\/wp\/v2\/etheme_brands?post=4838"},{"taxonomy":"product_cat","embeddable":true,"href":"https:\/\/nihel.com\/ar\/wp-json\/wp\/v2\/product_cat?post=4838"},{"taxonomy":"product_tag","embeddable":true,"href":"https:\/\/nihel.com\/ar\/wp-json\/wp\/v2\/product_tag?post=4838"}],"curies":[{"name":"wp","href":"https:\/\/api.w.org\/{rel}","templated":true}]}}