{"id":4752,"date":"2024-06-04T11:34:46","date_gmt":"2024-06-04T09:34:46","guid":{"rendered":"https:\/\/nihel.com\/product\/roll-on-mineraux-marins-flot-marin\/"},"modified":"2024-06-04T13:52:40","modified_gmt":"2024-06-04T11:52:40","slug":"roll-on-mineraux-marins-flot-marin","status":"publish","type":"product","link":"https:\/\/nihel.com\/ar\/product\/roll-on-mineraux-marins-flot-marin\/","title":{"rendered":"ROLL-ON MIN\u00c9RAUX MARINS, FLOT MARIN 50ML"},"content":{"rendered":"","protected":false},"excerpt":{"rendered":"<p>Le ROLL -ON anti-transpirant MINERAUX MARINS pour femme aide \u00e0 neutraliser les odeurs corporelles et \u00e0 prendre soin de votre peau de mani\u00e8re douce et naturelle. Il vous offre une agr\u00e9able sensation de fraicheur toute la journ\u00e9e en vous assurant une protection pendant <strong>48 heures<\/strong> !<br \/>\nSa formule avec un actif<strong>\u00a0100 % naturel<\/strong>\u00a0,<strong>sans paraben<\/strong>\u00a0,<strong>\u00a0sans alcool<\/strong>\u00a0et<strong> enrichie en vitamine E , <\/strong>contient agent antibact\u00e9rien naturel qui r\u00e9gule la croissance des micro-organismes responsables des mauvaises odeurs tout en respectant l\u2019\u00e9quilibre naturel de votre peau Son parfum frais aux notes marines vous offre un confort durable tout au long de la journ\u00e9e<\/p>\n","protected":false},"featured_media":4750,"comment_status":"closed","ping_status":"closed","template":"","meta":[],"etheme_brands":[{"term_id":380,"name":"\u0646\u0647\u0627\u0644","slug":"nihel-ar","term_group":0,"term_taxonomy_id":380,"taxonomy":"brand","description":"","parent":0,"count":89,"filter":"raw","term_order":"0"}],"product_cat":[562,563,580,582],"product_tag":[],"class_list":["post-4752","product","type-product","status-publish","has-post-thumbnail","hentry","brand-nihel-ar","product_cat-562","product_cat-563","product_cat-580","product_cat-582"],"yoast_head":"<!-- This site is optimized with the Yoast SEO plugin v19.10 - https:\/\/yoast.com\/wordpress\/plugins\/seo\/ -->\n<title>ROLL-ON MIN\u00c9RAUX MARINS, FLOT MARIN 50ML | LABORATOIRES NIHEL<\/title>\n<meta name=\"description\" content=\"Le ROLL -ON anti-transpirant MINERAUX MARINS pour femme aide \u00e0 neutraliser les odeurs corporelles et \u00e0 prendre soin de votre peau de mani\u00e8re douce et naturelle. Il vous offre une agr\u00e9able sensation de fraicheur toute la journ\u00e9e en vous assurant une protection pendant 48 heures ! Sa formule avec un actif\u00a0100 % naturel\u00a0,sans paraben\u00a0,\u00a0sans alcool\u00a0et enrichie en vitamine E , contient agent antibact\u00e9rien naturel qui r\u00e9gule la croissance des micro-organismes responsables des mauvaises odeurs tout en respectant l\u2019\u00e9quilibre naturel de votre peau Son parfum frais aux notes marines vous offre un confort durable tout au long de la journ\u00e9e\" \/>\n<meta name=\"robots\" content=\"index, follow, max-snippet:-1, max-image-preview:large, max-video-preview:-1\" \/>\n<link rel=\"canonical\" href=\"https:\/\/nihel.com\/ar\/product\/roll-on-mineraux-marins-flot-marin\/\" \/>\n<meta property=\"og:locale\" content=\"ar_AR\" \/>\n<meta property=\"og:type\" content=\"article\" \/>\n<meta property=\"og:title\" content=\"ROLL-ON MIN\u00c9RAUX MARINS, FLOT MARIN 50ML | LABORATOIRES NIHEL\" \/>\n<meta property=\"og:description\" content=\"Le ROLL -ON anti-transpirant MINERAUX MARINS pour femme aide \u00e0 neutraliser les odeurs corporelles et \u00e0 prendre soin de votre peau de mani\u00e8re douce et naturelle. Il vous offre une agr\u00e9able sensation de fraicheur toute la journ\u00e9e en vous assurant une protection pendant 48 heures ! Sa formule avec un actif\u00a0100 % naturel\u00a0,sans paraben\u00a0,\u00a0sans alcool\u00a0et enrichie en vitamine E , contient agent antibact\u00e9rien naturel qui r\u00e9gule la croissance des micro-organismes responsables des mauvaises odeurs tout en respectant l\u2019\u00e9quilibre naturel de votre peau Son parfum frais aux notes marines vous offre un confort durable tout au long de la journ\u00e9e\" \/>\n<meta property=\"og:url\" content=\"https:\/\/nihel.com\/ar\/product\/roll-on-mineraux-marins-flot-marin\/\" \/>\n<meta property=\"og:site_name\" content=\"LABORATOIRES NIHEL\" \/>\n<meta property=\"article:modified_time\" content=\"2024-06-04T11:52:40+00:00\" \/>\n<meta property=\"og:image\" content=\"https:\/\/nihel.com\/wp-content\/uploads\/2024\/06\/mineraux-marins.png\" \/>\n\t<meta property=\"og:image:width\" content=\"1492\" \/>\n\t<meta property=\"og:image:height\" content=\"1982\" \/>\n\t<meta property=\"og:image:type\" content=\"image\/png\" \/>\n<meta name=\"twitter:card\" content=\"summary_large_image\" \/>\n<script type=\"application\/ld+json\" class=\"yoast-schema-graph\">{\"@context\":\"https:\/\/schema.org\",\"@graph\":[{\"@type\":\"WebPage\",\"@id\":\"https:\/\/nihel.com\/ar\/product\/roll-on-mineraux-marins-flot-marin\/\",\"url\":\"https:\/\/nihel.com\/ar\/product\/roll-on-mineraux-marins-flot-marin\/\",\"name\":\"ROLL-ON MIN\u00c9RAUX MARINS, FLOT MARIN 50ML | LABORATOIRES NIHEL\",\"isPartOf\":{\"@id\":\"https:\/\/nihel.com\/#website\"},\"datePublished\":\"2024-06-04T09:34:46+00:00\",\"dateModified\":\"2024-06-04T11:52:40+00:00\",\"description\":\"Le ROLL -ON anti-transpirant MINERAUX MARINS pour femme aide \u00e0 neutraliser les odeurs corporelles et \u00e0 prendre soin de votre peau de mani\u00e8re douce et naturelle. Il vous offre une agr\u00e9able sensation de fraicheur toute la journ\u00e9e en vous assurant une protection pendant 48 heures ! Sa formule avec un actif\u00a0100 % naturel\u00a0,sans paraben\u00a0,\u00a0sans alcool\u00a0et enrichie en vitamine E , contient agent antibact\u00e9rien naturel qui r\u00e9gule la croissance des micro-organismes responsables des mauvaises odeurs tout en respectant l\u2019\u00e9quilibre naturel de votre peau Son parfum frais aux notes marines vous offre un confort durable tout au long de la journ\u00e9e\",\"breadcrumb\":{\"@id\":\"https:\/\/nihel.com\/ar\/product\/roll-on-mineraux-marins-flot-marin\/#breadcrumb\"},\"inLanguage\":\"ar\",\"potentialAction\":[{\"@type\":\"ReadAction\",\"target\":[\"https:\/\/nihel.com\/ar\/product\/roll-on-mineraux-marins-flot-marin\/\"]}]},{\"@type\":\"BreadcrumbList\",\"@id\":\"https:\/\/nihel.com\/ar\/product\/roll-on-mineraux-marins-flot-marin\/#breadcrumb\",\"itemListElement\":[{\"@type\":\"ListItem\",\"position\":1,\"name\":\"Home\",\"item\":\"https:\/\/nihel.com\/ar\/\"},{\"@type\":\"ListItem\",\"position\":2,\"name\":\"Produits\",\"item\":\"https:\/\/nihel.com\/shop\/\"},{\"@type\":\"ListItem\",\"position\":3,\"name\":\"ROLL-ON MIN\u00c9RAUX MARINS, FLOT MARIN 50ML\"}]},{\"@type\":\"WebSite\",\"@id\":\"https:\/\/nihel.com\/#website\",\"url\":\"https:\/\/nihel.com\/\",\"name\":\"LABORATOIRES NIHEL\",\"description\":\"Fabrication des produits cosm\u00e9tiques en Tunisie\",\"potentialAction\":[{\"@type\":\"SearchAction\",\"target\":{\"@type\":\"EntryPoint\",\"urlTemplate\":\"https:\/\/nihel.com\/?s={search_term_string}\"},\"query-input\":\"required name=search_term_string\"}],\"inLanguage\":\"ar\"}]}<\/script>\n<!-- \/ Yoast SEO plugin. -->","yoast_head_json":{"title":"ROLL-ON MIN\u00c9RAUX MARINS, FLOT MARIN 50ML | LABORATOIRES NIHEL","description":"Le ROLL -ON anti-transpirant MINERAUX MARINS pour femme aide \u00e0 neutraliser les odeurs corporelles et \u00e0 prendre soin de votre peau de mani\u00e8re douce et naturelle. Il vous offre une agr\u00e9able sensation de fraicheur toute la journ\u00e9e en vous assurant une protection pendant 48 heures ! Sa formule avec un actif\u00a0100 % naturel\u00a0,sans paraben\u00a0,\u00a0sans alcool\u00a0et enrichie en vitamine E , contient agent antibact\u00e9rien naturel qui r\u00e9gule la croissance des micro-organismes responsables des mauvaises odeurs tout en respectant l\u2019\u00e9quilibre naturel de votre peau Son parfum frais aux notes marines vous offre un confort durable tout au long de la journ\u00e9e","robots":{"index":"index","follow":"follow","max-snippet":"max-snippet:-1","max-image-preview":"max-image-preview:large","max-video-preview":"max-video-preview:-1"},"canonical":"https:\/\/nihel.com\/ar\/product\/roll-on-mineraux-marins-flot-marin\/","og_locale":"ar_AR","og_type":"article","og_title":"ROLL-ON MIN\u00c9RAUX MARINS, FLOT MARIN 50ML | LABORATOIRES NIHEL","og_description":"Le ROLL -ON anti-transpirant MINERAUX MARINS pour femme aide \u00e0 neutraliser les odeurs corporelles et \u00e0 prendre soin de votre peau de mani\u00e8re douce et naturelle. Il vous offre une agr\u00e9able sensation de fraicheur toute la journ\u00e9e en vous assurant une protection pendant 48 heures ! Sa formule avec un actif\u00a0100 % naturel\u00a0,sans paraben\u00a0,\u00a0sans alcool\u00a0et enrichie en vitamine E , contient agent antibact\u00e9rien naturel qui r\u00e9gule la croissance des micro-organismes responsables des mauvaises odeurs tout en respectant l\u2019\u00e9quilibre naturel de votre peau Son parfum frais aux notes marines vous offre un confort durable tout au long de la journ\u00e9e","og_url":"https:\/\/nihel.com\/ar\/product\/roll-on-mineraux-marins-flot-marin\/","og_site_name":"LABORATOIRES NIHEL","article_modified_time":"2024-06-04T11:52:40+00:00","og_image":[{"width":1492,"height":1982,"url":"https:\/\/nihel.com\/wp-content\/uploads\/2024\/06\/mineraux-marins.png","type":"image\/png"}],"twitter_card":"summary_large_image","schema":{"@context":"https:\/\/schema.org","@graph":[{"@type":"WebPage","@id":"https:\/\/nihel.com\/ar\/product\/roll-on-mineraux-marins-flot-marin\/","url":"https:\/\/nihel.com\/ar\/product\/roll-on-mineraux-marins-flot-marin\/","name":"ROLL-ON MIN\u00c9RAUX MARINS, FLOT MARIN 50ML | LABORATOIRES NIHEL","isPartOf":{"@id":"https:\/\/nihel.com\/#website"},"datePublished":"2024-06-04T09:34:46+00:00","dateModified":"2024-06-04T11:52:40+00:00","description":"Le ROLL -ON anti-transpirant MINERAUX MARINS pour femme aide \u00e0 neutraliser les odeurs corporelles et \u00e0 prendre soin de votre peau de mani\u00e8re douce et naturelle. Il vous offre une agr\u00e9able sensation de fraicheur toute la journ\u00e9e en vous assurant une protection pendant 48 heures ! Sa formule avec un actif\u00a0100 % naturel\u00a0,sans paraben\u00a0,\u00a0sans alcool\u00a0et enrichie en vitamine E , contient agent antibact\u00e9rien naturel qui r\u00e9gule la croissance des micro-organismes responsables des mauvaises odeurs tout en respectant l\u2019\u00e9quilibre naturel de votre peau Son parfum frais aux notes marines vous offre un confort durable tout au long de la journ\u00e9e","breadcrumb":{"@id":"https:\/\/nihel.com\/ar\/product\/roll-on-mineraux-marins-flot-marin\/#breadcrumb"},"inLanguage":"ar","potentialAction":[{"@type":"ReadAction","target":["https:\/\/nihel.com\/ar\/product\/roll-on-mineraux-marins-flot-marin\/"]}]},{"@type":"BreadcrumbList","@id":"https:\/\/nihel.com\/ar\/product\/roll-on-mineraux-marins-flot-marin\/#breadcrumb","itemListElement":[{"@type":"ListItem","position":1,"name":"Home","item":"https:\/\/nihel.com\/ar\/"},{"@type":"ListItem","position":2,"name":"Produits","item":"https:\/\/nihel.com\/shop\/"},{"@type":"ListItem","position":3,"name":"ROLL-ON MIN\u00c9RAUX MARINS, FLOT MARIN 50ML"}]},{"@type":"WebSite","@id":"https:\/\/nihel.com\/#website","url":"https:\/\/nihel.com\/","name":"LABORATOIRES NIHEL","description":"Fabrication des produits cosm\u00e9tiques en Tunisie","potentialAction":[{"@type":"SearchAction","target":{"@type":"EntryPoint","urlTemplate":"https:\/\/nihel.com\/?s={search_term_string}"},"query-input":"required name=search_term_string"}],"inLanguage":"ar"}]}},"_links":{"self":[{"href":"https:\/\/nihel.com\/ar\/wp-json\/wp\/v2\/product\/4752","targetHints":{"allow":["GET"]}}],"collection":[{"href":"https:\/\/nihel.com\/ar\/wp-json\/wp\/v2\/product"}],"about":[{"href":"https:\/\/nihel.com\/ar\/wp-json\/wp\/v2\/types\/product"}],"replies":[{"embeddable":true,"href":"https:\/\/nihel.com\/ar\/wp-json\/wp\/v2\/comments?post=4752"}],"wp:featuredmedia":[{"embeddable":true,"href":"https:\/\/nihel.com\/ar\/wp-json\/wp\/v2\/media\/4750"}],"wp:attachment":[{"href":"https:\/\/nihel.com\/ar\/wp-json\/wp\/v2\/media?parent=4752"}],"wp:term":[{"taxonomy":"brand","embeddable":true,"href":"https:\/\/nihel.com\/ar\/wp-json\/wp\/v2\/etheme_brands?post=4752"},{"taxonomy":"product_cat","embeddable":true,"href":"https:\/\/nihel.com\/ar\/wp-json\/wp\/v2\/product_cat?post=4752"},{"taxonomy":"product_tag","embeddable":true,"href":"https:\/\/nihel.com\/ar\/wp-json\/wp\/v2\/product_tag?post=4752"}],"curies":[{"name":"wp","href":"https:\/\/api.w.org\/{rel}","templated":true}]}}