{"id":4683,"date":"2023-11-16T15:38:07","date_gmt":"2023-11-16T14:38:07","guid":{"rendered":"https:\/\/nihel.com\/product\/masque-nihel-au-beurre-de-karite-huile-davocat-2\/"},"modified":"2023-11-16T15:38:07","modified_gmt":"2023-11-16T14:38:07","slug":"masque-nihel-au-beurre-de-karite-huile-davocat-2","status":"publish","type":"product","link":"https:\/\/nihel.com\/ar\/product\/masque-nihel-au-beurre-de-karite-huile-davocat-2\/","title":{"rendered":"MASQUE CAPILLAIRE NIHEL AU BEURRE DE KARIT\u00c9 &#038; HUILE D&#8217;AVOCAT"},"content":{"rendered":"","protected":false},"excerpt":{"rendered":"<p style=\"text-align: justify;\">Est con\u00e7u pour des cheveux secs et abim\u00e9s. Il hydrate et r\u00e9pare la chevelure de la racine aux pointes. Le Beurre de Karit\u00e9 est connu pour ses vertus r\u00e9paratrices et l&#8217;Huile d&#8217;Avocat pour son effet miraculeux hydratant.<\/p>\n<p><strong>Mode d\u2019emploi :\u00a0<\/strong> Appliquer le masque sur les cheveux mouill\u00e9s et masser le cuir chevelu d\u00e9licatement. Laisser agir 10<br \/>\n<strong>Contenance:\u00a0<\/strong>300ml<\/p>\n","protected":false},"featured_media":3567,"comment_status":"open","ping_status":"closed","template":"","meta":[],"etheme_brands":[{"term_id":380,"name":"\u0646\u0647\u0627\u0644","slug":"nihel-ar","term_group":0,"term_taxonomy_id":380,"taxonomy":"brand","description":"","parent":0,"count":89,"filter":"raw","term_order":"0"}],"product_cat":[562,563,572,574],"product_tag":[],"class_list":["post-4683","product","type-product","status-publish","has-post-thumbnail","hentry","brand-nihel-ar","product_cat-562","product_cat-563","product_cat-572","product_cat-574"],"yoast_head":"<!-- This site is optimized with the Yoast SEO plugin v19.10 - https:\/\/yoast.com\/wordpress\/plugins\/seo\/ -->\n<title>MASQUE CAPILLAIRE NIHEL AU BEURRE DE KARIT\u00c9 &amp; HUILE D&#039;AVOCAT | LABORATOIRES NIHEL<\/title>\n<meta name=\"description\" content=\"Est con\u00e7u pour des cheveux secs et abim\u00e9s. Il hydrate et r\u00e9pare la chevelure de la racine aux pointes. Le Beurre de Karit\u00e9 est connu pour ses vertus r\u00e9paratrices et l&#039;Huile d&#039;Avocat pour son effet miraculeux hydratant. Mode d\u2019emploi :\u00a0 Appliquer le masque sur les cheveux mouill\u00e9s et masser le cuir chevelu d\u00e9licatement. Laisser agir 10 Contenance:\u00a0300ml\" \/>\n<meta name=\"robots\" content=\"index, follow, max-snippet:-1, max-image-preview:large, max-video-preview:-1\" \/>\n<link rel=\"canonical\" href=\"https:\/\/nihel.com\/ar\/product\/masque-nihel-au-beurre-de-karite-huile-davocat-2\/\" \/>\n<meta property=\"og:locale\" content=\"ar_AR\" \/>\n<meta property=\"og:type\" content=\"article\" \/>\n<meta property=\"og:title\" content=\"MASQUE CAPILLAIRE NIHEL AU BEURRE DE KARIT\u00c9 &amp; HUILE D&#039;AVOCAT | LABORATOIRES NIHEL\" \/>\n<meta property=\"og:description\" content=\"Est con\u00e7u pour des cheveux secs et abim\u00e9s. Il hydrate et r\u00e9pare la chevelure de la racine aux pointes. Le Beurre de Karit\u00e9 est connu pour ses vertus r\u00e9paratrices et l&#039;Huile d&#039;Avocat pour son effet miraculeux hydratant. Mode d\u2019emploi :\u00a0 Appliquer le masque sur les cheveux mouill\u00e9s et masser le cuir chevelu d\u00e9licatement. Laisser agir 10 Contenance:\u00a0300ml\" \/>\n<meta property=\"og:url\" content=\"https:\/\/nihel.com\/ar\/product\/masque-nihel-au-beurre-de-karite-huile-davocat-2\/\" \/>\n<meta property=\"og:site_name\" content=\"LABORATOIRES NIHEL\" \/>\n<meta name=\"twitter:card\" content=\"summary_large_image\" \/>\n<script type=\"application\/ld+json\" class=\"yoast-schema-graph\">{\"@context\":\"https:\/\/schema.org\",\"@graph\":[{\"@type\":\"WebPage\",\"@id\":\"https:\/\/nihel.com\/ar\/product\/masque-nihel-au-beurre-de-karite-huile-davocat-2\/\",\"url\":\"https:\/\/nihel.com\/ar\/product\/masque-nihel-au-beurre-de-karite-huile-davocat-2\/\",\"name\":\"MASQUE CAPILLAIRE NIHEL AU BEURRE DE KARIT\u00c9 & HUILE D'AVOCAT | LABORATOIRES NIHEL\",\"isPartOf\":{\"@id\":\"https:\/\/nihel.com\/#website\"},\"datePublished\":\"2023-11-16T14:38:07+00:00\",\"dateModified\":\"2023-11-16T14:38:07+00:00\",\"description\":\"Est con\u00e7u pour des cheveux secs et abim\u00e9s. Il hydrate et r\u00e9pare la chevelure de la racine aux pointes. Le Beurre de Karit\u00e9 est connu pour ses vertus r\u00e9paratrices et l'Huile d'Avocat pour son effet miraculeux hydratant. Mode d\u2019emploi :\u00a0 Appliquer le masque sur les cheveux mouill\u00e9s et masser le cuir chevelu d\u00e9licatement. Laisser agir 10 Contenance:\u00a0300ml\",\"breadcrumb\":{\"@id\":\"https:\/\/nihel.com\/ar\/product\/masque-nihel-au-beurre-de-karite-huile-davocat-2\/#breadcrumb\"},\"inLanguage\":\"ar\",\"potentialAction\":[{\"@type\":\"ReadAction\",\"target\":[\"https:\/\/nihel.com\/ar\/product\/masque-nihel-au-beurre-de-karite-huile-davocat-2\/\"]}]},{\"@type\":\"BreadcrumbList\",\"@id\":\"https:\/\/nihel.com\/ar\/product\/masque-nihel-au-beurre-de-karite-huile-davocat-2\/#breadcrumb\",\"itemListElement\":[{\"@type\":\"ListItem\",\"position\":1,\"name\":\"Home\",\"item\":\"https:\/\/nihel.com\/ar\/\"},{\"@type\":\"ListItem\",\"position\":2,\"name\":\"Produits\",\"item\":\"https:\/\/nihel.com\/shop\/\"},{\"@type\":\"ListItem\",\"position\":3,\"name\":\"MASQUE CAPILLAIRE NIHEL AU BEURRE DE KARIT\u00c9 &#038; HUILE D&rsquo;AVOCAT\"}]},{\"@type\":\"WebSite\",\"@id\":\"https:\/\/nihel.com\/#website\",\"url\":\"https:\/\/nihel.com\/\",\"name\":\"LABORATOIRES NIHEL\",\"description\":\"Fabrication des produits cosm\u00e9tiques en Tunisie\",\"potentialAction\":[{\"@type\":\"SearchAction\",\"target\":{\"@type\":\"EntryPoint\",\"urlTemplate\":\"https:\/\/nihel.com\/?s={search_term_string}\"},\"query-input\":\"required name=search_term_string\"}],\"inLanguage\":\"ar\"}]}<\/script>\n<!-- \/ Yoast SEO plugin. -->","yoast_head_json":{"title":"MASQUE CAPILLAIRE NIHEL AU BEURRE DE KARIT\u00c9 & HUILE D'AVOCAT | LABORATOIRES NIHEL","description":"Est con\u00e7u pour des cheveux secs et abim\u00e9s. Il hydrate et r\u00e9pare la chevelure de la racine aux pointes. Le Beurre de Karit\u00e9 est connu pour ses vertus r\u00e9paratrices et l'Huile d'Avocat pour son effet miraculeux hydratant. Mode d\u2019emploi :\u00a0 Appliquer le masque sur les cheveux mouill\u00e9s et masser le cuir chevelu d\u00e9licatement. Laisser agir 10 Contenance:\u00a0300ml","robots":{"index":"index","follow":"follow","max-snippet":"max-snippet:-1","max-image-preview":"max-image-preview:large","max-video-preview":"max-video-preview:-1"},"canonical":"https:\/\/nihel.com\/ar\/product\/masque-nihel-au-beurre-de-karite-huile-davocat-2\/","og_locale":"ar_AR","og_type":"article","og_title":"MASQUE CAPILLAIRE NIHEL AU BEURRE DE KARIT\u00c9 & HUILE D'AVOCAT | LABORATOIRES NIHEL","og_description":"Est con\u00e7u pour des cheveux secs et abim\u00e9s. Il hydrate et r\u00e9pare la chevelure de la racine aux pointes. Le Beurre de Karit\u00e9 est connu pour ses vertus r\u00e9paratrices et l'Huile d'Avocat pour son effet miraculeux hydratant. Mode d\u2019emploi :\u00a0 Appliquer le masque sur les cheveux mouill\u00e9s et masser le cuir chevelu d\u00e9licatement. Laisser agir 10 Contenance:\u00a0300ml","og_url":"https:\/\/nihel.com\/ar\/product\/masque-nihel-au-beurre-de-karite-huile-davocat-2\/","og_site_name":"LABORATOIRES NIHEL","twitter_card":"summary_large_image","schema":{"@context":"https:\/\/schema.org","@graph":[{"@type":"WebPage","@id":"https:\/\/nihel.com\/ar\/product\/masque-nihel-au-beurre-de-karite-huile-davocat-2\/","url":"https:\/\/nihel.com\/ar\/product\/masque-nihel-au-beurre-de-karite-huile-davocat-2\/","name":"MASQUE CAPILLAIRE NIHEL AU BEURRE DE KARIT\u00c9 & HUILE D'AVOCAT | LABORATOIRES NIHEL","isPartOf":{"@id":"https:\/\/nihel.com\/#website"},"datePublished":"2023-11-16T14:38:07+00:00","dateModified":"2023-11-16T14:38:07+00:00","description":"Est con\u00e7u pour des cheveux secs et abim\u00e9s. Il hydrate et r\u00e9pare la chevelure de la racine aux pointes. Le Beurre de Karit\u00e9 est connu pour ses vertus r\u00e9paratrices et l'Huile d'Avocat pour son effet miraculeux hydratant. Mode d\u2019emploi :\u00a0 Appliquer le masque sur les cheveux mouill\u00e9s et masser le cuir chevelu d\u00e9licatement. Laisser agir 10 Contenance:\u00a0300ml","breadcrumb":{"@id":"https:\/\/nihel.com\/ar\/product\/masque-nihel-au-beurre-de-karite-huile-davocat-2\/#breadcrumb"},"inLanguage":"ar","potentialAction":[{"@type":"ReadAction","target":["https:\/\/nihel.com\/ar\/product\/masque-nihel-au-beurre-de-karite-huile-davocat-2\/"]}]},{"@type":"BreadcrumbList","@id":"https:\/\/nihel.com\/ar\/product\/masque-nihel-au-beurre-de-karite-huile-davocat-2\/#breadcrumb","itemListElement":[{"@type":"ListItem","position":1,"name":"Home","item":"https:\/\/nihel.com\/ar\/"},{"@type":"ListItem","position":2,"name":"Produits","item":"https:\/\/nihel.com\/shop\/"},{"@type":"ListItem","position":3,"name":"MASQUE CAPILLAIRE NIHEL AU BEURRE DE KARIT\u00c9 &#038; HUILE D&rsquo;AVOCAT"}]},{"@type":"WebSite","@id":"https:\/\/nihel.com\/#website","url":"https:\/\/nihel.com\/","name":"LABORATOIRES NIHEL","description":"Fabrication des produits cosm\u00e9tiques en Tunisie","potentialAction":[{"@type":"SearchAction","target":{"@type":"EntryPoint","urlTemplate":"https:\/\/nihel.com\/?s={search_term_string}"},"query-input":"required name=search_term_string"}],"inLanguage":"ar"}]}},"_links":{"self":[{"href":"https:\/\/nihel.com\/ar\/wp-json\/wp\/v2\/product\/4683","targetHints":{"allow":["GET"]}}],"collection":[{"href":"https:\/\/nihel.com\/ar\/wp-json\/wp\/v2\/product"}],"about":[{"href":"https:\/\/nihel.com\/ar\/wp-json\/wp\/v2\/types\/product"}],"replies":[{"embeddable":true,"href":"https:\/\/nihel.com\/ar\/wp-json\/wp\/v2\/comments?post=4683"}],"wp:featuredmedia":[{"embeddable":true,"href":"https:\/\/nihel.com\/ar\/wp-json\/wp\/v2\/media\/3567"}],"wp:attachment":[{"href":"https:\/\/nihel.com\/ar\/wp-json\/wp\/v2\/media?parent=4683"}],"wp:term":[{"taxonomy":"brand","embeddable":true,"href":"https:\/\/nihel.com\/ar\/wp-json\/wp\/v2\/etheme_brands?post=4683"},{"taxonomy":"product_cat","embeddable":true,"href":"https:\/\/nihel.com\/ar\/wp-json\/wp\/v2\/product_cat?post=4683"},{"taxonomy":"product_tag","embeddable":true,"href":"https:\/\/nihel.com\/ar\/wp-json\/wp\/v2\/product_tag?post=4683"}],"curies":[{"name":"wp","href":"https:\/\/api.w.org\/{rel}","templated":true}]}}