{"id":4681,"date":"2023-11-16T15:50:27","date_gmt":"2023-11-16T14:50:27","guid":{"rendered":"https:\/\/nihel.com\/product\/masque-nihel-a-lextrait-naturel-du-citrus-provitamine-b5\/"},"modified":"2023-11-16T15:50:27","modified_gmt":"2023-11-16T14:50:27","slug":"masque-nihel-a-lextrait-naturel-du-citrus-provitamine-b5","status":"publish","type":"product","link":"https:\/\/nihel.com\/ar\/product\/masque-nihel-a-lextrait-naturel-du-citrus-provitamine-b5\/","title":{"rendered":"MASQUE CAPILLAIRE NIHEL \u00c0 L&#8217;EXTRAIT NATUREL DU CITRUS &#038; PROVITAMINE B5"},"content":{"rendered":"","protected":false},"excerpt":{"rendered":"<p style=\"text-align: justify;\">Est con\u00e7u pour des cheveux cr\u00e9pus. Gr\u00e2ce \u00e0 sa formule r\u00e9paratrice, il adoucit les cheveux cr\u00e9pus jusqu&#8217;aux pointes. Vos cheveux sont plus nourris et plus doux au quotidien.<strong>.<br \/>\nMode d\u2019emploi :\u00a0 <\/strong>Appliquer le masque sur les cheveux mouill\u00e9s et masser le cuir chevelu d\u00e9licatement. Laisser agir 10 minutes, puis rincer \u00e0 l&#8217;eau.<br \/>\n<strong>Contenance:\u00a0<\/strong>300ml<\/p>\n","protected":false},"featured_media":3575,"comment_status":"open","ping_status":"closed","template":"","meta":[],"etheme_brands":[{"term_id":380,"name":"\u0646\u0647\u0627\u0644","slug":"nihel-ar","term_group":0,"term_taxonomy_id":380,"taxonomy":"brand","description":"","parent":0,"count":89,"filter":"raw","term_order":"0"}],"product_cat":[574,562,563,572],"product_tag":[],"class_list":["post-4681","product","type-product","status-publish","has-post-thumbnail","hentry","brand-nihel-ar","product_cat-574","product_cat-562","product_cat-563","product_cat-572"],"yoast_head":"<!-- This site is optimized with the Yoast SEO plugin v19.10 - https:\/\/yoast.com\/wordpress\/plugins\/seo\/ -->\n<title>MASQUE CAPILLAIRE NIHEL \u00c0 L&#039;EXTRAIT NATUREL DU CITRUS &amp; PROVITAMINE B5 | LABORATOIRES NIHEL<\/title>\n<meta name=\"description\" content=\"Est con\u00e7u pour des cheveux cr\u00e9pus. Gr\u00e2ce \u00e0 sa formule r\u00e9paratrice, il adoucit les cheveux cr\u00e9pus jusqu&#039;aux pointes. Vos cheveux sont plus nourris et plus doux au quotidien.. Mode d\u2019emploi :\u00a0 Appliquer le masque sur les cheveux mouill\u00e9s et masser le cuir chevelu d\u00e9licatement. Laisser agir 10 minutes, puis rincer \u00e0 l&#039;eau. Contenance:\u00a0300ml\" \/>\n<meta name=\"robots\" content=\"index, follow, max-snippet:-1, max-image-preview:large, max-video-preview:-1\" \/>\n<link rel=\"canonical\" href=\"https:\/\/nihel.com\/ar\/product\/masque-nihel-a-lextrait-naturel-du-citrus-provitamine-b5\/\" \/>\n<meta property=\"og:locale\" content=\"ar_AR\" \/>\n<meta property=\"og:type\" content=\"article\" \/>\n<meta property=\"og:title\" content=\"MASQUE CAPILLAIRE NIHEL \u00c0 L&#039;EXTRAIT NATUREL DU CITRUS &amp; PROVITAMINE B5 | LABORATOIRES NIHEL\" \/>\n<meta property=\"og:description\" content=\"Est con\u00e7u pour des cheveux cr\u00e9pus. Gr\u00e2ce \u00e0 sa formule r\u00e9paratrice, il adoucit les cheveux cr\u00e9pus jusqu&#039;aux pointes. Vos cheveux sont plus nourris et plus doux au quotidien.. Mode d\u2019emploi :\u00a0 Appliquer le masque sur les cheveux mouill\u00e9s et masser le cuir chevelu d\u00e9licatement. Laisser agir 10 minutes, puis rincer \u00e0 l&#039;eau. Contenance:\u00a0300ml\" \/>\n<meta property=\"og:url\" content=\"https:\/\/nihel.com\/ar\/product\/masque-nihel-a-lextrait-naturel-du-citrus-provitamine-b5\/\" \/>\n<meta property=\"og:site_name\" content=\"LABORATOIRES NIHEL\" \/>\n<meta name=\"twitter:card\" content=\"summary_large_image\" \/>\n<script type=\"application\/ld+json\" class=\"yoast-schema-graph\">{\"@context\":\"https:\/\/schema.org\",\"@graph\":[{\"@type\":\"WebPage\",\"@id\":\"https:\/\/nihel.com\/ar\/product\/masque-nihel-a-lextrait-naturel-du-citrus-provitamine-b5\/\",\"url\":\"https:\/\/nihel.com\/ar\/product\/masque-nihel-a-lextrait-naturel-du-citrus-provitamine-b5\/\",\"name\":\"MASQUE CAPILLAIRE NIHEL \u00c0 L'EXTRAIT NATUREL DU CITRUS & PROVITAMINE B5 | LABORATOIRES NIHEL\",\"isPartOf\":{\"@id\":\"https:\/\/nihel.com\/#website\"},\"datePublished\":\"2023-11-16T14:50:27+00:00\",\"dateModified\":\"2023-11-16T14:50:27+00:00\",\"description\":\"Est con\u00e7u pour des cheveux cr\u00e9pus. Gr\u00e2ce \u00e0 sa formule r\u00e9paratrice, il adoucit les cheveux cr\u00e9pus jusqu'aux pointes. Vos cheveux sont plus nourris et plus doux au quotidien.. Mode d\u2019emploi :\u00a0 Appliquer le masque sur les cheveux mouill\u00e9s et masser le cuir chevelu d\u00e9licatement. Laisser agir 10 minutes, puis rincer \u00e0 l'eau. Contenance:\u00a0300ml\",\"breadcrumb\":{\"@id\":\"https:\/\/nihel.com\/ar\/product\/masque-nihel-a-lextrait-naturel-du-citrus-provitamine-b5\/#breadcrumb\"},\"inLanguage\":\"ar\",\"potentialAction\":[{\"@type\":\"ReadAction\",\"target\":[\"https:\/\/nihel.com\/ar\/product\/masque-nihel-a-lextrait-naturel-du-citrus-provitamine-b5\/\"]}]},{\"@type\":\"BreadcrumbList\",\"@id\":\"https:\/\/nihel.com\/ar\/product\/masque-nihel-a-lextrait-naturel-du-citrus-provitamine-b5\/#breadcrumb\",\"itemListElement\":[{\"@type\":\"ListItem\",\"position\":1,\"name\":\"Home\",\"item\":\"https:\/\/nihel.com\/ar\/\"},{\"@type\":\"ListItem\",\"position\":2,\"name\":\"Produits\",\"item\":\"https:\/\/nihel.com\/shop\/\"},{\"@type\":\"ListItem\",\"position\":3,\"name\":\"MASQUE CAPILLAIRE NIHEL \u00c0 L&rsquo;EXTRAIT NATUREL DU CITRUS &#038; PROVITAMINE B5\"}]},{\"@type\":\"WebSite\",\"@id\":\"https:\/\/nihel.com\/#website\",\"url\":\"https:\/\/nihel.com\/\",\"name\":\"LABORATOIRES NIHEL\",\"description\":\"Fabrication des produits cosm\u00e9tiques en Tunisie\",\"potentialAction\":[{\"@type\":\"SearchAction\",\"target\":{\"@type\":\"EntryPoint\",\"urlTemplate\":\"https:\/\/nihel.com\/?s={search_term_string}\"},\"query-input\":\"required name=search_term_string\"}],\"inLanguage\":\"ar\"}]}<\/script>\n<!-- \/ Yoast SEO plugin. -->","yoast_head_json":{"title":"MASQUE CAPILLAIRE NIHEL \u00c0 L'EXTRAIT NATUREL DU CITRUS & PROVITAMINE B5 | LABORATOIRES NIHEL","description":"Est con\u00e7u pour des cheveux cr\u00e9pus. Gr\u00e2ce \u00e0 sa formule r\u00e9paratrice, il adoucit les cheveux cr\u00e9pus jusqu'aux pointes. Vos cheveux sont plus nourris et plus doux au quotidien.. Mode d\u2019emploi :\u00a0 Appliquer le masque sur les cheveux mouill\u00e9s et masser le cuir chevelu d\u00e9licatement. Laisser agir 10 minutes, puis rincer \u00e0 l'eau. Contenance:\u00a0300ml","robots":{"index":"index","follow":"follow","max-snippet":"max-snippet:-1","max-image-preview":"max-image-preview:large","max-video-preview":"max-video-preview:-1"},"canonical":"https:\/\/nihel.com\/ar\/product\/masque-nihel-a-lextrait-naturel-du-citrus-provitamine-b5\/","og_locale":"ar_AR","og_type":"article","og_title":"MASQUE CAPILLAIRE NIHEL \u00c0 L'EXTRAIT NATUREL DU CITRUS & PROVITAMINE B5 | LABORATOIRES NIHEL","og_description":"Est con\u00e7u pour des cheveux cr\u00e9pus. Gr\u00e2ce \u00e0 sa formule r\u00e9paratrice, il adoucit les cheveux cr\u00e9pus jusqu'aux pointes. Vos cheveux sont plus nourris et plus doux au quotidien.. Mode d\u2019emploi :\u00a0 Appliquer le masque sur les cheveux mouill\u00e9s et masser le cuir chevelu d\u00e9licatement. Laisser agir 10 minutes, puis rincer \u00e0 l'eau. Contenance:\u00a0300ml","og_url":"https:\/\/nihel.com\/ar\/product\/masque-nihel-a-lextrait-naturel-du-citrus-provitamine-b5\/","og_site_name":"LABORATOIRES NIHEL","twitter_card":"summary_large_image","schema":{"@context":"https:\/\/schema.org","@graph":[{"@type":"WebPage","@id":"https:\/\/nihel.com\/ar\/product\/masque-nihel-a-lextrait-naturel-du-citrus-provitamine-b5\/","url":"https:\/\/nihel.com\/ar\/product\/masque-nihel-a-lextrait-naturel-du-citrus-provitamine-b5\/","name":"MASQUE CAPILLAIRE NIHEL \u00c0 L'EXTRAIT NATUREL DU CITRUS & PROVITAMINE B5 | LABORATOIRES NIHEL","isPartOf":{"@id":"https:\/\/nihel.com\/#website"},"datePublished":"2023-11-16T14:50:27+00:00","dateModified":"2023-11-16T14:50:27+00:00","description":"Est con\u00e7u pour des cheveux cr\u00e9pus. Gr\u00e2ce \u00e0 sa formule r\u00e9paratrice, il adoucit les cheveux cr\u00e9pus jusqu'aux pointes. Vos cheveux sont plus nourris et plus doux au quotidien.. Mode d\u2019emploi :\u00a0 Appliquer le masque sur les cheveux mouill\u00e9s et masser le cuir chevelu d\u00e9licatement. Laisser agir 10 minutes, puis rincer \u00e0 l'eau. Contenance:\u00a0300ml","breadcrumb":{"@id":"https:\/\/nihel.com\/ar\/product\/masque-nihel-a-lextrait-naturel-du-citrus-provitamine-b5\/#breadcrumb"},"inLanguage":"ar","potentialAction":[{"@type":"ReadAction","target":["https:\/\/nihel.com\/ar\/product\/masque-nihel-a-lextrait-naturel-du-citrus-provitamine-b5\/"]}]},{"@type":"BreadcrumbList","@id":"https:\/\/nihel.com\/ar\/product\/masque-nihel-a-lextrait-naturel-du-citrus-provitamine-b5\/#breadcrumb","itemListElement":[{"@type":"ListItem","position":1,"name":"Home","item":"https:\/\/nihel.com\/ar\/"},{"@type":"ListItem","position":2,"name":"Produits","item":"https:\/\/nihel.com\/shop\/"},{"@type":"ListItem","position":3,"name":"MASQUE CAPILLAIRE NIHEL \u00c0 L&rsquo;EXTRAIT NATUREL DU CITRUS &#038; PROVITAMINE B5"}]},{"@type":"WebSite","@id":"https:\/\/nihel.com\/#website","url":"https:\/\/nihel.com\/","name":"LABORATOIRES NIHEL","description":"Fabrication des produits cosm\u00e9tiques en Tunisie","potentialAction":[{"@type":"SearchAction","target":{"@type":"EntryPoint","urlTemplate":"https:\/\/nihel.com\/?s={search_term_string}"},"query-input":"required name=search_term_string"}],"inLanguage":"ar"}]}},"_links":{"self":[{"href":"https:\/\/nihel.com\/ar\/wp-json\/wp\/v2\/product\/4681","targetHints":{"allow":["GET"]}}],"collection":[{"href":"https:\/\/nihel.com\/ar\/wp-json\/wp\/v2\/product"}],"about":[{"href":"https:\/\/nihel.com\/ar\/wp-json\/wp\/v2\/types\/product"}],"replies":[{"embeddable":true,"href":"https:\/\/nihel.com\/ar\/wp-json\/wp\/v2\/comments?post=4681"}],"wp:featuredmedia":[{"embeddable":true,"href":"https:\/\/nihel.com\/ar\/wp-json\/wp\/v2\/media\/3575"}],"wp:attachment":[{"href":"https:\/\/nihel.com\/ar\/wp-json\/wp\/v2\/media?parent=4681"}],"wp:term":[{"taxonomy":"brand","embeddable":true,"href":"https:\/\/nihel.com\/ar\/wp-json\/wp\/v2\/etheme_brands?post=4681"},{"taxonomy":"product_cat","embeddable":true,"href":"https:\/\/nihel.com\/ar\/wp-json\/wp\/v2\/product_cat?post=4681"},{"taxonomy":"product_tag","embeddable":true,"href":"https:\/\/nihel.com\/ar\/wp-json\/wp\/v2\/product_tag?post=4681"}],"curies":[{"name":"wp","href":"https:\/\/api.w.org\/{rel}","templated":true}]}}