{"id":4679,"date":"2023-11-16T16:03:37","date_gmt":"2023-11-16T15:03:37","guid":{"rendered":"https:\/\/nihel.com\/product\/masque-nihel-a-la-keratine\/"},"modified":"2023-11-16T16:03:37","modified_gmt":"2023-11-16T15:03:37","slug":"masque-nihel-a-la-keratine","status":"publish","type":"product","link":"https:\/\/nihel.com\/ar\/product\/masque-nihel-a-la-keratine\/","title":{"rendered":"MASQUE CAPILLAIRE NIHEL \u00c0 LA K\u00c9RATINE"},"content":{"rendered":"","protected":false},"excerpt":{"rendered":"<p style=\"text-align: justify;\">Un soin nourrissant et anti-casse au quotidien, cette cr\u00e8me \u00e0 la k\u00e9ratine, une prot\u00e9ine fibreuse, restaure, lisse, r\u00e9pare et prot\u00e8ge les cheveux endommag\u00e9s. Vos cheveux seront entre de bonnes mains, affichant une r\u00e9sistance et une brillance spectaculaires. <strong>.<br \/>\nMode d\u2019emploi <\/strong>\u00a0: Appliquer le masque sur les cheveux mouill\u00e9s et masser le cuir chevelu d\u00e9licatement. Laisser agir 10 minutes, puis rincer \u00e0 l&#8217;eau.<br \/>\n<strong>Contenance:\u00a0<\/strong>300ml<\/p>\n","protected":false},"featured_media":3589,"comment_status":"open","ping_status":"closed","template":"","meta":[],"etheme_brands":[{"term_id":380,"name":"\u0646\u0647\u0627\u0644","slug":"nihel-ar","term_group":0,"term_taxonomy_id":380,"taxonomy":"brand","description":"","parent":0,"count":89,"filter":"raw","term_order":"0"}],"product_cat":[562,563,572,574],"product_tag":[],"class_list":["post-4679","product","type-product","status-publish","has-post-thumbnail","hentry","brand-nihel-ar","product_cat-562","product_cat-563","product_cat-572","product_cat-574"],"yoast_head":"<!-- This site is optimized with the Yoast SEO plugin v19.10 - https:\/\/yoast.com\/wordpress\/plugins\/seo\/ -->\n<title>MASQUE CAPILLAIRE NIHEL \u00c0 LA K\u00c9RATINE | LABORATOIRES NIHEL<\/title>\n<meta name=\"description\" content=\"Un soin nourrissant et anti-casse au quotidien, cette cr\u00e8me \u00e0 la k\u00e9ratine, une prot\u00e9ine fibreuse, restaure, lisse, r\u00e9pare et prot\u00e8ge les cheveux endommag\u00e9s. Vos cheveux seront entre de bonnes mains, affichant une r\u00e9sistance et une brillance spectaculaires. . Mode d\u2019emploi \u00a0: Appliquer le masque sur les cheveux mouill\u00e9s et masser le cuir chevelu d\u00e9licatement. Laisser agir 10 minutes, puis rincer \u00e0 l&#039;eau. Contenance:\u00a0300ml\" \/>\n<meta name=\"robots\" content=\"index, follow, max-snippet:-1, max-image-preview:large, max-video-preview:-1\" \/>\n<link rel=\"canonical\" href=\"https:\/\/nihel.com\/ar\/product\/masque-nihel-a-la-keratine\/\" \/>\n<meta property=\"og:locale\" content=\"ar_AR\" \/>\n<meta property=\"og:type\" content=\"article\" \/>\n<meta property=\"og:title\" content=\"MASQUE CAPILLAIRE NIHEL \u00c0 LA K\u00c9RATINE | LABORATOIRES NIHEL\" \/>\n<meta property=\"og:description\" content=\"Un soin nourrissant et anti-casse au quotidien, cette cr\u00e8me \u00e0 la k\u00e9ratine, une prot\u00e9ine fibreuse, restaure, lisse, r\u00e9pare et prot\u00e8ge les cheveux endommag\u00e9s. Vos cheveux seront entre de bonnes mains, affichant une r\u00e9sistance et une brillance spectaculaires. . Mode d\u2019emploi \u00a0: Appliquer le masque sur les cheveux mouill\u00e9s et masser le cuir chevelu d\u00e9licatement. Laisser agir 10 minutes, puis rincer \u00e0 l&#039;eau. Contenance:\u00a0300ml\" \/>\n<meta property=\"og:url\" content=\"https:\/\/nihel.com\/ar\/product\/masque-nihel-a-la-keratine\/\" \/>\n<meta property=\"og:site_name\" content=\"LABORATOIRES NIHEL\" \/>\n<meta name=\"twitter:card\" content=\"summary_large_image\" \/>\n<script type=\"application\/ld+json\" class=\"yoast-schema-graph\">{\"@context\":\"https:\/\/schema.org\",\"@graph\":[{\"@type\":\"WebPage\",\"@id\":\"https:\/\/nihel.com\/ar\/product\/masque-nihel-a-la-keratine\/\",\"url\":\"https:\/\/nihel.com\/ar\/product\/masque-nihel-a-la-keratine\/\",\"name\":\"MASQUE CAPILLAIRE NIHEL \u00c0 LA K\u00c9RATINE | LABORATOIRES NIHEL\",\"isPartOf\":{\"@id\":\"https:\/\/nihel.com\/#website\"},\"datePublished\":\"2023-11-16T15:03:37+00:00\",\"dateModified\":\"2023-11-16T15:03:37+00:00\",\"description\":\"Un soin nourrissant et anti-casse au quotidien, cette cr\u00e8me \u00e0 la k\u00e9ratine, une prot\u00e9ine fibreuse, restaure, lisse, r\u00e9pare et prot\u00e8ge les cheveux endommag\u00e9s. Vos cheveux seront entre de bonnes mains, affichant une r\u00e9sistance et une brillance spectaculaires. . Mode d\u2019emploi \u00a0: Appliquer le masque sur les cheveux mouill\u00e9s et masser le cuir chevelu d\u00e9licatement. Laisser agir 10 minutes, puis rincer \u00e0 l'eau. Contenance:\u00a0300ml\",\"breadcrumb\":{\"@id\":\"https:\/\/nihel.com\/ar\/product\/masque-nihel-a-la-keratine\/#breadcrumb\"},\"inLanguage\":\"ar\",\"potentialAction\":[{\"@type\":\"ReadAction\",\"target\":[\"https:\/\/nihel.com\/ar\/product\/masque-nihel-a-la-keratine\/\"]}]},{\"@type\":\"BreadcrumbList\",\"@id\":\"https:\/\/nihel.com\/ar\/product\/masque-nihel-a-la-keratine\/#breadcrumb\",\"itemListElement\":[{\"@type\":\"ListItem\",\"position\":1,\"name\":\"Home\",\"item\":\"https:\/\/nihel.com\/ar\/\"},{\"@type\":\"ListItem\",\"position\":2,\"name\":\"Produits\",\"item\":\"https:\/\/nihel.com\/shop\/\"},{\"@type\":\"ListItem\",\"position\":3,\"name\":\"MASQUE CAPILLAIRE NIHEL \u00c0 LA K\u00c9RATINE\"}]},{\"@type\":\"WebSite\",\"@id\":\"https:\/\/nihel.com\/#website\",\"url\":\"https:\/\/nihel.com\/\",\"name\":\"LABORATOIRES NIHEL\",\"description\":\"Fabrication des produits cosm\u00e9tiques en Tunisie\",\"potentialAction\":[{\"@type\":\"SearchAction\",\"target\":{\"@type\":\"EntryPoint\",\"urlTemplate\":\"https:\/\/nihel.com\/?s={search_term_string}\"},\"query-input\":\"required name=search_term_string\"}],\"inLanguage\":\"ar\"}]}<\/script>\n<!-- \/ Yoast SEO plugin. -->","yoast_head_json":{"title":"MASQUE CAPILLAIRE NIHEL \u00c0 LA K\u00c9RATINE | LABORATOIRES NIHEL","description":"Un soin nourrissant et anti-casse au quotidien, cette cr\u00e8me \u00e0 la k\u00e9ratine, une prot\u00e9ine fibreuse, restaure, lisse, r\u00e9pare et prot\u00e8ge les cheveux endommag\u00e9s. Vos cheveux seront entre de bonnes mains, affichant une r\u00e9sistance et une brillance spectaculaires. . Mode d\u2019emploi \u00a0: Appliquer le masque sur les cheveux mouill\u00e9s et masser le cuir chevelu d\u00e9licatement. Laisser agir 10 minutes, puis rincer \u00e0 l'eau. Contenance:\u00a0300ml","robots":{"index":"index","follow":"follow","max-snippet":"max-snippet:-1","max-image-preview":"max-image-preview:large","max-video-preview":"max-video-preview:-1"},"canonical":"https:\/\/nihel.com\/ar\/product\/masque-nihel-a-la-keratine\/","og_locale":"ar_AR","og_type":"article","og_title":"MASQUE CAPILLAIRE NIHEL \u00c0 LA K\u00c9RATINE | LABORATOIRES NIHEL","og_description":"Un soin nourrissant et anti-casse au quotidien, cette cr\u00e8me \u00e0 la k\u00e9ratine, une prot\u00e9ine fibreuse, restaure, lisse, r\u00e9pare et prot\u00e8ge les cheveux endommag\u00e9s. Vos cheveux seront entre de bonnes mains, affichant une r\u00e9sistance et une brillance spectaculaires. . Mode d\u2019emploi \u00a0: Appliquer le masque sur les cheveux mouill\u00e9s et masser le cuir chevelu d\u00e9licatement. Laisser agir 10 minutes, puis rincer \u00e0 l'eau. Contenance:\u00a0300ml","og_url":"https:\/\/nihel.com\/ar\/product\/masque-nihel-a-la-keratine\/","og_site_name":"LABORATOIRES NIHEL","twitter_card":"summary_large_image","schema":{"@context":"https:\/\/schema.org","@graph":[{"@type":"WebPage","@id":"https:\/\/nihel.com\/ar\/product\/masque-nihel-a-la-keratine\/","url":"https:\/\/nihel.com\/ar\/product\/masque-nihel-a-la-keratine\/","name":"MASQUE CAPILLAIRE NIHEL \u00c0 LA K\u00c9RATINE | LABORATOIRES NIHEL","isPartOf":{"@id":"https:\/\/nihel.com\/#website"},"datePublished":"2023-11-16T15:03:37+00:00","dateModified":"2023-11-16T15:03:37+00:00","description":"Un soin nourrissant et anti-casse au quotidien, cette cr\u00e8me \u00e0 la k\u00e9ratine, une prot\u00e9ine fibreuse, restaure, lisse, r\u00e9pare et prot\u00e8ge les cheveux endommag\u00e9s. Vos cheveux seront entre de bonnes mains, affichant une r\u00e9sistance et une brillance spectaculaires. . Mode d\u2019emploi \u00a0: Appliquer le masque sur les cheveux mouill\u00e9s et masser le cuir chevelu d\u00e9licatement. Laisser agir 10 minutes, puis rincer \u00e0 l'eau. Contenance:\u00a0300ml","breadcrumb":{"@id":"https:\/\/nihel.com\/ar\/product\/masque-nihel-a-la-keratine\/#breadcrumb"},"inLanguage":"ar","potentialAction":[{"@type":"ReadAction","target":["https:\/\/nihel.com\/ar\/product\/masque-nihel-a-la-keratine\/"]}]},{"@type":"BreadcrumbList","@id":"https:\/\/nihel.com\/ar\/product\/masque-nihel-a-la-keratine\/#breadcrumb","itemListElement":[{"@type":"ListItem","position":1,"name":"Home","item":"https:\/\/nihel.com\/ar\/"},{"@type":"ListItem","position":2,"name":"Produits","item":"https:\/\/nihel.com\/shop\/"},{"@type":"ListItem","position":3,"name":"MASQUE CAPILLAIRE NIHEL \u00c0 LA K\u00c9RATINE"}]},{"@type":"WebSite","@id":"https:\/\/nihel.com\/#website","url":"https:\/\/nihel.com\/","name":"LABORATOIRES NIHEL","description":"Fabrication des produits cosm\u00e9tiques en Tunisie","potentialAction":[{"@type":"SearchAction","target":{"@type":"EntryPoint","urlTemplate":"https:\/\/nihel.com\/?s={search_term_string}"},"query-input":"required name=search_term_string"}],"inLanguage":"ar"}]}},"_links":{"self":[{"href":"https:\/\/nihel.com\/ar\/wp-json\/wp\/v2\/product\/4679","targetHints":{"allow":["GET"]}}],"collection":[{"href":"https:\/\/nihel.com\/ar\/wp-json\/wp\/v2\/product"}],"about":[{"href":"https:\/\/nihel.com\/ar\/wp-json\/wp\/v2\/types\/product"}],"replies":[{"embeddable":true,"href":"https:\/\/nihel.com\/ar\/wp-json\/wp\/v2\/comments?post=4679"}],"wp:featuredmedia":[{"embeddable":true,"href":"https:\/\/nihel.com\/ar\/wp-json\/wp\/v2\/media\/3589"}],"wp:attachment":[{"href":"https:\/\/nihel.com\/ar\/wp-json\/wp\/v2\/media?parent=4679"}],"wp:term":[{"taxonomy":"brand","embeddable":true,"href":"https:\/\/nihel.com\/ar\/wp-json\/wp\/v2\/etheme_brands?post=4679"},{"taxonomy":"product_cat","embeddable":true,"href":"https:\/\/nihel.com\/ar\/wp-json\/wp\/v2\/product_cat?post=4679"},{"taxonomy":"product_tag","embeddable":true,"href":"https:\/\/nihel.com\/ar\/wp-json\/wp\/v2\/product_tag?post=4679"}],"curies":[{"name":"wp","href":"https:\/\/api.w.org\/{rel}","templated":true}]}}