{"id":4677,"date":"2023-11-23T10:11:47","date_gmt":"2023-11-23T09:11:47","guid":{"rendered":"https:\/\/nihel.com\/product\/deodorant-mitsy-beauty-style\/"},"modified":"2023-11-23T10:11:47","modified_gmt":"2023-11-23T09:11:47","slug":"deodorant-mitsy-beauty-style","status":"publish","type":"product","link":"https:\/\/nihel.com\/ar\/product\/deodorant-mitsy-beauty-style\/","title":{"rendered":"D\u00c9ODORANT MITSY BEAUTY STYLE"},"content":{"rendered":"","protected":false},"excerpt":{"rendered":"<p>C\u2019est votre nouveau d\u00e9odorant spray BEAUTY STYLE pour enfant. Je suis l\u00e0 pour vous accompagner pendant toute la journ\u00e9e avec mes notes douces et fra\u00eeches.<br \/>\nMa formule sans sels d\u2019aluminium, sp\u00e9cialement con\u00e7ue pour les supers h\u00e9ro\u00efnes, contient un agent antibact\u00e9rien naturel qui respecte l&#8217;\u00e9quilibre de votre peau tout en vous aidant \u00e0 pr\u00e9venir l\u2019apparition des mauvaises odeurs.<br \/>\nAvec mon parfum plein de vie, nous allons passer une journ\u00e9e id\u00e9ale!<\/p>\n","protected":false},"featured_media":3602,"comment_status":"open","ping_status":"closed","template":"","meta":[],"etheme_brands":[{"term_id":453,"name":"\u0645\u064a\u062a\u0633\u064a","slug":"%d9%85%d9%8a%d8%aa%d8%b3%d9%8a","term_group":0,"term_taxonomy_id":453,"taxonomy":"brand","description":"","parent":0,"count":0,"filter":"raw","term_order":"0"}],"product_cat":[600,601,604,605],"product_tag":[],"class_list":["post-4677","product","type-product","status-publish","has-post-thumbnail","hentry","brand-453","product_cat-600","product_cat--ar","product_cat--ar-2","product_cat---ar-2"],"yoast_head":"<!-- This site is optimized with the Yoast SEO plugin v19.10 - https:\/\/yoast.com\/wordpress\/plugins\/seo\/ -->\n<title>D\u00c9ODORANT MITSY BEAUTY STYLE | LABORATOIRES NIHEL<\/title>\n<meta name=\"description\" content=\"C\u2019est votre nouveau d\u00e9odorant spray BEAUTY STYLE pour enfant. Je suis l\u00e0 pour vous accompagner pendant toute la journ\u00e9e avec mes notes douces et fra\u00eeches. Ma formule sans sels d\u2019aluminium, sp\u00e9cialement con\u00e7ue pour les supers h\u00e9ro\u00efnes, contient un agent antibact\u00e9rien naturel qui respecte l&#039;\u00e9quilibre de votre peau tout en vous aidant \u00e0 pr\u00e9venir l\u2019apparition des mauvaises odeurs. Avec mon parfum plein de vie, nous allons passer une journ\u00e9e id\u00e9ale!\" \/>\n<meta name=\"robots\" content=\"index, follow, max-snippet:-1, max-image-preview:large, max-video-preview:-1\" \/>\n<link rel=\"canonical\" href=\"https:\/\/nihel.com\/ar\/product\/deodorant-mitsy-beauty-style\/\" \/>\n<meta property=\"og:locale\" content=\"ar_AR\" \/>\n<meta property=\"og:type\" content=\"article\" \/>\n<meta property=\"og:title\" content=\"D\u00c9ODORANT MITSY BEAUTY STYLE | LABORATOIRES NIHEL\" \/>\n<meta property=\"og:description\" content=\"C\u2019est votre nouveau d\u00e9odorant spray BEAUTY STYLE pour enfant. Je suis l\u00e0 pour vous accompagner pendant toute la journ\u00e9e avec mes notes douces et fra\u00eeches. Ma formule sans sels d\u2019aluminium, sp\u00e9cialement con\u00e7ue pour les supers h\u00e9ro\u00efnes, contient un agent antibact\u00e9rien naturel qui respecte l&#039;\u00e9quilibre de votre peau tout en vous aidant \u00e0 pr\u00e9venir l\u2019apparition des mauvaises odeurs. Avec mon parfum plein de vie, nous allons passer une journ\u00e9e id\u00e9ale!\" \/>\n<meta property=\"og:url\" content=\"https:\/\/nihel.com\/ar\/product\/deodorant-mitsy-beauty-style\/\" \/>\n<meta property=\"og:site_name\" content=\"LABORATOIRES NIHEL\" \/>\n<meta name=\"twitter:card\" content=\"summary_large_image\" \/>\n<script type=\"application\/ld+json\" class=\"yoast-schema-graph\">{\"@context\":\"https:\/\/schema.org\",\"@graph\":[{\"@type\":\"WebPage\",\"@id\":\"https:\/\/nihel.com\/ar\/product\/deodorant-mitsy-beauty-style\/\",\"url\":\"https:\/\/nihel.com\/ar\/product\/deodorant-mitsy-beauty-style\/\",\"name\":\"D\u00c9ODORANT MITSY BEAUTY STYLE | LABORATOIRES NIHEL\",\"isPartOf\":{\"@id\":\"https:\/\/nihel.com\/#website\"},\"datePublished\":\"2023-11-23T09:11:47+00:00\",\"dateModified\":\"2023-11-23T09:11:47+00:00\",\"description\":\"C\u2019est votre nouveau d\u00e9odorant spray BEAUTY STYLE pour enfant. Je suis l\u00e0 pour vous accompagner pendant toute la journ\u00e9e avec mes notes douces et fra\u00eeches. Ma formule sans sels d\u2019aluminium, sp\u00e9cialement con\u00e7ue pour les supers h\u00e9ro\u00efnes, contient un agent antibact\u00e9rien naturel qui respecte l'\u00e9quilibre de votre peau tout en vous aidant \u00e0 pr\u00e9venir l\u2019apparition des mauvaises odeurs. Avec mon parfum plein de vie, nous allons passer une journ\u00e9e id\u00e9ale!\",\"breadcrumb\":{\"@id\":\"https:\/\/nihel.com\/ar\/product\/deodorant-mitsy-beauty-style\/#breadcrumb\"},\"inLanguage\":\"ar\",\"potentialAction\":[{\"@type\":\"ReadAction\",\"target\":[\"https:\/\/nihel.com\/ar\/product\/deodorant-mitsy-beauty-style\/\"]}]},{\"@type\":\"BreadcrumbList\",\"@id\":\"https:\/\/nihel.com\/ar\/product\/deodorant-mitsy-beauty-style\/#breadcrumb\",\"itemListElement\":[{\"@type\":\"ListItem\",\"position\":1,\"name\":\"Home\",\"item\":\"https:\/\/nihel.com\/ar\/\"},{\"@type\":\"ListItem\",\"position\":2,\"name\":\"Produits\",\"item\":\"https:\/\/nihel.com\/shop\/\"},{\"@type\":\"ListItem\",\"position\":3,\"name\":\"D\u00c9ODORANT MITSY BEAUTY STYLE\"}]},{\"@type\":\"WebSite\",\"@id\":\"https:\/\/nihel.com\/#website\",\"url\":\"https:\/\/nihel.com\/\",\"name\":\"LABORATOIRES NIHEL\",\"description\":\"Fabrication des produits cosm\u00e9tiques en Tunisie\",\"potentialAction\":[{\"@type\":\"SearchAction\",\"target\":{\"@type\":\"EntryPoint\",\"urlTemplate\":\"https:\/\/nihel.com\/?s={search_term_string}\"},\"query-input\":\"required name=search_term_string\"}],\"inLanguage\":\"ar\"}]}<\/script>\n<!-- \/ Yoast SEO plugin. -->","yoast_head_json":{"title":"D\u00c9ODORANT MITSY BEAUTY STYLE | LABORATOIRES NIHEL","description":"C\u2019est votre nouveau d\u00e9odorant spray BEAUTY STYLE pour enfant. Je suis l\u00e0 pour vous accompagner pendant toute la journ\u00e9e avec mes notes douces et fra\u00eeches. Ma formule sans sels d\u2019aluminium, sp\u00e9cialement con\u00e7ue pour les supers h\u00e9ro\u00efnes, contient un agent antibact\u00e9rien naturel qui respecte l'\u00e9quilibre de votre peau tout en vous aidant \u00e0 pr\u00e9venir l\u2019apparition des mauvaises odeurs. Avec mon parfum plein de vie, nous allons passer une journ\u00e9e id\u00e9ale!","robots":{"index":"index","follow":"follow","max-snippet":"max-snippet:-1","max-image-preview":"max-image-preview:large","max-video-preview":"max-video-preview:-1"},"canonical":"https:\/\/nihel.com\/ar\/product\/deodorant-mitsy-beauty-style\/","og_locale":"ar_AR","og_type":"article","og_title":"D\u00c9ODORANT MITSY BEAUTY STYLE | LABORATOIRES NIHEL","og_description":"C\u2019est votre nouveau d\u00e9odorant spray BEAUTY STYLE pour enfant. Je suis l\u00e0 pour vous accompagner pendant toute la journ\u00e9e avec mes notes douces et fra\u00eeches. Ma formule sans sels d\u2019aluminium, sp\u00e9cialement con\u00e7ue pour les supers h\u00e9ro\u00efnes, contient un agent antibact\u00e9rien naturel qui respecte l'\u00e9quilibre de votre peau tout en vous aidant \u00e0 pr\u00e9venir l\u2019apparition des mauvaises odeurs. Avec mon parfum plein de vie, nous allons passer une journ\u00e9e id\u00e9ale!","og_url":"https:\/\/nihel.com\/ar\/product\/deodorant-mitsy-beauty-style\/","og_site_name":"LABORATOIRES NIHEL","twitter_card":"summary_large_image","schema":{"@context":"https:\/\/schema.org","@graph":[{"@type":"WebPage","@id":"https:\/\/nihel.com\/ar\/product\/deodorant-mitsy-beauty-style\/","url":"https:\/\/nihel.com\/ar\/product\/deodorant-mitsy-beauty-style\/","name":"D\u00c9ODORANT MITSY BEAUTY STYLE | LABORATOIRES NIHEL","isPartOf":{"@id":"https:\/\/nihel.com\/#website"},"datePublished":"2023-11-23T09:11:47+00:00","dateModified":"2023-11-23T09:11:47+00:00","description":"C\u2019est votre nouveau d\u00e9odorant spray BEAUTY STYLE pour enfant. Je suis l\u00e0 pour vous accompagner pendant toute la journ\u00e9e avec mes notes douces et fra\u00eeches. Ma formule sans sels d\u2019aluminium, sp\u00e9cialement con\u00e7ue pour les supers h\u00e9ro\u00efnes, contient un agent antibact\u00e9rien naturel qui respecte l'\u00e9quilibre de votre peau tout en vous aidant \u00e0 pr\u00e9venir l\u2019apparition des mauvaises odeurs. Avec mon parfum plein de vie, nous allons passer une journ\u00e9e id\u00e9ale!","breadcrumb":{"@id":"https:\/\/nihel.com\/ar\/product\/deodorant-mitsy-beauty-style\/#breadcrumb"},"inLanguage":"ar","potentialAction":[{"@type":"ReadAction","target":["https:\/\/nihel.com\/ar\/product\/deodorant-mitsy-beauty-style\/"]}]},{"@type":"BreadcrumbList","@id":"https:\/\/nihel.com\/ar\/product\/deodorant-mitsy-beauty-style\/#breadcrumb","itemListElement":[{"@type":"ListItem","position":1,"name":"Home","item":"https:\/\/nihel.com\/ar\/"},{"@type":"ListItem","position":2,"name":"Produits","item":"https:\/\/nihel.com\/shop\/"},{"@type":"ListItem","position":3,"name":"D\u00c9ODORANT MITSY BEAUTY STYLE"}]},{"@type":"WebSite","@id":"https:\/\/nihel.com\/#website","url":"https:\/\/nihel.com\/","name":"LABORATOIRES NIHEL","description":"Fabrication des produits cosm\u00e9tiques en Tunisie","potentialAction":[{"@type":"SearchAction","target":{"@type":"EntryPoint","urlTemplate":"https:\/\/nihel.com\/?s={search_term_string}"},"query-input":"required name=search_term_string"}],"inLanguage":"ar"}]}},"_links":{"self":[{"href":"https:\/\/nihel.com\/ar\/wp-json\/wp\/v2\/product\/4677","targetHints":{"allow":["GET"]}}],"collection":[{"href":"https:\/\/nihel.com\/ar\/wp-json\/wp\/v2\/product"}],"about":[{"href":"https:\/\/nihel.com\/ar\/wp-json\/wp\/v2\/types\/product"}],"replies":[{"embeddable":true,"href":"https:\/\/nihel.com\/ar\/wp-json\/wp\/v2\/comments?post=4677"}],"wp:featuredmedia":[{"embeddable":true,"href":"https:\/\/nihel.com\/ar\/wp-json\/wp\/v2\/media\/3602"}],"wp:attachment":[{"href":"https:\/\/nihel.com\/ar\/wp-json\/wp\/v2\/media?parent=4677"}],"wp:term":[{"taxonomy":"brand","embeddable":true,"href":"https:\/\/nihel.com\/ar\/wp-json\/wp\/v2\/etheme_brands?post=4677"},{"taxonomy":"product_cat","embeddable":true,"href":"https:\/\/nihel.com\/ar\/wp-json\/wp\/v2\/product_cat?post=4677"},{"taxonomy":"product_tag","embeddable":true,"href":"https:\/\/nihel.com\/ar\/wp-json\/wp\/v2\/product_tag?post=4677"}],"curies":[{"name":"wp","href":"https:\/\/api.w.org\/{rel}","templated":true}]}}