{"id":4664,"date":"2024-02-15T11:37:08","date_gmt":"2024-02-15T10:37:08","guid":{"rendered":"https:\/\/nihel.com\/product\/bain-de-bouche-fraicheur-mentholee\/"},"modified":"2024-02-15T11:37:08","modified_gmt":"2024-02-15T10:37:08","slug":"bain-de-bouche-fraicheur-mentholee","status":"publish","type":"product","link":"https:\/\/nihel.com\/ar\/product\/bain-de-bouche-fraicheur-mentholee\/","title":{"rendered":"BAIN DE BOUCHE FRAICHEUR MENTHOLEE"},"content":{"rendered":"","protected":false},"excerpt":{"rendered":"<div class=\"flex-1 overflow-hidden\">\n<div class=\"react-scroll-to-bottom--css-fbdrq-79elbk h-full\">\n<div class=\"react-scroll-to-bottom--css-fbdrq-1n7m0yu\">\n<div class=\"flex flex-col pb-9 text-sm\">\n<div class=\"w-full text-token-text-primary\" data-testid=\"conversation-turn-19\">\n<div class=\"px-4 py-2 justify-center text-base md:gap-6 m-auto\">\n<div class=\"flex flex-1 text-base mx-auto gap-3 md:px-5 lg:px-1 xl:px-5 md:max-w-3xl lg:max-w-[40rem] xl:max-w-[48rem] group final-completion\">\n<div class=\"relative flex w-full flex-col agent-turn\">\n<div class=\"flex-col gap-1 md:gap-3\">\n<div class=\"flex flex-grow flex-col max-w-full\">\n<div class=\"min-h-[20px] text-message flex flex-col items-start gap-3 whitespace-pre-wrap break-words [.text-message+&amp;]:mt-5 overflow-x-auto\" data-message-author-role=\"assistant\" data-message-id=\"a417610f-0e81-47d5-a6dd-7ff09f470a43\">\n<div class=\"markdown prose w-full break-words dark:prose-invert light\">\n<p>Savourez la fra\u00eecheur vivifiante de la menthe avec le bain de bouche Haleine Fresh au go\u00fbt menthol\u00e9. Plongez dans une sensation glac\u00e9e et revigorante qui laisse votre bouche propre, rafra\u00eechie et pr\u00eate \u00e0 affronter la journ\u00e9e. L&#8217;ar\u00f4me piquant de la menthe vous enveloppe d&#8217;une fra\u00eecheur intense, tandis que sa saveur vivifiante stimule vos sens pour une exp\u00e9rience de bain de bouche incomparable. Adoptez le go\u00fbt fra\u00eecheur menthol\u00e9e de Haleine Fresh pour une sensation de puret\u00e9 et de bien-\u00eatre \u00e0 chaque utilisation.<\/p>\n<\/div>\n<\/div>\n<\/div>\n<div class=\"mt-1 flex justify-start gap-3 empty:hidden\">\n<div class=\"text-gray-400 flex self-end lg:self-center justify-center lg:justify-start mt-0 -ml-1 visible\"><button class=\"flex items-center gap-1.5 rounded-md p-1 text-xs text-token-text-tertiary hover:text-token-text-primary md:invisible md:group-hover:visible md:group-[.final-completion]:visible\"><\/button><\/p>\n<div class=\"flex items-center gap-1.5 text-xs\"><\/div>\n<div class=\"flex\"><\/div>\n<\/div>\n<\/div>\n<\/div>\n<\/div>\n<\/div>\n<\/div>\n<\/div>\n<\/div>\n<\/div>\n<\/div>\n<\/div>\n<div class=\"w-full pt-2 md:pt-0 dark:border-white\/20 md:border-transparent md:dark:border-transparent md:w-[calc(100%-.5rem)]\">\n<form class=\"stretch mx-2 flex flex-row gap-3 last:mb-2 md:mx-4 md:last:mb-6 lg:mx-auto lg:max-w-2xl xl:max-w-3xl\">\n<div class=\"relative flex h-full flex-1 items-stretch md:flex-col\">\n<div class=\"flex w-full items-center\"><\/div>\n<\/div>\n<\/form>\n<\/div>\n","protected":false},"featured_media":4027,"comment_status":"open","ping_status":"closed","template":"","meta":[],"etheme_brands":[],"product_cat":[781,782,783,784],"product_tag":[],"class_list":["post-4664","product","type-product","status-publish","has-post-thumbnail","hentry","product_cat-781","product_cat--ar-5","product_cat-783","product_cat-784"],"yoast_head":"<!-- This site is optimized with the Yoast SEO plugin v19.10 - https:\/\/yoast.com\/wordpress\/plugins\/seo\/ -->\n<title>BAIN DE BOUCHE FRAICHEUR MENTHOLEE | LABORATOIRES NIHEL<\/title>\n<meta name=\"description\" content=\"Savourez la fra\u00eecheur vivifiante de la menthe avec le bain de bouche Haleine Fresh au go\u00fbt menthol\u00e9. Plongez dans une sensation glac\u00e9e et revigorante qui laisse votre bouche propre, rafra\u00eechie et pr\u00eate \u00e0 affronter la journ\u00e9e. L&#039;ar\u00f4me piquant de la menthe vous enveloppe d&#039;une fra\u00eecheur intense, tandis que sa saveur vivifiante stimule vos sens pour une exp\u00e9rience de bain de bouche incomparable. Adoptez le go\u00fbt fra\u00eecheur menthol\u00e9e de Haleine Fresh pour une sensation de puret\u00e9 et de bien-\u00eatre \u00e0 chaque utilisation.\" \/>\n<meta name=\"robots\" content=\"index, follow, max-snippet:-1, max-image-preview:large, max-video-preview:-1\" \/>\n<link rel=\"canonical\" href=\"https:\/\/nihel.com\/ar\/product\/bain-de-bouche-fraicheur-mentholee\/\" \/>\n<meta property=\"og:locale\" content=\"ar_AR\" \/>\n<meta property=\"og:type\" content=\"article\" \/>\n<meta property=\"og:title\" content=\"BAIN DE BOUCHE FRAICHEUR MENTHOLEE | LABORATOIRES NIHEL\" \/>\n<meta property=\"og:description\" content=\"Savourez la fra\u00eecheur vivifiante de la menthe avec le bain de bouche Haleine Fresh au go\u00fbt menthol\u00e9. Plongez dans une sensation glac\u00e9e et revigorante qui laisse votre bouche propre, rafra\u00eechie et pr\u00eate \u00e0 affronter la journ\u00e9e. L&#039;ar\u00f4me piquant de la menthe vous enveloppe d&#039;une fra\u00eecheur intense, tandis que sa saveur vivifiante stimule vos sens pour une exp\u00e9rience de bain de bouche incomparable. Adoptez le go\u00fbt fra\u00eecheur menthol\u00e9e de Haleine Fresh pour une sensation de puret\u00e9 et de bien-\u00eatre \u00e0 chaque utilisation.\" \/>\n<meta property=\"og:url\" content=\"https:\/\/nihel.com\/ar\/product\/bain-de-bouche-fraicheur-mentholee\/\" \/>\n<meta property=\"og:site_name\" content=\"LABORATOIRES NIHEL\" \/>\n<meta name=\"twitter:card\" content=\"summary_large_image\" \/>\n<script type=\"application\/ld+json\" class=\"yoast-schema-graph\">{\"@context\":\"https:\/\/schema.org\",\"@graph\":[{\"@type\":\"WebPage\",\"@id\":\"https:\/\/nihel.com\/ar\/product\/bain-de-bouche-fraicheur-mentholee\/\",\"url\":\"https:\/\/nihel.com\/ar\/product\/bain-de-bouche-fraicheur-mentholee\/\",\"name\":\"BAIN DE BOUCHE FRAICHEUR MENTHOLEE | LABORATOIRES NIHEL\",\"isPartOf\":{\"@id\":\"https:\/\/nihel.com\/#website\"},\"datePublished\":\"2024-02-15T10:37:08+00:00\",\"dateModified\":\"2024-02-15T10:37:08+00:00\",\"description\":\"Savourez la fra\u00eecheur vivifiante de la menthe avec le bain de bouche Haleine Fresh au go\u00fbt menthol\u00e9. Plongez dans une sensation glac\u00e9e et revigorante qui laisse votre bouche propre, rafra\u00eechie et pr\u00eate \u00e0 affronter la journ\u00e9e. L'ar\u00f4me piquant de la menthe vous enveloppe d'une fra\u00eecheur intense, tandis que sa saveur vivifiante stimule vos sens pour une exp\u00e9rience de bain de bouche incomparable. Adoptez le go\u00fbt fra\u00eecheur menthol\u00e9e de Haleine Fresh pour une sensation de puret\u00e9 et de bien-\u00eatre \u00e0 chaque utilisation.\",\"breadcrumb\":{\"@id\":\"https:\/\/nihel.com\/ar\/product\/bain-de-bouche-fraicheur-mentholee\/#breadcrumb\"},\"inLanguage\":\"ar\",\"potentialAction\":[{\"@type\":\"ReadAction\",\"target\":[\"https:\/\/nihel.com\/ar\/product\/bain-de-bouche-fraicheur-mentholee\/\"]}]},{\"@type\":\"BreadcrumbList\",\"@id\":\"https:\/\/nihel.com\/ar\/product\/bain-de-bouche-fraicheur-mentholee\/#breadcrumb\",\"itemListElement\":[{\"@type\":\"ListItem\",\"position\":1,\"name\":\"Home\",\"item\":\"https:\/\/nihel.com\/ar\/\"},{\"@type\":\"ListItem\",\"position\":2,\"name\":\"Produits\",\"item\":\"https:\/\/nihel.com\/shop\/\"},{\"@type\":\"ListItem\",\"position\":3,\"name\":\"BAIN DE BOUCHE FRAICHEUR MENTHOLEE\"}]},{\"@type\":\"WebSite\",\"@id\":\"https:\/\/nihel.com\/#website\",\"url\":\"https:\/\/nihel.com\/\",\"name\":\"LABORATOIRES NIHEL\",\"description\":\"Fabrication des produits cosm\u00e9tiques en Tunisie\",\"potentialAction\":[{\"@type\":\"SearchAction\",\"target\":{\"@type\":\"EntryPoint\",\"urlTemplate\":\"https:\/\/nihel.com\/?s={search_term_string}\"},\"query-input\":\"required name=search_term_string\"}],\"inLanguage\":\"ar\"}]}<\/script>\n<!-- \/ Yoast SEO plugin. -->","yoast_head_json":{"title":"BAIN DE BOUCHE FRAICHEUR MENTHOLEE | LABORATOIRES NIHEL","description":"Savourez la fra\u00eecheur vivifiante de la menthe avec le bain de bouche Haleine Fresh au go\u00fbt menthol\u00e9. Plongez dans une sensation glac\u00e9e et revigorante qui laisse votre bouche propre, rafra\u00eechie et pr\u00eate \u00e0 affronter la journ\u00e9e. L'ar\u00f4me piquant de la menthe vous enveloppe d'une fra\u00eecheur intense, tandis que sa saveur vivifiante stimule vos sens pour une exp\u00e9rience de bain de bouche incomparable. Adoptez le go\u00fbt fra\u00eecheur menthol\u00e9e de Haleine Fresh pour une sensation de puret\u00e9 et de bien-\u00eatre \u00e0 chaque utilisation.","robots":{"index":"index","follow":"follow","max-snippet":"max-snippet:-1","max-image-preview":"max-image-preview:large","max-video-preview":"max-video-preview:-1"},"canonical":"https:\/\/nihel.com\/ar\/product\/bain-de-bouche-fraicheur-mentholee\/","og_locale":"ar_AR","og_type":"article","og_title":"BAIN DE BOUCHE FRAICHEUR MENTHOLEE | LABORATOIRES NIHEL","og_description":"Savourez la fra\u00eecheur vivifiante de la menthe avec le bain de bouche Haleine Fresh au go\u00fbt menthol\u00e9. Plongez dans une sensation glac\u00e9e et revigorante qui laisse votre bouche propre, rafra\u00eechie et pr\u00eate \u00e0 affronter la journ\u00e9e. L'ar\u00f4me piquant de la menthe vous enveloppe d'une fra\u00eecheur intense, tandis que sa saveur vivifiante stimule vos sens pour une exp\u00e9rience de bain de bouche incomparable. Adoptez le go\u00fbt fra\u00eecheur menthol\u00e9e de Haleine Fresh pour une sensation de puret\u00e9 et de bien-\u00eatre \u00e0 chaque utilisation.","og_url":"https:\/\/nihel.com\/ar\/product\/bain-de-bouche-fraicheur-mentholee\/","og_site_name":"LABORATOIRES NIHEL","twitter_card":"summary_large_image","schema":{"@context":"https:\/\/schema.org","@graph":[{"@type":"WebPage","@id":"https:\/\/nihel.com\/ar\/product\/bain-de-bouche-fraicheur-mentholee\/","url":"https:\/\/nihel.com\/ar\/product\/bain-de-bouche-fraicheur-mentholee\/","name":"BAIN DE BOUCHE FRAICHEUR MENTHOLEE | LABORATOIRES NIHEL","isPartOf":{"@id":"https:\/\/nihel.com\/#website"},"datePublished":"2024-02-15T10:37:08+00:00","dateModified":"2024-02-15T10:37:08+00:00","description":"Savourez la fra\u00eecheur vivifiante de la menthe avec le bain de bouche Haleine Fresh au go\u00fbt menthol\u00e9. Plongez dans une sensation glac\u00e9e et revigorante qui laisse votre bouche propre, rafra\u00eechie et pr\u00eate \u00e0 affronter la journ\u00e9e. L'ar\u00f4me piquant de la menthe vous enveloppe d'une fra\u00eecheur intense, tandis que sa saveur vivifiante stimule vos sens pour une exp\u00e9rience de bain de bouche incomparable. Adoptez le go\u00fbt fra\u00eecheur menthol\u00e9e de Haleine Fresh pour une sensation de puret\u00e9 et de bien-\u00eatre \u00e0 chaque utilisation.","breadcrumb":{"@id":"https:\/\/nihel.com\/ar\/product\/bain-de-bouche-fraicheur-mentholee\/#breadcrumb"},"inLanguage":"ar","potentialAction":[{"@type":"ReadAction","target":["https:\/\/nihel.com\/ar\/product\/bain-de-bouche-fraicheur-mentholee\/"]}]},{"@type":"BreadcrumbList","@id":"https:\/\/nihel.com\/ar\/product\/bain-de-bouche-fraicheur-mentholee\/#breadcrumb","itemListElement":[{"@type":"ListItem","position":1,"name":"Home","item":"https:\/\/nihel.com\/ar\/"},{"@type":"ListItem","position":2,"name":"Produits","item":"https:\/\/nihel.com\/shop\/"},{"@type":"ListItem","position":3,"name":"BAIN DE BOUCHE FRAICHEUR MENTHOLEE"}]},{"@type":"WebSite","@id":"https:\/\/nihel.com\/#website","url":"https:\/\/nihel.com\/","name":"LABORATOIRES NIHEL","description":"Fabrication des produits cosm\u00e9tiques en Tunisie","potentialAction":[{"@type":"SearchAction","target":{"@type":"EntryPoint","urlTemplate":"https:\/\/nihel.com\/?s={search_term_string}"},"query-input":"required name=search_term_string"}],"inLanguage":"ar"}]}},"_links":{"self":[{"href":"https:\/\/nihel.com\/ar\/wp-json\/wp\/v2\/product\/4664","targetHints":{"allow":["GET"]}}],"collection":[{"href":"https:\/\/nihel.com\/ar\/wp-json\/wp\/v2\/product"}],"about":[{"href":"https:\/\/nihel.com\/ar\/wp-json\/wp\/v2\/types\/product"}],"replies":[{"embeddable":true,"href":"https:\/\/nihel.com\/ar\/wp-json\/wp\/v2\/comments?post=4664"}],"wp:featuredmedia":[{"embeddable":true,"href":"https:\/\/nihel.com\/ar\/wp-json\/wp\/v2\/media\/4027"}],"wp:attachment":[{"href":"https:\/\/nihel.com\/ar\/wp-json\/wp\/v2\/media?parent=4664"}],"wp:term":[{"taxonomy":"brand","embeddable":true,"href":"https:\/\/nihel.com\/ar\/wp-json\/wp\/v2\/etheme_brands?post=4664"},{"taxonomy":"product_cat","embeddable":true,"href":"https:\/\/nihel.com\/ar\/wp-json\/wp\/v2\/product_cat?post=4664"},{"taxonomy":"product_tag","embeddable":true,"href":"https:\/\/nihel.com\/ar\/wp-json\/wp\/v2\/product_tag?post=4664"}],"curies":[{"name":"wp","href":"https:\/\/api.w.org\/{rel}","templated":true}]}}