{"id":4652,"date":"2024-02-20T16:09:56","date_gmt":"2024-02-20T15:09:56","guid":{"rendered":"https:\/\/nihel.com\/product\/apres-shampoing-rojanet-huile-dargan-et-fleur-de-tiare\/"},"modified":"2024-02-20T16:09:56","modified_gmt":"2024-02-20T15:09:56","slug":"apres-shampoing-rojanet-huile-dargan-et-fleur-de-tiare","status":"publish","type":"product","link":"https:\/\/nihel.com\/ar\/product\/apres-shampoing-rojanet-huile-dargan-et-fleur-de-tiare\/","title":{"rendered":"APRES SHAMPOING ROJANET:  HUILE D&#8217;ARGAN ET FLEUR DE TIARE"},"content":{"rendered":"","protected":false},"excerpt":{"rendered":"<p>Offrez \u00e0 vos cheveux un traitement luxueux avec notre apr\u00e8s-shampoing \u00e0 l&#8217;huile d&#8217;argan et \u00e0 la fleur de tiar\u00e9. Cette formule riche et nourrissante combine les bienfaits hydratants de l&#8217;huile d&#8217;argan avec l&#8217;ar\u00f4me exotique et envo\u00fbtant de la fleur de tiar\u00e9. L&#8217;huile d&#8217;argan nourrit en profondeur et hydrate vos cheveux, tandis que la fleur de tiar\u00e9 les enveloppe d&#8217;un parfum enivrant. Vos cheveux sont laiss\u00e9s doux, lisses et d\u00e9licieusement parfum\u00e9s.<\/p>\n<p><strong>Mode d&#8217;emploi :<\/strong> Apr\u00e8s avoir utilis\u00e9 votre shampoing habituel, appliquez une quantit\u00e9 g\u00e9n\u00e9reuse d&#8217;apr\u00e8s-shampoing sur les cheveux mouill\u00e9s, en insistant particuli\u00e8rement sur les pointes. Laissez agir pendant quelques minutes pour permettre aux ingr\u00e9dients nourrissants de p\u00e9n\u00e9trer en profondeur. Rincez abondamment \u00e0 l&#8217;eau ti\u00e8de. Pour de meilleurs r\u00e9sultats, utilisez r\u00e9guli\u00e8rement en association avec notre shampoing \u00e0 l&#8217;huile d&#8217;argan et \u00e0 la fleur de tiar\u00e9.<\/p>\n","protected":false},"featured_media":4081,"comment_status":"open","ping_status":"closed","template":"","meta":[],"etheme_brands":[{"term_id":383,"name":"\u0631\u0648\u062c\u0627\u0646\u064a\u062a","slug":"rojanet-ar","term_group":0,"term_taxonomy_id":383,"taxonomy":"brand","description":"","parent":0,"count":7,"filter":"raw","term_order":"0"}],"product_cat":[607,608,609,611],"product_tag":[],"class_list":["post-4652","product","type-product","status-publish","has-post-thumbnail","hentry","brand-rojanet-ar","product_cat-607","product_cat--ar","product_cat---ar-2","product_cat-611"],"yoast_head":"<!-- This site is optimized with the Yoast SEO plugin v19.10 - https:\/\/yoast.com\/wordpress\/plugins\/seo\/ -->\n<title>APRES SHAMPOING ROJANET: HUILE D&#039;ARGAN ET FLEUR DE TIARE | LABORATOIRES NIHEL<\/title>\n<meta name=\"description\" content=\"Offrez \u00e0 vos cheveux un traitement luxueux avec notre apr\u00e8s-shampoing \u00e0 l&#039;huile d&#039;argan et \u00e0 la fleur de tiar\u00e9. Cette formule riche et nourrissante combine les bienfaits hydratants de l&#039;huile d&#039;argan avec l&#039;ar\u00f4me exotique et envo\u00fbtant de la fleur de tiar\u00e9. L&#039;huile d&#039;argan nourrit en profondeur et hydrate vos cheveux, tandis que la fleur de tiar\u00e9 les enveloppe d&#039;un parfum enivrant. Vos cheveux sont laiss\u00e9s doux, lisses et d\u00e9licieusement parfum\u00e9s.  Mode d&#039;emploi : Apr\u00e8s avoir utilis\u00e9 votre shampoing habituel, appliquez une quantit\u00e9 g\u00e9n\u00e9reuse d&#039;apr\u00e8s-shampoing sur les cheveux mouill\u00e9s, en insistant particuli\u00e8rement sur les pointes. Laissez agir pendant quelques minutes pour permettre aux ingr\u00e9dients nourrissants de p\u00e9n\u00e9trer en profondeur. Rincez abondamment \u00e0 l&#039;eau ti\u00e8de. Pour de meilleurs r\u00e9sultats, utilisez r\u00e9guli\u00e8rement en association avec notre shampoing \u00e0 l&#039;huile d&#039;argan et \u00e0 la fleur de tiar\u00e9.\" \/>\n<meta name=\"robots\" content=\"index, follow, max-snippet:-1, max-image-preview:large, max-video-preview:-1\" \/>\n<link rel=\"canonical\" href=\"https:\/\/nihel.com\/ar\/product\/apres-shampoing-rojanet-huile-dargan-et-fleur-de-tiare\/\" \/>\n<meta property=\"og:locale\" content=\"ar_AR\" \/>\n<meta property=\"og:type\" content=\"article\" \/>\n<meta property=\"og:title\" content=\"APRES SHAMPOING ROJANET: HUILE D&#039;ARGAN ET FLEUR DE TIARE | LABORATOIRES NIHEL\" \/>\n<meta property=\"og:description\" content=\"Offrez \u00e0 vos cheveux un traitement luxueux avec notre apr\u00e8s-shampoing \u00e0 l&#039;huile d&#039;argan et \u00e0 la fleur de tiar\u00e9. Cette formule riche et nourrissante combine les bienfaits hydratants de l&#039;huile d&#039;argan avec l&#039;ar\u00f4me exotique et envo\u00fbtant de la fleur de tiar\u00e9. L&#039;huile d&#039;argan nourrit en profondeur et hydrate vos cheveux, tandis que la fleur de tiar\u00e9 les enveloppe d&#039;un parfum enivrant. Vos cheveux sont laiss\u00e9s doux, lisses et d\u00e9licieusement parfum\u00e9s.  Mode d&#039;emploi : Apr\u00e8s avoir utilis\u00e9 votre shampoing habituel, appliquez une quantit\u00e9 g\u00e9n\u00e9reuse d&#039;apr\u00e8s-shampoing sur les cheveux mouill\u00e9s, en insistant particuli\u00e8rement sur les pointes. Laissez agir pendant quelques minutes pour permettre aux ingr\u00e9dients nourrissants de p\u00e9n\u00e9trer en profondeur. Rincez abondamment \u00e0 l&#039;eau ti\u00e8de. Pour de meilleurs r\u00e9sultats, utilisez r\u00e9guli\u00e8rement en association avec notre shampoing \u00e0 l&#039;huile d&#039;argan et \u00e0 la fleur de tiar\u00e9.\" \/>\n<meta property=\"og:url\" content=\"https:\/\/nihel.com\/ar\/product\/apres-shampoing-rojanet-huile-dargan-et-fleur-de-tiare\/\" \/>\n<meta property=\"og:site_name\" content=\"LABORATOIRES NIHEL\" \/>\n<meta name=\"twitter:card\" content=\"summary_large_image\" \/>\n<script type=\"application\/ld+json\" class=\"yoast-schema-graph\">{\"@context\":\"https:\/\/schema.org\",\"@graph\":[{\"@type\":\"WebPage\",\"@id\":\"https:\/\/nihel.com\/ar\/product\/apres-shampoing-rojanet-huile-dargan-et-fleur-de-tiare\/\",\"url\":\"https:\/\/nihel.com\/ar\/product\/apres-shampoing-rojanet-huile-dargan-et-fleur-de-tiare\/\",\"name\":\"APRES SHAMPOING ROJANET: HUILE D'ARGAN ET FLEUR DE TIARE | LABORATOIRES NIHEL\",\"isPartOf\":{\"@id\":\"https:\/\/nihel.com\/#website\"},\"datePublished\":\"2024-02-20T15:09:56+00:00\",\"dateModified\":\"2024-02-20T15:09:56+00:00\",\"description\":\"Offrez \u00e0 vos cheveux un traitement luxueux avec notre apr\u00e8s-shampoing \u00e0 l'huile d'argan et \u00e0 la fleur de tiar\u00e9. Cette formule riche et nourrissante combine les bienfaits hydratants de l'huile d'argan avec l'ar\u00f4me exotique et envo\u00fbtant de la fleur de tiar\u00e9. L'huile d'argan nourrit en profondeur et hydrate vos cheveux, tandis que la fleur de tiar\u00e9 les enveloppe d'un parfum enivrant. Vos cheveux sont laiss\u00e9s doux, lisses et d\u00e9licieusement parfum\u00e9s. Mode d'emploi : Apr\u00e8s avoir utilis\u00e9 votre shampoing habituel, appliquez une quantit\u00e9 g\u00e9n\u00e9reuse d'apr\u00e8s-shampoing sur les cheveux mouill\u00e9s, en insistant particuli\u00e8rement sur les pointes. Laissez agir pendant quelques minutes pour permettre aux ingr\u00e9dients nourrissants de p\u00e9n\u00e9trer en profondeur. Rincez abondamment \u00e0 l'eau ti\u00e8de. Pour de meilleurs r\u00e9sultats, utilisez r\u00e9guli\u00e8rement en association avec notre shampoing \u00e0 l'huile d'argan et \u00e0 la fleur de tiar\u00e9.\",\"breadcrumb\":{\"@id\":\"https:\/\/nihel.com\/ar\/product\/apres-shampoing-rojanet-huile-dargan-et-fleur-de-tiare\/#breadcrumb\"},\"inLanguage\":\"ar\",\"potentialAction\":[{\"@type\":\"ReadAction\",\"target\":[\"https:\/\/nihel.com\/ar\/product\/apres-shampoing-rojanet-huile-dargan-et-fleur-de-tiare\/\"]}]},{\"@type\":\"BreadcrumbList\",\"@id\":\"https:\/\/nihel.com\/ar\/product\/apres-shampoing-rojanet-huile-dargan-et-fleur-de-tiare\/#breadcrumb\",\"itemListElement\":[{\"@type\":\"ListItem\",\"position\":1,\"name\":\"Home\",\"item\":\"https:\/\/nihel.com\/ar\/\"},{\"@type\":\"ListItem\",\"position\":2,\"name\":\"Produits\",\"item\":\"https:\/\/nihel.com\/shop\/\"},{\"@type\":\"ListItem\",\"position\":3,\"name\":\"APRES SHAMPOING ROJANET: HUILE D&rsquo;ARGAN ET FLEUR DE TIARE\"}]},{\"@type\":\"WebSite\",\"@id\":\"https:\/\/nihel.com\/#website\",\"url\":\"https:\/\/nihel.com\/\",\"name\":\"LABORATOIRES NIHEL\",\"description\":\"Fabrication des produits cosm\u00e9tiques en Tunisie\",\"potentialAction\":[{\"@type\":\"SearchAction\",\"target\":{\"@type\":\"EntryPoint\",\"urlTemplate\":\"https:\/\/nihel.com\/?s={search_term_string}\"},\"query-input\":\"required name=search_term_string\"}],\"inLanguage\":\"ar\"}]}<\/script>\n<!-- \/ Yoast SEO plugin. -->","yoast_head_json":{"title":"APRES SHAMPOING ROJANET: HUILE D'ARGAN ET FLEUR DE TIARE | LABORATOIRES NIHEL","description":"Offrez \u00e0 vos cheveux un traitement luxueux avec notre apr\u00e8s-shampoing \u00e0 l'huile d'argan et \u00e0 la fleur de tiar\u00e9. Cette formule riche et nourrissante combine les bienfaits hydratants de l'huile d'argan avec l'ar\u00f4me exotique et envo\u00fbtant de la fleur de tiar\u00e9. L'huile d'argan nourrit en profondeur et hydrate vos cheveux, tandis que la fleur de tiar\u00e9 les enveloppe d'un parfum enivrant. Vos cheveux sont laiss\u00e9s doux, lisses et d\u00e9licieusement parfum\u00e9s.  Mode d'emploi : Apr\u00e8s avoir utilis\u00e9 votre shampoing habituel, appliquez une quantit\u00e9 g\u00e9n\u00e9reuse d'apr\u00e8s-shampoing sur les cheveux mouill\u00e9s, en insistant particuli\u00e8rement sur les pointes. Laissez agir pendant quelques minutes pour permettre aux ingr\u00e9dients nourrissants de p\u00e9n\u00e9trer en profondeur. Rincez abondamment \u00e0 l'eau ti\u00e8de. Pour de meilleurs r\u00e9sultats, utilisez r\u00e9guli\u00e8rement en association avec notre shampoing \u00e0 l'huile d'argan et \u00e0 la fleur de tiar\u00e9.","robots":{"index":"index","follow":"follow","max-snippet":"max-snippet:-1","max-image-preview":"max-image-preview:large","max-video-preview":"max-video-preview:-1"},"canonical":"https:\/\/nihel.com\/ar\/product\/apres-shampoing-rojanet-huile-dargan-et-fleur-de-tiare\/","og_locale":"ar_AR","og_type":"article","og_title":"APRES SHAMPOING ROJANET: HUILE D'ARGAN ET FLEUR DE TIARE | LABORATOIRES NIHEL","og_description":"Offrez \u00e0 vos cheveux un traitement luxueux avec notre apr\u00e8s-shampoing \u00e0 l'huile d'argan et \u00e0 la fleur de tiar\u00e9. Cette formule riche et nourrissante combine les bienfaits hydratants de l'huile d'argan avec l'ar\u00f4me exotique et envo\u00fbtant de la fleur de tiar\u00e9. L'huile d'argan nourrit en profondeur et hydrate vos cheveux, tandis que la fleur de tiar\u00e9 les enveloppe d'un parfum enivrant. Vos cheveux sont laiss\u00e9s doux, lisses et d\u00e9licieusement parfum\u00e9s.  Mode d'emploi : Apr\u00e8s avoir utilis\u00e9 votre shampoing habituel, appliquez une quantit\u00e9 g\u00e9n\u00e9reuse d'apr\u00e8s-shampoing sur les cheveux mouill\u00e9s, en insistant particuli\u00e8rement sur les pointes. Laissez agir pendant quelques minutes pour permettre aux ingr\u00e9dients nourrissants de p\u00e9n\u00e9trer en profondeur. Rincez abondamment \u00e0 l'eau ti\u00e8de. Pour de meilleurs r\u00e9sultats, utilisez r\u00e9guli\u00e8rement en association avec notre shampoing \u00e0 l'huile d'argan et \u00e0 la fleur de tiar\u00e9.","og_url":"https:\/\/nihel.com\/ar\/product\/apres-shampoing-rojanet-huile-dargan-et-fleur-de-tiare\/","og_site_name":"LABORATOIRES NIHEL","twitter_card":"summary_large_image","schema":{"@context":"https:\/\/schema.org","@graph":[{"@type":"WebPage","@id":"https:\/\/nihel.com\/ar\/product\/apres-shampoing-rojanet-huile-dargan-et-fleur-de-tiare\/","url":"https:\/\/nihel.com\/ar\/product\/apres-shampoing-rojanet-huile-dargan-et-fleur-de-tiare\/","name":"APRES SHAMPOING ROJANET: HUILE D'ARGAN ET FLEUR DE TIARE | LABORATOIRES NIHEL","isPartOf":{"@id":"https:\/\/nihel.com\/#website"},"datePublished":"2024-02-20T15:09:56+00:00","dateModified":"2024-02-20T15:09:56+00:00","description":"Offrez \u00e0 vos cheveux un traitement luxueux avec notre apr\u00e8s-shampoing \u00e0 l'huile d'argan et \u00e0 la fleur de tiar\u00e9. Cette formule riche et nourrissante combine les bienfaits hydratants de l'huile d'argan avec l'ar\u00f4me exotique et envo\u00fbtant de la fleur de tiar\u00e9. L'huile d'argan nourrit en profondeur et hydrate vos cheveux, tandis que la fleur de tiar\u00e9 les enveloppe d'un parfum enivrant. Vos cheveux sont laiss\u00e9s doux, lisses et d\u00e9licieusement parfum\u00e9s. Mode d'emploi : Apr\u00e8s avoir utilis\u00e9 votre shampoing habituel, appliquez une quantit\u00e9 g\u00e9n\u00e9reuse d'apr\u00e8s-shampoing sur les cheveux mouill\u00e9s, en insistant particuli\u00e8rement sur les pointes. Laissez agir pendant quelques minutes pour permettre aux ingr\u00e9dients nourrissants de p\u00e9n\u00e9trer en profondeur. Rincez abondamment \u00e0 l'eau ti\u00e8de. Pour de meilleurs r\u00e9sultats, utilisez r\u00e9guli\u00e8rement en association avec notre shampoing \u00e0 l'huile d'argan et \u00e0 la fleur de tiar\u00e9.","breadcrumb":{"@id":"https:\/\/nihel.com\/ar\/product\/apres-shampoing-rojanet-huile-dargan-et-fleur-de-tiare\/#breadcrumb"},"inLanguage":"ar","potentialAction":[{"@type":"ReadAction","target":["https:\/\/nihel.com\/ar\/product\/apres-shampoing-rojanet-huile-dargan-et-fleur-de-tiare\/"]}]},{"@type":"BreadcrumbList","@id":"https:\/\/nihel.com\/ar\/product\/apres-shampoing-rojanet-huile-dargan-et-fleur-de-tiare\/#breadcrumb","itemListElement":[{"@type":"ListItem","position":1,"name":"Home","item":"https:\/\/nihel.com\/ar\/"},{"@type":"ListItem","position":2,"name":"Produits","item":"https:\/\/nihel.com\/shop\/"},{"@type":"ListItem","position":3,"name":"APRES SHAMPOING ROJANET: HUILE D&rsquo;ARGAN ET FLEUR DE TIARE"}]},{"@type":"WebSite","@id":"https:\/\/nihel.com\/#website","url":"https:\/\/nihel.com\/","name":"LABORATOIRES NIHEL","description":"Fabrication des produits cosm\u00e9tiques en Tunisie","potentialAction":[{"@type":"SearchAction","target":{"@type":"EntryPoint","urlTemplate":"https:\/\/nihel.com\/?s={search_term_string}"},"query-input":"required name=search_term_string"}],"inLanguage":"ar"}]}},"_links":{"self":[{"href":"https:\/\/nihel.com\/ar\/wp-json\/wp\/v2\/product\/4652","targetHints":{"allow":["GET"]}}],"collection":[{"href":"https:\/\/nihel.com\/ar\/wp-json\/wp\/v2\/product"}],"about":[{"href":"https:\/\/nihel.com\/ar\/wp-json\/wp\/v2\/types\/product"}],"replies":[{"embeddable":true,"href":"https:\/\/nihel.com\/ar\/wp-json\/wp\/v2\/comments?post=4652"}],"wp:featuredmedia":[{"embeddable":true,"href":"https:\/\/nihel.com\/ar\/wp-json\/wp\/v2\/media\/4081"}],"wp:attachment":[{"href":"https:\/\/nihel.com\/ar\/wp-json\/wp\/v2\/media?parent=4652"}],"wp:term":[{"taxonomy":"brand","embeddable":true,"href":"https:\/\/nihel.com\/ar\/wp-json\/wp\/v2\/etheme_brands?post=4652"},{"taxonomy":"product_cat","embeddable":true,"href":"https:\/\/nihel.com\/ar\/wp-json\/wp\/v2\/product_cat?post=4652"},{"taxonomy":"product_tag","embeddable":true,"href":"https:\/\/nihel.com\/ar\/wp-json\/wp\/v2\/product_tag?post=4652"}],"curies":[{"name":"wp","href":"https:\/\/api.w.org\/{rel}","templated":true}]}}