{"id":4635,"date":"2024-03-13T10:01:08","date_gmt":"2024-03-13T09:01:08","guid":{"rendered":"https:\/\/nihel.com\/product\/gel-douche-rojanet-mineraux-marins-2\/"},"modified":"2024-03-13T10:01:08","modified_gmt":"2024-03-13T09:01:08","slug":"gel-douche-rojanet-mineraux-marins-2","status":"publish","type":"product","link":"https:\/\/nihel.com\/ar\/product\/gel-douche-rojanet-mineraux-marins-2\/","title":{"rendered":"GEL DOUCHE ROJANET: MIN\u00c9RAUX MARINS"},"content":{"rendered":"","protected":false},"excerpt":{"rendered":"<p>Goutez tout le plaisir aromatique du Gel Douche ROJANET aux Min\u00e9raux Marins pour une peau normale. Une formule riche qui hydrate et rafra\u00eechit votre peau au quotidien.<\/p>\n<p><strong>Contenance:<\/strong> 1000 ml.<\/p>\n","protected":false},"featured_media":4330,"comment_status":"open","ping_status":"closed","template":"","meta":[],"etheme_brands":[{"term_id":383,"name":"\u0631\u0648\u062c\u0627\u0646\u064a\u062a","slug":"rojanet-ar","term_group":0,"term_taxonomy_id":383,"taxonomy":"brand","description":"","parent":0,"count":7,"filter":"raw","term_order":"0"}],"product_cat":[607,608,613,614],"product_tag":[],"class_list":["post-4635","product","type-product","status-publish","has-post-thumbnail","hentry","brand-rojanet-ar","product_cat-607","product_cat--ar","product_cat----ar","product_cat-----ar-3"],"yoast_head":"<!-- This site is optimized with the Yoast SEO plugin v19.10 - https:\/\/yoast.com\/wordpress\/plugins\/seo\/ -->\n<title>GEL DOUCHE ROJANET: MIN\u00c9RAUX MARINS | LABORATOIRES NIHEL<\/title>\n<meta name=\"description\" content=\"Goutez tout le plaisir aromatique du Gel Douche ROJANET aux Min\u00e9raux Marins pour une peau normale. Une formule riche qui hydrate et rafra\u00eechit votre peau au quotidien.  Contenance: 1000 ml.\" \/>\n<meta name=\"robots\" content=\"index, follow, max-snippet:-1, max-image-preview:large, max-video-preview:-1\" \/>\n<link rel=\"canonical\" href=\"https:\/\/nihel.com\/ar\/product\/gel-douche-rojanet-mineraux-marins-2\/\" \/>\n<meta property=\"og:locale\" content=\"ar_AR\" \/>\n<meta property=\"og:type\" content=\"article\" \/>\n<meta property=\"og:title\" content=\"GEL DOUCHE ROJANET: MIN\u00c9RAUX MARINS | LABORATOIRES NIHEL\" \/>\n<meta property=\"og:description\" content=\"Goutez tout le plaisir aromatique du Gel Douche ROJANET aux Min\u00e9raux Marins pour une peau normale. Une formule riche qui hydrate et rafra\u00eechit votre peau au quotidien.  Contenance: 1000 ml.\" \/>\n<meta property=\"og:url\" content=\"https:\/\/nihel.com\/ar\/product\/gel-douche-rojanet-mineraux-marins-2\/\" \/>\n<meta property=\"og:site_name\" content=\"LABORATOIRES NIHEL\" \/>\n<meta name=\"twitter:card\" content=\"summary_large_image\" \/>\n<script type=\"application\/ld+json\" class=\"yoast-schema-graph\">{\"@context\":\"https:\/\/schema.org\",\"@graph\":[{\"@type\":\"WebPage\",\"@id\":\"https:\/\/nihel.com\/ar\/product\/gel-douche-rojanet-mineraux-marins-2\/\",\"url\":\"https:\/\/nihel.com\/ar\/product\/gel-douche-rojanet-mineraux-marins-2\/\",\"name\":\"GEL DOUCHE ROJANET: MIN\u00c9RAUX MARINS | LABORATOIRES NIHEL\",\"isPartOf\":{\"@id\":\"https:\/\/nihel.com\/#website\"},\"datePublished\":\"2024-03-13T09:01:08+00:00\",\"dateModified\":\"2024-03-13T09:01:08+00:00\",\"description\":\"Goutez tout le plaisir aromatique du Gel Douche ROJANET aux Min\u00e9raux Marins pour une peau normale. Une formule riche qui hydrate et rafra\u00eechit votre peau au quotidien. Contenance: 1000 ml.\",\"breadcrumb\":{\"@id\":\"https:\/\/nihel.com\/ar\/product\/gel-douche-rojanet-mineraux-marins-2\/#breadcrumb\"},\"inLanguage\":\"ar\",\"potentialAction\":[{\"@type\":\"ReadAction\",\"target\":[\"https:\/\/nihel.com\/ar\/product\/gel-douche-rojanet-mineraux-marins-2\/\"]}]},{\"@type\":\"BreadcrumbList\",\"@id\":\"https:\/\/nihel.com\/ar\/product\/gel-douche-rojanet-mineraux-marins-2\/#breadcrumb\",\"itemListElement\":[{\"@type\":\"ListItem\",\"position\":1,\"name\":\"Home\",\"item\":\"https:\/\/nihel.com\/ar\/\"},{\"@type\":\"ListItem\",\"position\":2,\"name\":\"Produits\",\"item\":\"https:\/\/nihel.com\/shop\/\"},{\"@type\":\"ListItem\",\"position\":3,\"name\":\"GEL DOUCHE ROJANET: MIN\u00c9RAUX MARINS\"}]},{\"@type\":\"WebSite\",\"@id\":\"https:\/\/nihel.com\/#website\",\"url\":\"https:\/\/nihel.com\/\",\"name\":\"LABORATOIRES NIHEL\",\"description\":\"Fabrication des produits cosm\u00e9tiques en Tunisie\",\"potentialAction\":[{\"@type\":\"SearchAction\",\"target\":{\"@type\":\"EntryPoint\",\"urlTemplate\":\"https:\/\/nihel.com\/?s={search_term_string}\"},\"query-input\":\"required name=search_term_string\"}],\"inLanguage\":\"ar\"}]}<\/script>\n<!-- \/ Yoast SEO plugin. -->","yoast_head_json":{"title":"GEL DOUCHE ROJANET: MIN\u00c9RAUX MARINS | LABORATOIRES NIHEL","description":"Goutez tout le plaisir aromatique du Gel Douche ROJANET aux Min\u00e9raux Marins pour une peau normale. Une formule riche qui hydrate et rafra\u00eechit votre peau au quotidien.  Contenance: 1000 ml.","robots":{"index":"index","follow":"follow","max-snippet":"max-snippet:-1","max-image-preview":"max-image-preview:large","max-video-preview":"max-video-preview:-1"},"canonical":"https:\/\/nihel.com\/ar\/product\/gel-douche-rojanet-mineraux-marins-2\/","og_locale":"ar_AR","og_type":"article","og_title":"GEL DOUCHE ROJANET: MIN\u00c9RAUX MARINS | LABORATOIRES NIHEL","og_description":"Goutez tout le plaisir aromatique du Gel Douche ROJANET aux Min\u00e9raux Marins pour une peau normale. Une formule riche qui hydrate et rafra\u00eechit votre peau au quotidien.  Contenance: 1000 ml.","og_url":"https:\/\/nihel.com\/ar\/product\/gel-douche-rojanet-mineraux-marins-2\/","og_site_name":"LABORATOIRES NIHEL","twitter_card":"summary_large_image","schema":{"@context":"https:\/\/schema.org","@graph":[{"@type":"WebPage","@id":"https:\/\/nihel.com\/ar\/product\/gel-douche-rojanet-mineraux-marins-2\/","url":"https:\/\/nihel.com\/ar\/product\/gel-douche-rojanet-mineraux-marins-2\/","name":"GEL DOUCHE ROJANET: MIN\u00c9RAUX MARINS | LABORATOIRES NIHEL","isPartOf":{"@id":"https:\/\/nihel.com\/#website"},"datePublished":"2024-03-13T09:01:08+00:00","dateModified":"2024-03-13T09:01:08+00:00","description":"Goutez tout le plaisir aromatique du Gel Douche ROJANET aux Min\u00e9raux Marins pour une peau normale. Une formule riche qui hydrate et rafra\u00eechit votre peau au quotidien. Contenance: 1000 ml.","breadcrumb":{"@id":"https:\/\/nihel.com\/ar\/product\/gel-douche-rojanet-mineraux-marins-2\/#breadcrumb"},"inLanguage":"ar","potentialAction":[{"@type":"ReadAction","target":["https:\/\/nihel.com\/ar\/product\/gel-douche-rojanet-mineraux-marins-2\/"]}]},{"@type":"BreadcrumbList","@id":"https:\/\/nihel.com\/ar\/product\/gel-douche-rojanet-mineraux-marins-2\/#breadcrumb","itemListElement":[{"@type":"ListItem","position":1,"name":"Home","item":"https:\/\/nihel.com\/ar\/"},{"@type":"ListItem","position":2,"name":"Produits","item":"https:\/\/nihel.com\/shop\/"},{"@type":"ListItem","position":3,"name":"GEL DOUCHE ROJANET: MIN\u00c9RAUX MARINS"}]},{"@type":"WebSite","@id":"https:\/\/nihel.com\/#website","url":"https:\/\/nihel.com\/","name":"LABORATOIRES NIHEL","description":"Fabrication des produits cosm\u00e9tiques en Tunisie","potentialAction":[{"@type":"SearchAction","target":{"@type":"EntryPoint","urlTemplate":"https:\/\/nihel.com\/?s={search_term_string}"},"query-input":"required name=search_term_string"}],"inLanguage":"ar"}]}},"_links":{"self":[{"href":"https:\/\/nihel.com\/ar\/wp-json\/wp\/v2\/product\/4635","targetHints":{"allow":["GET"]}}],"collection":[{"href":"https:\/\/nihel.com\/ar\/wp-json\/wp\/v2\/product"}],"about":[{"href":"https:\/\/nihel.com\/ar\/wp-json\/wp\/v2\/types\/product"}],"replies":[{"embeddable":true,"href":"https:\/\/nihel.com\/ar\/wp-json\/wp\/v2\/comments?post=4635"}],"wp:featuredmedia":[{"embeddable":true,"href":"https:\/\/nihel.com\/ar\/wp-json\/wp\/v2\/media\/4330"}],"wp:attachment":[{"href":"https:\/\/nihel.com\/ar\/wp-json\/wp\/v2\/media?parent=4635"}],"wp:term":[{"taxonomy":"brand","embeddable":true,"href":"https:\/\/nihel.com\/ar\/wp-json\/wp\/v2\/etheme_brands?post=4635"},{"taxonomy":"product_cat","embeddable":true,"href":"https:\/\/nihel.com\/ar\/wp-json\/wp\/v2\/product_cat?post=4635"},{"taxonomy":"product_tag","embeddable":true,"href":"https:\/\/nihel.com\/ar\/wp-json\/wp\/v2\/product_tag?post=4635"}],"curies":[{"name":"wp","href":"https:\/\/api.w.org\/{rel}","templated":true}]}}