{"id":4622,"date":"2024-03-23T11:24:02","date_gmt":"2024-03-23T10:24:02","guid":{"rendered":"https:\/\/nihel.com\/product\/alcool-de-menthe-nihel\/"},"modified":"2024-03-23T11:24:02","modified_gmt":"2024-03-23T10:24:02","slug":"alcool-de-menthe-nihel","status":"publish","type":"product","link":"https:\/\/nihel.com\/ar\/product\/alcool-de-menthe-nihel\/","title":{"rendered":"ALCOOL DE MENTHE NIHEL"},"content":{"rendered":"","protected":false},"excerpt":{"rendered":"<p>L&#8217;alcool de menthe est une solution hydroalcoolique obtenue par distillation des feuilles de menthe poivr\u00e9e. Reconnu pour son parfum frais et vivifiant, il est utilis\u00e9 depuis des si\u00e8cles pour ses nombreuses propri\u00e9t\u00e9s b\u00e9n\u00e9fiques.<\/p>\n","protected":false},"featured_media":4478,"comment_status":"open","ping_status":"closed","template":"","meta":[],"etheme_brands":[{"term_id":380,"name":"\u0646\u0647\u0627\u0644","slug":"nihel-ar","term_group":0,"term_taxonomy_id":380,"taxonomy":"brand","description":"","parent":0,"count":89,"filter":"raw","term_order":"0"}],"product_cat":[566,568,562,563],"product_tag":[],"class_list":["post-4622","product","type-product","status-publish","has-post-thumbnail","hentry","brand-nihel-ar","product_cat-566","product_cat-568","product_cat-562","product_cat-563"],"yoast_head":"<!-- This site is optimized with the Yoast SEO plugin v19.10 - https:\/\/yoast.com\/wordpress\/plugins\/seo\/ -->\n<title>ALCOOL DE MENTHE NIHEL | LABORATOIRES NIHEL<\/title>\n<meta name=\"description\" content=\"L&#039;alcool de menthe est une solution hydroalcoolique obtenue par distillation des feuilles de menthe poivr\u00e9e. Reconnu pour son parfum frais et vivifiant, il est utilis\u00e9 depuis des si\u00e8cles pour ses nombreuses propri\u00e9t\u00e9s b\u00e9n\u00e9fiques.\" \/>\n<meta name=\"robots\" content=\"index, follow, max-snippet:-1, max-image-preview:large, max-video-preview:-1\" \/>\n<link rel=\"canonical\" href=\"https:\/\/nihel.com\/ar\/product\/alcool-de-menthe-nihel\/\" \/>\n<meta property=\"og:locale\" content=\"ar_AR\" \/>\n<meta property=\"og:type\" content=\"article\" \/>\n<meta property=\"og:title\" content=\"ALCOOL DE MENTHE NIHEL | LABORATOIRES NIHEL\" \/>\n<meta property=\"og:description\" content=\"L&#039;alcool de menthe est une solution hydroalcoolique obtenue par distillation des feuilles de menthe poivr\u00e9e. Reconnu pour son parfum frais et vivifiant, il est utilis\u00e9 depuis des si\u00e8cles pour ses nombreuses propri\u00e9t\u00e9s b\u00e9n\u00e9fiques.\" \/>\n<meta property=\"og:url\" content=\"https:\/\/nihel.com\/ar\/product\/alcool-de-menthe-nihel\/\" \/>\n<meta property=\"og:site_name\" content=\"LABORATOIRES NIHEL\" \/>\n<meta name=\"twitter:card\" content=\"summary_large_image\" \/>\n<script type=\"application\/ld+json\" class=\"yoast-schema-graph\">{\"@context\":\"https:\/\/schema.org\",\"@graph\":[{\"@type\":\"WebPage\",\"@id\":\"https:\/\/nihel.com\/ar\/product\/alcool-de-menthe-nihel\/\",\"url\":\"https:\/\/nihel.com\/ar\/product\/alcool-de-menthe-nihel\/\",\"name\":\"ALCOOL DE MENTHE NIHEL | LABORATOIRES NIHEL\",\"isPartOf\":{\"@id\":\"https:\/\/nihel.com\/#website\"},\"datePublished\":\"2024-03-23T10:24:02+00:00\",\"dateModified\":\"2024-03-23T10:24:02+00:00\",\"description\":\"L'alcool de menthe est une solution hydroalcoolique obtenue par distillation des feuilles de menthe poivr\u00e9e. Reconnu pour son parfum frais et vivifiant, il est utilis\u00e9 depuis des si\u00e8cles pour ses nombreuses propri\u00e9t\u00e9s b\u00e9n\u00e9fiques.\",\"breadcrumb\":{\"@id\":\"https:\/\/nihel.com\/ar\/product\/alcool-de-menthe-nihel\/#breadcrumb\"},\"inLanguage\":\"ar\",\"potentialAction\":[{\"@type\":\"ReadAction\",\"target\":[\"https:\/\/nihel.com\/ar\/product\/alcool-de-menthe-nihel\/\"]}]},{\"@type\":\"BreadcrumbList\",\"@id\":\"https:\/\/nihel.com\/ar\/product\/alcool-de-menthe-nihel\/#breadcrumb\",\"itemListElement\":[{\"@type\":\"ListItem\",\"position\":1,\"name\":\"Home\",\"item\":\"https:\/\/nihel.com\/ar\/\"},{\"@type\":\"ListItem\",\"position\":2,\"name\":\"Produits\",\"item\":\"https:\/\/nihel.com\/shop\/\"},{\"@type\":\"ListItem\",\"position\":3,\"name\":\"ALCOOL DE MENTHE NIHEL\"}]},{\"@type\":\"WebSite\",\"@id\":\"https:\/\/nihel.com\/#website\",\"url\":\"https:\/\/nihel.com\/\",\"name\":\"LABORATOIRES NIHEL\",\"description\":\"Fabrication des produits cosm\u00e9tiques en Tunisie\",\"potentialAction\":[{\"@type\":\"SearchAction\",\"target\":{\"@type\":\"EntryPoint\",\"urlTemplate\":\"https:\/\/nihel.com\/?s={search_term_string}\"},\"query-input\":\"required name=search_term_string\"}],\"inLanguage\":\"ar\"}]}<\/script>\n<!-- \/ Yoast SEO plugin. -->","yoast_head_json":{"title":"ALCOOL DE MENTHE NIHEL | LABORATOIRES NIHEL","description":"L'alcool de menthe est une solution hydroalcoolique obtenue par distillation des feuilles de menthe poivr\u00e9e. Reconnu pour son parfum frais et vivifiant, il est utilis\u00e9 depuis des si\u00e8cles pour ses nombreuses propri\u00e9t\u00e9s b\u00e9n\u00e9fiques.","robots":{"index":"index","follow":"follow","max-snippet":"max-snippet:-1","max-image-preview":"max-image-preview:large","max-video-preview":"max-video-preview:-1"},"canonical":"https:\/\/nihel.com\/ar\/product\/alcool-de-menthe-nihel\/","og_locale":"ar_AR","og_type":"article","og_title":"ALCOOL DE MENTHE NIHEL | LABORATOIRES NIHEL","og_description":"L'alcool de menthe est une solution hydroalcoolique obtenue par distillation des feuilles de menthe poivr\u00e9e. Reconnu pour son parfum frais et vivifiant, il est utilis\u00e9 depuis des si\u00e8cles pour ses nombreuses propri\u00e9t\u00e9s b\u00e9n\u00e9fiques.","og_url":"https:\/\/nihel.com\/ar\/product\/alcool-de-menthe-nihel\/","og_site_name":"LABORATOIRES NIHEL","twitter_card":"summary_large_image","schema":{"@context":"https:\/\/schema.org","@graph":[{"@type":"WebPage","@id":"https:\/\/nihel.com\/ar\/product\/alcool-de-menthe-nihel\/","url":"https:\/\/nihel.com\/ar\/product\/alcool-de-menthe-nihel\/","name":"ALCOOL DE MENTHE NIHEL | LABORATOIRES NIHEL","isPartOf":{"@id":"https:\/\/nihel.com\/#website"},"datePublished":"2024-03-23T10:24:02+00:00","dateModified":"2024-03-23T10:24:02+00:00","description":"L'alcool de menthe est une solution hydroalcoolique obtenue par distillation des feuilles de menthe poivr\u00e9e. Reconnu pour son parfum frais et vivifiant, il est utilis\u00e9 depuis des si\u00e8cles pour ses nombreuses propri\u00e9t\u00e9s b\u00e9n\u00e9fiques.","breadcrumb":{"@id":"https:\/\/nihel.com\/ar\/product\/alcool-de-menthe-nihel\/#breadcrumb"},"inLanguage":"ar","potentialAction":[{"@type":"ReadAction","target":["https:\/\/nihel.com\/ar\/product\/alcool-de-menthe-nihel\/"]}]},{"@type":"BreadcrumbList","@id":"https:\/\/nihel.com\/ar\/product\/alcool-de-menthe-nihel\/#breadcrumb","itemListElement":[{"@type":"ListItem","position":1,"name":"Home","item":"https:\/\/nihel.com\/ar\/"},{"@type":"ListItem","position":2,"name":"Produits","item":"https:\/\/nihel.com\/shop\/"},{"@type":"ListItem","position":3,"name":"ALCOOL DE MENTHE NIHEL"}]},{"@type":"WebSite","@id":"https:\/\/nihel.com\/#website","url":"https:\/\/nihel.com\/","name":"LABORATOIRES NIHEL","description":"Fabrication des produits cosm\u00e9tiques en Tunisie","potentialAction":[{"@type":"SearchAction","target":{"@type":"EntryPoint","urlTemplate":"https:\/\/nihel.com\/?s={search_term_string}"},"query-input":"required name=search_term_string"}],"inLanguage":"ar"}]}},"_links":{"self":[{"href":"https:\/\/nihel.com\/ar\/wp-json\/wp\/v2\/product\/4622","targetHints":{"allow":["GET"]}}],"collection":[{"href":"https:\/\/nihel.com\/ar\/wp-json\/wp\/v2\/product"}],"about":[{"href":"https:\/\/nihel.com\/ar\/wp-json\/wp\/v2\/types\/product"}],"replies":[{"embeddable":true,"href":"https:\/\/nihel.com\/ar\/wp-json\/wp\/v2\/comments?post=4622"}],"wp:featuredmedia":[{"embeddable":true,"href":"https:\/\/nihel.com\/ar\/wp-json\/wp\/v2\/media\/4478"}],"wp:attachment":[{"href":"https:\/\/nihel.com\/ar\/wp-json\/wp\/v2\/media?parent=4622"}],"wp:term":[{"taxonomy":"brand","embeddable":true,"href":"https:\/\/nihel.com\/ar\/wp-json\/wp\/v2\/etheme_brands?post=4622"},{"taxonomy":"product_cat","embeddable":true,"href":"https:\/\/nihel.com\/ar\/wp-json\/wp\/v2\/product_cat?post=4622"},{"taxonomy":"product_tag","embeddable":true,"href":"https:\/\/nihel.com\/ar\/wp-json\/wp\/v2\/product_tag?post=4622"}],"curies":[{"name":"wp","href":"https:\/\/api.w.org\/{rel}","templated":true}]}}