{"id":4616,"date":"2024-05-14T17:17:42","date_gmt":"2024-05-14T15:17:42","guid":{"rendered":"https:\/\/nihel.com\/product\/dissolvant-doux-au-jasmin\/"},"modified":"2024-05-14T17:17:42","modified_gmt":"2024-05-14T15:17:42","slug":"dissolvant-doux-au-jasmin","status":"publish","type":"product","link":"https:\/\/nihel.com\/ar\/product\/dissolvant-doux-au-jasmin\/","title":{"rendered":"DISSOLVANT DOUX AU JASMIN"},"content":{"rendered":"","protected":false},"excerpt":{"rendered":"<p>En pompe pratique.<\/p>\n<p>Le nouveau Dissolvant NIHEL, color\u00e9 et parfum\u00e9 au jasmin, enrichi en provitamine B5,<\/p>\n<p>est sp\u00e9cialement con\u00e7u pour d\u00e9maquiller parfaitement les ongles tout en les renfor\u00e7ant.<\/p>\n<p>Il \u00e9limine rapidement le vernis sans ab\u00eemer les ongles.<\/p>\n<p><strong>Mode d&#8217;utilisation<\/strong> : Mettez un coton et appuyez doucement pour pomper la solution dans le support de coton<\/p>\n<p>jusqu&#8217;\u00e0 ce qu&#8217;il soit satur\u00e9 de liquide, frottez jusqu&#8217;\u00e0 ce que le vernis \u00e0 ongles soit parti.<\/p>\n<p><strong>Contenance<\/strong> : 125 ml.<\/p>\n","protected":false},"featured_media":4547,"comment_status":"closed","ping_status":"closed","template":"","meta":[],"etheme_brands":[{"term_id":380,"name":"\u0646\u0647\u0627\u0644","slug":"nihel-ar","term_group":0,"term_taxonomy_id":380,"taxonomy":"brand","description":"","parent":0,"count":89,"filter":"raw","term_order":"0"}],"product_cat":[785],"product_tag":[],"class_list":["post-4616","product","type-product","status-publish","has-post-thumbnail","hentry","brand-nihel-ar","product_cat----ar"],"yoast_head":"<!-- This site is optimized with the Yoast SEO plugin v19.10 - https:\/\/yoast.com\/wordpress\/plugins\/seo\/ -->\n<title>DISSOLVANT DOUX AU JASMIN | LABORATOIRES NIHEL<\/title>\n<meta name=\"description\" content=\"En pompe pratique.  Le nouveau Dissolvant NIHEL, color\u00e9 et parfum\u00e9 au jasmin, enrichi en provitamine B5,  est sp\u00e9cialement con\u00e7u pour d\u00e9maquiller parfaitement les ongles tout en les renfor\u00e7ant.  Il \u00e9limine rapidement le vernis sans ab\u00eemer les ongles.  Mode d&#039;utilisation : Mettez un coton et appuyez doucement pour pomper la solution dans le support de coton  jusqu&#039;\u00e0 ce qu&#039;il soit satur\u00e9 de liquide, frottez jusqu&#039;\u00e0 ce que le vernis \u00e0 ongles soit parti.  Contenance : 125 ml.\" \/>\n<meta name=\"robots\" content=\"index, follow, max-snippet:-1, max-image-preview:large, max-video-preview:-1\" \/>\n<link rel=\"canonical\" href=\"https:\/\/nihel.com\/ar\/product\/dissolvant-doux-au-jasmin\/\" \/>\n<meta property=\"og:locale\" content=\"ar_AR\" \/>\n<meta property=\"og:type\" content=\"article\" \/>\n<meta property=\"og:title\" content=\"DISSOLVANT DOUX AU JASMIN | LABORATOIRES NIHEL\" \/>\n<meta property=\"og:description\" content=\"En pompe pratique.  Le nouveau Dissolvant NIHEL, color\u00e9 et parfum\u00e9 au jasmin, enrichi en provitamine B5,  est sp\u00e9cialement con\u00e7u pour d\u00e9maquiller parfaitement les ongles tout en les renfor\u00e7ant.  Il \u00e9limine rapidement le vernis sans ab\u00eemer les ongles.  Mode d&#039;utilisation : Mettez un coton et appuyez doucement pour pomper la solution dans le support de coton  jusqu&#039;\u00e0 ce qu&#039;il soit satur\u00e9 de liquide, frottez jusqu&#039;\u00e0 ce que le vernis \u00e0 ongles soit parti.  Contenance : 125 ml.\" \/>\n<meta property=\"og:url\" content=\"https:\/\/nihel.com\/ar\/product\/dissolvant-doux-au-jasmin\/\" \/>\n<meta property=\"og:site_name\" content=\"LABORATOIRES NIHEL\" \/>\n<meta name=\"twitter:card\" content=\"summary_large_image\" \/>\n<script type=\"application\/ld+json\" class=\"yoast-schema-graph\">{\"@context\":\"https:\/\/schema.org\",\"@graph\":[{\"@type\":\"WebPage\",\"@id\":\"https:\/\/nihel.com\/ar\/product\/dissolvant-doux-au-jasmin\/\",\"url\":\"https:\/\/nihel.com\/ar\/product\/dissolvant-doux-au-jasmin\/\",\"name\":\"DISSOLVANT DOUX AU JASMIN | LABORATOIRES NIHEL\",\"isPartOf\":{\"@id\":\"https:\/\/nihel.com\/#website\"},\"datePublished\":\"2024-05-14T15:17:42+00:00\",\"dateModified\":\"2024-05-14T15:17:42+00:00\",\"description\":\"En pompe pratique. Le nouveau Dissolvant NIHEL, color\u00e9 et parfum\u00e9 au jasmin, enrichi en provitamine B5, est sp\u00e9cialement con\u00e7u pour d\u00e9maquiller parfaitement les ongles tout en les renfor\u00e7ant. Il \u00e9limine rapidement le vernis sans ab\u00eemer les ongles. Mode d'utilisation : Mettez un coton et appuyez doucement pour pomper la solution dans le support de coton jusqu'\u00e0 ce qu'il soit satur\u00e9 de liquide, frottez jusqu'\u00e0 ce que le vernis \u00e0 ongles soit parti. Contenance : 125 ml.\",\"breadcrumb\":{\"@id\":\"https:\/\/nihel.com\/ar\/product\/dissolvant-doux-au-jasmin\/#breadcrumb\"},\"inLanguage\":\"ar\",\"potentialAction\":[{\"@type\":\"ReadAction\",\"target\":[\"https:\/\/nihel.com\/ar\/product\/dissolvant-doux-au-jasmin\/\"]}]},{\"@type\":\"BreadcrumbList\",\"@id\":\"https:\/\/nihel.com\/ar\/product\/dissolvant-doux-au-jasmin\/#breadcrumb\",\"itemListElement\":[{\"@type\":\"ListItem\",\"position\":1,\"name\":\"Home\",\"item\":\"https:\/\/nihel.com\/ar\/\"},{\"@type\":\"ListItem\",\"position\":2,\"name\":\"Produits\",\"item\":\"https:\/\/nihel.com\/shop\/\"},{\"@type\":\"ListItem\",\"position\":3,\"name\":\"DISSOLVANT DOUX AU JASMIN\"}]},{\"@type\":\"WebSite\",\"@id\":\"https:\/\/nihel.com\/#website\",\"url\":\"https:\/\/nihel.com\/\",\"name\":\"LABORATOIRES NIHEL\",\"description\":\"Fabrication des produits cosm\u00e9tiques en Tunisie\",\"potentialAction\":[{\"@type\":\"SearchAction\",\"target\":{\"@type\":\"EntryPoint\",\"urlTemplate\":\"https:\/\/nihel.com\/?s={search_term_string}\"},\"query-input\":\"required name=search_term_string\"}],\"inLanguage\":\"ar\"}]}<\/script>\n<!-- \/ Yoast SEO plugin. -->","yoast_head_json":{"title":"DISSOLVANT DOUX AU JASMIN | LABORATOIRES NIHEL","description":"En pompe pratique.  Le nouveau Dissolvant NIHEL, color\u00e9 et parfum\u00e9 au jasmin, enrichi en provitamine B5,  est sp\u00e9cialement con\u00e7u pour d\u00e9maquiller parfaitement les ongles tout en les renfor\u00e7ant.  Il \u00e9limine rapidement le vernis sans ab\u00eemer les ongles.  Mode d'utilisation : Mettez un coton et appuyez doucement pour pomper la solution dans le support de coton  jusqu'\u00e0 ce qu'il soit satur\u00e9 de liquide, frottez jusqu'\u00e0 ce que le vernis \u00e0 ongles soit parti.  Contenance : 125 ml.","robots":{"index":"index","follow":"follow","max-snippet":"max-snippet:-1","max-image-preview":"max-image-preview:large","max-video-preview":"max-video-preview:-1"},"canonical":"https:\/\/nihel.com\/ar\/product\/dissolvant-doux-au-jasmin\/","og_locale":"ar_AR","og_type":"article","og_title":"DISSOLVANT DOUX AU JASMIN | LABORATOIRES NIHEL","og_description":"En pompe pratique.  Le nouveau Dissolvant NIHEL, color\u00e9 et parfum\u00e9 au jasmin, enrichi en provitamine B5,  est sp\u00e9cialement con\u00e7u pour d\u00e9maquiller parfaitement les ongles tout en les renfor\u00e7ant.  Il \u00e9limine rapidement le vernis sans ab\u00eemer les ongles.  Mode d'utilisation : Mettez un coton et appuyez doucement pour pomper la solution dans le support de coton  jusqu'\u00e0 ce qu'il soit satur\u00e9 de liquide, frottez jusqu'\u00e0 ce que le vernis \u00e0 ongles soit parti.  Contenance : 125 ml.","og_url":"https:\/\/nihel.com\/ar\/product\/dissolvant-doux-au-jasmin\/","og_site_name":"LABORATOIRES NIHEL","twitter_card":"summary_large_image","schema":{"@context":"https:\/\/schema.org","@graph":[{"@type":"WebPage","@id":"https:\/\/nihel.com\/ar\/product\/dissolvant-doux-au-jasmin\/","url":"https:\/\/nihel.com\/ar\/product\/dissolvant-doux-au-jasmin\/","name":"DISSOLVANT DOUX AU JASMIN | LABORATOIRES NIHEL","isPartOf":{"@id":"https:\/\/nihel.com\/#website"},"datePublished":"2024-05-14T15:17:42+00:00","dateModified":"2024-05-14T15:17:42+00:00","description":"En pompe pratique. Le nouveau Dissolvant NIHEL, color\u00e9 et parfum\u00e9 au jasmin, enrichi en provitamine B5, est sp\u00e9cialement con\u00e7u pour d\u00e9maquiller parfaitement les ongles tout en les renfor\u00e7ant. Il \u00e9limine rapidement le vernis sans ab\u00eemer les ongles. Mode d'utilisation : Mettez un coton et appuyez doucement pour pomper la solution dans le support de coton jusqu'\u00e0 ce qu'il soit satur\u00e9 de liquide, frottez jusqu'\u00e0 ce que le vernis \u00e0 ongles soit parti. Contenance : 125 ml.","breadcrumb":{"@id":"https:\/\/nihel.com\/ar\/product\/dissolvant-doux-au-jasmin\/#breadcrumb"},"inLanguage":"ar","potentialAction":[{"@type":"ReadAction","target":["https:\/\/nihel.com\/ar\/product\/dissolvant-doux-au-jasmin\/"]}]},{"@type":"BreadcrumbList","@id":"https:\/\/nihel.com\/ar\/product\/dissolvant-doux-au-jasmin\/#breadcrumb","itemListElement":[{"@type":"ListItem","position":1,"name":"Home","item":"https:\/\/nihel.com\/ar\/"},{"@type":"ListItem","position":2,"name":"Produits","item":"https:\/\/nihel.com\/shop\/"},{"@type":"ListItem","position":3,"name":"DISSOLVANT DOUX AU JASMIN"}]},{"@type":"WebSite","@id":"https:\/\/nihel.com\/#website","url":"https:\/\/nihel.com\/","name":"LABORATOIRES NIHEL","description":"Fabrication des produits cosm\u00e9tiques en Tunisie","potentialAction":[{"@type":"SearchAction","target":{"@type":"EntryPoint","urlTemplate":"https:\/\/nihel.com\/?s={search_term_string}"},"query-input":"required name=search_term_string"}],"inLanguage":"ar"}]}},"_links":{"self":[{"href":"https:\/\/nihel.com\/ar\/wp-json\/wp\/v2\/product\/4616","targetHints":{"allow":["GET"]}}],"collection":[{"href":"https:\/\/nihel.com\/ar\/wp-json\/wp\/v2\/product"}],"about":[{"href":"https:\/\/nihel.com\/ar\/wp-json\/wp\/v2\/types\/product"}],"replies":[{"embeddable":true,"href":"https:\/\/nihel.com\/ar\/wp-json\/wp\/v2\/comments?post=4616"}],"wp:featuredmedia":[{"embeddable":true,"href":"https:\/\/nihel.com\/ar\/wp-json\/wp\/v2\/media\/4547"}],"wp:attachment":[{"href":"https:\/\/nihel.com\/ar\/wp-json\/wp\/v2\/media?parent=4616"}],"wp:term":[{"taxonomy":"brand","embeddable":true,"href":"https:\/\/nihel.com\/ar\/wp-json\/wp\/v2\/etheme_brands?post=4616"},{"taxonomy":"product_cat","embeddable":true,"href":"https:\/\/nihel.com\/ar\/wp-json\/wp\/v2\/product_cat?post=4616"},{"taxonomy":"product_tag","embeddable":true,"href":"https:\/\/nihel.com\/ar\/wp-json\/wp\/v2\/product_tag?post=4616"}],"curies":[{"name":"wp","href":"https:\/\/api.w.org\/{rel}","templated":true}]}}