{"id":4608,"date":"2024-05-15T12:17:05","date_gmt":"2024-05-15T10:17:05","guid":{"rendered":"https:\/\/nihel.com\/product\/eau-de-cologne-bibich\/"},"modified":"2024-05-15T12:17:05","modified_gmt":"2024-05-15T10:17:05","slug":"eau-de-cologne-bibich","status":"publish","type":"product","link":"https:\/\/nihel.com\/ar\/product\/eau-de-cologne-bibich\/","title":{"rendered":"EAU DE COLOGNE BIBICH"},"content":{"rendered":"","protected":false},"excerpt":{"rendered":"<p>L&#8217;eau de toilette BIBICH\u00a0 est un monde de douceur, fra\u00eecheur et d&#8217;essences<br \/>\nnaturelles fines et vari\u00e9es, id\u00e9ale pour faire de la toilette de l&#8217;enfant un moment<br \/>\nunique de plaisir. Utilis\u00e9e quotidiennement, elle permet de rafra\u00eechir et<br \/>\ntonifier l&#8217;\u00e9piderme et laisse la peau douce, souple et discr\u00e8tement parfum\u00e9e.<\/p>\n<p><strong>Contenance<\/strong> : 100 ml<\/p>\n","protected":false},"featured_media":4578,"comment_status":"closed","ping_status":"closed","template":"","meta":[],"etheme_brands":[{"term_id":380,"name":"\u0646\u0647\u0627\u0644","slug":"nihel-ar","term_group":0,"term_taxonomy_id":380,"taxonomy":"brand","description":"","parent":0,"count":89,"filter":"raw","term_order":"0"}],"product_cat":[597],"product_tag":[],"class_list":["post-4608","product","type-product","status-publish","has-post-thumbnail","hentry","brand-nihel-ar","product_cat-597"],"yoast_head":"<!-- This site is optimized with the Yoast SEO plugin v19.10 - https:\/\/yoast.com\/wordpress\/plugins\/seo\/ -->\n<title>EAU DE COLOGNE BIBICH | LABORATOIRES NIHEL<\/title>\n<meta name=\"description\" content=\"L&#039;eau de toilette BIBICH\u00a0 est un monde de douceur, fra\u00eecheur et d&#039;essences naturelles fines et vari\u00e9es, id\u00e9ale pour faire de la toilette de l&#039;enfant un moment unique de plaisir. Utilis\u00e9e quotidiennement, elle permet de rafra\u00eechir et tonifier l&#039;\u00e9piderme et laisse la peau douce, souple et discr\u00e8tement parfum\u00e9e.  Contenance : 100 ml\" \/>\n<meta name=\"robots\" content=\"index, follow, max-snippet:-1, max-image-preview:large, max-video-preview:-1\" \/>\n<link rel=\"canonical\" href=\"https:\/\/nihel.com\/ar\/product\/eau-de-cologne-bibich\/\" \/>\n<meta property=\"og:locale\" content=\"ar_AR\" \/>\n<meta property=\"og:type\" content=\"article\" \/>\n<meta property=\"og:title\" content=\"EAU DE COLOGNE BIBICH | LABORATOIRES NIHEL\" \/>\n<meta property=\"og:description\" content=\"L&#039;eau de toilette BIBICH\u00a0 est un monde de douceur, fra\u00eecheur et d&#039;essences naturelles fines et vari\u00e9es, id\u00e9ale pour faire de la toilette de l&#039;enfant un moment unique de plaisir. Utilis\u00e9e quotidiennement, elle permet de rafra\u00eechir et tonifier l&#039;\u00e9piderme et laisse la peau douce, souple et discr\u00e8tement parfum\u00e9e.  Contenance : 100 ml\" \/>\n<meta property=\"og:url\" content=\"https:\/\/nihel.com\/ar\/product\/eau-de-cologne-bibich\/\" \/>\n<meta property=\"og:site_name\" content=\"LABORATOIRES NIHEL\" \/>\n<meta name=\"twitter:card\" content=\"summary_large_image\" \/>\n<script type=\"application\/ld+json\" class=\"yoast-schema-graph\">{\"@context\":\"https:\/\/schema.org\",\"@graph\":[{\"@type\":\"WebPage\",\"@id\":\"https:\/\/nihel.com\/ar\/product\/eau-de-cologne-bibich\/\",\"url\":\"https:\/\/nihel.com\/ar\/product\/eau-de-cologne-bibich\/\",\"name\":\"EAU DE COLOGNE BIBICH | LABORATOIRES NIHEL\",\"isPartOf\":{\"@id\":\"https:\/\/nihel.com\/#website\"},\"datePublished\":\"2024-05-15T10:17:05+00:00\",\"dateModified\":\"2024-05-15T10:17:05+00:00\",\"description\":\"L'eau de toilette BIBICH\u00a0 est un monde de douceur, fra\u00eecheur et d'essences naturelles fines et vari\u00e9es, id\u00e9ale pour faire de la toilette de l'enfant un moment unique de plaisir. Utilis\u00e9e quotidiennement, elle permet de rafra\u00eechir et tonifier l'\u00e9piderme et laisse la peau douce, souple et discr\u00e8tement parfum\u00e9e. Contenance : 100 ml\",\"breadcrumb\":{\"@id\":\"https:\/\/nihel.com\/ar\/product\/eau-de-cologne-bibich\/#breadcrumb\"},\"inLanguage\":\"ar\",\"potentialAction\":[{\"@type\":\"ReadAction\",\"target\":[\"https:\/\/nihel.com\/ar\/product\/eau-de-cologne-bibich\/\"]}]},{\"@type\":\"BreadcrumbList\",\"@id\":\"https:\/\/nihel.com\/ar\/product\/eau-de-cologne-bibich\/#breadcrumb\",\"itemListElement\":[{\"@type\":\"ListItem\",\"position\":1,\"name\":\"Home\",\"item\":\"https:\/\/nihel.com\/ar\/\"},{\"@type\":\"ListItem\",\"position\":2,\"name\":\"Produits\",\"item\":\"https:\/\/nihel.com\/shop\/\"},{\"@type\":\"ListItem\",\"position\":3,\"name\":\"EAU DE COLOGNE BIBICH\"}]},{\"@type\":\"WebSite\",\"@id\":\"https:\/\/nihel.com\/#website\",\"url\":\"https:\/\/nihel.com\/\",\"name\":\"LABORATOIRES NIHEL\",\"description\":\"Fabrication des produits cosm\u00e9tiques en Tunisie\",\"potentialAction\":[{\"@type\":\"SearchAction\",\"target\":{\"@type\":\"EntryPoint\",\"urlTemplate\":\"https:\/\/nihel.com\/?s={search_term_string}\"},\"query-input\":\"required name=search_term_string\"}],\"inLanguage\":\"ar\"}]}<\/script>\n<!-- \/ Yoast SEO plugin. -->","yoast_head_json":{"title":"EAU DE COLOGNE BIBICH | LABORATOIRES NIHEL","description":"L'eau de toilette BIBICH\u00a0 est un monde de douceur, fra\u00eecheur et d'essences naturelles fines et vari\u00e9es, id\u00e9ale pour faire de la toilette de l'enfant un moment unique de plaisir. Utilis\u00e9e quotidiennement, elle permet de rafra\u00eechir et tonifier l'\u00e9piderme et laisse la peau douce, souple et discr\u00e8tement parfum\u00e9e.  Contenance : 100 ml","robots":{"index":"index","follow":"follow","max-snippet":"max-snippet:-1","max-image-preview":"max-image-preview:large","max-video-preview":"max-video-preview:-1"},"canonical":"https:\/\/nihel.com\/ar\/product\/eau-de-cologne-bibich\/","og_locale":"ar_AR","og_type":"article","og_title":"EAU DE COLOGNE BIBICH | LABORATOIRES NIHEL","og_description":"L'eau de toilette BIBICH\u00a0 est un monde de douceur, fra\u00eecheur et d'essences naturelles fines et vari\u00e9es, id\u00e9ale pour faire de la toilette de l'enfant un moment unique de plaisir. Utilis\u00e9e quotidiennement, elle permet de rafra\u00eechir et tonifier l'\u00e9piderme et laisse la peau douce, souple et discr\u00e8tement parfum\u00e9e.  Contenance : 100 ml","og_url":"https:\/\/nihel.com\/ar\/product\/eau-de-cologne-bibich\/","og_site_name":"LABORATOIRES NIHEL","twitter_card":"summary_large_image","schema":{"@context":"https:\/\/schema.org","@graph":[{"@type":"WebPage","@id":"https:\/\/nihel.com\/ar\/product\/eau-de-cologne-bibich\/","url":"https:\/\/nihel.com\/ar\/product\/eau-de-cologne-bibich\/","name":"EAU DE COLOGNE BIBICH | LABORATOIRES NIHEL","isPartOf":{"@id":"https:\/\/nihel.com\/#website"},"datePublished":"2024-05-15T10:17:05+00:00","dateModified":"2024-05-15T10:17:05+00:00","description":"L'eau de toilette BIBICH\u00a0 est un monde de douceur, fra\u00eecheur et d'essences naturelles fines et vari\u00e9es, id\u00e9ale pour faire de la toilette de l'enfant un moment unique de plaisir. Utilis\u00e9e quotidiennement, elle permet de rafra\u00eechir et tonifier l'\u00e9piderme et laisse la peau douce, souple et discr\u00e8tement parfum\u00e9e. Contenance : 100 ml","breadcrumb":{"@id":"https:\/\/nihel.com\/ar\/product\/eau-de-cologne-bibich\/#breadcrumb"},"inLanguage":"ar","potentialAction":[{"@type":"ReadAction","target":["https:\/\/nihel.com\/ar\/product\/eau-de-cologne-bibich\/"]}]},{"@type":"BreadcrumbList","@id":"https:\/\/nihel.com\/ar\/product\/eau-de-cologne-bibich\/#breadcrumb","itemListElement":[{"@type":"ListItem","position":1,"name":"Home","item":"https:\/\/nihel.com\/ar\/"},{"@type":"ListItem","position":2,"name":"Produits","item":"https:\/\/nihel.com\/shop\/"},{"@type":"ListItem","position":3,"name":"EAU DE COLOGNE BIBICH"}]},{"@type":"WebSite","@id":"https:\/\/nihel.com\/#website","url":"https:\/\/nihel.com\/","name":"LABORATOIRES NIHEL","description":"Fabrication des produits cosm\u00e9tiques en Tunisie","potentialAction":[{"@type":"SearchAction","target":{"@type":"EntryPoint","urlTemplate":"https:\/\/nihel.com\/?s={search_term_string}"},"query-input":"required name=search_term_string"}],"inLanguage":"ar"}]}},"_links":{"self":[{"href":"https:\/\/nihel.com\/ar\/wp-json\/wp\/v2\/product\/4608","targetHints":{"allow":["GET"]}}],"collection":[{"href":"https:\/\/nihel.com\/ar\/wp-json\/wp\/v2\/product"}],"about":[{"href":"https:\/\/nihel.com\/ar\/wp-json\/wp\/v2\/types\/product"}],"replies":[{"embeddable":true,"href":"https:\/\/nihel.com\/ar\/wp-json\/wp\/v2\/comments?post=4608"}],"wp:featuredmedia":[{"embeddable":true,"href":"https:\/\/nihel.com\/ar\/wp-json\/wp\/v2\/media\/4578"}],"wp:attachment":[{"href":"https:\/\/nihel.com\/ar\/wp-json\/wp\/v2\/media?parent=4608"}],"wp:term":[{"taxonomy":"brand","embeddable":true,"href":"https:\/\/nihel.com\/ar\/wp-json\/wp\/v2\/etheme_brands?post=4608"},{"taxonomy":"product_cat","embeddable":true,"href":"https:\/\/nihel.com\/ar\/wp-json\/wp\/v2\/product_cat?post=4608"},{"taxonomy":"product_tag","embeddable":true,"href":"https:\/\/nihel.com\/ar\/wp-json\/wp\/v2\/product_tag?post=4608"}],"curies":[{"name":"wp","href":"https:\/\/api.w.org\/{rel}","templated":true}]}}