{"id":4491,"date":"2024-03-23T12:12:57","date_gmt":"2024-03-23T11:12:57","guid":{"rendered":"https:\/\/nihel.com\/product\/creme-a-raser-nihel-2\/"},"modified":"2024-03-23T12:14:08","modified_gmt":"2024-03-23T11:14:08","slug":"creme-a-raser-nihel-2","status":"publish","type":"product","link":"https:\/\/nihel.com\/ar\/product\/creme-a-raser-nihel-2\/","title":{"rendered":"CR\u00c8ME \u00c0 RASER  NIHEL"},"content":{"rendered":"","protected":false},"excerpt":{"rendered":"<p>Offrez \u00e0 votre peau un rasage de pr\u00e8s et confortable avec notre cr\u00e8me \u00e0 raser onctueuse et nourrissante.<\/p>\n<p><strong>Mode d\u2019emploi:\u00a0<\/strong>\u00a0Premi\u00e8rement, humidifiez votre visage \u00e0 l\u2019eau chaude pendant environ 30 secondes Ensuite, appliquez une noisette de cr\u00e8me \u00e0 raser sur le visage et le cou et massez l\u00e9g\u00e8rement pour faire mousser. Rasez-vous dans le sens de la pousse des poils en utilisant un rasoir de qualit\u00e9 avec des lames tranchantes. Une fois le rasage termin\u00e9, rincez votre visage \u00e0 l\u2019eau froide pour refermer les pores et tonifier la peau. Enfin, appliquez un soin hydratant apr\u00e8s-rasage pour apaiser la peau et pr\u00e9venir le dess\u00e8chement.<\/p>\n","protected":false},"featured_media":4489,"comment_status":"open","ping_status":"closed","template":"","meta":[],"etheme_brands":[{"term_id":380,"name":"\u0646\u0647\u0627\u0644","slug":"nihel-ar","term_group":0,"term_taxonomy_id":380,"taxonomy":"brand","description":"","parent":0,"count":89,"filter":"raw","term_order":"0"}],"product_cat":[563,564,565],"product_tag":[],"class_list":["post-4491","product","type-product","status-publish","has-post-thumbnail","hentry","brand-nihel-ar","product_cat-563","product_cat-564","product_cat-565"],"yoast_head":"<!-- This site is optimized with the Yoast SEO plugin v19.10 - https:\/\/yoast.com\/wordpress\/plugins\/seo\/ -->\n<title>CR\u00c8ME \u00c0 RASER NIHEL | LABORATOIRES NIHEL<\/title>\n<meta name=\"description\" content=\"Offrez \u00e0 votre peau un rasage de pr\u00e8s et confortable avec notre cr\u00e8me \u00e0 raser onctueuse et nourrissante.  Mode d\u2019emploi:\u00a0\u00a0Premi\u00e8rement, humidifiez votre visage \u00e0 l\u2019eau chaude pendant environ 30 secondes Ensuite, appliquez une noisette de cr\u00e8me \u00e0 raser sur le visage et le cou et massez l\u00e9g\u00e8rement pour faire mousser. Rasez-vous dans le sens de la pousse des poils en utilisant un rasoir de qualit\u00e9 avec des lames tranchantes. Une fois le rasage termin\u00e9, rincez votre visage \u00e0 l\u2019eau froide pour refermer les pores et tonifier la peau. Enfin, appliquez un soin hydratant apr\u00e8s-rasage pour apaiser la peau et pr\u00e9venir le dess\u00e8chement.\" \/>\n<meta name=\"robots\" content=\"index, follow, max-snippet:-1, max-image-preview:large, max-video-preview:-1\" \/>\n<link rel=\"canonical\" href=\"https:\/\/nihel.com\/ar\/product\/creme-a-raser-nihel-2\/\" \/>\n<meta property=\"og:locale\" content=\"ar_AR\" \/>\n<meta property=\"og:type\" content=\"article\" \/>\n<meta property=\"og:title\" content=\"CR\u00c8ME \u00c0 RASER NIHEL | LABORATOIRES NIHEL\" \/>\n<meta property=\"og:description\" content=\"Offrez \u00e0 votre peau un rasage de pr\u00e8s et confortable avec notre cr\u00e8me \u00e0 raser onctueuse et nourrissante.  Mode d\u2019emploi:\u00a0\u00a0Premi\u00e8rement, humidifiez votre visage \u00e0 l\u2019eau chaude pendant environ 30 secondes Ensuite, appliquez une noisette de cr\u00e8me \u00e0 raser sur le visage et le cou et massez l\u00e9g\u00e8rement pour faire mousser. Rasez-vous dans le sens de la pousse des poils en utilisant un rasoir de qualit\u00e9 avec des lames tranchantes. Une fois le rasage termin\u00e9, rincez votre visage \u00e0 l\u2019eau froide pour refermer les pores et tonifier la peau. Enfin, appliquez un soin hydratant apr\u00e8s-rasage pour apaiser la peau et pr\u00e9venir le dess\u00e8chement.\" \/>\n<meta property=\"og:url\" content=\"https:\/\/nihel.com\/ar\/product\/creme-a-raser-nihel-2\/\" \/>\n<meta property=\"og:site_name\" content=\"LABORATOIRES NIHEL\" \/>\n<meta property=\"article:modified_time\" content=\"2024-03-23T11:14:08+00:00\" \/>\n<meta property=\"og:image\" content=\"https:\/\/nihel.com\/wp-content\/uploads\/2024\/03\/WhatsApp-Image-2024-03-23-at-08.51.50.jpeg\" \/>\n\t<meta property=\"og:image:width\" content=\"1023\" \/>\n\t<meta property=\"og:image:height\" content=\"1280\" \/>\n\t<meta property=\"og:image:type\" content=\"image\/jpeg\" \/>\n<meta name=\"twitter:card\" content=\"summary_large_image\" \/>\n<script type=\"application\/ld+json\" class=\"yoast-schema-graph\">{\"@context\":\"https:\/\/schema.org\",\"@graph\":[{\"@type\":\"WebPage\",\"@id\":\"https:\/\/nihel.com\/ar\/product\/creme-a-raser-nihel-2\/\",\"url\":\"https:\/\/nihel.com\/ar\/product\/creme-a-raser-nihel-2\/\",\"name\":\"CR\u00c8ME \u00c0 RASER NIHEL | LABORATOIRES NIHEL\",\"isPartOf\":{\"@id\":\"https:\/\/nihel.com\/#website\"},\"datePublished\":\"2024-03-23T11:12:57+00:00\",\"dateModified\":\"2024-03-23T11:14:08+00:00\",\"description\":\"Offrez \u00e0 votre peau un rasage de pr\u00e8s et confortable avec notre cr\u00e8me \u00e0 raser onctueuse et nourrissante. Mode d\u2019emploi:\u00a0\u00a0Premi\u00e8rement, humidifiez votre visage \u00e0 l\u2019eau chaude pendant environ 30 secondes Ensuite, appliquez une noisette de cr\u00e8me \u00e0 raser sur le visage et le cou et massez l\u00e9g\u00e8rement pour faire mousser. Rasez-vous dans le sens de la pousse des poils en utilisant un rasoir de qualit\u00e9 avec des lames tranchantes. Une fois le rasage termin\u00e9, rincez votre visage \u00e0 l\u2019eau froide pour refermer les pores et tonifier la peau. Enfin, appliquez un soin hydratant apr\u00e8s-rasage pour apaiser la peau et pr\u00e9venir le dess\u00e8chement.\",\"breadcrumb\":{\"@id\":\"https:\/\/nihel.com\/ar\/product\/creme-a-raser-nihel-2\/#breadcrumb\"},\"inLanguage\":\"ar\",\"potentialAction\":[{\"@type\":\"ReadAction\",\"target\":[\"https:\/\/nihel.com\/ar\/product\/creme-a-raser-nihel-2\/\"]}]},{\"@type\":\"BreadcrumbList\",\"@id\":\"https:\/\/nihel.com\/ar\/product\/creme-a-raser-nihel-2\/#breadcrumb\",\"itemListElement\":[{\"@type\":\"ListItem\",\"position\":1,\"name\":\"Home\",\"item\":\"https:\/\/nihel.com\/ar\/\"},{\"@type\":\"ListItem\",\"position\":2,\"name\":\"Produits\",\"item\":\"https:\/\/nihel.com\/shop\/\"},{\"@type\":\"ListItem\",\"position\":3,\"name\":\"CR\u00c8ME \u00c0 RASER NIHEL\"}]},{\"@type\":\"WebSite\",\"@id\":\"https:\/\/nihel.com\/#website\",\"url\":\"https:\/\/nihel.com\/\",\"name\":\"LABORATOIRES NIHEL\",\"description\":\"Fabrication des produits cosm\u00e9tiques en Tunisie\",\"potentialAction\":[{\"@type\":\"SearchAction\",\"target\":{\"@type\":\"EntryPoint\",\"urlTemplate\":\"https:\/\/nihel.com\/?s={search_term_string}\"},\"query-input\":\"required name=search_term_string\"}],\"inLanguage\":\"ar\"}]}<\/script>\n<!-- \/ Yoast SEO plugin. -->","yoast_head_json":{"title":"CR\u00c8ME \u00c0 RASER NIHEL | LABORATOIRES NIHEL","description":"Offrez \u00e0 votre peau un rasage de pr\u00e8s et confortable avec notre cr\u00e8me \u00e0 raser onctueuse et nourrissante.  Mode d\u2019emploi:\u00a0\u00a0Premi\u00e8rement, humidifiez votre visage \u00e0 l\u2019eau chaude pendant environ 30 secondes Ensuite, appliquez une noisette de cr\u00e8me \u00e0 raser sur le visage et le cou et massez l\u00e9g\u00e8rement pour faire mousser. Rasez-vous dans le sens de la pousse des poils en utilisant un rasoir de qualit\u00e9 avec des lames tranchantes. Une fois le rasage termin\u00e9, rincez votre visage \u00e0 l\u2019eau froide pour refermer les pores et tonifier la peau. Enfin, appliquez un soin hydratant apr\u00e8s-rasage pour apaiser la peau et pr\u00e9venir le dess\u00e8chement.","robots":{"index":"index","follow":"follow","max-snippet":"max-snippet:-1","max-image-preview":"max-image-preview:large","max-video-preview":"max-video-preview:-1"},"canonical":"https:\/\/nihel.com\/ar\/product\/creme-a-raser-nihel-2\/","og_locale":"ar_AR","og_type":"article","og_title":"CR\u00c8ME \u00c0 RASER NIHEL | LABORATOIRES NIHEL","og_description":"Offrez \u00e0 votre peau un rasage de pr\u00e8s et confortable avec notre cr\u00e8me \u00e0 raser onctueuse et nourrissante.  Mode d\u2019emploi:\u00a0\u00a0Premi\u00e8rement, humidifiez votre visage \u00e0 l\u2019eau chaude pendant environ 30 secondes Ensuite, appliquez une noisette de cr\u00e8me \u00e0 raser sur le visage et le cou et massez l\u00e9g\u00e8rement pour faire mousser. Rasez-vous dans le sens de la pousse des poils en utilisant un rasoir de qualit\u00e9 avec des lames tranchantes. Une fois le rasage termin\u00e9, rincez votre visage \u00e0 l\u2019eau froide pour refermer les pores et tonifier la peau. Enfin, appliquez un soin hydratant apr\u00e8s-rasage pour apaiser la peau et pr\u00e9venir le dess\u00e8chement.","og_url":"https:\/\/nihel.com\/ar\/product\/creme-a-raser-nihel-2\/","og_site_name":"LABORATOIRES NIHEL","article_modified_time":"2024-03-23T11:14:08+00:00","og_image":[{"width":1023,"height":1280,"url":"https:\/\/nihel.com\/wp-content\/uploads\/2024\/03\/WhatsApp-Image-2024-03-23-at-08.51.50.jpeg","type":"image\/jpeg"}],"twitter_card":"summary_large_image","schema":{"@context":"https:\/\/schema.org","@graph":[{"@type":"WebPage","@id":"https:\/\/nihel.com\/ar\/product\/creme-a-raser-nihel-2\/","url":"https:\/\/nihel.com\/ar\/product\/creme-a-raser-nihel-2\/","name":"CR\u00c8ME \u00c0 RASER NIHEL | LABORATOIRES NIHEL","isPartOf":{"@id":"https:\/\/nihel.com\/#website"},"datePublished":"2024-03-23T11:12:57+00:00","dateModified":"2024-03-23T11:14:08+00:00","description":"Offrez \u00e0 votre peau un rasage de pr\u00e8s et confortable avec notre cr\u00e8me \u00e0 raser onctueuse et nourrissante. Mode d\u2019emploi:\u00a0\u00a0Premi\u00e8rement, humidifiez votre visage \u00e0 l\u2019eau chaude pendant environ 30 secondes Ensuite, appliquez une noisette de cr\u00e8me \u00e0 raser sur le visage et le cou et massez l\u00e9g\u00e8rement pour faire mousser. Rasez-vous dans le sens de la pousse des poils en utilisant un rasoir de qualit\u00e9 avec des lames tranchantes. Une fois le rasage termin\u00e9, rincez votre visage \u00e0 l\u2019eau froide pour refermer les pores et tonifier la peau. Enfin, appliquez un soin hydratant apr\u00e8s-rasage pour apaiser la peau et pr\u00e9venir le dess\u00e8chement.","breadcrumb":{"@id":"https:\/\/nihel.com\/ar\/product\/creme-a-raser-nihel-2\/#breadcrumb"},"inLanguage":"ar","potentialAction":[{"@type":"ReadAction","target":["https:\/\/nihel.com\/ar\/product\/creme-a-raser-nihel-2\/"]}]},{"@type":"BreadcrumbList","@id":"https:\/\/nihel.com\/ar\/product\/creme-a-raser-nihel-2\/#breadcrumb","itemListElement":[{"@type":"ListItem","position":1,"name":"Home","item":"https:\/\/nihel.com\/ar\/"},{"@type":"ListItem","position":2,"name":"Produits","item":"https:\/\/nihel.com\/shop\/"},{"@type":"ListItem","position":3,"name":"CR\u00c8ME \u00c0 RASER NIHEL"}]},{"@type":"WebSite","@id":"https:\/\/nihel.com\/#website","url":"https:\/\/nihel.com\/","name":"LABORATOIRES NIHEL","description":"Fabrication des produits cosm\u00e9tiques en Tunisie","potentialAction":[{"@type":"SearchAction","target":{"@type":"EntryPoint","urlTemplate":"https:\/\/nihel.com\/?s={search_term_string}"},"query-input":"required name=search_term_string"}],"inLanguage":"ar"}]}},"_links":{"self":[{"href":"https:\/\/nihel.com\/ar\/wp-json\/wp\/v2\/product\/4491","targetHints":{"allow":["GET"]}}],"collection":[{"href":"https:\/\/nihel.com\/ar\/wp-json\/wp\/v2\/product"}],"about":[{"href":"https:\/\/nihel.com\/ar\/wp-json\/wp\/v2\/types\/product"}],"replies":[{"embeddable":true,"href":"https:\/\/nihel.com\/ar\/wp-json\/wp\/v2\/comments?post=4491"}],"wp:featuredmedia":[{"embeddable":true,"href":"https:\/\/nihel.com\/ar\/wp-json\/wp\/v2\/media\/4489"}],"wp:attachment":[{"href":"https:\/\/nihel.com\/ar\/wp-json\/wp\/v2\/media?parent=4491"}],"wp:term":[{"taxonomy":"brand","embeddable":true,"href":"https:\/\/nihel.com\/ar\/wp-json\/wp\/v2\/etheme_brands?post=4491"},{"taxonomy":"product_cat","embeddable":true,"href":"https:\/\/nihel.com\/ar\/wp-json\/wp\/v2\/product_cat?post=4491"},{"taxonomy":"product_tag","embeddable":true,"href":"https:\/\/nihel.com\/ar\/wp-json\/wp\/v2\/product_tag?post=4491"}],"curies":[{"name":"wp","href":"https:\/\/api.w.org\/{rel}","templated":true}]}}