{"id":4172,"date":"2024-02-20T17:47:47","date_gmt":"2024-02-20T16:47:47","guid":{"rendered":"https:\/\/nihel.com\/product\/deodorant-mitsy-trendy-model\/"},"modified":"2024-02-20T17:47:47","modified_gmt":"2024-02-20T16:47:47","slug":"deodorant-mitsy-trendy-model","status":"publish","type":"product","link":"https:\/\/nihel.com\/ar\/product\/deodorant-mitsy-trendy-model\/","title":{"rendered":"D\u00c9ODORANT MITSY TRENDY MODEL"},"content":{"rendered":"","protected":false},"excerpt":{"rendered":"<p>Je suis l\u00e0 pour vous accompagner tout au long de votre journ\u00e9e avec mes notes dynamiques et vivifiantes. Ma formule, sp\u00e9cialement cr\u00e9\u00e9e sans sels d&#8217;aluminium, offre une protection naturelle contre les odeurs tout en respectant la peau sensible des enfants. Avec mon parfum inspirant et plein d&#8217;\u00e9nergie, vous serez pr\u00eat(e) \u00e0 affronter toutes les aventures avec style et confiance. Pr\u00e9parez-vous \u00e0 vivre une journ\u00e9e pleine de vitalit\u00e9 et d&#8217;assurance avec le d\u00e9odorant spray Mitsy &#8220;Trendy Model&#8221; pour enfants !<\/p>\n","protected":false},"featured_media":3596,"comment_status":"open","ping_status":"closed","template":"","meta":[],"etheme_brands":[{"term_id":453,"name":"\u0645\u064a\u062a\u0633\u064a","slug":"%d9%85%d9%8a%d8%aa%d8%b3%d9%8a","term_group":0,"term_taxonomy_id":453,"taxonomy":"brand","description":"","parent":0,"count":0,"filter":"raw","term_order":"0"}],"product_cat":[600,601,604,605],"product_tag":[],"class_list":["post-4172","product","type-product","status-publish","has-post-thumbnail","hentry","brand-453","product_cat-600","product_cat--ar","product_cat--ar-2","product_cat---ar-2"],"yoast_head":"<!-- This site is optimized with the Yoast SEO plugin v19.10 - https:\/\/yoast.com\/wordpress\/plugins\/seo\/ -->\n<title>D\u00c9ODORANT MITSY TRENDY MODEL | LABORATOIRES NIHEL<\/title>\n<meta name=\"description\" content=\"Je suis l\u00e0 pour vous accompagner tout au long de votre journ\u00e9e avec mes notes dynamiques et vivifiantes. Ma formule, sp\u00e9cialement cr\u00e9\u00e9e sans sels d&#039;aluminium, offre une protection naturelle contre les odeurs tout en respectant la peau sensible des enfants. Avec mon parfum inspirant et plein d&#039;\u00e9nergie, vous serez pr\u00eat(e) \u00e0 affronter toutes les aventures avec style et confiance. Pr\u00e9parez-vous \u00e0 vivre une journ\u00e9e pleine de vitalit\u00e9 et d&#039;assurance avec le d\u00e9odorant spray Mitsy &quot;Trendy Model&quot; pour enfants !\" \/>\n<meta name=\"robots\" content=\"index, follow, max-snippet:-1, max-image-preview:large, max-video-preview:-1\" \/>\n<link rel=\"canonical\" href=\"https:\/\/nihel.com\/ar\/product\/deodorant-mitsy-trendy-model\/\" \/>\n<meta property=\"og:locale\" content=\"ar_AR\" \/>\n<meta property=\"og:type\" content=\"article\" \/>\n<meta property=\"og:title\" content=\"D\u00c9ODORANT MITSY TRENDY MODEL | LABORATOIRES NIHEL\" \/>\n<meta property=\"og:description\" content=\"Je suis l\u00e0 pour vous accompagner tout au long de votre journ\u00e9e avec mes notes dynamiques et vivifiantes. Ma formule, sp\u00e9cialement cr\u00e9\u00e9e sans sels d&#039;aluminium, offre une protection naturelle contre les odeurs tout en respectant la peau sensible des enfants. Avec mon parfum inspirant et plein d&#039;\u00e9nergie, vous serez pr\u00eat(e) \u00e0 affronter toutes les aventures avec style et confiance. Pr\u00e9parez-vous \u00e0 vivre une journ\u00e9e pleine de vitalit\u00e9 et d&#039;assurance avec le d\u00e9odorant spray Mitsy &quot;Trendy Model&quot; pour enfants !\" \/>\n<meta property=\"og:url\" content=\"https:\/\/nihel.com\/ar\/product\/deodorant-mitsy-trendy-model\/\" \/>\n<meta property=\"og:site_name\" content=\"LABORATOIRES NIHEL\" \/>\n<meta property=\"og:image\" content=\"https:\/\/nihel.com\/wp-content\/uploads\/2023\/11\/0Y6A0890.-scaled.jpg\" \/>\n\t<meta property=\"og:image:width\" content=\"2560\" \/>\n\t<meta property=\"og:image:height\" content=\"2560\" \/>\n\t<meta property=\"og:image:type\" content=\"image\/jpeg\" \/>\n<meta name=\"twitter:card\" content=\"summary_large_image\" \/>\n<script type=\"application\/ld+json\" class=\"yoast-schema-graph\">{\"@context\":\"https:\/\/schema.org\",\"@graph\":[{\"@type\":\"WebPage\",\"@id\":\"https:\/\/nihel.com\/ar\/product\/deodorant-mitsy-trendy-model\/\",\"url\":\"https:\/\/nihel.com\/ar\/product\/deodorant-mitsy-trendy-model\/\",\"name\":\"D\u00c9ODORANT MITSY TRENDY MODEL | LABORATOIRES NIHEL\",\"isPartOf\":{\"@id\":\"https:\/\/nihel.com\/#website\"},\"datePublished\":\"2024-02-20T16:47:47+00:00\",\"dateModified\":\"2024-02-20T16:47:47+00:00\",\"description\":\"Je suis l\u00e0 pour vous accompagner tout au long de votre journ\u00e9e avec mes notes dynamiques et vivifiantes. Ma formule, sp\u00e9cialement cr\u00e9\u00e9e sans sels d'aluminium, offre une protection naturelle contre les odeurs tout en respectant la peau sensible des enfants. Avec mon parfum inspirant et plein d'\u00e9nergie, vous serez pr\u00eat(e) \u00e0 affronter toutes les aventures avec style et confiance. Pr\u00e9parez-vous \u00e0 vivre une journ\u00e9e pleine de vitalit\u00e9 et d'assurance avec le d\u00e9odorant spray Mitsy \\\"Trendy Model\\\" pour enfants !\",\"breadcrumb\":{\"@id\":\"https:\/\/nihel.com\/ar\/product\/deodorant-mitsy-trendy-model\/#breadcrumb\"},\"inLanguage\":\"ar\",\"potentialAction\":[{\"@type\":\"ReadAction\",\"target\":[\"https:\/\/nihel.com\/ar\/product\/deodorant-mitsy-trendy-model\/\"]}]},{\"@type\":\"BreadcrumbList\",\"@id\":\"https:\/\/nihel.com\/ar\/product\/deodorant-mitsy-trendy-model\/#breadcrumb\",\"itemListElement\":[{\"@type\":\"ListItem\",\"position\":1,\"name\":\"Home\",\"item\":\"https:\/\/nihel.com\/ar\/\"},{\"@type\":\"ListItem\",\"position\":2,\"name\":\"Produits\",\"item\":\"https:\/\/nihel.com\/shop\/\"},{\"@type\":\"ListItem\",\"position\":3,\"name\":\"D\u00c9ODORANT MITSY TRENDY MODEL\"}]},{\"@type\":\"WebSite\",\"@id\":\"https:\/\/nihel.com\/#website\",\"url\":\"https:\/\/nihel.com\/\",\"name\":\"LABORATOIRES NIHEL\",\"description\":\"Fabrication des produits cosm\u00e9tiques en Tunisie\",\"potentialAction\":[{\"@type\":\"SearchAction\",\"target\":{\"@type\":\"EntryPoint\",\"urlTemplate\":\"https:\/\/nihel.com\/?s={search_term_string}\"},\"query-input\":\"required name=search_term_string\"}],\"inLanguage\":\"ar\"}]}<\/script>\n<!-- \/ Yoast SEO plugin. -->","yoast_head_json":{"title":"D\u00c9ODORANT MITSY TRENDY MODEL | LABORATOIRES NIHEL","description":"Je suis l\u00e0 pour vous accompagner tout au long de votre journ\u00e9e avec mes notes dynamiques et vivifiantes. Ma formule, sp\u00e9cialement cr\u00e9\u00e9e sans sels d'aluminium, offre une protection naturelle contre les odeurs tout en respectant la peau sensible des enfants. Avec mon parfum inspirant et plein d'\u00e9nergie, vous serez pr\u00eat(e) \u00e0 affronter toutes les aventures avec style et confiance. Pr\u00e9parez-vous \u00e0 vivre une journ\u00e9e pleine de vitalit\u00e9 et d'assurance avec le d\u00e9odorant spray Mitsy \"Trendy Model\" pour enfants !","robots":{"index":"index","follow":"follow","max-snippet":"max-snippet:-1","max-image-preview":"max-image-preview:large","max-video-preview":"max-video-preview:-1"},"canonical":"https:\/\/nihel.com\/ar\/product\/deodorant-mitsy-trendy-model\/","og_locale":"ar_AR","og_type":"article","og_title":"D\u00c9ODORANT MITSY TRENDY MODEL | LABORATOIRES NIHEL","og_description":"Je suis l\u00e0 pour vous accompagner tout au long de votre journ\u00e9e avec mes notes dynamiques et vivifiantes. Ma formule, sp\u00e9cialement cr\u00e9\u00e9e sans sels d'aluminium, offre une protection naturelle contre les odeurs tout en respectant la peau sensible des enfants. Avec mon parfum inspirant et plein d'\u00e9nergie, vous serez pr\u00eat(e) \u00e0 affronter toutes les aventures avec style et confiance. Pr\u00e9parez-vous \u00e0 vivre une journ\u00e9e pleine de vitalit\u00e9 et d'assurance avec le d\u00e9odorant spray Mitsy \"Trendy Model\" pour enfants !","og_url":"https:\/\/nihel.com\/ar\/product\/deodorant-mitsy-trendy-model\/","og_site_name":"LABORATOIRES NIHEL","og_image":[{"width":2560,"height":2560,"url":"https:\/\/nihel.com\/wp-content\/uploads\/2023\/11\/0Y6A0890.-scaled.jpg","type":"image\/jpeg"}],"twitter_card":"summary_large_image","schema":{"@context":"https:\/\/schema.org","@graph":[{"@type":"WebPage","@id":"https:\/\/nihel.com\/ar\/product\/deodorant-mitsy-trendy-model\/","url":"https:\/\/nihel.com\/ar\/product\/deodorant-mitsy-trendy-model\/","name":"D\u00c9ODORANT MITSY TRENDY MODEL | LABORATOIRES NIHEL","isPartOf":{"@id":"https:\/\/nihel.com\/#website"},"datePublished":"2024-02-20T16:47:47+00:00","dateModified":"2024-02-20T16:47:47+00:00","description":"Je suis l\u00e0 pour vous accompagner tout au long de votre journ\u00e9e avec mes notes dynamiques et vivifiantes. Ma formule, sp\u00e9cialement cr\u00e9\u00e9e sans sels d'aluminium, offre une protection naturelle contre les odeurs tout en respectant la peau sensible des enfants. Avec mon parfum inspirant et plein d'\u00e9nergie, vous serez pr\u00eat(e) \u00e0 affronter toutes les aventures avec style et confiance. Pr\u00e9parez-vous \u00e0 vivre une journ\u00e9e pleine de vitalit\u00e9 et d'assurance avec le d\u00e9odorant spray Mitsy \"Trendy Model\" pour enfants !","breadcrumb":{"@id":"https:\/\/nihel.com\/ar\/product\/deodorant-mitsy-trendy-model\/#breadcrumb"},"inLanguage":"ar","potentialAction":[{"@type":"ReadAction","target":["https:\/\/nihel.com\/ar\/product\/deodorant-mitsy-trendy-model\/"]}]},{"@type":"BreadcrumbList","@id":"https:\/\/nihel.com\/ar\/product\/deodorant-mitsy-trendy-model\/#breadcrumb","itemListElement":[{"@type":"ListItem","position":1,"name":"Home","item":"https:\/\/nihel.com\/ar\/"},{"@type":"ListItem","position":2,"name":"Produits","item":"https:\/\/nihel.com\/shop\/"},{"@type":"ListItem","position":3,"name":"D\u00c9ODORANT MITSY TRENDY MODEL"}]},{"@type":"WebSite","@id":"https:\/\/nihel.com\/#website","url":"https:\/\/nihel.com\/","name":"LABORATOIRES NIHEL","description":"Fabrication des produits cosm\u00e9tiques en Tunisie","potentialAction":[{"@type":"SearchAction","target":{"@type":"EntryPoint","urlTemplate":"https:\/\/nihel.com\/?s={search_term_string}"},"query-input":"required name=search_term_string"}],"inLanguage":"ar"}]}},"_links":{"self":[{"href":"https:\/\/nihel.com\/ar\/wp-json\/wp\/v2\/product\/4172","targetHints":{"allow":["GET"]}}],"collection":[{"href":"https:\/\/nihel.com\/ar\/wp-json\/wp\/v2\/product"}],"about":[{"href":"https:\/\/nihel.com\/ar\/wp-json\/wp\/v2\/types\/product"}],"replies":[{"embeddable":true,"href":"https:\/\/nihel.com\/ar\/wp-json\/wp\/v2\/comments?post=4172"}],"wp:featuredmedia":[{"embeddable":true,"href":"https:\/\/nihel.com\/ar\/wp-json\/wp\/v2\/media\/3596"}],"wp:attachment":[{"href":"https:\/\/nihel.com\/ar\/wp-json\/wp\/v2\/media?parent=4172"}],"wp:term":[{"taxonomy":"brand","embeddable":true,"href":"https:\/\/nihel.com\/ar\/wp-json\/wp\/v2\/etheme_brands?post=4172"},{"taxonomy":"product_cat","embeddable":true,"href":"https:\/\/nihel.com\/ar\/wp-json\/wp\/v2\/product_cat?post=4172"},{"taxonomy":"product_tag","embeddable":true,"href":"https:\/\/nihel.com\/ar\/wp-json\/wp\/v2\/product_tag?post=4172"}],"curies":[{"name":"wp","href":"https:\/\/api.w.org\/{rel}","templated":true}]}}