{"id":4170,"date":"2024-02-20T17:45:40","date_gmt":"2024-02-20T16:45:40","guid":{"rendered":"https:\/\/nihel.com\/product\/deodorant-mitsy-vintage-look\/"},"modified":"2024-02-20T18:02:48","modified_gmt":"2024-02-20T17:02:48","slug":"deodorant-mitsy-vintage-look","status":"publish","type":"product","link":"https:\/\/nihel.com\/ar\/product\/deodorant-mitsy-vintage-look\/","title":{"rendered":"D\u00c9ODORANT MITSY VINTAGE LOOK"},"content":{"rendered":"","protected":false},"excerpt":{"rendered":"<p>Je suis l\u00e0 pour vous accompagner tout au long de vos aventures avec mes notes douces et r\u00e9confortantes. Ma formule est sp\u00e9cialement con\u00e7ue sans sels d&#8217;aluminium pour prot\u00e9ger votre peau d\u00e9licate tout en vous offrant une protection efficace contre les mauvaises odeurs. Avec mon parfum subtil et nostalgique, vous pouvez revivre les moments magiques du pass\u00e9 tout en restant frais et confiant. Pr\u00e9parez-vous \u00e0 vivre une journ\u00e9e pleine de charme et de confort avec le d\u00e9odorant spray Mitsy &#8220;Vintage Look&#8221; pour enfants !<\/p>\n<p>&nbsp;<\/p>\n<p><strong>Contenance<\/strong>: 150ml<\/p>\n","protected":false},"featured_media":4168,"comment_status":"open","ping_status":"closed","template":"","meta":[],"etheme_brands":[{"term_id":453,"name":"\u0645\u064a\u062a\u0633\u064a","slug":"%d9%85%d9%8a%d8%aa%d8%b3%d9%8a","term_group":0,"term_taxonomy_id":453,"taxonomy":"brand","description":"","parent":0,"count":0,"filter":"raw","term_order":"0"}],"product_cat":[600,601,604,605],"product_tag":[],"class_list":["post-4170","product","type-product","status-publish","has-post-thumbnail","hentry","brand-453","product_cat-600","product_cat--ar","product_cat--ar-2","product_cat---ar-2"],"yoast_head":"<!-- This site is optimized with the Yoast SEO plugin v19.10 - https:\/\/yoast.com\/wordpress\/plugins\/seo\/ -->\n<title>D\u00c9ODORANT MITSY VINTAGE LOOK | LABORATOIRES NIHEL<\/title>\n<meta name=\"description\" content=\"Je suis l\u00e0 pour vous accompagner tout au long de vos aventures avec mes notes douces et r\u00e9confortantes. Ma formule est sp\u00e9cialement con\u00e7ue sans sels d&#039;aluminium pour prot\u00e9ger votre peau d\u00e9licate tout en vous offrant une protection efficace contre les mauvaises odeurs. Avec mon parfum subtil et nostalgique, vous pouvez revivre les moments magiques du pass\u00e9 tout en restant frais et confiant. Pr\u00e9parez-vous \u00e0 vivre une journ\u00e9e pleine de charme et de confort avec le d\u00e9odorant spray Mitsy &quot;Vintage Look&quot; pour enfants !  &nbsp;  Contenance: 150ml\" \/>\n<meta name=\"robots\" content=\"index, follow, max-snippet:-1, max-image-preview:large, max-video-preview:-1\" \/>\n<link rel=\"canonical\" href=\"https:\/\/nihel.com\/ar\/product\/deodorant-mitsy-vintage-look\/\" \/>\n<meta property=\"og:locale\" content=\"ar_AR\" \/>\n<meta property=\"og:type\" content=\"article\" \/>\n<meta property=\"og:title\" content=\"D\u00c9ODORANT MITSY VINTAGE LOOK | LABORATOIRES NIHEL\" \/>\n<meta property=\"og:description\" content=\"Je suis l\u00e0 pour vous accompagner tout au long de vos aventures avec mes notes douces et r\u00e9confortantes. Ma formule est sp\u00e9cialement con\u00e7ue sans sels d&#039;aluminium pour prot\u00e9ger votre peau d\u00e9licate tout en vous offrant une protection efficace contre les mauvaises odeurs. Avec mon parfum subtil et nostalgique, vous pouvez revivre les moments magiques du pass\u00e9 tout en restant frais et confiant. Pr\u00e9parez-vous \u00e0 vivre une journ\u00e9e pleine de charme et de confort avec le d\u00e9odorant spray Mitsy &quot;Vintage Look&quot; pour enfants !  &nbsp;  Contenance: 150ml\" \/>\n<meta property=\"og:url\" content=\"https:\/\/nihel.com\/ar\/product\/deodorant-mitsy-vintage-look\/\" \/>\n<meta property=\"og:site_name\" content=\"LABORATOIRES NIHEL\" \/>\n<meta property=\"article:modified_time\" content=\"2024-02-20T17:02:48+00:00\" \/>\n<meta property=\"og:image\" content=\"https:\/\/nihel.com\/wp-content\/uploads\/2024\/02\/0Y6A0889.-scaled.jpg\" \/>\n\t<meta property=\"og:image:width\" content=\"2560\" \/>\n\t<meta property=\"og:image:height\" content=\"2560\" \/>\n\t<meta property=\"og:image:type\" content=\"image\/jpeg\" \/>\n<meta name=\"twitter:card\" content=\"summary_large_image\" \/>\n<script type=\"application\/ld+json\" class=\"yoast-schema-graph\">{\"@context\":\"https:\/\/schema.org\",\"@graph\":[{\"@type\":\"WebPage\",\"@id\":\"https:\/\/nihel.com\/ar\/product\/deodorant-mitsy-vintage-look\/\",\"url\":\"https:\/\/nihel.com\/ar\/product\/deodorant-mitsy-vintage-look\/\",\"name\":\"D\u00c9ODORANT MITSY VINTAGE LOOK | LABORATOIRES NIHEL\",\"isPartOf\":{\"@id\":\"https:\/\/nihel.com\/#website\"},\"datePublished\":\"2024-02-20T16:45:40+00:00\",\"dateModified\":\"2024-02-20T17:02:48+00:00\",\"description\":\"Je suis l\u00e0 pour vous accompagner tout au long de vos aventures avec mes notes douces et r\u00e9confortantes. Ma formule est sp\u00e9cialement con\u00e7ue sans sels d'aluminium pour prot\u00e9ger votre peau d\u00e9licate tout en vous offrant une protection efficace contre les mauvaises odeurs. Avec mon parfum subtil et nostalgique, vous pouvez revivre les moments magiques du pass\u00e9 tout en restant frais et confiant. Pr\u00e9parez-vous \u00e0 vivre une journ\u00e9e pleine de charme et de confort avec le d\u00e9odorant spray Mitsy \\\"Vintage Look\\\" pour enfants ! &nbsp; Contenance: 150ml\",\"breadcrumb\":{\"@id\":\"https:\/\/nihel.com\/ar\/product\/deodorant-mitsy-vintage-look\/#breadcrumb\"},\"inLanguage\":\"ar\",\"potentialAction\":[{\"@type\":\"ReadAction\",\"target\":[\"https:\/\/nihel.com\/ar\/product\/deodorant-mitsy-vintage-look\/\"]}]},{\"@type\":\"BreadcrumbList\",\"@id\":\"https:\/\/nihel.com\/ar\/product\/deodorant-mitsy-vintage-look\/#breadcrumb\",\"itemListElement\":[{\"@type\":\"ListItem\",\"position\":1,\"name\":\"Home\",\"item\":\"https:\/\/nihel.com\/ar\/\"},{\"@type\":\"ListItem\",\"position\":2,\"name\":\"Produits\",\"item\":\"https:\/\/nihel.com\/shop\/\"},{\"@type\":\"ListItem\",\"position\":3,\"name\":\"D\u00c9ODORANT MITSY VINTAGE LOOK\"}]},{\"@type\":\"WebSite\",\"@id\":\"https:\/\/nihel.com\/#website\",\"url\":\"https:\/\/nihel.com\/\",\"name\":\"LABORATOIRES NIHEL\",\"description\":\"Fabrication des produits cosm\u00e9tiques en Tunisie\",\"potentialAction\":[{\"@type\":\"SearchAction\",\"target\":{\"@type\":\"EntryPoint\",\"urlTemplate\":\"https:\/\/nihel.com\/?s={search_term_string}\"},\"query-input\":\"required name=search_term_string\"}],\"inLanguage\":\"ar\"}]}<\/script>\n<!-- \/ Yoast SEO plugin. -->","yoast_head_json":{"title":"D\u00c9ODORANT MITSY VINTAGE LOOK | LABORATOIRES NIHEL","description":"Je suis l\u00e0 pour vous accompagner tout au long de vos aventures avec mes notes douces et r\u00e9confortantes. Ma formule est sp\u00e9cialement con\u00e7ue sans sels d'aluminium pour prot\u00e9ger votre peau d\u00e9licate tout en vous offrant une protection efficace contre les mauvaises odeurs. Avec mon parfum subtil et nostalgique, vous pouvez revivre les moments magiques du pass\u00e9 tout en restant frais et confiant. Pr\u00e9parez-vous \u00e0 vivre une journ\u00e9e pleine de charme et de confort avec le d\u00e9odorant spray Mitsy \"Vintage Look\" pour enfants !  &nbsp;  Contenance: 150ml","robots":{"index":"index","follow":"follow","max-snippet":"max-snippet:-1","max-image-preview":"max-image-preview:large","max-video-preview":"max-video-preview:-1"},"canonical":"https:\/\/nihel.com\/ar\/product\/deodorant-mitsy-vintage-look\/","og_locale":"ar_AR","og_type":"article","og_title":"D\u00c9ODORANT MITSY VINTAGE LOOK | LABORATOIRES NIHEL","og_description":"Je suis l\u00e0 pour vous accompagner tout au long de vos aventures avec mes notes douces et r\u00e9confortantes. Ma formule est sp\u00e9cialement con\u00e7ue sans sels d'aluminium pour prot\u00e9ger votre peau d\u00e9licate tout en vous offrant une protection efficace contre les mauvaises odeurs. Avec mon parfum subtil et nostalgique, vous pouvez revivre les moments magiques du pass\u00e9 tout en restant frais et confiant. Pr\u00e9parez-vous \u00e0 vivre une journ\u00e9e pleine de charme et de confort avec le d\u00e9odorant spray Mitsy \"Vintage Look\" pour enfants !  &nbsp;  Contenance: 150ml","og_url":"https:\/\/nihel.com\/ar\/product\/deodorant-mitsy-vintage-look\/","og_site_name":"LABORATOIRES NIHEL","article_modified_time":"2024-02-20T17:02:48+00:00","og_image":[{"width":2560,"height":2560,"url":"https:\/\/nihel.com\/wp-content\/uploads\/2024\/02\/0Y6A0889.-scaled.jpg","type":"image\/jpeg"}],"twitter_card":"summary_large_image","schema":{"@context":"https:\/\/schema.org","@graph":[{"@type":"WebPage","@id":"https:\/\/nihel.com\/ar\/product\/deodorant-mitsy-vintage-look\/","url":"https:\/\/nihel.com\/ar\/product\/deodorant-mitsy-vintage-look\/","name":"D\u00c9ODORANT MITSY VINTAGE LOOK | LABORATOIRES NIHEL","isPartOf":{"@id":"https:\/\/nihel.com\/#website"},"datePublished":"2024-02-20T16:45:40+00:00","dateModified":"2024-02-20T17:02:48+00:00","description":"Je suis l\u00e0 pour vous accompagner tout au long de vos aventures avec mes notes douces et r\u00e9confortantes. Ma formule est sp\u00e9cialement con\u00e7ue sans sels d'aluminium pour prot\u00e9ger votre peau d\u00e9licate tout en vous offrant une protection efficace contre les mauvaises odeurs. Avec mon parfum subtil et nostalgique, vous pouvez revivre les moments magiques du pass\u00e9 tout en restant frais et confiant. Pr\u00e9parez-vous \u00e0 vivre une journ\u00e9e pleine de charme et de confort avec le d\u00e9odorant spray Mitsy \"Vintage Look\" pour enfants ! &nbsp; Contenance: 150ml","breadcrumb":{"@id":"https:\/\/nihel.com\/ar\/product\/deodorant-mitsy-vintage-look\/#breadcrumb"},"inLanguage":"ar","potentialAction":[{"@type":"ReadAction","target":["https:\/\/nihel.com\/ar\/product\/deodorant-mitsy-vintage-look\/"]}]},{"@type":"BreadcrumbList","@id":"https:\/\/nihel.com\/ar\/product\/deodorant-mitsy-vintage-look\/#breadcrumb","itemListElement":[{"@type":"ListItem","position":1,"name":"Home","item":"https:\/\/nihel.com\/ar\/"},{"@type":"ListItem","position":2,"name":"Produits","item":"https:\/\/nihel.com\/shop\/"},{"@type":"ListItem","position":3,"name":"D\u00c9ODORANT MITSY VINTAGE LOOK"}]},{"@type":"WebSite","@id":"https:\/\/nihel.com\/#website","url":"https:\/\/nihel.com\/","name":"LABORATOIRES NIHEL","description":"Fabrication des produits cosm\u00e9tiques en Tunisie","potentialAction":[{"@type":"SearchAction","target":{"@type":"EntryPoint","urlTemplate":"https:\/\/nihel.com\/?s={search_term_string}"},"query-input":"required name=search_term_string"}],"inLanguage":"ar"}]}},"_links":{"self":[{"href":"https:\/\/nihel.com\/ar\/wp-json\/wp\/v2\/product\/4170","targetHints":{"allow":["GET"]}}],"collection":[{"href":"https:\/\/nihel.com\/ar\/wp-json\/wp\/v2\/product"}],"about":[{"href":"https:\/\/nihel.com\/ar\/wp-json\/wp\/v2\/types\/product"}],"replies":[{"embeddable":true,"href":"https:\/\/nihel.com\/ar\/wp-json\/wp\/v2\/comments?post=4170"}],"wp:featuredmedia":[{"embeddable":true,"href":"https:\/\/nihel.com\/ar\/wp-json\/wp\/v2\/media\/4168"}],"wp:attachment":[{"href":"https:\/\/nihel.com\/ar\/wp-json\/wp\/v2\/media?parent=4170"}],"wp:term":[{"taxonomy":"brand","embeddable":true,"href":"https:\/\/nihel.com\/ar\/wp-json\/wp\/v2\/etheme_brands?post=4170"},{"taxonomy":"product_cat","embeddable":true,"href":"https:\/\/nihel.com\/ar\/wp-json\/wp\/v2\/product_cat?post=4170"},{"taxonomy":"product_tag","embeddable":true,"href":"https:\/\/nihel.com\/ar\/wp-json\/wp\/v2\/product_tag?post=4170"}],"curies":[{"name":"wp","href":"https:\/\/api.w.org\/{rel}","templated":true}]}}