{"id":4155,"date":"2024-02-20T17:34:27","date_gmt":"2024-02-20T16:34:27","guid":{"rendered":"https:\/\/nihel.com\/product\/eau-de-cologne-mitsy-pink-romance\/"},"modified":"2024-08-14T12:32:48","modified_gmt":"2024-08-14T10:32:48","slug":"eau-de-cologne-mitsy-pink-romance","status":"publish","type":"product","link":"https:\/\/nihel.com\/ar\/product\/eau-de-cologne-mitsy-pink-romance\/","title":{"rendered":"EAU DE COLOGNE MITSY: PINK ROMANCE"},"content":{"rendered":"","protected":false},"excerpt":{"rendered":"<p>Laissez-vous emporter par la magie et la douceur de notre eau de Cologne Mitsy &#8220;Pink Romance&#8221; pour enfants. Cette fragrance enchanteresse \u00e9voque les r\u00eaves et les contes de f\u00e9es, avec des notes douces et envo\u00fbtantes. Parfait pour les petites princesses romantiques en qu\u00eate de f\u00e9\u00e9rie.<\/p>\n","protected":false},"featured_media":4821,"comment_status":"closed","ping_status":"closed","template":"","meta":[],"etheme_brands":[{"term_id":453,"name":"\u0645\u064a\u062a\u0633\u064a","slug":"%d9%85%d9%8a%d8%aa%d8%b3%d9%8a","term_group":0,"term_taxonomy_id":453,"taxonomy":"brand","description":"","parent":0,"count":0,"filter":"raw","term_order":"0"}],"product_cat":[600,601,604,606],"product_tag":[],"class_list":["post-4155","product","type-product","status-publish","has-post-thumbnail","hentry","brand-453","product_cat-600","product_cat--ar","product_cat--ar-2"],"yoast_head":"<!-- This site is optimized with the Yoast SEO plugin v19.10 - https:\/\/yoast.com\/wordpress\/plugins\/seo\/ -->\n<title>EAU DE COLOGNE MITSY: PINK ROMANCE | LABORATOIRES NIHEL<\/title>\n<meta name=\"description\" content=\"Laissez-vous emporter par la magie et la douceur de notre eau de Cologne Mitsy &quot;Pink Romance&quot; pour enfants. Cette fragrance enchanteresse \u00e9voque les r\u00eaves et les contes de f\u00e9es, avec des notes douces et envo\u00fbtantes. Parfait pour les petites princesses romantiques en qu\u00eate de f\u00e9\u00e9rie.\" \/>\n<meta name=\"robots\" content=\"index, follow, max-snippet:-1, max-image-preview:large, max-video-preview:-1\" \/>\n<link rel=\"canonical\" href=\"https:\/\/nihel.com\/ar\/product\/eau-de-cologne-mitsy-pink-romance\/\" \/>\n<meta property=\"og:locale\" content=\"ar_AR\" \/>\n<meta property=\"og:type\" content=\"article\" \/>\n<meta property=\"og:title\" content=\"EAU DE COLOGNE MITSY: PINK ROMANCE | LABORATOIRES NIHEL\" \/>\n<meta property=\"og:description\" content=\"Laissez-vous emporter par la magie et la douceur de notre eau de Cologne Mitsy &quot;Pink Romance&quot; pour enfants. Cette fragrance enchanteresse \u00e9voque les r\u00eaves et les contes de f\u00e9es, avec des notes douces et envo\u00fbtantes. Parfait pour les petites princesses romantiques en qu\u00eate de f\u00e9\u00e9rie.\" \/>\n<meta property=\"og:url\" content=\"https:\/\/nihel.com\/ar\/product\/eau-de-cologne-mitsy-pink-romance\/\" \/>\n<meta property=\"og:site_name\" content=\"LABORATOIRES NIHEL\" \/>\n<meta property=\"article:modified_time\" content=\"2024-08-14T10:32:48+00:00\" \/>\n<meta name=\"twitter:card\" content=\"summary_large_image\" \/>\n<script type=\"application\/ld+json\" class=\"yoast-schema-graph\">{\"@context\":\"https:\/\/schema.org\",\"@graph\":[{\"@type\":\"WebPage\",\"@id\":\"https:\/\/nihel.com\/ar\/product\/eau-de-cologne-mitsy-pink-romance\/\",\"url\":\"https:\/\/nihel.com\/ar\/product\/eau-de-cologne-mitsy-pink-romance\/\",\"name\":\"EAU DE COLOGNE MITSY: PINK ROMANCE | LABORATOIRES NIHEL\",\"isPartOf\":{\"@id\":\"https:\/\/nihel.com\/#website\"},\"datePublished\":\"2024-02-20T16:34:27+00:00\",\"dateModified\":\"2024-08-14T10:32:48+00:00\",\"description\":\"Laissez-vous emporter par la magie et la douceur de notre eau de Cologne Mitsy \\\"Pink Romance\\\" pour enfants. Cette fragrance enchanteresse \u00e9voque les r\u00eaves et les contes de f\u00e9es, avec des notes douces et envo\u00fbtantes. Parfait pour les petites princesses romantiques en qu\u00eate de f\u00e9\u00e9rie.\",\"breadcrumb\":{\"@id\":\"https:\/\/nihel.com\/ar\/product\/eau-de-cologne-mitsy-pink-romance\/#breadcrumb\"},\"inLanguage\":\"ar\",\"potentialAction\":[{\"@type\":\"ReadAction\",\"target\":[\"https:\/\/nihel.com\/ar\/product\/eau-de-cologne-mitsy-pink-romance\/\"]}]},{\"@type\":\"BreadcrumbList\",\"@id\":\"https:\/\/nihel.com\/ar\/product\/eau-de-cologne-mitsy-pink-romance\/#breadcrumb\",\"itemListElement\":[{\"@type\":\"ListItem\",\"position\":1,\"name\":\"Home\",\"item\":\"https:\/\/nihel.com\/ar\/\"},{\"@type\":\"ListItem\",\"position\":2,\"name\":\"Produits\",\"item\":\"https:\/\/nihel.com\/shop\/\"},{\"@type\":\"ListItem\",\"position\":3,\"name\":\"EAU DE COLOGNE MITSY: PINK ROMANCE\"}]},{\"@type\":\"WebSite\",\"@id\":\"https:\/\/nihel.com\/#website\",\"url\":\"https:\/\/nihel.com\/\",\"name\":\"LABORATOIRES NIHEL\",\"description\":\"Fabrication des produits cosm\u00e9tiques en Tunisie\",\"potentialAction\":[{\"@type\":\"SearchAction\",\"target\":{\"@type\":\"EntryPoint\",\"urlTemplate\":\"https:\/\/nihel.com\/?s={search_term_string}\"},\"query-input\":\"required name=search_term_string\"}],\"inLanguage\":\"ar\"}]}<\/script>\n<!-- \/ Yoast SEO plugin. -->","yoast_head_json":{"title":"EAU DE COLOGNE MITSY: PINK ROMANCE | LABORATOIRES NIHEL","description":"Laissez-vous emporter par la magie et la douceur de notre eau de Cologne Mitsy \"Pink Romance\" pour enfants. Cette fragrance enchanteresse \u00e9voque les r\u00eaves et les contes de f\u00e9es, avec des notes douces et envo\u00fbtantes. Parfait pour les petites princesses romantiques en qu\u00eate de f\u00e9\u00e9rie.","robots":{"index":"index","follow":"follow","max-snippet":"max-snippet:-1","max-image-preview":"max-image-preview:large","max-video-preview":"max-video-preview:-1"},"canonical":"https:\/\/nihel.com\/ar\/product\/eau-de-cologne-mitsy-pink-romance\/","og_locale":"ar_AR","og_type":"article","og_title":"EAU DE COLOGNE MITSY: PINK ROMANCE | LABORATOIRES NIHEL","og_description":"Laissez-vous emporter par la magie et la douceur de notre eau de Cologne Mitsy \"Pink Romance\" pour enfants. Cette fragrance enchanteresse \u00e9voque les r\u00eaves et les contes de f\u00e9es, avec des notes douces et envo\u00fbtantes. Parfait pour les petites princesses romantiques en qu\u00eate de f\u00e9\u00e9rie.","og_url":"https:\/\/nihel.com\/ar\/product\/eau-de-cologne-mitsy-pink-romance\/","og_site_name":"LABORATOIRES NIHEL","article_modified_time":"2024-08-14T10:32:48+00:00","twitter_card":"summary_large_image","schema":{"@context":"https:\/\/schema.org","@graph":[{"@type":"WebPage","@id":"https:\/\/nihel.com\/ar\/product\/eau-de-cologne-mitsy-pink-romance\/","url":"https:\/\/nihel.com\/ar\/product\/eau-de-cologne-mitsy-pink-romance\/","name":"EAU DE COLOGNE MITSY: PINK ROMANCE | LABORATOIRES NIHEL","isPartOf":{"@id":"https:\/\/nihel.com\/#website"},"datePublished":"2024-02-20T16:34:27+00:00","dateModified":"2024-08-14T10:32:48+00:00","description":"Laissez-vous emporter par la magie et la douceur de notre eau de Cologne Mitsy \"Pink Romance\" pour enfants. Cette fragrance enchanteresse \u00e9voque les r\u00eaves et les contes de f\u00e9es, avec des notes douces et envo\u00fbtantes. Parfait pour les petites princesses romantiques en qu\u00eate de f\u00e9\u00e9rie.","breadcrumb":{"@id":"https:\/\/nihel.com\/ar\/product\/eau-de-cologne-mitsy-pink-romance\/#breadcrumb"},"inLanguage":"ar","potentialAction":[{"@type":"ReadAction","target":["https:\/\/nihel.com\/ar\/product\/eau-de-cologne-mitsy-pink-romance\/"]}]},{"@type":"BreadcrumbList","@id":"https:\/\/nihel.com\/ar\/product\/eau-de-cologne-mitsy-pink-romance\/#breadcrumb","itemListElement":[{"@type":"ListItem","position":1,"name":"Home","item":"https:\/\/nihel.com\/ar\/"},{"@type":"ListItem","position":2,"name":"Produits","item":"https:\/\/nihel.com\/shop\/"},{"@type":"ListItem","position":3,"name":"EAU DE COLOGNE MITSY: PINK ROMANCE"}]},{"@type":"WebSite","@id":"https:\/\/nihel.com\/#website","url":"https:\/\/nihel.com\/","name":"LABORATOIRES NIHEL","description":"Fabrication des produits cosm\u00e9tiques en Tunisie","potentialAction":[{"@type":"SearchAction","target":{"@type":"EntryPoint","urlTemplate":"https:\/\/nihel.com\/?s={search_term_string}"},"query-input":"required name=search_term_string"}],"inLanguage":"ar"}]}},"_links":{"self":[{"href":"https:\/\/nihel.com\/ar\/wp-json\/wp\/v2\/product\/4155","targetHints":{"allow":["GET"]}}],"collection":[{"href":"https:\/\/nihel.com\/ar\/wp-json\/wp\/v2\/product"}],"about":[{"href":"https:\/\/nihel.com\/ar\/wp-json\/wp\/v2\/types\/product"}],"replies":[{"embeddable":true,"href":"https:\/\/nihel.com\/ar\/wp-json\/wp\/v2\/comments?post=4155"}],"wp:featuredmedia":[{"embeddable":true,"href":"https:\/\/nihel.com\/ar\/wp-json\/wp\/v2\/media\/4821"}],"wp:attachment":[{"href":"https:\/\/nihel.com\/ar\/wp-json\/wp\/v2\/media?parent=4155"}],"wp:term":[{"taxonomy":"brand","embeddable":true,"href":"https:\/\/nihel.com\/ar\/wp-json\/wp\/v2\/etheme_brands?post=4155"},{"taxonomy":"product_cat","embeddable":true,"href":"https:\/\/nihel.com\/ar\/wp-json\/wp\/v2\/product_cat?post=4155"},{"taxonomy":"product_tag","embeddable":true,"href":"https:\/\/nihel.com\/ar\/wp-json\/wp\/v2\/product_tag?post=4155"}],"curies":[{"name":"wp","href":"https:\/\/api.w.org\/{rel}","templated":true}]}}