{"id":4133,"date":"2024-02-20T16:37:12","date_gmt":"2024-02-20T15:37:12","guid":{"rendered":"https:\/\/nihel.com\/product\/gel-douche-mitsy-pink-fragrance-fruits-rouges\/"},"modified":"2024-02-20T16:37:12","modified_gmt":"2024-02-20T15:37:12","slug":"gel-douche-mitsy-pink-fragrance-fruits-rouges","status":"publish","type":"product","link":"https:\/\/nihel.com\/ar\/product\/gel-douche-mitsy-pink-fragrance-fruits-rouges\/","title":{"rendered":"GEL DOUCHE MITSY PINK FRAGRANCE: FRUITS ROUGES"},"content":{"rendered":"","protected":false},"excerpt":{"rendered":"<p>Transformez la routine de douche de votre enfant en un moment de plaisir avec notre gel douche Mitsy &#8220;Pink Fragrance&#8221; aux fruits rouges. L&#8217;ar\u00f4me sucr\u00e9 et fruit\u00e9 des fruits rouges enivre les sens et \u00e9gaye chaque douche. Sa formule douce et hydratante prend soin de la peau de votre enfant tout en la laissant douce et d\u00e9licieusement parfum\u00e9e.<\/p>\n","protected":false},"featured_media":4110,"comment_status":"open","ping_status":"closed","template":"","meta":[],"etheme_brands":[{"term_id":453,"name":"\u0645\u064a\u062a\u0633\u064a","slug":"%d9%85%d9%8a%d8%aa%d8%b3%d9%8a","term_group":0,"term_taxonomy_id":453,"taxonomy":"brand","description":"","parent":0,"count":0,"filter":"raw","term_order":"0"}],"product_cat":[600,601,602,603],"product_tag":[],"class_list":["post-4133","product","type-product","status-publish","has-post-thumbnail","hentry","brand-453","product_cat-600","product_cat--ar","product_cat----ar","product_cat-----ar-2"],"yoast_head":"<!-- This site is optimized with the Yoast SEO plugin v19.10 - https:\/\/yoast.com\/wordpress\/plugins\/seo\/ -->\n<title>GEL DOUCHE MITSY PINK FRAGRANCE: FRUITS ROUGES | LABORATOIRES NIHEL<\/title>\n<meta name=\"description\" content=\"Transformez la routine de douche de votre enfant en un moment de plaisir avec notre gel douche Mitsy &quot;Pink Fragrance&quot; aux fruits rouges. L&#039;ar\u00f4me sucr\u00e9 et fruit\u00e9 des fruits rouges enivre les sens et \u00e9gaye chaque douche. Sa formule douce et hydratante prend soin de la peau de votre enfant tout en la laissant douce et d\u00e9licieusement parfum\u00e9e.\" \/>\n<meta name=\"robots\" content=\"index, follow, max-snippet:-1, max-image-preview:large, max-video-preview:-1\" \/>\n<link rel=\"canonical\" href=\"https:\/\/nihel.com\/ar\/product\/gel-douche-mitsy-pink-fragrance-fruits-rouges\/\" \/>\n<meta property=\"og:locale\" content=\"ar_AR\" \/>\n<meta property=\"og:type\" content=\"article\" \/>\n<meta property=\"og:title\" content=\"GEL DOUCHE MITSY PINK FRAGRANCE: FRUITS ROUGES | LABORATOIRES NIHEL\" \/>\n<meta property=\"og:description\" content=\"Transformez la routine de douche de votre enfant en un moment de plaisir avec notre gel douche Mitsy &quot;Pink Fragrance&quot; aux fruits rouges. L&#039;ar\u00f4me sucr\u00e9 et fruit\u00e9 des fruits rouges enivre les sens et \u00e9gaye chaque douche. Sa formule douce et hydratante prend soin de la peau de votre enfant tout en la laissant douce et d\u00e9licieusement parfum\u00e9e.\" \/>\n<meta property=\"og:url\" content=\"https:\/\/nihel.com\/ar\/product\/gel-douche-mitsy-pink-fragrance-fruits-rouges\/\" \/>\n<meta property=\"og:site_name\" content=\"LABORATOIRES NIHEL\" \/>\n<meta property=\"og:image\" content=\"https:\/\/nihel.com\/wp-content\/uploads\/2024\/02\/0Y6A0167-scaled.jpg\" \/>\n\t<meta property=\"og:image:width\" content=\"2048\" \/>\n\t<meta property=\"og:image:height\" content=\"2560\" \/>\n\t<meta property=\"og:image:type\" content=\"image\/jpeg\" \/>\n<meta name=\"twitter:card\" content=\"summary_large_image\" \/>\n<script type=\"application\/ld+json\" class=\"yoast-schema-graph\">{\"@context\":\"https:\/\/schema.org\",\"@graph\":[{\"@type\":\"WebPage\",\"@id\":\"https:\/\/nihel.com\/ar\/product\/gel-douche-mitsy-pink-fragrance-fruits-rouges\/\",\"url\":\"https:\/\/nihel.com\/ar\/product\/gel-douche-mitsy-pink-fragrance-fruits-rouges\/\",\"name\":\"GEL DOUCHE MITSY PINK FRAGRANCE: FRUITS ROUGES | LABORATOIRES NIHEL\",\"isPartOf\":{\"@id\":\"https:\/\/nihel.com\/#website\"},\"datePublished\":\"2024-02-20T15:37:12+00:00\",\"dateModified\":\"2024-02-20T15:37:12+00:00\",\"description\":\"Transformez la routine de douche de votre enfant en un moment de plaisir avec notre gel douche Mitsy \\\"Pink Fragrance\\\" aux fruits rouges. L'ar\u00f4me sucr\u00e9 et fruit\u00e9 des fruits rouges enivre les sens et \u00e9gaye chaque douche. Sa formule douce et hydratante prend soin de la peau de votre enfant tout en la laissant douce et d\u00e9licieusement parfum\u00e9e.\",\"breadcrumb\":{\"@id\":\"https:\/\/nihel.com\/ar\/product\/gel-douche-mitsy-pink-fragrance-fruits-rouges\/#breadcrumb\"},\"inLanguage\":\"ar\",\"potentialAction\":[{\"@type\":\"ReadAction\",\"target\":[\"https:\/\/nihel.com\/ar\/product\/gel-douche-mitsy-pink-fragrance-fruits-rouges\/\"]}]},{\"@type\":\"BreadcrumbList\",\"@id\":\"https:\/\/nihel.com\/ar\/product\/gel-douche-mitsy-pink-fragrance-fruits-rouges\/#breadcrumb\",\"itemListElement\":[{\"@type\":\"ListItem\",\"position\":1,\"name\":\"Home\",\"item\":\"https:\/\/nihel.com\/ar\/\"},{\"@type\":\"ListItem\",\"position\":2,\"name\":\"Produits\",\"item\":\"https:\/\/nihel.com\/shop\/\"},{\"@type\":\"ListItem\",\"position\":3,\"name\":\"GEL DOUCHE MITSY PINK FRAGRANCE: FRUITS ROUGES\"}]},{\"@type\":\"WebSite\",\"@id\":\"https:\/\/nihel.com\/#website\",\"url\":\"https:\/\/nihel.com\/\",\"name\":\"LABORATOIRES NIHEL\",\"description\":\"Fabrication des produits cosm\u00e9tiques en Tunisie\",\"potentialAction\":[{\"@type\":\"SearchAction\",\"target\":{\"@type\":\"EntryPoint\",\"urlTemplate\":\"https:\/\/nihel.com\/?s={search_term_string}\"},\"query-input\":\"required name=search_term_string\"}],\"inLanguage\":\"ar\"}]}<\/script>\n<!-- \/ Yoast SEO plugin. -->","yoast_head_json":{"title":"GEL DOUCHE MITSY PINK FRAGRANCE: FRUITS ROUGES | LABORATOIRES NIHEL","description":"Transformez la routine de douche de votre enfant en un moment de plaisir avec notre gel douche Mitsy \"Pink Fragrance\" aux fruits rouges. L'ar\u00f4me sucr\u00e9 et fruit\u00e9 des fruits rouges enivre les sens et \u00e9gaye chaque douche. Sa formule douce et hydratante prend soin de la peau de votre enfant tout en la laissant douce et d\u00e9licieusement parfum\u00e9e.","robots":{"index":"index","follow":"follow","max-snippet":"max-snippet:-1","max-image-preview":"max-image-preview:large","max-video-preview":"max-video-preview:-1"},"canonical":"https:\/\/nihel.com\/ar\/product\/gel-douche-mitsy-pink-fragrance-fruits-rouges\/","og_locale":"ar_AR","og_type":"article","og_title":"GEL DOUCHE MITSY PINK FRAGRANCE: FRUITS ROUGES | LABORATOIRES NIHEL","og_description":"Transformez la routine de douche de votre enfant en un moment de plaisir avec notre gel douche Mitsy \"Pink Fragrance\" aux fruits rouges. L'ar\u00f4me sucr\u00e9 et fruit\u00e9 des fruits rouges enivre les sens et \u00e9gaye chaque douche. Sa formule douce et hydratante prend soin de la peau de votre enfant tout en la laissant douce et d\u00e9licieusement parfum\u00e9e.","og_url":"https:\/\/nihel.com\/ar\/product\/gel-douche-mitsy-pink-fragrance-fruits-rouges\/","og_site_name":"LABORATOIRES NIHEL","og_image":[{"width":2048,"height":2560,"url":"https:\/\/nihel.com\/wp-content\/uploads\/2024\/02\/0Y6A0167-scaled.jpg","type":"image\/jpeg"}],"twitter_card":"summary_large_image","schema":{"@context":"https:\/\/schema.org","@graph":[{"@type":"WebPage","@id":"https:\/\/nihel.com\/ar\/product\/gel-douche-mitsy-pink-fragrance-fruits-rouges\/","url":"https:\/\/nihel.com\/ar\/product\/gel-douche-mitsy-pink-fragrance-fruits-rouges\/","name":"GEL DOUCHE MITSY PINK FRAGRANCE: FRUITS ROUGES | LABORATOIRES NIHEL","isPartOf":{"@id":"https:\/\/nihel.com\/#website"},"datePublished":"2024-02-20T15:37:12+00:00","dateModified":"2024-02-20T15:37:12+00:00","description":"Transformez la routine de douche de votre enfant en un moment de plaisir avec notre gel douche Mitsy \"Pink Fragrance\" aux fruits rouges. L'ar\u00f4me sucr\u00e9 et fruit\u00e9 des fruits rouges enivre les sens et \u00e9gaye chaque douche. Sa formule douce et hydratante prend soin de la peau de votre enfant tout en la laissant douce et d\u00e9licieusement parfum\u00e9e.","breadcrumb":{"@id":"https:\/\/nihel.com\/ar\/product\/gel-douche-mitsy-pink-fragrance-fruits-rouges\/#breadcrumb"},"inLanguage":"ar","potentialAction":[{"@type":"ReadAction","target":["https:\/\/nihel.com\/ar\/product\/gel-douche-mitsy-pink-fragrance-fruits-rouges\/"]}]},{"@type":"BreadcrumbList","@id":"https:\/\/nihel.com\/ar\/product\/gel-douche-mitsy-pink-fragrance-fruits-rouges\/#breadcrumb","itemListElement":[{"@type":"ListItem","position":1,"name":"Home","item":"https:\/\/nihel.com\/ar\/"},{"@type":"ListItem","position":2,"name":"Produits","item":"https:\/\/nihel.com\/shop\/"},{"@type":"ListItem","position":3,"name":"GEL DOUCHE MITSY PINK FRAGRANCE: FRUITS ROUGES"}]},{"@type":"WebSite","@id":"https:\/\/nihel.com\/#website","url":"https:\/\/nihel.com\/","name":"LABORATOIRES NIHEL","description":"Fabrication des produits cosm\u00e9tiques en Tunisie","potentialAction":[{"@type":"SearchAction","target":{"@type":"EntryPoint","urlTemplate":"https:\/\/nihel.com\/?s={search_term_string}"},"query-input":"required name=search_term_string"}],"inLanguage":"ar"}]}},"_links":{"self":[{"href":"https:\/\/nihel.com\/ar\/wp-json\/wp\/v2\/product\/4133","targetHints":{"allow":["GET"]}}],"collection":[{"href":"https:\/\/nihel.com\/ar\/wp-json\/wp\/v2\/product"}],"about":[{"href":"https:\/\/nihel.com\/ar\/wp-json\/wp\/v2\/types\/product"}],"replies":[{"embeddable":true,"href":"https:\/\/nihel.com\/ar\/wp-json\/wp\/v2\/comments?post=4133"}],"wp:featuredmedia":[{"embeddable":true,"href":"https:\/\/nihel.com\/ar\/wp-json\/wp\/v2\/media\/4110"}],"wp:attachment":[{"href":"https:\/\/nihel.com\/ar\/wp-json\/wp\/v2\/media?parent=4133"}],"wp:term":[{"taxonomy":"brand","embeddable":true,"href":"https:\/\/nihel.com\/ar\/wp-json\/wp\/v2\/etheme_brands?post=4133"},{"taxonomy":"product_cat","embeddable":true,"href":"https:\/\/nihel.com\/ar\/wp-json\/wp\/v2\/product_cat?post=4133"},{"taxonomy":"product_tag","embeddable":true,"href":"https:\/\/nihel.com\/ar\/wp-json\/wp\/v2\/product_tag?post=4133"}],"curies":[{"name":"wp","href":"https:\/\/api.w.org\/{rel}","templated":true}]}}