{"id":4121,"date":"2024-02-20T16:48:22","date_gmt":"2024-02-20T15:48:22","guid":{"rendered":"https:\/\/nihel.com\/product\/gel-douche-beauty-fragrance-fleur-de-tiare\/"},"modified":"2024-02-20T16:48:22","modified_gmt":"2024-02-20T15:48:22","slug":"gel-douche-beauty-fragrance-fleur-de-tiare","status":"publish","type":"product","link":"https:\/\/nihel.com\/ar\/product\/gel-douche-beauty-fragrance-fleur-de-tiare\/","title":{"rendered":"GEL DOUCHE BEAUTY FRAGRANCE: FLEUR DE TIARE"},"content":{"rendered":"","protected":false},"excerpt":{"rendered":"<p>Enveloppez votre enfant d&#8217;une sensation de douceur et de bien-\u00eatre avec notre gel douche Mitsy &#8220;Beauty Fragrances&#8221; \u00e0 la fleur de tiar\u00e9. L&#8217;ar\u00f4me envo\u00fbtant de la fleur de tiar\u00e9 transporte votre enfant dans un jardin tropical, offrant une exp\u00e9rience sensorielle apaisante et relaxante \u00e0 chaque utilisation.<\/p>\n","protected":false},"featured_media":4116,"comment_status":"open","ping_status":"closed","template":"","meta":[],"etheme_brands":[{"term_id":453,"name":"\u0645\u064a\u062a\u0633\u064a","slug":"%d9%85%d9%8a%d8%aa%d8%b3%d9%8a","term_group":0,"term_taxonomy_id":453,"taxonomy":"brand","description":"","parent":0,"count":0,"filter":"raw","term_order":"0"}],"product_cat":[600,601,602,603],"product_tag":[],"class_list":["post-4121","product","type-product","status-publish","has-post-thumbnail","hentry","brand-453","product_cat-600","product_cat--ar","product_cat----ar","product_cat-----ar-2"],"yoast_head":"<!-- This site is optimized with the Yoast SEO plugin v19.10 - https:\/\/yoast.com\/wordpress\/plugins\/seo\/ -->\n<title>GEL DOUCHE BEAUTY FRAGRANCE: FLEUR DE TIARE | LABORATOIRES NIHEL<\/title>\n<meta name=\"description\" content=\"Enveloppez votre enfant d&#039;une sensation de douceur et de bien-\u00eatre avec notre gel douche Mitsy &quot;Beauty Fragrances&quot; \u00e0 la fleur de tiar\u00e9. L&#039;ar\u00f4me envo\u00fbtant de la fleur de tiar\u00e9 transporte votre enfant dans un jardin tropical, offrant une exp\u00e9rience sensorielle apaisante et relaxante \u00e0 chaque utilisation.\" \/>\n<meta name=\"robots\" content=\"index, follow, max-snippet:-1, max-image-preview:large, max-video-preview:-1\" \/>\n<link rel=\"canonical\" href=\"https:\/\/nihel.com\/ar\/product\/gel-douche-beauty-fragrance-fleur-de-tiare\/\" \/>\n<meta property=\"og:locale\" content=\"ar_AR\" \/>\n<meta property=\"og:type\" content=\"article\" \/>\n<meta property=\"og:title\" content=\"GEL DOUCHE BEAUTY FRAGRANCE: FLEUR DE TIARE | LABORATOIRES NIHEL\" \/>\n<meta property=\"og:description\" content=\"Enveloppez votre enfant d&#039;une sensation de douceur et de bien-\u00eatre avec notre gel douche Mitsy &quot;Beauty Fragrances&quot; \u00e0 la fleur de tiar\u00e9. L&#039;ar\u00f4me envo\u00fbtant de la fleur de tiar\u00e9 transporte votre enfant dans un jardin tropical, offrant une exp\u00e9rience sensorielle apaisante et relaxante \u00e0 chaque utilisation.\" \/>\n<meta property=\"og:url\" content=\"https:\/\/nihel.com\/ar\/product\/gel-douche-beauty-fragrance-fleur-de-tiare\/\" \/>\n<meta property=\"og:site_name\" content=\"LABORATOIRES NIHEL\" \/>\n<meta property=\"og:image\" content=\"https:\/\/nihel.com\/wp-content\/uploads\/2024\/02\/0Y6A0169-scaled.jpg\" \/>\n\t<meta property=\"og:image:width\" content=\"2048\" \/>\n\t<meta property=\"og:image:height\" content=\"2560\" \/>\n\t<meta property=\"og:image:type\" content=\"image\/jpeg\" \/>\n<meta name=\"twitter:card\" content=\"summary_large_image\" \/>\n<script type=\"application\/ld+json\" class=\"yoast-schema-graph\">{\"@context\":\"https:\/\/schema.org\",\"@graph\":[{\"@type\":\"WebPage\",\"@id\":\"https:\/\/nihel.com\/ar\/product\/gel-douche-beauty-fragrance-fleur-de-tiare\/\",\"url\":\"https:\/\/nihel.com\/ar\/product\/gel-douche-beauty-fragrance-fleur-de-tiare\/\",\"name\":\"GEL DOUCHE BEAUTY FRAGRANCE: FLEUR DE TIARE | LABORATOIRES NIHEL\",\"isPartOf\":{\"@id\":\"https:\/\/nihel.com\/#website\"},\"datePublished\":\"2024-02-20T15:48:22+00:00\",\"dateModified\":\"2024-02-20T15:48:22+00:00\",\"description\":\"Enveloppez votre enfant d'une sensation de douceur et de bien-\u00eatre avec notre gel douche Mitsy \\\"Beauty Fragrances\\\" \u00e0 la fleur de tiar\u00e9. L'ar\u00f4me envo\u00fbtant de la fleur de tiar\u00e9 transporte votre enfant dans un jardin tropical, offrant une exp\u00e9rience sensorielle apaisante et relaxante \u00e0 chaque utilisation.\",\"breadcrumb\":{\"@id\":\"https:\/\/nihel.com\/ar\/product\/gel-douche-beauty-fragrance-fleur-de-tiare\/#breadcrumb\"},\"inLanguage\":\"ar\",\"potentialAction\":[{\"@type\":\"ReadAction\",\"target\":[\"https:\/\/nihel.com\/ar\/product\/gel-douche-beauty-fragrance-fleur-de-tiare\/\"]}]},{\"@type\":\"BreadcrumbList\",\"@id\":\"https:\/\/nihel.com\/ar\/product\/gel-douche-beauty-fragrance-fleur-de-tiare\/#breadcrumb\",\"itemListElement\":[{\"@type\":\"ListItem\",\"position\":1,\"name\":\"Home\",\"item\":\"https:\/\/nihel.com\/ar\/\"},{\"@type\":\"ListItem\",\"position\":2,\"name\":\"Produits\",\"item\":\"https:\/\/nihel.com\/shop\/\"},{\"@type\":\"ListItem\",\"position\":3,\"name\":\"GEL DOUCHE BEAUTY FRAGRANCE: FLEUR DE TIARE\"}]},{\"@type\":\"WebSite\",\"@id\":\"https:\/\/nihel.com\/#website\",\"url\":\"https:\/\/nihel.com\/\",\"name\":\"LABORATOIRES NIHEL\",\"description\":\"Fabrication des produits cosm\u00e9tiques en Tunisie\",\"potentialAction\":[{\"@type\":\"SearchAction\",\"target\":{\"@type\":\"EntryPoint\",\"urlTemplate\":\"https:\/\/nihel.com\/?s={search_term_string}\"},\"query-input\":\"required name=search_term_string\"}],\"inLanguage\":\"ar\"}]}<\/script>\n<!-- \/ Yoast SEO plugin. -->","yoast_head_json":{"title":"GEL DOUCHE BEAUTY FRAGRANCE: FLEUR DE TIARE | LABORATOIRES NIHEL","description":"Enveloppez votre enfant d'une sensation de douceur et de bien-\u00eatre avec notre gel douche Mitsy \"Beauty Fragrances\" \u00e0 la fleur de tiar\u00e9. L'ar\u00f4me envo\u00fbtant de la fleur de tiar\u00e9 transporte votre enfant dans un jardin tropical, offrant une exp\u00e9rience sensorielle apaisante et relaxante \u00e0 chaque utilisation.","robots":{"index":"index","follow":"follow","max-snippet":"max-snippet:-1","max-image-preview":"max-image-preview:large","max-video-preview":"max-video-preview:-1"},"canonical":"https:\/\/nihel.com\/ar\/product\/gel-douche-beauty-fragrance-fleur-de-tiare\/","og_locale":"ar_AR","og_type":"article","og_title":"GEL DOUCHE BEAUTY FRAGRANCE: FLEUR DE TIARE | LABORATOIRES NIHEL","og_description":"Enveloppez votre enfant d'une sensation de douceur et de bien-\u00eatre avec notre gel douche Mitsy \"Beauty Fragrances\" \u00e0 la fleur de tiar\u00e9. L'ar\u00f4me envo\u00fbtant de la fleur de tiar\u00e9 transporte votre enfant dans un jardin tropical, offrant une exp\u00e9rience sensorielle apaisante et relaxante \u00e0 chaque utilisation.","og_url":"https:\/\/nihel.com\/ar\/product\/gel-douche-beauty-fragrance-fleur-de-tiare\/","og_site_name":"LABORATOIRES NIHEL","og_image":[{"width":2048,"height":2560,"url":"https:\/\/nihel.com\/wp-content\/uploads\/2024\/02\/0Y6A0169-scaled.jpg","type":"image\/jpeg"}],"twitter_card":"summary_large_image","schema":{"@context":"https:\/\/schema.org","@graph":[{"@type":"WebPage","@id":"https:\/\/nihel.com\/ar\/product\/gel-douche-beauty-fragrance-fleur-de-tiare\/","url":"https:\/\/nihel.com\/ar\/product\/gel-douche-beauty-fragrance-fleur-de-tiare\/","name":"GEL DOUCHE BEAUTY FRAGRANCE: FLEUR DE TIARE | LABORATOIRES NIHEL","isPartOf":{"@id":"https:\/\/nihel.com\/#website"},"datePublished":"2024-02-20T15:48:22+00:00","dateModified":"2024-02-20T15:48:22+00:00","description":"Enveloppez votre enfant d'une sensation de douceur et de bien-\u00eatre avec notre gel douche Mitsy \"Beauty Fragrances\" \u00e0 la fleur de tiar\u00e9. L'ar\u00f4me envo\u00fbtant de la fleur de tiar\u00e9 transporte votre enfant dans un jardin tropical, offrant une exp\u00e9rience sensorielle apaisante et relaxante \u00e0 chaque utilisation.","breadcrumb":{"@id":"https:\/\/nihel.com\/ar\/product\/gel-douche-beauty-fragrance-fleur-de-tiare\/#breadcrumb"},"inLanguage":"ar","potentialAction":[{"@type":"ReadAction","target":["https:\/\/nihel.com\/ar\/product\/gel-douche-beauty-fragrance-fleur-de-tiare\/"]}]},{"@type":"BreadcrumbList","@id":"https:\/\/nihel.com\/ar\/product\/gel-douche-beauty-fragrance-fleur-de-tiare\/#breadcrumb","itemListElement":[{"@type":"ListItem","position":1,"name":"Home","item":"https:\/\/nihel.com\/ar\/"},{"@type":"ListItem","position":2,"name":"Produits","item":"https:\/\/nihel.com\/shop\/"},{"@type":"ListItem","position":3,"name":"GEL DOUCHE BEAUTY FRAGRANCE: FLEUR DE TIARE"}]},{"@type":"WebSite","@id":"https:\/\/nihel.com\/#website","url":"https:\/\/nihel.com\/","name":"LABORATOIRES NIHEL","description":"Fabrication des produits cosm\u00e9tiques en Tunisie","potentialAction":[{"@type":"SearchAction","target":{"@type":"EntryPoint","urlTemplate":"https:\/\/nihel.com\/?s={search_term_string}"},"query-input":"required name=search_term_string"}],"inLanguage":"ar"}]}},"_links":{"self":[{"href":"https:\/\/nihel.com\/ar\/wp-json\/wp\/v2\/product\/4121","targetHints":{"allow":["GET"]}}],"collection":[{"href":"https:\/\/nihel.com\/ar\/wp-json\/wp\/v2\/product"}],"about":[{"href":"https:\/\/nihel.com\/ar\/wp-json\/wp\/v2\/types\/product"}],"replies":[{"embeddable":true,"href":"https:\/\/nihel.com\/ar\/wp-json\/wp\/v2\/comments?post=4121"}],"wp:featuredmedia":[{"embeddable":true,"href":"https:\/\/nihel.com\/ar\/wp-json\/wp\/v2\/media\/4116"}],"wp:attachment":[{"href":"https:\/\/nihel.com\/ar\/wp-json\/wp\/v2\/media?parent=4121"}],"wp:term":[{"taxonomy":"brand","embeddable":true,"href":"https:\/\/nihel.com\/ar\/wp-json\/wp\/v2\/etheme_brands?post=4121"},{"taxonomy":"product_cat","embeddable":true,"href":"https:\/\/nihel.com\/ar\/wp-json\/wp\/v2\/product_cat?post=4121"},{"taxonomy":"product_tag","embeddable":true,"href":"https:\/\/nihel.com\/ar\/wp-json\/wp\/v2\/product_tag?post=4121"}],"curies":[{"name":"wp","href":"https:\/\/api.w.org\/{rel}","templated":true}]}}